{"id":126,"date":"2016-02-17T13:42:08","date_gmt":"2016-02-17T13:42:08","guid":{"rendered":"http:\/\/test.kriesi.at\/consulting\/?page_id=9"},"modified":"2024-06-14T09:54:15","modified_gmt":"2024-06-14T07:54:15","slug":"welcome","status":"publish","type":"page","link":"https:\/\/umi.dm.unibo.it\/secondo-dottorandi\/","title":{"rendered":"Welcome"},"content":{"rendered":"<div id='full_slider_1'  class='avia-fullwidth-slider main_color avia-shadow   avia-builder-el-0  el_before_av_textblock  avia-builder-el-first   container_wrap fullsize'  >\n<style type=\"text\/css\" data-created_by=\"avia_inline_auto\" id=\"style-css-av-b4hf3q-112e2753068f3bf5050da0bfdc49e048\">\n#top .avia-slideshow .av-slideshow-caption.av-b4hf3q-112e2753068f3bf5050da0bfdc49e048__0 .avia-caption-content{\nfont-size:11px;\n}\n#top .avia-slideshow .av-slideshow-caption.av-b4hf3q-112e2753068f3bf5050da0bfdc49e048__0 .avia-caption-content p{\nfont-size:11px;\n}\n<\/style>\n<div  class='avia-slideshow av-b4hf3q-112e2753068f3bf5050da0bfdc49e048 av-control-default avia-slideshow-large av_slideshow_full avia-fade-slider av-default-height-applied   avia-slideshow-1'  data-size='large'  data-lightbox_size='large'  data-animation='fade'  data-conditional_play=''  data-ids='449,180'  data-video_counter='0'  data-autoplay='false'  data-bg_slider='false'  data-slide_height=''  data-handle='av_slideshow_full'  data-interval='5'  data-class=''  data-extra_class=' '  data-el_id=''  data-css_id=''  data-scroll_down=''  data-control_layout='av-control-default'  data-custom_markup=''  data-perma_caption=''  data-autoplay_stopper=''  data-image_attachment=''  data-min_height='0px'  data-lazy_loading='disabled'  data-default-height='35.04854368932'  data-stretch=''  data-src=''  data-position='top left'  data-repeat='no-repeat'  data-attach='scroll'  data-img_scrset=''  data-av-desktop-hide=''  data-av-medium-hide=''  data-av-small-hide=''  data-av-mini-hide=''  data-id=''  data-custom_class=''  data-template_class=''  data-av_uid='av-b4hf3q'  data-sc_version='1.0'  data-heading_tag=''  data-heading_class=''   itemprop=\"image\" itemscope=\"itemscope\" itemtype=\"https:\/\/schema.org\/ImageObject\" ><ul class='avia-slideshow-inner ' style='padding-bottom: 35.04854368932%;'><li  class='avia-slideshow-slide av-b4hf3q-112e2753068f3bf5050da0bfdc49e048__0  slide-1 ' ><div data-rel='slideshow-1' class='avia-slide-wrap '   ><div class='av-slideshow-caption av-b4hf3q-112e2753068f3bf5050da0bfdc49e048__0 caption_fullwidth caption_right'><div class=\"container caption_container\"><div class=\"slideshow_caption\"><div class=\"slideshow_inner_caption\"><div class=\"slideshow_align_caption\"><h2 class='avia-caption-title '  itemprop=\"name\" >Welcome to the II meeting UMI for Doctoral Students<\/h2><\/div><\/div><\/div><\/div><\/div><img decoding=\"async\" class=\"wp-image-449 avia-img-lazy-loading-not-449\"  src=\"https:\/\/umi.dm.unibo.it\/secondo-dottorandi\/wp-content\/uploads\/2023\/10\/golfonapoli-1030x361.webp\" width=\"1030\" height=\"361\" title='golfonapoli' alt=''  itemprop=\"thumbnailUrl\" srcset=\"https:\/\/umi.dm.unibo.it\/secondo-dottorandi\/wp-content\/uploads\/2023\/10\/golfonapoli-1030x361.webp 1030w, https:\/\/umi.dm.unibo.it\/secondo-dottorandi\/wp-content\/uploads\/2023\/10\/golfonapoli-300x105.webp 300w, https:\/\/umi.dm.unibo.it\/secondo-dottorandi\/wp-content\/uploads\/2023\/10\/golfonapoli-768x269.webp 768w, https:\/\/umi.dm.unibo.it\/secondo-dottorandi\/wp-content\/uploads\/2023\/10\/golfonapoli-705x247.webp 705w, https:\/\/umi.dm.unibo.it\/secondo-dottorandi\/wp-content\/uploads\/2023\/10\/golfonapoli-1210x423.webp 1210w, https:\/\/umi.dm.unibo.it\/secondo-dottorandi\/wp-content\/uploads\/2023\/10\/golfonapoli.webp 1240w\" sizes=\"(max-width: 1030px) 100vw, 1030px\" \/><\/div><\/li><\/ul><\/div><\/div><div id='after_full_slider_1'  class='main_color av_default_container_wrap container_wrap fullsize'  ><div class='container av-section-cont-open' ><div class='template-page content  av-content-full alpha units'><div class='post-entry post-entry-type-page post-entry-126'><div class='entry-content-wrapper clearfix'>\n<section  class='av_textblock_section av-l9p67b2c-a3ed54f6d1b374b29c7a87807118c88b'  itemscope=\"itemscope\" itemtype=\"https:\/\/schema.org\/CreativeWork\" ><div class='avia_textblock'  itemprop=\"text\" ><div class=\"entry-content\">\n<div>\n<h3>II Meeting UMI for Doctoral Students<\/h3>\n<h3>Napoli, June 13-14, 2024<\/h3>\n<p>Welcome to the II UMI Meeting for Doctoral Students in Napoli.<\/p>\n<p>The opportunity to submit your candidacy as a speaker is now closed. We appreciate everyone who participated. The selection will be published soon.<\/p>\n<p>The Committee invites all Doctoral Students and participants to join us in this unique event, encompassing a wide range of mathematical fields, from the most abstract theory to industrial collaboration and multidisciplinary interactions.<\/p>\n<p>To register, please use the <a href=\"https:\/\/umi.dm.unibo.it\/secondo-dottorandi\/registration-form\/\" target=\"_blank\" rel=\"noopener\">registration form<\/a>. <strong>The deadline for registration is May 20th for speakers and May 31st for participants.<\/strong><\/p>\n<p>Thank you for your interest and participation. Stay tuned for further updates on the event.<\/p>\n<hr size=\"5\" \/>\n<p><em>Scientific Committee<\/em>: Alessandra Bernardi (Universit\u00e0 di Trento) &#8211; Presidente, Martino Bardi (Universit\u00e0 di Padova), Claudia Ceci (Sapienza Universit\u00e0 di Roma), Anna Maria Fino (Universit\u00e0 di Torino), Veronica Gavagna (Universit\u00e0 di Firenze), Angelo Felice Lopez (Universit\u00e0 di Roma Tre), Benedetta Morini (Universit\u00e0 di Firenze), Gioconda Moscariello (Universit\u00e0 di Napoli), Andrea Tosin (Politecnico di Torino), Matteo Viale (Universit\u00e0 diTorino)<\/div>\n<\/div>\n<p><em>Organising Committee<\/em> (Universit\u00e0 degli Studi di Napoli Federico II): Gioconda Moscariello (Presidente), Bruno Buonomo, Luigia Caputo, Salvatore Cuomo, Maria De Falco, Paola Festa, Giuseppe Marino, Carlo Maria Mantegazza, Maria Mellone, Carlo Nitsch, Francesco Piccialli, Giuseppina Terzo<\/p>\n<p><a style=\"display: inline-block; overflow: hidden; border-radius: 13px; width: 250px; height: 83px;\" href=\"https:\/\/apps.apple.com\/us\/app\/umi-for-doctoral-students\/id6476617458?itsct=apps_box_badge&amp;itscg=30200\"><img decoding=\"async\" class=\"alignnone\" style=\"border-radius: 13px; width: 130px; height: 43px;\" src=\"https:\/\/tools.applemediaservices.com\/api\/badges\/download-on-the-app-store\/black\/en-us?size=250x83&amp;releaseDate=1706572800\" alt=\"Download on the App Store\" \/><\/a><br \/>\n<a href=\"https:\/\/play.google.com\/store\/apps\/details?id=it.brabert.umi_dott_it&amp;pcampaignid=pcampaignidMKT-Other-global-all-co-prtnr-py-PartBadge-Mar2515-1\"><img loading=\"lazy\" decoding=\"async\" class=\"alignnone\" src=\"https:\/\/play.google.com\/intl\/en_us\/badges\/static\/images\/badges\/en_badge_web_generic.png\" alt=\"Get it on Google Play\" width=\"154\" height=\"60\" \/><\/a><\/p>\n<footer class=\"entry-footer\">\n<div class=\"av-social-sharing-box av-social-sharing-box-default av-social-sharing-box-fullwidth\"><\/div>\n<\/footer>\n<\/div><\/section>\n<div  class='av-alb-blogposts template-blog  '  itemscope=\"itemscope\" itemtype=\"https:\/\/schema.org\/Blog\" ><article class=\"post-entry post-entry-type-standard post-entry-586 post-loop-1 post-parity-odd post-entry-last single-big  post-586 post type-post status-publish format-standard hentry category-senza-categoria\"  itemscope=\"itemscope\" itemtype=\"https:\/\/schema.org\/BlogPosting\" ><div class=\"blog-meta\"><\/div><div class='entry-content-wrapper clearfix standard-content'><header class=\"entry-content-header\"><h2 class='post-title entry-title '  itemprop=\"headline\" ><a href=\"https:\/\/umi.dm.unibo.it\/secondo-dottorandi\/2024\/05\/30\/social-program\/\" rel=\"bookmark\" title=\"Permanent Link: Social Program\">Social Program<span class=\"post-format-icon minor-meta\"><\/span><\/a><\/h2><span class=\"post-meta-infos\"><time class=\"date-container minor-meta updated\"  itemprop=\"datePublished\" datetime=\"2024-05-30T18:28:26+02:00\" >30 May 2024<\/time><span class=\"text-sep\">\/<\/span><span class=\"comment-container minor-meta\"><a href=\"https:\/\/umi.dm.unibo.it\/secondo-dottorandi\/2024\/05\/30\/social-program\/#respond\" class=\"comments-link\" >0 Comments<\/a><\/span><span class=\"text-sep\">\/<\/span><span class=\"blog-categories minor-meta\">in <a href=\"https:\/\/umi.dm.unibo.it\/secondo-dottorandi\/category\/senza-categoria\/\" rel=\"tag\">Senza categoria<\/a><\/span><span class=\"text-sep\">\/<\/span><span class=\"blog-author minor-meta\">by <span class=\"entry-author-link\"  itemprop=\"author\" ><span class=\"author\"><span class=\"fn\"><a href=\"https:\/\/umi.dm.unibo.it\/secondo-dottorandi\/author\/elisabetta-velabri\/\" title=\"Posts by elisabetta.velabri\" rel=\"author\">elisabetta.velabri<\/a><\/span><\/span><\/span><\/span><\/span><\/header><div class=\"entry-content\"  itemprop=\"text\" >\n<figure class=\"wp-block-image size-large\"><img loading=\"lazy\" decoding=\"async\" width=\"721\" height=\"1030\" src=\"https:\/\/umi.dm.unibo.it\/secondo-dottorandi\/wp-content\/uploads\/2024\/06\/Verbamanent_70x100_napoli-721x1030.jpg\" alt=\"\" class=\"wp-image-616\" srcset=\"https:\/\/umi.dm.unibo.it\/secondo-dottorandi\/wp-content\/uploads\/2024\/06\/Verbamanent_70x100_napoli-721x1030.jpg 721w, https:\/\/umi.dm.unibo.it\/secondo-dottorandi\/wp-content\/uploads\/2024\/06\/Verbamanent_70x100_napoli-210x300.jpg 210w, https:\/\/umi.dm.unibo.it\/secondo-dottorandi\/wp-content\/uploads\/2024\/06\/Verbamanent_70x100_napoli-768x1097.jpg 768w, https:\/\/umi.dm.unibo.it\/secondo-dottorandi\/wp-content\/uploads\/2024\/06\/Verbamanent_70x100_napoli-1075x1536.jpg 1075w, https:\/\/umi.dm.unibo.it\/secondo-dottorandi\/wp-content\/uploads\/2024\/06\/Verbamanent_70x100_napoli-1434x2048.jpg 1434w, https:\/\/umi.dm.unibo.it\/secondo-dottorandi\/wp-content\/uploads\/2024\/06\/Verbamanent_70x100_napoli-1050x1500.jpg 1050w, https:\/\/umi.dm.unibo.it\/secondo-dottorandi\/wp-content\/uploads\/2024\/06\/Verbamanent_70x100_napoli-493x705.jpg 493w, https:\/\/umi.dm.unibo.it\/secondo-dottorandi\/wp-content\/uploads\/2024\/06\/Verbamanent_70x100_napoli-scaled.jpg 1792w\" sizes=\"auto, (max-width: 721px) 100vw, 721px\" \/><\/figure>\n<\/div><footer class=\"entry-footer\"><\/footer><div class='post_delimiter'><\/div><\/div><div class=\"post_author_timeline\"><\/div><span class='hidden'>\n\t\t\t\t<span class='av-structured-data'  itemprop=\"image\" itemscope=\"itemscope\" itemtype=\"https:\/\/schema.org\/ImageObject\" >\n\t\t\t\t\t\t<span itemprop='url'><\/span>\n\t\t\t\t\t\t<span itemprop='height'>0<\/span>\n\t\t\t\t\t\t<span itemprop='width'>0<\/span>\n\t\t\t\t<\/span>\n\t\t\t\t<span class='av-structured-data'  itemprop=\"publisher\" itemtype=\"https:\/\/schema.org\/Organization\" itemscope=\"itemscope\" >\n\t\t\t\t\t\t<span itemprop='name'>elisabetta.velabri<\/span>\n\t\t\t\t\t\t<span itemprop='logo' itemscope itemtype='https:\/\/schema.org\/ImageObject'>\n\t\t\t\t\t\t\t<span itemprop='url'><\/span>\n\t\t\t\t\t\t <\/span>\n\t\t\t\t<\/span><span class='av-structured-data'  itemprop=\"author\" itemscope=\"itemscope\" itemtype=\"https:\/\/schema.org\/Person\" ><span itemprop='name'>elisabetta.velabri<\/span><\/span><span class='av-structured-data'  itemprop=\"datePublished\" datetime=\"2024-05-30T18:28:26+02:00\" >2024-05-30 18:28:26<\/span><span class='av-structured-data'  itemprop=\"dateModified\" itemtype=\"https:\/\/schema.org\/dateModified\" >2024-06-04 15:39:57<\/span><span class='av-structured-data'  itemprop=\"mainEntityOfPage\" itemtype=\"https:\/\/schema.org\/mainEntityOfPage\" ><span itemprop='name'>Social Program<\/span><\/span><\/span><\/article><div class='single-big'><\/div><\/div>\n","protected":false},"excerpt":{"rendered":"","protected":false},"author":1,"featured_media":0,"parent":0,"menu_order":0,"comment_status":"closed","ping_status":"closed","template":"","meta":{"footnotes":""},"class_list":["post-126","page","type-page","status-publish","hentry"],"_links":{"self":[{"href":"https:\/\/umi.dm.unibo.it\/secondo-dottorandi\/wp-json\/wp\/v2\/pages\/126","targetHints":{"allow":["GET"]}}],"collection":[{"href":"https:\/\/umi.dm.unibo.it\/secondo-dottorandi\/wp-json\/wp\/v2\/pages"}],"about":[{"href":"https:\/\/umi.dm.unibo.it\/secondo-dottorandi\/wp-json\/wp\/v2\/types\/page"}],"author":[{"embeddable":true,"href":"https:\/\/umi.dm.unibo.it\/secondo-dottorandi\/wp-json\/wp\/v2\/users\/1"}],"replies":[{"embeddable":true,"href":"https:\/\/umi.dm.unibo.it\/secondo-dottorandi\/wp-json\/wp\/v2\/comments?post=126"}],"version-history":[{"count":81,"href":"https:\/\/umi.dm.unibo.it\/secondo-dottorandi\/wp-json\/wp\/v2\/pages\/126\/revisions"}],"predecessor-version":[{"id":659,"href":"https:\/\/umi.dm.unibo.it\/secondo-dottorandi\/wp-json\/wp\/v2\/pages\/126\/revisions\/659"}],"wp:attachment":[{"href":"https:\/\/umi.dm.unibo.it\/secondo-dottorandi\/wp-json\/wp\/v2\/media?parent=126"}],"curies":[{"name":"wp","href":"https:\/\/api.w.org\/{rel}","templated":true}]}}