{"id":900,"date":"2024-06-26T20:16:10","date_gmt":"2024-06-26T18:16:10","guid":{"rendered":"https:\/\/umi.dm.unibo.it\/jm-umi-ams\/?page_id=900"},"modified":"2024-07-05T20:30:32","modified_gmt":"2024-07-05T18:30:32","slug":"d-g","status":"publish","type":"page","link":"https:\/\/umi.dm.unibo.it\/jm-umi-ams\/participants\/d-g\/","title":{"rendered":"D-G"},"content":{"rendered":"\n<figure class=\"wp-block-table\"><table><tbody><tr><td><strong>First Name<\/strong><\/td><td><strong>Last Name<\/strong><\/td><td><strong>Affiliation<\/strong><\/td><\/tr><tr><td>Giuseppina<\/td><td>D&#8217;Agu\u00ec<\/td><td>Universit\u00e0 degli studi di Messina<\/td><\/tr><tr><td>Alessio<\/td><td>D&#8217;Al\u00ec<\/td><td>Politecnico di Milano<\/td><\/tr><tr><td>Raffaele<\/td><td>D&#8217;Ambrosio<\/td><td>University of L&#8217;Aquila<\/td><\/tr><tr><td>Daniele<\/td><td>D&#8217;Angeli<\/td><td>Universit\u00e0 Cusano Roma<\/td><\/tr><tr><td>Marco<\/td><td>D&#8217;Anna<\/td><td>Universit\u00e0 di Catania<\/td><\/tr><tr><td>Paola<\/td><td>D&#8217;Aquino<\/td><td>Universit\u00e0 della Campania &#8220;Vanvitelli&#8221;<\/td><\/tr><tr><td>Lorenza<\/td><td>D&#8217;Elia<\/td><td>TU Wien<\/td><\/tr><tr><td>Mimi<\/td><td>Dai<\/td><td>University of Illinois at Chicago<\/td><\/tr><tr><td>Paolo<\/td><td>Dai Pra<\/td><td>Universit\u00e0 di Verona<\/td><\/tr><tr><td>Ugo<\/td><td>Dal Lago<\/td><td>University of Bologna<\/td><\/tr><tr><td>Gian Maria<\/td><td>Dall&#8217;Ara<\/td><td>INdAM and SNS (Pisa)<\/td><\/tr><tr><td>Luca<\/td><td>Dall&#8217;Ava<\/td><td>Universit\u00e0 degli Studi di Milano<\/td><\/tr><tr><td>Chiara<\/td><td>Damiolini<\/td><td>University of Texas at Austin<\/td><\/tr><tr><td>Jeffrey<\/td><td>Danciger<\/td><td>University of Texas-Austin<\/td><\/tr><tr><td>Sara<\/td><td>Daneri<\/td><td>Gran Sasso Science Institute<\/td><\/tr><tr><td>Donatella<\/td><td>Danielli<\/td><td>Arizona State University<\/td><\/tr><tr><td>Colin<\/td><td>Davalo<\/td><td>Karls-Ruprecht Universit\u00e4t Heidelberg<\/td><\/tr><tr><td>Eleonora<\/td><td>De Angelis<\/td><td>University of Florence &#8211; University of Perugia &#8211; INdAM<\/td><\/tr><tr><td>Maria Carmela<\/td><td>De Bonis<\/td><td>Unversit\u00e0 degli Studi della Basilicata<\/td><\/tr><tr><td>Mar\u00eda In\u00e9s<\/td><td>de Frutos-Fern\u00e1ndez<\/td><td>Universidad Aut\u00f3noma de Madrid<\/td><\/tr><tr><td>Hugo<\/td><td>de la Cruz<\/td><td>School of Applied Mathematics. FGV-EMAp<\/td><\/tr><tr><td>Stefano<\/td><td>De Marchi<\/td><td>University of Padova<\/td><\/tr><tr><td>Anna<\/td><td>De Mase<\/td><td>Universit\u00e0 degli Studi della Campania &#8220;L. Vanvitelli&#8221;<\/td><\/tr><tr><td>Emanuela<\/td><td>De Negri<\/td><td>Universit\u00e0 di Genova<\/td><\/tr><tr><td>Alessandro<\/td><td>De Stefani<\/td><td>Universit\u00e0 degli Studi di Genova<\/td><\/tr><tr><td>Sjoerd<\/td><td>de Vries<\/td><td>Stockholm University<\/td><\/tr><tr><td>Oscar<\/td><td>de Wit<\/td><td>University of Cambridge<\/td><\/tr><tr><td>Matias<\/td><td>Delgadino<\/td><td>UT Austin<\/td><\/tr><tr><td>Costantino<\/td><td>Delizia<\/td><td> University of Salerno<\/td><\/tr><tr><td>Rossella<\/td><td>Della Marca<\/td><td>SISSA<\/td><\/tr><tr><td>Giuseppe<\/td><td>Della Sala<\/td><td>American University of Beirut<\/td><\/tr><tr><td>Maria Laura<\/td><td>Delle Monache<\/td><td>UC Berkeley<\/td><\/tr><tr><td>Valentino<\/td><td>Delle Rose<\/td><td>Pontificia Universidad Catolica de Chile<\/td><\/tr><tr><td>Emanuele<\/td><td>Delucchi<\/td><td>SUPSI (Switzerland)<\/td><\/tr><tr><td>Robert<\/td><td>Denk<\/td><td>University of Konstanz<\/td><\/tr><tr><td>Makhlouf<\/td><td>Derridj<\/td><td>Universit\u00e9 de Haute Normandie<\/td><\/tr><tr><td>Giuseppina<\/td><td>di Blasio<\/td><td>Universit\u00e0 della Campania &#8220;L. Vanvitelli&#8221;<\/td><\/tr><tr><td>Federico<\/td><td>Di Concilio<\/td><td>Universit\u00e0 degli Studi di Salerno<\/td><\/tr><tr><td>Daniela<\/td><td>Di Donato<\/td><td>University of Pavia<\/td><\/tr><tr><td>Angelica Pia<\/td><td>Di Feola<\/td><td>Universit\u00e0 degli Studi della Campania \u201cLuigi Vanvitelli\u201d<\/td><\/tr><tr><td>Marco<\/td><td>Di Francesco<\/td><td>Universit\u00e0 degli Studi dell&#8217;Aquila<\/td><\/tr><tr><td>ROBERTA<\/td><td>DI GENNARO<\/td><td> Universit\u00e0 degli Studi di Napoli Federico II<\/td><\/tr><tr><td>Francesco<\/td><td>Di Plinio<\/td><td>Universit\u00e0 degli studi di Napoli &#8221;Federico II&#8221;<\/td><\/tr><tr><td>Filomena<\/td><td>Di Tommaso<\/td><td> UNIVERSITA&#8217; DELLA CALABRIA<\/td><\/tr><tr><td>Fabio Vito<\/td><td>Difonzo<\/td><td>IAC &#8220;Mauro Picone&#8221;<\/td><\/tr><tr><td>Vincenzo<\/td><td>Dimonte<\/td><td>Universit\u00e0 degli Studi di Udine<\/td><\/tr><tr><td>Valentina<\/td><td>Disarlo<\/td><td>Universitaet Heidelberg<\/td><\/tr><tr><td>Natasha<\/td><td>Dobrinen<\/td><td>University of Notre Dame<\/td><\/tr><tr><td>Anton<\/td><td>Dochtermann<\/td><td>Texas State University<\/td><\/tr><tr><td>Carlos<\/td><td>Doebeli<\/td><td>Imperial College London<\/td><\/tr><tr><td>Donatella<\/td><td>Donatelli<\/td><td>Universit\u00e0 degli Studi dell\u2019Aquila<\/td><\/tr><tr><td>Alfredo<\/td><td>Donno<\/td><td>Universit\u00e0 Niccol\u00f2 Cusano<\/td><\/tr><tr><td>Stephen<\/td><td>Doty<\/td><td>Loyola University Chicago<\/td><\/tr><tr><td>Sami<\/td><td>Douba<\/td><td>Institut des Hautes \u00c9tudes Scientifiques<\/td><\/tr><tr><td>Anna<\/td><td>Doubova<\/td><td>University of Sevilla<\/td><\/tr><tr><td>Polona<\/td><td>Durcik<\/td><td>Chapman University<\/td><\/tr><tr><td>Giulia<\/td><td>Duricchi<\/td><td>Universit\u00e0 di Firenze<\/td><\/tr><tr><td>Peter<\/td><td>Ebenfelt<\/td><td>University of California San Diego<\/td><\/tr><tr><td>Charlie<\/td><td>Egan<\/td><td>Georg August Universit\u00e4t G\u00f6ttingen<\/td><\/tr><tr><td>Martin<\/td><td>Ehler<\/td><td>University of Vienna<\/td><\/tr><tr><td>Ibrahim<\/td><td>Ekren<\/td><td>University of Michigan<\/td><\/tr><tr><td>Giacomo<\/td><td>Elefante<\/td><td>University of Torino<\/td><\/tr><tr><td>MIchela<\/td><td>Eleuteri<\/td><td>University of Modena and Reggio Emilia<\/td><\/tr><tr><td>Cinzia<\/td><td>Elia<\/td><td>University of Bari<\/td><\/tr><tr><td>Viveka<\/td><td>Erlandsson<\/td><td>University of Bristol<\/td><\/tr><tr><td>Antonio<\/td><td>Esposito<\/td><td>University of Oxford<\/td><\/tr><tr><td>Francesco<\/td><td>Esposito<\/td><td>Universita&#8217; di Padova<\/td><\/tr><tr><td>Uju\u00e9<\/td><td>Etayo<\/td><td>Universidad de Cantabria<\/td><\/tr><tr><td>Eleonore<\/td><td>Faber<\/td><td>Universit\u00e4t Graz<\/td><\/tr><tr><td>Luisa<\/td><td>Faella<\/td><td>University of Cassino and Southern Lazio<\/td><\/tr><tr><td>Gioia<\/td><td>Failla<\/td><td>Mediterranean University of Reggio Calabria<\/td><\/tr><tr><td>Giuseppe<\/td><td>Failla<\/td><td>University of Messina<\/td><\/tr><tr><td>Giovanni<\/td><td>Falcone<\/td><td>Universit\u00e0 di Palermo<\/td><\/tr><tr><td>Federico<\/td><td>Fallucca<\/td><td>Universit\u00e0 degli Studi Milano-Bicocca<\/td><\/tr><tr><td>Alessio<\/td><td>Falocchi<\/td><td>Politecnico di Milano<\/td><\/tr><tr><td>Antonio<\/td><td>Farah<\/td><td>The University of Texas at Austin<\/td><\/tr><tr><td>Davide<\/td><td>Faranda<\/td><td>CNRS<\/td><\/tr><tr><td>Sara<\/td><td>Faridi<\/td><td>Dalhousie University<\/td><\/tr><tr><td>Jorge<\/td><td>Fari\u00f1a-Asategui<\/td><td>Lunds Universitet and University of the Basque Country<\/td><\/tr><tr><td>Faezeh<\/td><td>Farivar<\/td><td>University of Palermo<\/td><\/tr><tr><td>Lucja<\/td><td>Farnik<\/td><td>University of the National Education Commission, Krakow<\/td><\/tr><tr><td>Greg<\/td><td>Fasshauer<\/td><td>Department of Applied Mathematics and Statistics<\/td><\/tr><tr><td>Enrico<\/td><td>Fatighenti<\/td><td>Universit\u00e0 di Bologna<\/td><\/tr><tr><td>Giuseppe<\/td><td>Favacchio<\/td><td>Universit\u00e0 degli Studi di Palermo<\/td><\/tr><tr><td>Eduard<\/td><td>Feireisl<\/td><td>Czech Academy of Sciences<\/td><\/tr><tr><td>Alessandro<\/td><td>Felisi<\/td><td>Universit\u00e0 di Genova<\/td><\/tr><tr><td>Guglielmo<\/td><td>Feltrin<\/td><td>University of Udine<\/td><\/tr><tr><td>Filomena<\/td><td>Feo<\/td><td>Universit\u00e0 degli Studi di Napoli &#8220;Parthenope&#8221;<\/td><\/tr><tr><td>Gustavo A.<\/td><td>Fern\u00e1ndez-Alcober<\/td><td>University of the Basque Country<\/td><\/tr><tr><td>Vincenzo<\/td><td>Ferone<\/td><td>Universit\u00e0 di Napoli Federico II<\/td><\/tr><tr><td>Maria<\/td><td>Ferrara<\/td><td>Universit\u00e0 degli Studi della Campania &#8220;Luigi Vanvitelli&#8221;<\/td><\/tr><tr><td>Fausto<\/td><td>Ferrari<\/td><td>Universit\u00e0 di Bologna<\/td><\/tr><tr><td>Giorgio<\/td><td>Ferrari<\/td><td>Bielefeld University<\/td><\/tr><tr><td>Giacomo Hermes<\/td><td>Ferraro<\/td><td>Sapienza Universit\u00e0 di Roma<\/td><\/tr><tr><td>Matteo<\/td><td>Fiacchi<\/td><td>University of Ljubljana<\/td><\/tr><tr><td>Antonino<\/td><td>Ficarra<\/td><td>University of Evora<\/td><\/tr><tr><td>Peter<\/td><td>Fiebig<\/td><td>Friedrich-Alexander-Universit\u00e4t Erlangen-N\u00fcrnberg<\/td><\/tr><tr><td>Marek<\/td><td>Filakovsky<\/td><td>Masaryk University<\/td><\/tr><tr><td>Carmelo Antonio<\/td><td>Finocchiaro<\/td><td>Universit\u00e0 degli Studi di Catania<\/td><\/tr><tr><td>Domenico<\/td><td>Fiorenza<\/td><td>Sapienza Universit\u00e0 di Roma<\/td><\/tr><tr><td>David<\/td><td>Fisac<\/td><td>University of Luxembourg<\/td><\/tr><tr><td>Markus<\/td><td>Fischer<\/td><td>Universit\u00e0 degli Studi di Padova<\/td><\/tr><tr><td>Nicholas<\/td><td>Fisher<\/td><td>Portland State University<\/td><\/tr><tr><td>Ulrik Skre<\/td><td>Fjordholm<\/td><td>University of Oslo<\/td><\/tr><tr><td>Xenia<\/td><td>Flamm<\/td><td>IHES<\/td><\/tr><tr><td>Ramon<\/td><td>Flores<\/td><td>Universidad de Sevilla<\/td><\/tr><tr><td>Giuseppe<\/td><td>Floridia<\/td><td>Sapienza Universit\u00e0 di Roma<\/td><\/tr><tr><td>Ekaterina<\/td><td>Fokina<\/td><td>TU Wien<\/td><\/tr><tr><td>Alessandro<\/td><td>Fonda<\/td><td>Universit\u00e0 degli Studi di Trieste<\/td><\/tr><tr><td>Irene<\/td><td>Fonseca<\/td><td>Carnegie Mellon University<\/td><\/tr><tr><td>Luigi<\/td><td>Fontana<\/td><td>Universit\u00e0 di Milano-Bicocca<\/td><\/tr><tr><td>Nicol\u00f2<\/td><td>Forcillo<\/td><td>Michigan State University<\/td><\/tr><tr><td>Federico<\/td><td>Fornasaro<\/td><td>Sapienza Universit\u00e0 di Roma<\/td><\/tr><tr><td>Sonia<\/td><td>Foschiatti<\/td><td>University of Trieste<\/td><\/tr><tr><td>Lorenzo<\/td><td>Foscolo<\/td><td>Sapienza Universit\u00e0 di Roma<\/td><\/tr><tr><td>Martin<\/td><td>Fraas<\/td><td>UC Davis<\/td><\/tr><tr><td>Genni<\/td><td>Fragnelli<\/td><td>University of Tuscia<\/td><\/tr><tr><td>Matteo<\/td><td>Franca<\/td><td>Universit\u00e0 di Bologna<\/td><\/tr><tr><td>Valentina<\/td><td>Franceschi<\/td><td>Universit\u00e0 di Padova<\/td><\/tr><tr><td>Dominik<\/td><td>Francoeur<\/td><td>Newcastle University<\/td><\/tr><tr><td>Elisa<\/td><td>Francomano<\/td><td>Universit\u00e0 degli Studi di Palermo<\/td><\/tr><tr><td>Davide<\/td><td>Frapporti<\/td><td>Politecnico di Milano<\/td><\/tr><tr><td>Florian<\/td><td>Frick<\/td><td>Carnegie Mellon University<\/td><\/tr><tr><td>Roberto<\/td><td>Frigerio<\/td><td>Universit\u00e0 di Pisa<\/td><\/tr><tr><td>Sophie<\/td><td>Frisch<\/td><td>Technische Universit\u00e4t Graz<\/td><\/tr><tr><td>Emanuele<\/td><td>Frittaion<\/td><td>University of Leeds<\/td><\/tr><tr><td>Patrizio<\/td><td>Frosini<\/td><td>University of Bologna<\/td><\/tr><tr><td>Giovanni<\/td><td>Fusco<\/td><td>Universit\u00e0 di Padova<\/td><\/tr><tr><td>Davide<\/td><td>Gabrielli<\/td><td>University of L&#8217;Aquila<\/td><\/tr><tr><td>Bo\u0161tjan<\/td><td>Gabrov\u0161ek<\/td><td>University of Ljubljana<\/td><\/tr><tr><td>Romina<\/td><td>Gaburro<\/td><td>University of Limerick<\/td><\/tr><tr><td>Michele<\/td><td>Gaeta<\/td><td>University of Salerno<\/td><\/tr><tr><td>Markus<\/td><td>Gahn<\/td><td>University of Heidelberg<\/td><\/tr><tr><td>Stefano<\/td><td>Galatolo<\/td><td>Universit\u00e0 di Pisa<\/td><\/tr><tr><td>Vera Melinda<\/td><td>Galfi<\/td><td>Vrije Universiteit Amsterdam<\/td><\/tr><tr><td>ANNE-KATRIN<\/td><td>GALLAGHER<\/td><td>Gallagher Tool &amp; Instrument<\/td><\/tr><tr><td>Daniel<\/td><td>Galvin<\/td><td>University of Glasgow<\/td><\/tr><tr><td>Gaetana<\/td><td>Gambino<\/td><td>Universit\u00e0 di Palermo<\/td><\/tr><tr><td>Kyle<\/td><td>Gannon<\/td><td>Beijing International Center for Mathematical Research<\/td><\/tr><tr><td>Mauro<\/td><td>Garavello<\/td><td> Universit\u00e0 di Milano-Bicocca<\/td><\/tr><tr><td>Pablo<\/td><td>Garc\u00eda Arias<\/td><td>Universitat de Barcelona<\/td><\/tr><tr><td>Pedro A.<\/td><td>Garc\u00eda-S\u00e1nchez<\/td><td>University of Granada<\/td><\/tr><tr><td>Mikel Eguzki<\/td><td>Garciarena<\/td><td>Universit\u00e0 degli Studi di Salerno<\/td><\/tr><tr><td>BIANCA<\/td><td>GARIBOLDI<\/td><td>Universit\u00e0 degli studi di Bergamo<\/td><\/tr><tr><td>Niklas<\/td><td>Garner<\/td><td>University of Washington, Seattle, USA<\/td><\/tr><tr><td>NICOLA<\/td><td>GAROFALO<\/td><td>University of Padova<\/td><\/tr><tr><td>Maurizio<\/td><td>Garrione<\/td><td>Politecnico di Milano &#8211; Dipartimento di Matematica<\/td><\/tr><tr><td>Leszek<\/td><td>Gasinski<\/td><td>University of the National Education Commission, Krakow<\/td><\/tr><tr><td>Sigurd<\/td><td>Gaukstad<\/td><td>Norwegian University of Science and Technology<\/td><\/tr><tr><td>Quentin<\/td><td>Gazda<\/td><td>\u00c9cole Polytechnique<\/td><\/tr><tr><td>Filippo<\/td><td>Gazzola<\/td><td>UMI<\/td><\/tr><tr><td>Ernst-Ulrich<\/td><td>Gekeler<\/td><td>Saarland University<\/td><\/tr><tr><td>Sergei<\/td><td>Gelfand<\/td><td>American Mathematical Society<\/td><\/tr><tr><td>Oguz<\/td><td>Gezmis<\/td><td>University of Heidelberg<\/td><\/tr><tr><td>Guido<\/td><td>Gherardi<\/td><td>UNIVERSITY OF BOLOGNA<\/td><\/tr><tr><td>Roberta<\/td><td>Ghezzi<\/td><td>Dipartimento di Matematica, Universit\u00e0 degli Studi di Roma &#8220;Tor Vergata&#8221;<\/td><\/tr><tr><td>Michael<\/td><td>Ghil<\/td><td>Ecole Normale Sup\u00e9rieure, Paris, &amp; University of California at Los Angeles<\/td><\/tr><tr><td>Daria<\/td><td>Ghilli<\/td><td>University of Pavia<\/td><\/tr><tr><td>Stefano Gregorio<\/td><td>Giaccari<\/td><td>University of Padua<\/td><\/tr><tr><td>Emanuela L.<\/td><td>Giacomelli<\/td><td>LMU Munich<\/td><\/tr><tr><td>Ugo Pietro<\/td><td>Gianazza<\/td><td>Dipartimento di Matematica, Universit\u00e0 degli Studi di Pavia<\/td><\/tr><tr><td>Ryan<\/td><td>Gibara<\/td><td>University of Cincinnati<\/td><\/tr><tr><td>Giacomo<\/td><td>Gigante<\/td><td>Universit\u00e0 degli Studi di Bergamo<\/td><\/tr><tr><td>Davide<\/td><td>Giovagnoli<\/td><td>University of Bologna<\/td><\/tr><tr><td>Gianmarco<\/td><td>Giovannardi<\/td><td>University of Firenze<\/td><\/tr><tr><td>Viola<\/td><td>Giovannini<\/td><td>University of Luxembourg\/ Universit\u00e0 di Pisa<\/td><\/tr><tr><td>Barbara<\/td><td>Giunti<\/td><td>SUNY &#8211; University at Albany<\/td><\/tr><tr><td>Alexey<\/td><td>Glazyrin<\/td><td>The University of Texas Rio Grande Valley<\/td><\/tr><tr><td>Christian<\/td><td>Gleissner<\/td><td>University of Bayreuth<\/td><\/tr><tr><td>Bennet<\/td><td>Goeckner<\/td><td>University of San Diego<\/td><\/tr><tr><td>Jun Le<\/td><td>Goh<\/td><td>National University of Singapore<\/td><\/tr><tr><td>Ken<\/td><td>Golden<\/td><td>University of Utah<\/td><\/tr><tr><td>Javier<\/td><td>Gomez Serrano<\/td><td>Brown University<\/td><\/tr><tr><td>Xianghong<\/td><td>Gong<\/td><td>University of Wisconsin-Madison<\/td><\/tr><tr><td>Maria (Masha)<\/td><td>Gordina<\/td><td>University of Connecticut<\/td><\/tr><tr><td>Felix<\/td><td>Gotti<\/td><td>MIT<\/td><\/tr><tr><td>Peter<\/td><td>Grabner<\/td><td>Graz University of Technology<\/td><\/tr><tr><td>Clinten<\/td><td>Graham<\/td><td>John Hopkins University<\/td><\/tr><tr><td>Maurizio<\/td><td>Grasselli<\/td><td>Politecnico di Milano<\/td><\/tr><tr><td>Antonella<\/td><td>Grassi<\/td><td>Universit\u00e0 di Bologna<\/td><\/tr><tr><td>Giovanni<\/td><td>Gravina<\/td><td>Loyola University Chicago<\/td><\/tr><tr><td>Nathan<\/td><td>Green<\/td><td>Louisiana Tech University<\/td><\/tr><tr><td>Danilo<\/td><td>Gregorin Afonso<\/td><td>Universit\u00e0 degli Studi di Urbino Carlo Bo<\/td><\/tr><tr><td>Michael<\/td><td>Griffin<\/td><td>Vanderbilt University<\/td><\/tr><tr><td>Francesco<\/td><td>Grotto<\/td><td>Universit\u00e0 di Pisa<\/td><\/tr><tr><td>Jonathan<\/td><td>Gruber<\/td><td>University of York<\/td><\/tr><tr><td>Dusty<\/td><td>Grundmeier<\/td><td>Ohio State University<\/td><\/tr><tr><td>David<\/td><td>Grynkiewicz<\/td><td>University of Memphis<\/td><\/tr><tr><td>Elena Maria<\/td><td>Guardo<\/td><td>Universit\u00e0 di Catania<\/td><\/tr><tr><td>Umberto<\/td><td>Guarnotta<\/td><td>University of Enna &#8220;Kore&#8221;<\/td><\/tr><tr><td>Andre<\/td><td>Guerra<\/td><td>ETH Zurich<\/td><\/tr><tr><td>Graziano<\/td><td>Guerra<\/td><td>Universit\u00e0 di Milano-Bicocca<\/td><\/tr><tr><td>Lorenzo<\/td><td>Guerrieri<\/td><td>Jagiellonian University in Krakow<\/td><\/tr><tr><td>Stefano<\/td><td>Guerrini<\/td><td>LIPN &#8211; Univ. Sorbonne Paris Nord<\/td><\/tr><tr><td>Nicola<\/td><td>Guglielmi<\/td><td>Gran Sasso Science Institute<\/td><\/tr><tr><td>Changfeng<\/td><td>Gui<\/td><td>University of Macau<\/td><\/tr><tr><td>Zhengping<\/td><td>Gui<\/td><td>ICTP<\/td><\/tr><tr><td>Pelin<\/td><td>Guven Geredeli<\/td><td>Clemson University<\/td><\/tr><tr><td>Juan Gabriel<\/td><td>Guzman<\/td><td>IMPA<\/td><\/tr><\/tbody><\/table><\/figure>\n","protected":false},"excerpt":{"rendered":"<p>First Name Last Name Affiliation Giuseppina D&#8217;Agu\u00ec Universit\u00e0 degli studi di Messina Alessio D&#8217;Al\u00ec Politecnico di Milano Raffaele D&#8217;Ambrosio University of L&#8217;Aquila Daniele D&#8217;Angeli Universit\u00e0 Cusano Roma Marco D&#8217;Anna Universit\u00e0 di Catania Paola D&#8217;Aquino Universit\u00e0 della Campania &#8220;Vanvitelli&#8221; Lorenza D&#8217;Elia TU Wien Mimi Dai University of Illinois at Chicago Paolo Dai Pra Universit\u00e0 di Verona [&hellip;]<\/p>\n","protected":false},"author":1,"featured_media":0,"parent":147,"menu_order":0,"comment_status":"closed","ping_status":"closed","template":"","meta":{"footnotes":""},"class_list":["post-900","page","type-page","status-publish","hentry"],"_links":{"self":[{"href":"https:\/\/umi.dm.unibo.it\/jm-umi-ams\/wp-json\/wp\/v2\/pages\/900","targetHints":{"allow":["GET"]}}],"collection":[{"href":"https:\/\/umi.dm.unibo.it\/jm-umi-ams\/wp-json\/wp\/v2\/pages"}],"about":[{"href":"https:\/\/umi.dm.unibo.it\/jm-umi-ams\/wp-json\/wp\/v2\/types\/page"}],"author":[{"embeddable":true,"href":"https:\/\/umi.dm.unibo.it\/jm-umi-ams\/wp-json\/wp\/v2\/users\/1"}],"replies":[{"embeddable":true,"href":"https:\/\/umi.dm.unibo.it\/jm-umi-ams\/wp-json\/wp\/v2\/comments?post=900"}],"version-history":[{"count":4,"href":"https:\/\/umi.dm.unibo.it\/jm-umi-ams\/wp-json\/wp\/v2\/pages\/900\/revisions"}],"predecessor-version":[{"id":1042,"href":"https:\/\/umi.dm.unibo.it\/jm-umi-ams\/wp-json\/wp\/v2\/pages\/900\/revisions\/1042"}],"up":[{"embeddable":true,"href":"https:\/\/umi.dm.unibo.it\/jm-umi-ams\/wp-json\/wp\/v2\/pages\/147"}],"wp:attachment":[{"href":"https:\/\/umi.dm.unibo.it\/jm-umi-ams\/wp-json\/wp\/v2\/media?parent=900"}],"curies":[{"name":"wp","href":"https:\/\/api.w.org\/{rel}","templated":true}]}}