{"id":897,"date":"2024-06-26T18:51:02","date_gmt":"2024-06-26T16:51:02","guid":{"rendered":"https:\/\/umi.dm.unibo.it\/jm-umi-ams\/?page_id=897"},"modified":"2024-06-28T14:07:36","modified_gmt":"2024-06-28T12:07:36","slug":"a-c","status":"publish","type":"page","link":"https:\/\/umi.dm.unibo.it\/jm-umi-ams\/participants\/a-c\/","title":{"rendered":"A-C"},"content":{"rendered":"\n<figure class=\"wp-block-table\"><table><tbody><tr><td><strong>First Name<\/strong><\/td><td><strong>Last Name<\/strong><\/td><td><strong>Affiliation<\/strong><\/td><\/tr><tr><td>Marco<\/td><td>Abate<\/td><td>Universit\u00e0 di Pisa<\/td><\/tr><tr><td>Anna<\/td><td>Abbatiello<\/td><td>University of Campania &#8220;L.Vanvitelli&#8221;<\/td><\/tr><tr><td>Nancy<\/td><td>Abdallah<\/td><td>University of Bor\u00e5s<\/td><\/tr><tr><td>Patience<\/td><td>Ablett<\/td><td>University of Warwick<\/td><\/tr><tr><td>Paolo<\/td><td>Acampora<\/td><td>Universit\u00e0 degli studi di Napoli Federico II<\/td><\/tr><tr><td>Sara<\/td><td>Accomando<\/td><td>Universit\u00e0 degli Studi di Palermo<\/td><\/tr><tr><td>Paolo<\/td><td>Aceto<\/td><td>Universite de Lille<\/td><\/tr><tr><td>Pedro<\/td><td>Aceves Sanchez<\/td><td>University of Arizona<\/td><\/tr><tr><td>Riccardo<\/td><td>Adami<\/td><td>Politecnico di Torino<\/td><\/tr><tr><td>Colin<\/td><td>Adams<\/td><td>Williams College<\/td><\/tr><tr><td>Henry<\/td><td>Adams<\/td><td>University of Florida<\/td><\/tr><tr><td>Darlayne<\/td><td>Addabbo<\/td><td>The University of Arizona<\/td><\/tr><tr><td>Claudio<\/td><td>Agostini<\/td><td>TU Wien<\/td><\/tr><tr><td>Christoph<\/td><td>Aistleitner<\/td><td>TU Graz<\/td><\/tr><tr><td>Mohammad<\/td><td>Akil<\/td><td>Universit\u00e9 Polytechnique Hauts-de-France<\/td><\/tr><tr><td>Angela<\/td><td>Alberico<\/td><td> IAC &#8211; Napoli<\/td><\/tr><tr><td>Massimiliano<\/td><td>Alessandro<\/td><td>Universit\u00e4t des Saarlandes<\/td><\/tr><tr><td>Gianira Nicoletta<\/td><td>Alfarano<\/td><td>University College Dublin<\/td><\/tr><tr><td>Abid<\/td><td>Ali<\/td><td>University of Saskatchewan<\/td><\/tr><tr><td>Danish<\/td><td>Ali<\/td><td>Institute of Business Administration<\/td><\/tr><tr><td>Alessandro<\/td><td>Alla<\/td><td>Universit\u00e0 Ca&#8217; Foscari Venezia<\/td><\/tr><tr><td>Ra\u00fal<\/td><td>Alonso Rodr\u00edguez<\/td><td>UC Santa Barbara<\/td><\/tr><tr><td>Nuno<\/td><td>Alves<\/td><td>University of Vienna<\/td><\/tr><tr><td>Debora<\/td><td>Amadori<\/td><td>University of L&#8217;Aquila<\/td><\/tr><tr><td>Micol<\/td><td>Amar<\/td><td> Sapienza Universit\u00e0 di Roma<\/td><\/tr><tr><td>Eleonora<\/td><td>Amato<\/td><td> Universit\u00e0 degli Studi di Palermo<\/td><\/tr><tr><td>Eleonora<\/td><td>Amoroso<\/td><td>University of Messina<\/td><\/tr><tr><td>Francesca<\/td><td>Anceschi<\/td><td>Universit\u00e0 Politecnica delle Marche<\/td><\/tr><tr><td>Marco<\/td><td>Andreatta<\/td><td>Presidente UMI<\/td><\/tr><tr><td>Laura<\/td><td>Angeloni<\/td><td> Universit\u00e0 degli Studi di Perugia<\/td><\/tr><tr><td>Yuri<\/td><td>Antonacci<\/td><td>Universit\u00e0 degli Studi di Palermo<\/td><\/tr><tr><td>Gioacchino<\/td><td>Antonelli<\/td><td>Courant Institute<\/td><\/tr><tr><td>Riccardo<\/td><td>Aragona<\/td><td>University of L\u2019Aquila<\/td><\/tr><tr><td>Niles<\/td><td>Armstrong<\/td><td>Milwaukee School of Engineering<\/td><\/tr><tr><td>Leandro<\/td><td>Arosio<\/td><td>Universit\u00e0 di Roma Tor Vergata<\/td><\/tr><tr><td>Mark<\/td><td>Ashbaugh<\/td><td> University of Missouri &#8211; Columbia<\/td><\/tr><tr><td>Caleb<\/td><td>Ashley<\/td><td>Boston College<\/td><\/tr><tr><td>Raphael<\/td><td>Assier<\/td><td>The University of Manchester<\/td><\/tr><tr><td>Clarissa<\/td><td>Astuto<\/td><td>Universit\u00e0 di Catania<\/td><\/tr><tr><td>Cl\u00e9ment<\/td><td>Aubert<\/td><td>Augusta University<\/td><\/tr><tr><td>George<\/td><td>Avalos<\/td><td>University of Nebraska-Lincoln<\/td><\/tr><tr><td>Montie<\/td><td>Avery<\/td><td>Boston University<\/td><\/tr><tr><td>Eviatar<\/td><td>Bach<\/td><td>University of Reading<\/td><\/tr><tr><td>Ayman<\/td><td>Badawi<\/td><td>American University of Sharjah<\/td><\/tr><tr><td>Fabio<\/td><td>Bagagiolo<\/td><td>University of Trento, Italy<\/td><\/tr><tr><td>Paul<\/td><td>Baginski<\/td><td>Fairfield University<\/td><\/tr><tr><td>Lucia<\/td><td>Bagnoli<\/td><td>University of Zagreb<\/td><\/tr><tr><td>Rosemary<\/td><td>Bailey<\/td><td>University of St Andrews<\/td><\/tr><tr><td>Patrick<\/td><td>Baillot<\/td><td>CNRS \/ Universit\u00e9 de Lille<\/td><\/tr><tr><td>Rhea Palak<\/td><td>Bakshi<\/td><td>ETH Z\u00fcrich<\/td><\/tr><tr><td>Raluca<\/td><td>Balan<\/td><td>University of Ottawa<\/td><\/tr><tr><td>Clemens<\/td><td>Bannwart<\/td><td>Universit\u00e0 di Modena e Reggio Emilia<\/td><\/tr><tr><td>Marco<\/td><td>Barbieri<\/td><td>University of Pavia<\/td><\/tr><tr><td>Martino<\/td><td>Bardi<\/td><td>Universit\u00e0 di Padova<\/td><\/tr><tr><td>Davide<\/td><td>Barilari<\/td><td>Universit\u00e0 di Padova<\/td><\/tr><tr><td>Giuseppina<\/td><td>Barletta<\/td><td> Mediterranean University of Reggio Calabria<\/td><\/tr><tr><td>David<\/td><td>Barrett<\/td><td>University of Michigan &#8211; Ann Arbor<\/td><\/tr><tr><td>Daniele<\/td><td>Bartoli<\/td><td>Universit\u00e0 degli Studi di Perugia<\/td><\/tr><tr><td>Danica<\/td><td>Basari\u0107<\/td><td>Politecnico di Milano<\/td><\/tr><tr><td>Giulia<\/td><td>Basti<\/td><td>Gran Sasso Science Institute<\/td><\/tr><tr><td>Ulrich<\/td><td>Bauer<\/td><td>Technical University of Munich<\/td><\/tr><tr><td>Erhan<\/td><td>Bayraktar<\/td><td>University of Michigan<\/td><\/tr><tr><td>Carlos<\/td><td>Beltr\u00e1n \u00c1lvarez<\/td><td>Universidad de Cantabria<\/td><\/tr><tr><td>David<\/td><td>Beltran Portales<\/td><td>Universitat de Valencia<\/td><\/tr><tr><td>Cristina<\/td><td>Benea<\/td><td>Nantes Universit\u00e9<\/td><\/tr><tr><td>Bruno<\/td><td>Benedetti<\/td><td>University of Miami<\/td><\/tr><tr><td>Irene<\/td><td>Benedetti<\/td><td>University of Perugia<\/td><\/tr><tr><td>Niels<\/td><td>Benedikter<\/td><td>Universit\u00e0 degli Studi di Milano<\/td><\/tr><tr><td>Lea<\/td><td>Beneish<\/td><td>University of North Texas<\/td><\/tr><tr><td>Tom<\/td><td>Benhamou<\/td><td>Rutgers Univeristy<\/td><\/tr><tr><td>Stefano<\/td><td>Berardi<\/td><td>Universit\u00e0 di Torino<\/td><\/tr><tr><td>Elvise<\/td><td>Berchio<\/td><td>Politecnico di Torino<\/td><\/tr><tr><td>Thomas<\/td><td>Beretti<\/td><td>SISSA<\/td><\/tr><tr><td>Shiferaw<\/td><td>Berhanu<\/td><td>University of Maryland<\/td><\/tr><tr><td>Anne<\/td><td>BERNAND-MANTEL<\/td><td>CEMES-CNRS<\/td><\/tr><tr><td>Alberto Maria<\/td><td>Bersani<\/td><td>Sapienza Universit\u00e0 di Roma<\/td><\/tr><tr><td>Luigi Carlo<\/td><td>Berselli<\/td><td>Universita&#8217; di Pisa<\/td><\/tr><tr><td>Diego<\/td><td>Berti<\/td><td>Universit\u00e0 di Torino<\/td><\/tr><tr><td>Federica<\/td><td>Bertolotti<\/td><td>Scuola Normale Superiore<\/td><\/tr><tr><td>Maria Letizia<\/td><td>BERTOTTI<\/td><td>Free University of Bozen-Bolzano<\/td><\/tr><tr><td>Konstantinos<\/td><td>Bessas<\/td><td>Universit\u00e0 degli Studi di Pavia<\/td><\/tr><tr><td>Piernicola<\/td><td>Bettiol<\/td><td>University of Brest<\/td><\/tr><tr><td>Mariagrazia<\/td><td>Bianchi<\/td><td>Universit\u00e0 degli Studi di Milano<\/td><\/tr><tr><td>Dmitriy<\/td><td>Bilyk<\/td><td>University of Minnesota<\/td><\/tr><tr><td>Gilberto<\/td><td>Bini<\/td><td>Universit\u00e0 degli Studi di Palermo<\/td><\/tr><tr><td>Isabeau<\/td><td>Birindelli<\/td><td>Sapienza Universit\u00e0 di Roma<\/td><\/tr><tr><td>Helena<\/td><td>Bi\u0161\u010devi\u0107<\/td><td>Gran Sasso Science Instutute (GSSI)<\/td><\/tr><tr><td>H\u00e5vard Bakke<\/td><td>Bjerkevik<\/td><td>SUNY Albany<\/td><\/tr><tr><td>Paolo<\/td><td>Bllingeri<\/td><td>Universit\u00e9 Caen Normandie<\/td><\/tr><tr><td>Chiara<\/td><td>Boccato<\/td><td>Universit\u00e0 degli Studi di Milano<\/td><\/tr><tr><td>Edoardo<\/td><td>Bocchi<\/td><td>Politecnico di Milano<\/td><\/tr><tr><td>Cristiano<\/td><td>Bocci<\/td><td> Universit\u00e0 di Siena<\/td><\/tr><tr><td>Brian<\/td><td>Boe<\/td><td>University of Georgia<\/td><\/tr><tr><td>Paul<\/td><td>Bogdan<\/td><td>University of Southern California<\/td><\/tr><tr><td>Mats<\/td><td>Boij<\/td><td>KTH Royal Institute of Technology<\/td><\/tr><tr><td>Marco<\/td><td>Bonacini<\/td><td>Universit\u00e0 di Trento<\/td><\/tr><tr><td>Andrea<\/td><td>Bondesan<\/td><td>University of Parma<\/td><\/tr><tr><td>Federico<\/td><td>Bonetto<\/td><td>Georgia Institute of Technology<\/td><\/tr><tr><td>Matteo<\/td><td>Bonini<\/td><td>Aalborg University<\/td><\/tr><tr><td>Francesco<\/td><td>Bonsante<\/td><td>Universit\u00e0 degli Studi di Pavia<\/td><\/tr><tr><td>Martino<\/td><td>Borello<\/td><td>Universit\u00e9 Paris 8<\/td><\/tr><tr><td>Alberto<\/td><td>Boscaggin<\/td><td>Universit\u00e0 di Torino<\/td><\/tr><tr><td>Barbara<\/td><td>Brandolini<\/td><td>Universit\u00e0 degli Studi di Palermo<\/td><\/tr><tr><td>Luca<\/td><td>Brandolini<\/td><td>Universit\u00e0 degli Studi di Bergamo<\/td><\/tr><tr><td>Johann<\/td><td>Brauchart<\/td><td>Graz University of Technology<\/td><\/tr><tr><td>Christian<\/td><td>Brennecke<\/td><td>University of Bonn<\/td><\/tr><tr><td>Florian<\/td><td>Breuer<\/td><td>University of Newcastle, Australia<\/td><\/tr><tr><td>Giovanni<\/td><td>Brigati<\/td><td>Institute of Science and Technology Austria<\/td><\/tr><tr><td>Elisabetta<\/td><td>Brocchieri<\/td><td>University of Graz<\/td><\/tr><tr><td>Jochen<\/td><td>Broecker<\/td><td>University of Reading and Centre for the Mathematics of Planet Earth<\/td><\/tr><tr><td>Lia<\/td><td>Bronsard<\/td><td>McMaster University<\/td><\/tr><tr><td>Julian<\/td><td>Br\u00fcggemann<\/td><td>Max Planck Institute for Mathematics, Bonn\/University of Bonn<\/td><\/tr><tr><td>Ilka<\/td><td>Brunner<\/td><td>LMU University of Munich<\/td><\/tr><tr><td>Tommaso<\/td><td>Bruno<\/td><td>Universit\u00e0 di Genova<\/td><\/tr><tr><td>Giuseppe Cosma<\/td><td>Brusca<\/td><td>SISSA<\/td><\/tr><tr><td>Daniela<\/td><td>Bubboloni<\/td><td>Universit\u00e0 degli Studi di Firenze<\/td><\/tr><tr><td>Francesca<\/td><td>Bucci<\/td><td>Universit\u00e0 degli Studi di Firenze<\/td><\/tr><tr><td>Iulia Martina<\/td><td>Bulai<\/td><td>Universit\u00e0 degli Studi di Sassari<\/td><\/tr><tr><td>Bruno<\/td><td>Buonomo<\/td><td>Universit\u00e0 di Napoli Federico II<\/td><\/tr><tr><td>Almut<\/td><td>Burchard<\/td><td>University of Toronto, Canada<\/td><\/tr><tr><td>Giovanni<\/td><td>Busalacchi<\/td><td>Universit\u00e0 degli studi di Messina<\/td><\/tr><tr><td>Dylan<\/td><td>Butson<\/td><td>University of Oxford<\/td><\/tr><tr><td>Eimear<\/td><td>Byrne<\/td><td>University College Dublin<\/td><\/tr><tr><td>Yuri<\/td><td>Cacchi\u00f2<\/td><td>Gran Sasso Science Institute<\/td><\/tr><tr><td>Alessandro<\/td><td>Calamai<\/td><td>Universit\u00e0 Politecnica delle Marche<\/td><\/tr><tr><td>Marco<\/td><td>Calderini<\/td><td>Universit\u00e0 degli studi di Trento<\/td><\/tr><tr><td>Filippo<\/td><td>Calderoni<\/td><td>Rutgers University<\/td><\/tr><tr><td>Riccardo<\/td><td>Camerlo<\/td><td>University of Genoa<\/td><\/tr><tr><td>Peter<\/td><td>Cameron<\/td><td>University of St Andrews<\/td><\/tr><tr><td>Fabio<\/td><td>Camilli<\/td><td>Sapienza Universit\u00e0 di Roma<\/td><\/tr><tr><td>Luciano<\/td><td>Campi<\/td><td>Universit\u00e0 degli Studi di Milano<\/td><\/tr><tr><td>Michele<\/td><td>Campiti<\/td><td> University of Salento<\/td><\/tr><tr><td>Pasquale<\/td><td>Candito<\/td><td>Universit\u00e0 Mediterranea di Reggio Calabria<\/td><\/tr><tr><td>Stefano<\/td><td>Canino<\/td><td>Politecnico di Torino<\/td><\/tr><tr><td>Piermarco<\/td><td>Cannarsa<\/td><td>University of Rome Tor Vergata<\/td><\/tr><tr><td>Gian Marco<\/td><td>Canneori<\/td><td>Universit\u00e0 di Torino<\/td><\/tr><tr><td>Federico<\/td><td>Cannerozzi<\/td><td>Universit\u00e0 degli Studi di Milano<\/td><\/tr><tr><td>Angela<\/td><td>Capel<\/td><td>University of Cambridge<\/td><\/tr><tr><td>Giuseppe<\/td><td>Cannizzaro<\/td><td>University Warwick<\/td><\/tr><tr><td>Diana<\/td><td>Caponetti<\/td><td>Universit\u00e0 degli Studi di Palermo<\/td><\/tr><tr><td>Maicol<\/td><td>Caponi<\/td><td>Universit\u00e0 degli Studi di Napoli &#8220;Federico II&#8221;<\/td><\/tr><tr><td>Marco<\/td><td>Caponigro<\/td><td>Universit\u00e0 di Roma &#8220;Tor Vergata&#8221;<\/td><\/tr><tr><td>Lucia<\/td><td>Caporaso<\/td><td>Universit\u00e0 Roma Tre<\/td><\/tr><tr><td>Marco<\/td><td>Cappiello<\/td><td>Universit\u00e0 di Torino<\/td><\/tr><tr><td>Luigi<\/td><td>Caputi<\/td><td>University of Bologna<\/td><\/tr><tr><td>Anna<\/td><td>Carbone<\/td><td>Politecnico di Torino<\/td><\/tr><tr><td>Lisa<\/td><td>Carbone<\/td><td>Rutgers University<\/td><\/tr><tr><td>Angelamaria<\/td><td>CARDONE<\/td><td>University of Salerno<\/td><\/tr><tr><td>Giulia<\/td><td>Carigi<\/td><td>Universit\u00e0 degli Studi dell&#8217;Aquila<\/td><\/tr><tr><td>Eric<\/td><td>Carlen<\/td><td>Rutgers University<\/td><\/tr><tr><td>Enrico<\/td><td>Carlini<\/td><td>POLITECNICO DI TORINO<\/td><\/tr><tr><td>Lorenzo<\/td><td>Carlucci<\/td><td>Sapienza University of Rome<\/td><\/tr><tr><td>Scott<\/td><td>Carnahan<\/td><td>University of Tsukuba<\/td><\/tr><tr><td>Marco<\/td><td>Caroccia<\/td><td>Politecnico di Milano<\/td><\/tr><tr><td>Sebastiano<\/td><td>Carpi<\/td><td>Universit\u00e0&nbsp;&nbsp;di Roma &#8220;Tor Vergata&#8221;<\/td><\/tr><tr><td>Jose Antonio<\/td><td>Carrillo<\/td><td>University of Oxford<\/td><\/tr><tr><td>Xavier<\/td><td>Caruso<\/td><td>IMB, CNRS, Universit\u00e9 de Bordeaux<\/td><\/tr><tr><td>Andr\u00e9<\/td><td>Carvalho<\/td><td>University of Porto<\/td><\/tr><tr><td>Laura<\/td><td>Casabella<\/td><td>Max Planck Institute for Mathematics in the Sciences<\/td><\/tr><tr><td>Maria Rita<\/td><td>Casali<\/td><td>University of Modena and REGGIO EMILIA<\/td><\/tr><tr><td>Daniele<\/td><td>Cassani<\/td><td>Universit\u00e0 degli Studi dell&#8217;Insubria<\/td><\/tr><tr><td>Chiara<\/td><td>Castello<\/td><td>Universit\u00e0 degli Studi della Campania &#8220;L. Vanvitelli&#8221;<\/td><\/tr><tr><td>\u00c1ngel<\/td><td>Castro<\/td><td>ICMAT<\/td><\/tr><tr><td>Lydia<\/td><td>Castronovo<\/td><td>University of Messina<\/td><\/tr><tr><td>Fabrizio<\/td><td>Catanese<\/td><td>Bayreuth University and KIAS Seoul<\/td><\/tr><tr><td>Alessia<\/td><td>Cattabriga<\/td><td>University of Bologna<\/td><\/tr><tr><td>Antonio<\/td><td>Cauchi<\/td><td>Tokyo Institute of Technology<\/td><\/tr><tr><td>Gil<\/td><td>Cavalcanti<\/td><td>Universiteit Utrecht<\/td><\/tr><tr><td>Renzo<\/td><td>Cavalieri<\/td><td>Colorado State University<\/td><\/tr><tr><td>Paolo<\/td><td>Cavicchioli<\/td><td>Universit\u00e0 di Bologna<\/td><\/tr><tr><td>Giulio<\/td><td>Caviglia<\/td><td>Purdue University<\/td><\/tr><tr><td>Roberto<\/td><td>Cavoretto<\/td><td>University of Turin<\/td><\/tr><tr><td>Alekos<\/td><td>Cecchin<\/td><td>University of Padova<\/td><\/tr><tr><td>Serena<\/td><td>Cenatiempo<\/td><td>Gran Sasso Science Institute<\/td><\/tr><tr><td>Cinzia<\/td><td>Cerroni<\/td><td>Universit\u00e0 di Palermo<\/td><\/tr><tr><td>Annalisa<\/td><td>Cesaroni<\/td><td>Universit\u00e0 di Padova<\/td><\/tr><tr><td>Debraj<\/td><td>Chakrabarti<\/td><td>Central Michigan University<\/td><\/tr><tr><td>Nikolaos<\/td><td>Chalmoukis<\/td><td>Universit\u00e0 di Milano Bicocca<\/td><\/tr><tr><td>Gyu Whan<\/td><td>Chang<\/td><td>Incheon National University<\/td><\/tr><tr><td>Ting-Wei<\/td><td>Chang<\/td><td>National Tsing Hua University<\/td><\/tr><tr><td>Thomas<\/td><td>Chaplin<\/td><td>University of Oxford<\/td><\/tr><tr><td>Scott<\/td><td>Chapman<\/td><td>Sam Houston State University<\/td><\/tr><tr><td>Gisela Daniela<\/td><td>Charo<\/td><td>Laboratoire des Sciences du Climat et l&#8217;Environnement<\/td><\/tr><tr><td>Chien-Hua<\/td><td>Chen<\/td><td>National Center for Theoretical Sciences<\/td><\/tr><tr><td>Guan Ting<\/td><td>Chen<\/td><td>National Tsing Hua University<\/td><\/tr><tr><td>Liwei<\/td><td>Chen<\/td><td>Syracuse University<\/td><\/tr><tr><td>Yen-Tsung<\/td><td>Chen<\/td><td>Pennsylvania State University<\/td><\/tr><tr><td>Artem<\/td><td>Chernikov<\/td><td>University of Maryland College Park \/ University of California Los Angeles<\/td><\/tr><tr><td>Alexey<\/td><td>Cheskidov<\/td><td>Westlake University<\/td><\/tr><tr><td>Maya<\/td><td>Chhetri<\/td><td>University of North Carolina at Greensboro<\/td><\/tr><tr><td>Luca<\/td><td>Chiantini<\/td><td>Universit\u00e0 di Siena<\/td><\/tr><tr><td>Felisia Angela<\/td><td>Chiarello<\/td><td>University of L&#8217;Aquila<\/td><\/tr><tr><td>Paola Francesca<\/td><td>Chilla<\/td><td>University of Heidelberg<\/td><\/tr><tr><td>Gregorio<\/td><td>Chinni<\/td><td>Universit\u00e0 di Bologna<\/td><\/tr><tr><td>Sriram<\/td><td>Chinthalagiri Venkata<\/td><td>University of Heidelberg<\/td><\/tr><tr><td>Elisabetta<\/td><td>Chiodaroli<\/td><td>Universit\u00e0 di Pisa<\/td><\/tr><tr><td>Doosung<\/td><td>Choi<\/td><td>Louisiana State University<\/td><\/tr><tr><td>Karl<\/td><td>Christ<\/td><td>University of Texas at Austin<\/td><\/tr><tr><td>Michael<\/td><td>Christ<\/td><td>University of California, Berkeley<\/td><\/tr><tr><td>Cleopatra<\/td><td>Christoforou<\/td><td>University of Cyprus<\/td><\/tr><tr><td>Gennaro<\/td><td>Ciampa<\/td><td>Universit\u00e0 degli Studi dell&#8217;Aquila<\/td><\/tr><tr><td>Andrea<\/td><td>Cianchi<\/td><td>Universit\u00e0 degli Studi di Firenze<\/td><\/tr><tr><td>Simone<\/td><td>Ciani<\/td><td>University of Bologna<\/td><\/tr><tr><td>Chiara<\/td><td>Cicolani<\/td><td>Universit\u00e0 degli studi dell&#8217;Aquila<\/td><\/tr><tr><td>Vittorio<\/td><td>Cipriani<\/td><td>Technische Universit\u00e4t Wien<\/td><\/tr><tr><td>Carmelo<\/td><td>Cisto<\/td><td>University of Messina<\/td><\/tr><tr><td>Roberto<\/td><td>Civino<\/td><td>Universit\u00e0 degli studi dell&#8217;Aquila<\/td><\/tr><tr><td>Asaf<\/td><td>Cohen<\/td><td>University of Michigan<\/td><\/tr><tr><td>Pierluigi<\/td><td>Colli<\/td><td>Universit\u00e0 di Pavia<\/td><\/tr><tr><td>Rinaldo M.<\/td><td>Colombo<\/td><td>University of Brescia<\/td><\/tr><tr><td>Leonardo<\/td><td>Colzani<\/td><td>Universit\u00e0 degli Studi di Milano Bicocca<\/td><\/tr><tr><td>Giovanni<\/td><td>Conforti<\/td><td>University of Padova<\/td><\/tr><tr><td>Dajana<\/td><td>Conte<\/td><td> Universit\u00e0 di Salerno<\/td><\/tr><tr><td>Elisa<\/td><td>Continelli<\/td><td>Universit\u00e0 degli Studi dell&#8217;Aquila<\/td><\/tr><tr><td>Pierluigi<\/td><td>Contucci<\/td><td>Universit\u00e0 di Bologna<\/td><\/tr><tr><td>Anthony<\/td><td>Conway<\/td><td>University of Texas at Austin<\/td><\/tr><tr><td>Rosario<\/td><td>Corso<\/td><td>Universit\u00e0 degli Studi di Palermo<\/td><\/tr><tr><td>Nathan<\/td><td>Corwin<\/td><td>Villanova University<\/td><\/tr><tr><td>Martina<\/td><td>Costa Cesari<\/td><td>Universit\u00e0 di Bologna<\/td><\/tr><tr><td>Danilo<\/td><td>Costarelli<\/td><td>University of Perugia<\/td><\/tr><tr><td>Giuseppe<\/td><td>Cotardo<\/td><td>Virginia Tech<\/td><\/tr><tr><td>Mariantonia<\/td><td>Cotronei<\/td><td>Universit\u00e0 Mediterranea di Reggio Calabria<\/td><\/tr><tr><td>Alain<\/td><td>Couvreur<\/td><td>Inria<\/td><\/tr><tr><td>Giovanni<\/td><td>Covi<\/td><td>University of Helsinki<\/td><\/tr><tr><td>Jim<\/td><td>Coykendall<\/td><td>Clemson University<\/td><\/tr><tr><td>tommaso<\/td><td>cremaschi<\/td><td>Trinity College Dublin<\/td><\/tr><tr><td>Francesca<\/td><td>Crispo<\/td><td>UNICAMPANIA<\/td><\/tr><tr><td>Riccardo<\/td><td>Cristoferi<\/td><td>Radboud University<\/td><\/tr><tr><td>Paola<\/td><td>Cristofori<\/td><td>Universit\u00e0 di Modena e Reggio Emilia<\/td><\/tr><tr><td>Zeljko<\/td><td>Cuckovic<\/td><td>University of Toledo<\/td><\/tr><tr><td>Carina<\/td><td>Curto<\/td><td>Brown University<\/td><\/tr><\/tbody><\/table><\/figure>\n\n\n\n<p><\/p>\n","protected":false},"excerpt":{"rendered":"<p>First Name Last Name Affiliation Marco Abate Universit\u00e0 di Pisa Anna Abbatiello University of Campania &#8220;L.Vanvitelli&#8221; Nancy Abdallah University of Bor\u00e5s Patience Ablett University of Warwick Paolo Acampora Universit\u00e0 degli studi di Napoli Federico II Sara Accomando Universit\u00e0 degli Studi di Palermo Paolo Aceto Universite de Lille Pedro Aceves Sanchez University of Arizona Riccardo Adami [&hellip;]<\/p>\n","protected":false},"author":1,"featured_media":0,"parent":147,"menu_order":0,"comment_status":"closed","ping_status":"closed","template":"","meta":{"footnotes":""},"class_list":["post-897","page","type-page","status-publish","hentry"],"_links":{"self":[{"href":"https:\/\/umi.dm.unibo.it\/jm-umi-ams\/wp-json\/wp\/v2\/pages\/897","targetHints":{"allow":["GET"]}}],"collection":[{"href":"https:\/\/umi.dm.unibo.it\/jm-umi-ams\/wp-json\/wp\/v2\/pages"}],"about":[{"href":"https:\/\/umi.dm.unibo.it\/jm-umi-ams\/wp-json\/wp\/v2\/types\/page"}],"author":[{"embeddable":true,"href":"https:\/\/umi.dm.unibo.it\/jm-umi-ams\/wp-json\/wp\/v2\/users\/1"}],"replies":[{"embeddable":true,"href":"https:\/\/umi.dm.unibo.it\/jm-umi-ams\/wp-json\/wp\/v2\/comments?post=897"}],"version-history":[{"count":7,"href":"https:\/\/umi.dm.unibo.it\/jm-umi-ams\/wp-json\/wp\/v2\/pages\/897\/revisions"}],"predecessor-version":[{"id":948,"href":"https:\/\/umi.dm.unibo.it\/jm-umi-ams\/wp-json\/wp\/v2\/pages\/897\/revisions\/948"}],"up":[{"embeddable":true,"href":"https:\/\/umi.dm.unibo.it\/jm-umi-ams\/wp-json\/wp\/v2\/pages\/147"}],"wp:attachment":[{"href":"https:\/\/umi.dm.unibo.it\/jm-umi-ams\/wp-json\/wp\/v2\/media?parent=897"}],"curies":[{"name":"wp","href":"https:\/\/api.w.org\/{rel}","templated":true}]}}