{"id":1909,"date":"2026-03-16T22:42:41","date_gmt":"2026-03-16T21:42:41","guid":{"rendered":"https:\/\/umi.dm.unibo.it\/jm-ita-bra-2026\/?page_id=1909"},"modified":"2026-03-16T22:42:41","modified_gmt":"2026-03-16T21:42:41","slug":"special-session-22","status":"publish","type":"page","link":"https:\/\/umi.dm.unibo.it\/jm-ita-bra-2026\/special-sessions\/special-session-22\/","title":{"rendered":"Special Session 22 &#8211; Singularities in Algebra and Geometry"},"content":{"rendered":"<section  class='av_textblock_section av-mms7qkau-d2bee843739779d296e80822fec19f0d '   itemscope=\"itemscope\" itemtype=\"https:\/\/schema.org\/CreativeWork\" ><div class='avia_textblock'  itemprop=\"text\" ><h1>Special Session 22<\/h1>\n<h2>Singularities in Algebra and Geometry<\/h2>\n<p><strong>Organizers: <\/strong>Bruna Or\u00e9fice Okamoto (Federal University of S\u00e3o Carlos, Brazil), Luiz Hartmann (Federal University of S\u00e3o Carlos, Brazil), Mauro Spreafico (University of Trento, Italy)<\/p>\n<p><strong>MSC codes:<\/strong> 32S-XX, 58K-XX<\/p>\n<p><strong>Description:<\/strong><\/p>\n<p>Singularity Theory is a branch of Mathematics that studies non-smooth phenomena, investigated from different perspectives within Geometry, Topology, and Analysis. The two constituting fields of this special session, algebraic geometry and geometric analysis, intersect on various levels and in particular are connected by the celebrated Atiyah-Singer index theorem, which equates the topological and analytic index with crucial consequences in both fields. The purpose of this thematic session is to bring together researchers working on singularities from complementary perspectives in algebraic geometry and geometric analysis, providing a focused setting for the presentation and discussion of recent results. The session aims to encourage interaction between specialists at different career stages and to promote the exchange of methods and viewpoints across the two areas. By concentrating on concrete problems, established techniques, and current developments, the session seeks to strengthen existing connections between the fields and to support the gradual development of a shared framework for the study of singular spaces.<\/p>\n<\/div><\/section>\n","protected":false},"excerpt":{"rendered":"","protected":false},"author":6,"featured_media":0,"parent":210,"menu_order":0,"comment_status":"closed","ping_status":"closed","template":"","meta":{"footnotes":""},"class_list":["post-1909","page","type-page","status-publish","hentry"],"_links":{"self":[{"href":"https:\/\/umi.dm.unibo.it\/jm-ita-bra-2026\/wp-json\/wp\/v2\/pages\/1909","targetHints":{"allow":["GET"]}}],"collection":[{"href":"https:\/\/umi.dm.unibo.it\/jm-ita-bra-2026\/wp-json\/wp\/v2\/pages"}],"about":[{"href":"https:\/\/umi.dm.unibo.it\/jm-ita-bra-2026\/wp-json\/wp\/v2\/types\/page"}],"author":[{"embeddable":true,"href":"https:\/\/umi.dm.unibo.it\/jm-ita-bra-2026\/wp-json\/wp\/v2\/users\/6"}],"replies":[{"embeddable":true,"href":"https:\/\/umi.dm.unibo.it\/jm-ita-bra-2026\/wp-json\/wp\/v2\/comments?post=1909"}],"version-history":[{"count":2,"href":"https:\/\/umi.dm.unibo.it\/jm-ita-bra-2026\/wp-json\/wp\/v2\/pages\/1909\/revisions"}],"predecessor-version":[{"id":1911,"href":"https:\/\/umi.dm.unibo.it\/jm-ita-bra-2026\/wp-json\/wp\/v2\/pages\/1909\/revisions\/1911"}],"up":[{"embeddable":true,"href":"https:\/\/umi.dm.unibo.it\/jm-ita-bra-2026\/wp-json\/wp\/v2\/pages\/210"}],"wp:attachment":[{"href":"https:\/\/umi.dm.unibo.it\/jm-ita-bra-2026\/wp-json\/wp\/v2\/media?parent=1909"}],"curies":[{"name":"wp","href":"https:\/\/api.w.org\/{rel}","templated":true}]}}