{"id":1841,"date":"2026-03-15T22:10:36","date_gmt":"2026-03-15T21:10:36","guid":{"rendered":"https:\/\/umi.dm.unibo.it\/jm-ita-bra-2026\/?page_id=1841"},"modified":"2026-03-15T22:10:36","modified_gmt":"2026-03-15T21:10:36","slug":"special-session-2","status":"publish","type":"page","link":"https:\/\/umi.dm.unibo.it\/jm-ita-bra-2026\/special-sessions\/special-session-2\/","title":{"rendered":"Special Session 2 &#8211; Continuous Optimization and Related Areas"},"content":{"rendered":"<section  class='av_textblock_section av-mms7qkau-d2bee843739779d296e80822fec19f0d '   itemscope=\"itemscope\" itemtype=\"https:\/\/schema.org\/CreativeWork\" ><div class='avia_textblock'  itemprop=\"text\" ><h1>Special Session 2<\/h1>\n<h2>Continuous Optimization and Related Areas<\/h2>\n<p><strong>Organizers:\u00a0<\/strong>Alfredo Noel Iusem (Escola de Matem\u00e1tica Aplicada (EMAp)-Funda\u00e7\u00e3o Get\u00falio Vargas (FGV), Rio de Janeiro, Brazil), Francisco Facchinei (University of Rome &#8220;La Sapienza&#8221;, Italy)<\/p>\n<p><strong>MSC codes:<\/strong> 90-XX<\/p>\n<p><strong>Description:<\/strong> The session will present recent state-of-the-art results on several topics within the area of Continuous Optimization, both from a theoretical and a computational perspective, including related subjects, like variational inequalities, convex feasibility problems, equilibrium problems, stochastic optimization, etc. We will discuss algorithms focused on applications to machine, learning, data mining, clustering and other issues currently enjoying very high visibility. The list of speakers (see below) was put together giving special attention to gender equilibrium, subject diversity, a careful balance between veteran and young reserarchers, and also geographical distribution: in the case of Brazil, we have speakers from the Southern region, the Central-Southeast region and the North-Northeast region, going far beyond the traditional concentration on the Rio de Janeiro-S\u00e3o Paulo axis. We mention finally that all speakers have made substantial contributions to research in their specific subjects, having attained a considerable degree of recognition within the optimization communities of their respective countries.<\/p>\n<\/div><\/section>\n","protected":false},"excerpt":{"rendered":"","protected":false},"author":6,"featured_media":0,"parent":210,"menu_order":0,"comment_status":"closed","ping_status":"closed","template":"","meta":{"footnotes":""},"class_list":["post-1841","page","type-page","status-publish","hentry"],"_links":{"self":[{"href":"https:\/\/umi.dm.unibo.it\/jm-ita-bra-2026\/wp-json\/wp\/v2\/pages\/1841","targetHints":{"allow":["GET"]}}],"collection":[{"href":"https:\/\/umi.dm.unibo.it\/jm-ita-bra-2026\/wp-json\/wp\/v2\/pages"}],"about":[{"href":"https:\/\/umi.dm.unibo.it\/jm-ita-bra-2026\/wp-json\/wp\/v2\/types\/page"}],"author":[{"embeddable":true,"href":"https:\/\/umi.dm.unibo.it\/jm-ita-bra-2026\/wp-json\/wp\/v2\/users\/6"}],"replies":[{"embeddable":true,"href":"https:\/\/umi.dm.unibo.it\/jm-ita-bra-2026\/wp-json\/wp\/v2\/comments?post=1841"}],"version-history":[{"count":2,"href":"https:\/\/umi.dm.unibo.it\/jm-ita-bra-2026\/wp-json\/wp\/v2\/pages\/1841\/revisions"}],"predecessor-version":[{"id":1843,"href":"https:\/\/umi.dm.unibo.it\/jm-ita-bra-2026\/wp-json\/wp\/v2\/pages\/1841\/revisions\/1843"}],"up":[{"embeddable":true,"href":"https:\/\/umi.dm.unibo.it\/jm-ita-bra-2026\/wp-json\/wp\/v2\/pages\/210"}],"wp:attachment":[{"href":"https:\/\/umi.dm.unibo.it\/jm-ita-bra-2026\/wp-json\/wp\/v2\/media?parent=1841"}],"curies":[{"name":"wp","href":"https:\/\/api.w.org\/{rel}","templated":true}]}}