{"id":80,"date":"2014-06-19T13:43:28","date_gmt":"2014-06-19T11:43:28","guid":{"rendered":"http:\/\/umi.dm.unibo.it\/congresso2019\/?page_id=80"},"modified":"2022-03-17T12:56:04","modified_gmt":"2022-03-17T11:56:04","slug":"baby-sitting","status":"publish","type":"page","link":"https:\/\/umi.dm.unibo.it\/congresso2023\/baby-sitting\/","title":{"rendered":"Baby sitting"},"content":{"rendered":"<p><span style=\"color: #ff6600;\">VERRA&#8217; PREDISPOSTO UN SERVIZIO ANALOGO?<\/span><\/p>\n<p>&nbsp;<\/p>\n<p>L&#8217;organizzazione si avvarr\u00e0 del servizio di &#8220;Summer Camp&#8221; della struttura\u00a0 &#8220;Campus Aquae&#8221;.<\/p>\n<p>Il Campus Aquae \u00e8 una struttura grande con palestra, piscina e spa e durante l&#8217;estate organizza \u00a0un servizio di &#8220;Summer Camp&#8221;, \u00a0<a href=\"https:\/\/campusaquae.it\/summer-camp\/\">qui<\/a> la pagina per il servizio offerto dalla struttura.<\/p>\n<p>Accettano bambini dai 3 ai 13 anni circa. \u00a0Durante le attivit\u00e0 gli educatori dividono i bambini per fasce di et\u00e0, per i bambini dai 7 anni in su \u00e8 richiesto un certificato di sana e robusta costituzione\/di buona salute per la partecipazione alle attivit\u00e0 organizzate.<\/p>\n<p>L&#8217;orario massimo di svolgimento del servizio \u00e8 dalle ore 7.30 alle ore 17.30, salvo accordi specifici.<\/p>\n<p><strong>Settimana:<\/strong><\/p>\n<ul>\n<li>orario intero \u2013 dalle ore 7:30 alle ore 17:30<\/li>\n<li>orario ridotto \u2013 con o senza pranzo \u2013 dalle ore 7:30 alle ore 14:00<\/li>\n<\/ul>\n<p><strong>Giornata singola:<\/strong><\/p>\n<ul>\n<li>orario intero &#8211; dalle ore 7:30 alle ore 17:30<\/li>\n<li>mattina con o senza pranzo &#8211; dalle ore 7:30 alle 14:00<\/li>\n<\/ul>\n<p><em>Scadenza prenotazione servizio 31 luglio 2019<\/em><br \/>\n<p>Questo modulo non \u00e8 pi\u00f9 disponibile.<\/p><\/p>\n","protected":false},"excerpt":{"rendered":"<p>VERRA&#8217; PREDISPOSTO UN SERVIZIO ANALOGO? &nbsp; L&#8217;organizzazione si avvarr\u00e0 del servizio di &#8220;Summer Camp&#8221; della struttura\u00a0 &#8220;Campus Aquae&#8221;. Il Campus Aquae \u00e8 una struttura grande con palestra, piscina e spa e durante l&#8217;estate organizza \u00a0un servizio di &#8220;Summer Camp&#8221;, \u00a0qui la pagina per il servizio offerto dalla struttura. Accettano bambini dai 3 ai 13 anni [&hellip;]<\/p>\n","protected":false},"author":3,"featured_media":0,"parent":0,"menu_order":3,"comment_status":"closed","ping_status":"closed","template":"","meta":{"footnotes":""},"yoast_head":"<!-- This site is optimized with the Yoast SEO plugin v21.0 - https:\/\/yoast.com\/wordpress\/plugins\/seo\/ -->\n<title>Baby sitting - Congresso UMI 2023<\/title>\n<meta name=\"robots\" content=\"index, follow, max-snippet:-1, max-image-preview:large, max-video-preview:-1\" \/>\n<link rel=\"canonical\" href=\"https:\/\/umi.dm.unibo.it\/congresso2023\/baby-sitting\/\" \/>\n<meta property=\"og:locale\" content=\"it_IT\" \/>\n<meta property=\"og:type\" content=\"article\" \/>\n<meta property=\"og:title\" content=\"Baby sitting - Congresso UMI 2023\" \/>\n<meta property=\"og:description\" content=\"VERRA&#8217; PREDISPOSTO UN SERVIZIO ANALOGO? &nbsp; L&#8217;organizzazione si avvarr\u00e0 del servizio di &#8220;Summer Camp&#8221; della struttura\u00a0 &#8220;Campus Aquae&#8221;. Il Campus Aquae \u00e8 una struttura grande con palestra, piscina e spa e durante l&#8217;estate organizza \u00a0un servizio di &#8220;Summer Camp&#8221;, \u00a0qui la pagina per il servizio offerto dalla struttura. Accettano bambini dai 3 ai 13 anni [&hellip;]\" \/>\n<meta property=\"og:url\" content=\"https:\/\/umi.dm.unibo.it\/congresso2023\/baby-sitting\/\" \/>\n<meta property=\"og:site_name\" content=\"Congresso UMI 2023\" \/>\n<meta property=\"article:modified_time\" content=\"2022-03-17T11:56:04+00:00\" \/>\n<meta name=\"twitter:label1\" content=\"Tempo di lettura stimato\" \/>\n\t<meta name=\"twitter:data1\" content=\"1 minuto\" \/>\n<script type=\"application\/ld+json\" class=\"yoast-schema-graph\">{\"@context\":\"https:\/\/schema.org\",\"@graph\":[{\"@type\":\"WebPage\",\"@id\":\"https:\/\/umi.dm.unibo.it\/congresso2023\/baby-sitting\/\",\"url\":\"https:\/\/umi.dm.unibo.it\/congresso2023\/baby-sitting\/\",\"name\":\"Baby sitting - Congresso UMI 2023\",\"isPartOf\":{\"@id\":\"https:\/\/umi.dm.unibo.it\/congresso2023\/#website\"},\"datePublished\":\"2014-06-19T11:43:28+00:00\",\"dateModified\":\"2022-03-17T11:56:04+00:00\",\"breadcrumb\":{\"@id\":\"https:\/\/umi.dm.unibo.it\/congresso2023\/baby-sitting\/#breadcrumb\"},\"inLanguage\":\"it-IT\",\"potentialAction\":[{\"@type\":\"ReadAction\",\"target\":[\"https:\/\/umi.dm.unibo.it\/congresso2023\/baby-sitting\/\"]}]},{\"@type\":\"BreadcrumbList\",\"@id\":\"https:\/\/umi.dm.unibo.it\/congresso2023\/baby-sitting\/#breadcrumb\",\"itemListElement\":[{\"@type\":\"ListItem\",\"position\":1,\"name\":\"Home\",\"item\":\"https:\/\/umi.dm.unibo.it\/congresso2023\/\"},{\"@type\":\"ListItem\",\"position\":2,\"name\":\"Baby sitting\"}]},{\"@type\":\"WebSite\",\"@id\":\"https:\/\/umi.dm.unibo.it\/congresso2023\/#website\",\"url\":\"https:\/\/umi.dm.unibo.it\/congresso2023\/\",\"name\":\"Congresso UMI 2023\",\"description\":\"Un nuovo sito targato WordPress\",\"potentialAction\":[{\"@type\":\"SearchAction\",\"target\":{\"@type\":\"EntryPoint\",\"urlTemplate\":\"https:\/\/umi.dm.unibo.it\/congresso2023\/?s={search_term_string}\"},\"query-input\":\"required name=search_term_string\"}],\"inLanguage\":\"it-IT\"}]}<\/script>\n<!-- \/ Yoast SEO plugin. -->","yoast_head_json":{"title":"Baby sitting - Congresso UMI 2023","robots":{"index":"index","follow":"follow","max-snippet":"max-snippet:-1","max-image-preview":"max-image-preview:large","max-video-preview":"max-video-preview:-1"},"canonical":"https:\/\/umi.dm.unibo.it\/congresso2023\/baby-sitting\/","og_locale":"it_IT","og_type":"article","og_title":"Baby sitting - Congresso UMI 2023","og_description":"VERRA&#8217; PREDISPOSTO UN SERVIZIO ANALOGO? &nbsp; L&#8217;organizzazione si avvarr\u00e0 del servizio di &#8220;Summer Camp&#8221; della struttura\u00a0 &#8220;Campus Aquae&#8221;. Il Campus Aquae \u00e8 una struttura grande con palestra, piscina e spa e durante l&#8217;estate organizza \u00a0un servizio di &#8220;Summer Camp&#8221;, \u00a0qui la pagina per il servizio offerto dalla struttura. Accettano bambini dai 3 ai 13 anni [&hellip;]","og_url":"https:\/\/umi.dm.unibo.it\/congresso2023\/baby-sitting\/","og_site_name":"Congresso UMI 2023","article_modified_time":"2022-03-17T11:56:04+00:00","twitter_misc":{"Tempo di lettura stimato":"1 minuto"},"schema":{"@context":"https:\/\/schema.org","@graph":[{"@type":"WebPage","@id":"https:\/\/umi.dm.unibo.it\/congresso2023\/baby-sitting\/","url":"https:\/\/umi.dm.unibo.it\/congresso2023\/baby-sitting\/","name":"Baby sitting - Congresso UMI 2023","isPartOf":{"@id":"https:\/\/umi.dm.unibo.it\/congresso2023\/#website"},"datePublished":"2014-06-19T11:43:28+00:00","dateModified":"2022-03-17T11:56:04+00:00","breadcrumb":{"@id":"https:\/\/umi.dm.unibo.it\/congresso2023\/baby-sitting\/#breadcrumb"},"inLanguage":"it-IT","potentialAction":[{"@type":"ReadAction","target":["https:\/\/umi.dm.unibo.it\/congresso2023\/baby-sitting\/"]}]},{"@type":"BreadcrumbList","@id":"https:\/\/umi.dm.unibo.it\/congresso2023\/baby-sitting\/#breadcrumb","itemListElement":[{"@type":"ListItem","position":1,"name":"Home","item":"https:\/\/umi.dm.unibo.it\/congresso2023\/"},{"@type":"ListItem","position":2,"name":"Baby sitting"}]},{"@type":"WebSite","@id":"https:\/\/umi.dm.unibo.it\/congresso2023\/#website","url":"https:\/\/umi.dm.unibo.it\/congresso2023\/","name":"Congresso UMI 2023","description":"Un nuovo sito targato WordPress","potentialAction":[{"@type":"SearchAction","target":{"@type":"EntryPoint","urlTemplate":"https:\/\/umi.dm.unibo.it\/congresso2023\/?s={search_term_string}"},"query-input":"required name=search_term_string"}],"inLanguage":"it-IT"}]}},"_links":{"self":[{"href":"https:\/\/umi.dm.unibo.it\/congresso2023\/wp-json\/wp\/v2\/pages\/80"}],"collection":[{"href":"https:\/\/umi.dm.unibo.it\/congresso2023\/wp-json\/wp\/v2\/pages"}],"about":[{"href":"https:\/\/umi.dm.unibo.it\/congresso2023\/wp-json\/wp\/v2\/types\/page"}],"author":[{"embeddable":true,"href":"https:\/\/umi.dm.unibo.it\/congresso2023\/wp-json\/wp\/v2\/users\/3"}],"replies":[{"embeddable":true,"href":"https:\/\/umi.dm.unibo.it\/congresso2023\/wp-json\/wp\/v2\/comments?post=80"}],"version-history":[{"count":9,"href":"https:\/\/umi.dm.unibo.it\/congresso2023\/wp-json\/wp\/v2\/pages\/80\/revisions"}],"predecessor-version":[{"id":4621,"href":"https:\/\/umi.dm.unibo.it\/congresso2023\/wp-json\/wp\/v2\/pages\/80\/revisions\/4621"}],"wp:attachment":[{"href":"https:\/\/umi.dm.unibo.it\/congresso2023\/wp-json\/wp\/v2\/media?parent=80"}],"curies":[{"name":"wp","href":"https:\/\/api.w.org\/{rel}","templated":true}]}}