{"id":53,"date":"2014-06-19T12:37:06","date_gmt":"2014-06-19T10:37:06","guid":{"rendered":"http:\/\/umi.dm.unibo.it\/congresso2019\/?page_id=53"},"modified":"2022-04-05T15:41:57","modified_gmt":"2022-04-05T13:41:57","slug":"alberghi","status":"publish","type":"page","link":"https:\/\/umi.dm.unibo.it\/congresso2023\/notizie-pratiche\/alberghi\/","title":{"rendered":"Alberghi"},"content":{"rendered":"<p><b>Prenotazioni alberghiere<\/b><\/p>\n<p>Ogni partecipante \u00e8 tenuto a provvedere alla propria prenotazione alberghiera.<br \/>\n<em>I partecipanti sono invitati a prenotare al pi\u00f9 presto!<\/em><\/p>\n<p><strong>Ricezione Turistica<\/strong><\/p>\n<ul>\n<li>portale <a href=\"https:\/\/www.turismo.pisa.it\" target=\"_blank\" rel=\"noopener\">info turistiche Pisa<\/a><\/li>\n<li>portale <a href=\"https:\/\/www.terredipisa.it\" target=\"_blank\" rel=\"noopener\">terre di Pisa<\/a><\/li>\n<\/ul>\n<p>Consultare e prenotare tramite i pi\u00f9 famosi portali di ricerca:<\/p>\n<p>&#8211; <a href=\"http:\/\/trivago.it\">trivago.it<\/a><br \/>\n&#8211; <a href=\"http:\/\/expedia.it\">expedia.it<\/a><br \/>\n&#8211; <a href=\"http:\/\/booking.com\">booking.com<\/a><br \/>\n&#8211; <a href=\"http:\/\/hotels.com\">hotels.com<\/a><br \/>\n&#8211; <a href=\"http:\/\/tripadvisor.it\">tripadvisor.it<\/a><br \/>\n&#8211; <a href=\"http:\/\/hotelscan.com\">hotelscan.com<\/a><\/p>\n","protected":false},"excerpt":{"rendered":"<p>Prenotazioni alberghiere Ogni partecipante \u00e8 tenuto a provvedere alla propria prenotazione alberghiera. I partecipanti sono invitati a prenotare al pi\u00f9 presto! Ricezione Turistica portale info turistiche Pisa portale terre di Pisa Consultare e prenotare tramite i pi\u00f9 famosi portali di ricerca: &#8211; trivago.it &#8211; expedia.it &#8211; booking.com &#8211; hotels.com &#8211; tripadvisor.it &#8211; hotelscan.com<\/p>\n","protected":false},"author":3,"featured_media":0,"parent":17,"menu_order":1,"comment_status":"closed","ping_status":"closed","template":"","meta":{"footnotes":""},"yoast_head":"<!-- This site is optimized with the Yoast SEO plugin v21.0 - https:\/\/yoast.com\/wordpress\/plugins\/seo\/ -->\n<title>Alberghi - Congresso UMI 2023<\/title>\n<meta name=\"robots\" content=\"index, follow, max-snippet:-1, max-image-preview:large, max-video-preview:-1\" \/>\n<link rel=\"canonical\" href=\"https:\/\/umi.dm.unibo.it\/congresso2023\/notizie-pratiche\/alberghi\/\" \/>\n<meta property=\"og:locale\" content=\"it_IT\" \/>\n<meta property=\"og:type\" content=\"article\" \/>\n<meta property=\"og:title\" content=\"Alberghi - Congresso UMI 2023\" \/>\n<meta property=\"og:description\" content=\"Prenotazioni alberghiere Ogni partecipante \u00e8 tenuto a provvedere alla propria prenotazione alberghiera. I partecipanti sono invitati a prenotare al pi\u00f9 presto! Ricezione Turistica portale info turistiche Pisa portale terre di Pisa Consultare e prenotare tramite i pi\u00f9 famosi portali di ricerca: &#8211; trivago.it &#8211; expedia.it &#8211; booking.com &#8211; hotels.com &#8211; tripadvisor.it &#8211; hotelscan.com\" \/>\n<meta property=\"og:url\" content=\"https:\/\/umi.dm.unibo.it\/congresso2023\/notizie-pratiche\/alberghi\/\" \/>\n<meta property=\"og:site_name\" content=\"Congresso UMI 2023\" \/>\n<meta property=\"article:modified_time\" content=\"2022-04-05T13:41:57+00:00\" \/>\n<meta name=\"twitter:label1\" content=\"Tempo di lettura stimato\" \/>\n\t<meta name=\"twitter:data1\" content=\"1 minuto\" \/>\n<script type=\"application\/ld+json\" class=\"yoast-schema-graph\">{\"@context\":\"https:\/\/schema.org\",\"@graph\":[{\"@type\":\"WebPage\",\"@id\":\"https:\/\/umi.dm.unibo.it\/congresso2023\/notizie-pratiche\/alberghi\/\",\"url\":\"https:\/\/umi.dm.unibo.it\/congresso2023\/notizie-pratiche\/alberghi\/\",\"name\":\"Alberghi - Congresso UMI 2023\",\"isPartOf\":{\"@id\":\"https:\/\/umi.dm.unibo.it\/congresso2023\/#website\"},\"datePublished\":\"2014-06-19T10:37:06+00:00\",\"dateModified\":\"2022-04-05T13:41:57+00:00\",\"breadcrumb\":{\"@id\":\"https:\/\/umi.dm.unibo.it\/congresso2023\/notizie-pratiche\/alberghi\/#breadcrumb\"},\"inLanguage\":\"it-IT\",\"potentialAction\":[{\"@type\":\"ReadAction\",\"target\":[\"https:\/\/umi.dm.unibo.it\/congresso2023\/notizie-pratiche\/alberghi\/\"]}]},{\"@type\":\"BreadcrumbList\",\"@id\":\"https:\/\/umi.dm.unibo.it\/congresso2023\/notizie-pratiche\/alberghi\/#breadcrumb\",\"itemListElement\":[{\"@type\":\"ListItem\",\"position\":1,\"name\":\"Home\",\"item\":\"https:\/\/umi.dm.unibo.it\/congresso2023\/\"},{\"@type\":\"ListItem\",\"position\":2,\"name\":\"Informazioni\",\"item\":\"https:\/\/umi.dm.unibo.it\/congresso2023\/notizie-pratiche\/\"},{\"@type\":\"ListItem\",\"position\":3,\"name\":\"Alberghi\"}]},{\"@type\":\"WebSite\",\"@id\":\"https:\/\/umi.dm.unibo.it\/congresso2023\/#website\",\"url\":\"https:\/\/umi.dm.unibo.it\/congresso2023\/\",\"name\":\"Congresso UMI 2023\",\"description\":\"Un nuovo sito targato WordPress\",\"potentialAction\":[{\"@type\":\"SearchAction\",\"target\":{\"@type\":\"EntryPoint\",\"urlTemplate\":\"https:\/\/umi.dm.unibo.it\/congresso2023\/?s={search_term_string}\"},\"query-input\":\"required name=search_term_string\"}],\"inLanguage\":\"it-IT\"}]}<\/script>\n<!-- \/ Yoast SEO plugin. -->","yoast_head_json":{"title":"Alberghi - Congresso UMI 2023","robots":{"index":"index","follow":"follow","max-snippet":"max-snippet:-1","max-image-preview":"max-image-preview:large","max-video-preview":"max-video-preview:-1"},"canonical":"https:\/\/umi.dm.unibo.it\/congresso2023\/notizie-pratiche\/alberghi\/","og_locale":"it_IT","og_type":"article","og_title":"Alberghi - Congresso UMI 2023","og_description":"Prenotazioni alberghiere Ogni partecipante \u00e8 tenuto a provvedere alla propria prenotazione alberghiera. I partecipanti sono invitati a prenotare al pi\u00f9 presto! Ricezione Turistica portale info turistiche Pisa portale terre di Pisa Consultare e prenotare tramite i pi\u00f9 famosi portali di ricerca: &#8211; trivago.it &#8211; expedia.it &#8211; booking.com &#8211; hotels.com &#8211; tripadvisor.it &#8211; hotelscan.com","og_url":"https:\/\/umi.dm.unibo.it\/congresso2023\/notizie-pratiche\/alberghi\/","og_site_name":"Congresso UMI 2023","article_modified_time":"2022-04-05T13:41:57+00:00","twitter_misc":{"Tempo di lettura stimato":"1 minuto"},"schema":{"@context":"https:\/\/schema.org","@graph":[{"@type":"WebPage","@id":"https:\/\/umi.dm.unibo.it\/congresso2023\/notizie-pratiche\/alberghi\/","url":"https:\/\/umi.dm.unibo.it\/congresso2023\/notizie-pratiche\/alberghi\/","name":"Alberghi - Congresso UMI 2023","isPartOf":{"@id":"https:\/\/umi.dm.unibo.it\/congresso2023\/#website"},"datePublished":"2014-06-19T10:37:06+00:00","dateModified":"2022-04-05T13:41:57+00:00","breadcrumb":{"@id":"https:\/\/umi.dm.unibo.it\/congresso2023\/notizie-pratiche\/alberghi\/#breadcrumb"},"inLanguage":"it-IT","potentialAction":[{"@type":"ReadAction","target":["https:\/\/umi.dm.unibo.it\/congresso2023\/notizie-pratiche\/alberghi\/"]}]},{"@type":"BreadcrumbList","@id":"https:\/\/umi.dm.unibo.it\/congresso2023\/notizie-pratiche\/alberghi\/#breadcrumb","itemListElement":[{"@type":"ListItem","position":1,"name":"Home","item":"https:\/\/umi.dm.unibo.it\/congresso2023\/"},{"@type":"ListItem","position":2,"name":"Informazioni","item":"https:\/\/umi.dm.unibo.it\/congresso2023\/notizie-pratiche\/"},{"@type":"ListItem","position":3,"name":"Alberghi"}]},{"@type":"WebSite","@id":"https:\/\/umi.dm.unibo.it\/congresso2023\/#website","url":"https:\/\/umi.dm.unibo.it\/congresso2023\/","name":"Congresso UMI 2023","description":"Un nuovo sito targato WordPress","potentialAction":[{"@type":"SearchAction","target":{"@type":"EntryPoint","urlTemplate":"https:\/\/umi.dm.unibo.it\/congresso2023\/?s={search_term_string}"},"query-input":"required name=search_term_string"}],"inLanguage":"it-IT"}]}},"_links":{"self":[{"href":"https:\/\/umi.dm.unibo.it\/congresso2023\/wp-json\/wp\/v2\/pages\/53"}],"collection":[{"href":"https:\/\/umi.dm.unibo.it\/congresso2023\/wp-json\/wp\/v2\/pages"}],"about":[{"href":"https:\/\/umi.dm.unibo.it\/congresso2023\/wp-json\/wp\/v2\/types\/page"}],"author":[{"embeddable":true,"href":"https:\/\/umi.dm.unibo.it\/congresso2023\/wp-json\/wp\/v2\/users\/3"}],"replies":[{"embeddable":true,"href":"https:\/\/umi.dm.unibo.it\/congresso2023\/wp-json\/wp\/v2\/comments?post=53"}],"version-history":[{"count":52,"href":"https:\/\/umi.dm.unibo.it\/congresso2023\/wp-json\/wp\/v2\/pages\/53\/revisions"}],"predecessor-version":[{"id":4650,"href":"https:\/\/umi.dm.unibo.it\/congresso2023\/wp-json\/wp\/v2\/pages\/53\/revisions\/4650"}],"up":[{"embeddable":true,"href":"https:\/\/umi.dm.unibo.it\/congresso2023\/wp-json\/wp\/v2\/pages\/17"}],"wp:attachment":[{"href":"https:\/\/umi.dm.unibo.it\/congresso2023\/wp-json\/wp\/v2\/media?parent=53"}],"curies":[{"name":"wp","href":"https:\/\/api.w.org\/{rel}","templated":true}]}}