{"id":5154,"date":"2023-03-02T15:32:20","date_gmt":"2023-03-02T14:32:20","guid":{"rendered":"https:\/\/umi.dm.unibo.it\/congresso2023\/?page_id=5154"},"modified":"2023-08-25T16:18:40","modified_gmt":"2023-08-25T14:18:40","slug":"ss6-problemi-diretti-e-inversi-in-scienza-dei-materiali-biomedicina-e-climatologia","status":"publish","type":"page","link":"https:\/\/umi.dm.unibo.it\/congresso2023\/programma\/sezioni-speciali\/ss6-problemi-diretti-e-inversi-in-scienza-dei-materiali-biomedicina-e-climatologia\/","title":{"rendered":"SS6 \u2013 Problemi diretti e inversi in scienza dei materiali, biomedicina e climatologia"},"content":{"rendered":"<p><strong>Le comunicazioni si terranno nei giorni<br \/>\n&#8211; luned\u00ec 4 settembre, Polo Fibonacci, Aula Magna<br \/>\n&#8211; marted\u00ec 5 settembre, Polo Fibonacci, Aula Magna (mattino)<br \/>\n&#8211; marted\u00ec 5 settembre, Polo Carmignani, Aula Magna (pomeriggio) <\/strong><\/p>\n<table border=\"0\" frame=\"VOID\" rules=\"NONE\" cellspacing=\"0\">\n<colgroup>\n<col width=\"114\" \/>\n<col width=\"114\" \/>\n<col width=\"114\" \/>\n<col width=\"114\" \/><\/colgroup>\n<tbody>\n<tr>\n<td align=\"LEFT\" width=\"114\" height=\"22\">Andrea<\/td>\n<td align=\"LEFT\" width=\"114\">Aspri<\/td>\n<td align=\"LEFT\" width=\"114\">Universit\u00e0 di Milano<\/td>\n<td align=\"LEFT\" width=\"114\">Phase-field Approaches in Elastic Inverse Problems<\/td>\n<td align=\"LEFT\" nowrap=\"nowrap\" width=\"auto\"><span style=\"color: #000000; font-family: Helvetica;\">ore 16.00-16.20, luned\u00ec 4 settembre<\/span><\/td>\n<\/tr>\n<tr>\n<td align=\"LEFT\" height=\"22\">Francesca<\/td>\n<td align=\"LEFT\">Bucci<\/td>\n<td align=\"LEFT\">Universit\u00e0 di Firenze<\/td>\n<td align=\"LEFT\">Il problema lineare-quadratico per una classe di equazioni integro-differenziali<\/td>\n<td align=\"LEFT\" nowrap=\"nowrap\" width=\"auto\"><span style=\"color: #000000; font-family: Helvetica;\">ore 16.20-17.00, luned\u00ec 4 settembre<\/span><\/td>\n<\/tr>\n<tr>\n<td align=\"LEFT\" height=\"22\">Pierluigi<\/td>\n<td align=\"LEFT\">Colli<\/td>\n<td align=\"LEFT\">Universit\u00e0 di Pavia<\/td>\n<td align=\"LEFT\">On a phase-field model of prostate cancer growth with chemotherapy and antiangiogenic therapy effects<\/td>\n<td align=\"LEFT\" nowrap=\"nowrap\" width=\"auto\"><span style=\"color: #000000; font-family: Helvetica;\">ore 15.00-15.40, luned\u00ec 4 settembre<\/span><\/td>\n<\/tr>\n<tr>\n<td align=\"LEFT\" height=\"22\">Matteo<\/td>\n<td align=\"LEFT\">Fornoni<\/td>\n<td align=\"LEFT\">Universit\u00e0 di Pavia<\/td>\n<td align=\"LEFT\">Optimal Distributed Control for a Non-local Diffuse Interface Tumour Growth Model<\/td>\n<td align=\"LEFT\" nowrap=\"nowrap\" width=\"auto\"><span style=\"color: #000000; font-family: Helvetica;\">ore 12.00-12.20, marted\u00ec 5 settembre<\/span><\/td>\n<\/tr>\n<tr>\n<td align=\"LEFT\" height=\"22\">Genni<\/td>\n<td align=\"LEFT\">Fragnelli<\/td>\n<td align=\"LEFT\">Universit\u00e0 della Tuscia<\/td>\n<td align=\"LEFT\">A theoretical approach to smart and composite materials<\/td>\n<td align=\"LEFT\" nowrap=\"nowrap\" width=\"auto\"><span style=\"color: #000000; font-family: Helvetica;\">ore 11.00-11.40, marted\u00ec 5 settembre<\/span><\/td>\n<\/tr>\n<tr>\n<td align=\"LEFT\" height=\"22\">Andrea<\/td>\n<td align=\"LEFT\">Giorgini<\/td>\n<td align=\"LEFT\">Politecnico di Milano<\/td>\n<td align=\"LEFT\">Regolarit\u00e0 e stabilizzazione per il modello di Navier-Stokes-Cahn-Hilliard con densit\u00e0 variabile<\/td>\n<td align=\"LEFT\" nowrap=\"nowrap\" width=\"auto\"><span style=\"color: #000000; font-family: Helvetica;\">ore 17.45-18.05, marted\u00ec 5 settembre<\/span><\/td>\n<\/tr>\n<tr>\n<td align=\"LEFT\" height=\"22\">Maurizio<\/td>\n<td align=\"LEFT\">Grasselli<\/td>\n<td align=\"LEFT\">Politecnico di Milano<\/td>\n<td align=\"LEFT\">Equazioni di Cahn-Hilliard multi-componente con potenziali singolari<\/td>\n<td align=\"LEFT\" nowrap=\"nowrap\" width=\"auto\"><span style=\"color: #000000; font-family: Helvetica;\">ore 16.45-17.25, marted\u00ec 5 settembre<\/span><\/td>\n<\/tr>\n<tr>\n<td align=\"LEFT\" height=\"22\">Paola<\/td>\n<td align=\"LEFT\">Loreti<\/td>\n<td align=\"LEFT\">Universit\u00e0 di Roma La Sapienza<\/td>\n<td align=\"LEFT\">Spectral inequalities and control problems<\/td>\n<td align=\"LEFT\" nowrap=\"nowrap\" width=\"auto\"><span style=\"color: #000000; font-family: Helvetica;\">ore 12.20-13.00, marted\u00ec 5 settembre<\/span><\/td>\n<\/tr>\n<tr>\n<td align=\"LEFT\" height=\"22\">Valerio<\/td>\n<td align=\"LEFT\">Lucarini<\/td>\n<td align=\"LEFT\">University of Reading, UK<\/td>\n<td align=\"LEFT\">Metastability of the Climate System<\/td>\n<td align=\"LEFT\" nowrap=\"nowrap\" width=\"auto\"><span style=\"color: #000000; font-family: Helvetica;\">ore 18.05-18.45, marted\u00ec 5 settembre<\/span><\/td>\n<\/tr>\n<tr>\n<td align=\"LEFT\" height=\"22\">Luca<\/td>\n<td align=\"LEFT\">Scarpa<\/td>\n<td align=\"LEFT\">Politecnico di Milano<\/td>\n<td align=\"LEFT\">A class of nonlocal phase-field models for tumour growth<\/td>\n<td align=\"LEFT\" nowrap=\"nowrap\" width=\"auto\"><span style=\"color: #000000; font-family: Helvetica;\">ore 15.40-16.00, luned\u00ec 4 settembre<\/span><\/td>\n<\/tr>\n<tr>\n<td align=\"LEFT\" height=\"22\">Andrea<\/td>\n<td align=\"LEFT\">Signori<\/td>\n<td align=\"LEFT\">Politecnico di Milano<\/td>\n<td align=\"LEFT\">Chemotaxis model for tumour growth<\/td>\n<td align=\"LEFT\" nowrap=\"nowrap\" width=\"auto\"><span style=\"color: #000000; font-family: Helvetica;\">ore 11.40-12.00, marted\u00ec 5 settembre<\/span><\/td>\n<\/tr>\n<tr>\n<td align=\"LEFT\" height=\"22\">Cristina<\/td>\n<td align=\"LEFT\">Urbani<\/td>\n<td align=\"LEFT\">Universit\u00e0 di Roma Tor Vergata, Accademia Nazionale dei Lincei<\/td>\n<td align=\"LEFT\">A two-layer climate model<\/td>\n<td align=\"LEFT\" nowrap=\"nowrap\" width=\"auto\"><span style=\"color: #000000; font-family: Helvetica;\">ore 17.25-17.45, marted\u00ec 5 settembre<\/span><\/td>\n<\/tr>\n<\/tbody>\n<\/table>\n","protected":false},"excerpt":{"rendered":"<p>Le comunicazioni si terranno nei giorni &#8211; luned\u00ec 4 settembre, Polo Fibonacci, Aula Magna &#8211; marted\u00ec 5 settembre, Polo Fibonacci, Aula Magna (mattino) &#8211; marted\u00ec 5 settembre, Polo Carmignani, Aula Magna (pomeriggio) Andrea Aspri Universit\u00e0 di Milano Phase-field Approaches in Elastic Inverse Problems ore 16.00-16.20, luned\u00ec 4 settembre Francesca Bucci Universit\u00e0 di Firenze Il problema [&hellip;]<\/p>\n","protected":false},"author":3,"featured_media":0,"parent":1109,"menu_order":0,"comment_status":"closed","ping_status":"closed","template":"","meta":{"footnotes":""},"yoast_head":"<!-- This site is optimized with the Yoast SEO plugin v21.0 - https:\/\/yoast.com\/wordpress\/plugins\/seo\/ -->\n<title>SS6 \u2013 Problemi diretti e inversi in scienza dei materiali, biomedicina e climatologia - Congresso UMI 2023<\/title>\n<meta name=\"robots\" content=\"index, follow, max-snippet:-1, max-image-preview:large, max-video-preview:-1\" \/>\n<link rel=\"canonical\" href=\"https:\/\/umi.dm.unibo.it\/congresso2023\/programma\/sezioni-speciali\/ss6-problemi-diretti-e-inversi-in-scienza-dei-materiali-biomedicina-e-climatologia\/\" \/>\n<meta property=\"og:locale\" content=\"it_IT\" \/>\n<meta property=\"og:type\" content=\"article\" \/>\n<meta property=\"og:title\" content=\"SS6 \u2013 Problemi diretti e inversi in scienza dei materiali, biomedicina e climatologia - Congresso UMI 2023\" \/>\n<meta property=\"og:description\" content=\"Le comunicazioni si terranno nei giorni &#8211; luned\u00ec 4 settembre, Polo Fibonacci, Aula Magna &#8211; marted\u00ec 5 settembre, Polo Fibonacci, Aula Magna (mattino) &#8211; marted\u00ec 5 settembre, Polo Carmignani, Aula Magna (pomeriggio) Andrea Aspri Universit\u00e0 di Milano Phase-field Approaches in Elastic Inverse Problems ore 16.00-16.20, luned\u00ec 4 settembre Francesca Bucci Universit\u00e0 di Firenze Il problema [&hellip;]\" \/>\n<meta property=\"og:url\" content=\"https:\/\/umi.dm.unibo.it\/congresso2023\/programma\/sezioni-speciali\/ss6-problemi-diretti-e-inversi-in-scienza-dei-materiali-biomedicina-e-climatologia\/\" \/>\n<meta property=\"og:site_name\" content=\"Congresso UMI 2023\" \/>\n<meta property=\"article:modified_time\" content=\"2023-08-25T14:18:40+00:00\" \/>\n<meta name=\"twitter:label1\" content=\"Tempo di lettura stimato\" \/>\n\t<meta name=\"twitter:data1\" content=\"2 minuti\" \/>\n<script type=\"application\/ld+json\" class=\"yoast-schema-graph\">{\"@context\":\"https:\/\/schema.org\",\"@graph\":[{\"@type\":\"WebPage\",\"@id\":\"https:\/\/umi.dm.unibo.it\/congresso2023\/programma\/sezioni-speciali\/ss6-problemi-diretti-e-inversi-in-scienza-dei-materiali-biomedicina-e-climatologia\/\",\"url\":\"https:\/\/umi.dm.unibo.it\/congresso2023\/programma\/sezioni-speciali\/ss6-problemi-diretti-e-inversi-in-scienza-dei-materiali-biomedicina-e-climatologia\/\",\"name\":\"SS6 \u2013 Problemi diretti e inversi in scienza dei materiali, biomedicina e climatologia - Congresso UMI 2023\",\"isPartOf\":{\"@id\":\"https:\/\/umi.dm.unibo.it\/congresso2023\/#website\"},\"datePublished\":\"2023-03-02T14:32:20+00:00\",\"dateModified\":\"2023-08-25T14:18:40+00:00\",\"breadcrumb\":{\"@id\":\"https:\/\/umi.dm.unibo.it\/congresso2023\/programma\/sezioni-speciali\/ss6-problemi-diretti-e-inversi-in-scienza-dei-materiali-biomedicina-e-climatologia\/#breadcrumb\"},\"inLanguage\":\"it-IT\",\"potentialAction\":[{\"@type\":\"ReadAction\",\"target\":[\"https:\/\/umi.dm.unibo.it\/congresso2023\/programma\/sezioni-speciali\/ss6-problemi-diretti-e-inversi-in-scienza-dei-materiali-biomedicina-e-climatologia\/\"]}]},{\"@type\":\"BreadcrumbList\",\"@id\":\"https:\/\/umi.dm.unibo.it\/congresso2023\/programma\/sezioni-speciali\/ss6-problemi-diretti-e-inversi-in-scienza-dei-materiali-biomedicina-e-climatologia\/#breadcrumb\",\"itemListElement\":[{\"@type\":\"ListItem\",\"position\":1,\"name\":\"Home\",\"item\":\"https:\/\/umi.dm.unibo.it\/congresso2023\/\"},{\"@type\":\"ListItem\",\"position\":2,\"name\":\"Programma\",\"item\":\"https:\/\/umi.dm.unibo.it\/congresso2023\/programma\/\"},{\"@type\":\"ListItem\",\"position\":3,\"name\":\"Sezioni speciali\",\"item\":\"https:\/\/umi.dm.unibo.it\/congresso2023\/programma\/sezioni-speciali\/\"},{\"@type\":\"ListItem\",\"position\":4,\"name\":\"SS6 \u2013 Problemi diretti e inversi in scienza dei materiali, biomedicina e climatologia\"}]},{\"@type\":\"WebSite\",\"@id\":\"https:\/\/umi.dm.unibo.it\/congresso2023\/#website\",\"url\":\"https:\/\/umi.dm.unibo.it\/congresso2023\/\",\"name\":\"Congresso UMI 2023\",\"description\":\"Un nuovo sito targato WordPress\",\"potentialAction\":[{\"@type\":\"SearchAction\",\"target\":{\"@type\":\"EntryPoint\",\"urlTemplate\":\"https:\/\/umi.dm.unibo.it\/congresso2023\/?s={search_term_string}\"},\"query-input\":\"required name=search_term_string\"}],\"inLanguage\":\"it-IT\"}]}<\/script>\n<!-- \/ Yoast SEO plugin. -->","yoast_head_json":{"title":"SS6 \u2013 Problemi diretti e inversi in scienza dei materiali, biomedicina e climatologia - Congresso UMI 2023","robots":{"index":"index","follow":"follow","max-snippet":"max-snippet:-1","max-image-preview":"max-image-preview:large","max-video-preview":"max-video-preview:-1"},"canonical":"https:\/\/umi.dm.unibo.it\/congresso2023\/programma\/sezioni-speciali\/ss6-problemi-diretti-e-inversi-in-scienza-dei-materiali-biomedicina-e-climatologia\/","og_locale":"it_IT","og_type":"article","og_title":"SS6 \u2013 Problemi diretti e inversi in scienza dei materiali, biomedicina e climatologia - Congresso UMI 2023","og_description":"Le comunicazioni si terranno nei giorni &#8211; luned\u00ec 4 settembre, Polo Fibonacci, Aula Magna &#8211; marted\u00ec 5 settembre, Polo Fibonacci, Aula Magna (mattino) &#8211; marted\u00ec 5 settembre, Polo Carmignani, Aula Magna (pomeriggio) Andrea Aspri Universit\u00e0 di Milano Phase-field Approaches in Elastic Inverse Problems ore 16.00-16.20, luned\u00ec 4 settembre Francesca Bucci Universit\u00e0 di Firenze Il problema [&hellip;]","og_url":"https:\/\/umi.dm.unibo.it\/congresso2023\/programma\/sezioni-speciali\/ss6-problemi-diretti-e-inversi-in-scienza-dei-materiali-biomedicina-e-climatologia\/","og_site_name":"Congresso UMI 2023","article_modified_time":"2023-08-25T14:18:40+00:00","twitter_misc":{"Tempo di lettura stimato":"2 minuti"},"schema":{"@context":"https:\/\/schema.org","@graph":[{"@type":"WebPage","@id":"https:\/\/umi.dm.unibo.it\/congresso2023\/programma\/sezioni-speciali\/ss6-problemi-diretti-e-inversi-in-scienza-dei-materiali-biomedicina-e-climatologia\/","url":"https:\/\/umi.dm.unibo.it\/congresso2023\/programma\/sezioni-speciali\/ss6-problemi-diretti-e-inversi-in-scienza-dei-materiali-biomedicina-e-climatologia\/","name":"SS6 \u2013 Problemi diretti e inversi in scienza dei materiali, biomedicina e climatologia - Congresso UMI 2023","isPartOf":{"@id":"https:\/\/umi.dm.unibo.it\/congresso2023\/#website"},"datePublished":"2023-03-02T14:32:20+00:00","dateModified":"2023-08-25T14:18:40+00:00","breadcrumb":{"@id":"https:\/\/umi.dm.unibo.it\/congresso2023\/programma\/sezioni-speciali\/ss6-problemi-diretti-e-inversi-in-scienza-dei-materiali-biomedicina-e-climatologia\/#breadcrumb"},"inLanguage":"it-IT","potentialAction":[{"@type":"ReadAction","target":["https:\/\/umi.dm.unibo.it\/congresso2023\/programma\/sezioni-speciali\/ss6-problemi-diretti-e-inversi-in-scienza-dei-materiali-biomedicina-e-climatologia\/"]}]},{"@type":"BreadcrumbList","@id":"https:\/\/umi.dm.unibo.it\/congresso2023\/programma\/sezioni-speciali\/ss6-problemi-diretti-e-inversi-in-scienza-dei-materiali-biomedicina-e-climatologia\/#breadcrumb","itemListElement":[{"@type":"ListItem","position":1,"name":"Home","item":"https:\/\/umi.dm.unibo.it\/congresso2023\/"},{"@type":"ListItem","position":2,"name":"Programma","item":"https:\/\/umi.dm.unibo.it\/congresso2023\/programma\/"},{"@type":"ListItem","position":3,"name":"Sezioni speciali","item":"https:\/\/umi.dm.unibo.it\/congresso2023\/programma\/sezioni-speciali\/"},{"@type":"ListItem","position":4,"name":"SS6 \u2013 Problemi diretti e inversi in scienza dei materiali, biomedicina e climatologia"}]},{"@type":"WebSite","@id":"https:\/\/umi.dm.unibo.it\/congresso2023\/#website","url":"https:\/\/umi.dm.unibo.it\/congresso2023\/","name":"Congresso UMI 2023","description":"Un nuovo sito targato WordPress","potentialAction":[{"@type":"SearchAction","target":{"@type":"EntryPoint","urlTemplate":"https:\/\/umi.dm.unibo.it\/congresso2023\/?s={search_term_string}"},"query-input":"required name=search_term_string"}],"inLanguage":"it-IT"}]}},"_links":{"self":[{"href":"https:\/\/umi.dm.unibo.it\/congresso2023\/wp-json\/wp\/v2\/pages\/5154"}],"collection":[{"href":"https:\/\/umi.dm.unibo.it\/congresso2023\/wp-json\/wp\/v2\/pages"}],"about":[{"href":"https:\/\/umi.dm.unibo.it\/congresso2023\/wp-json\/wp\/v2\/types\/page"}],"author":[{"embeddable":true,"href":"https:\/\/umi.dm.unibo.it\/congresso2023\/wp-json\/wp\/v2\/users\/3"}],"replies":[{"embeddable":true,"href":"https:\/\/umi.dm.unibo.it\/congresso2023\/wp-json\/wp\/v2\/comments?post=5154"}],"version-history":[{"count":9,"href":"https:\/\/umi.dm.unibo.it\/congresso2023\/wp-json\/wp\/v2\/pages\/5154\/revisions"}],"predecessor-version":[{"id":5980,"href":"https:\/\/umi.dm.unibo.it\/congresso2023\/wp-json\/wp\/v2\/pages\/5154\/revisions\/5980"}],"up":[{"embeddable":true,"href":"https:\/\/umi.dm.unibo.it\/congresso2023\/wp-json\/wp\/v2\/pages\/1109"}],"wp:attachment":[{"href":"https:\/\/umi.dm.unibo.it\/congresso2023\/wp-json\/wp\/v2\/media?parent=5154"}],"curies":[{"name":"wp","href":"https:\/\/api.w.org\/{rel}","templated":true}]}}