{"id":5127,"date":"2023-03-02T15:07:08","date_gmt":"2023-03-02T14:07:08","guid":{"rendered":"https:\/\/umi.dm.unibo.it\/congresso2023\/?page_id=5127"},"modified":"2023-08-10T17:31:54","modified_gmt":"2023-08-10T15:31:54","slug":"ss1-la-matematica-tra-scienza-e-umanesimo","status":"publish","type":"page","link":"https:\/\/umi.dm.unibo.it\/congresso2023\/programma\/sezioni-speciali\/ss1-la-matematica-tra-scienza-e-umanesimo\/","title":{"rendered":"SS1 \u2013 La Matematica, tra Scienza e Umanesimo"},"content":{"rendered":"<p><strong>Le comunicazioni si terranno: <\/strong><\/p>\n<p><strong>mercoled\u00ec 6 settembre al Polo Fibonacci, Aula G1, <\/strong><\/p>\n<p><strong>gioved\u00ec 7 settembre al Polo Fibonacci, Aula L1, <\/strong><\/p>\n<p><strong>venerd\u00ec 8 settembre alla Scuola Normale Superiore, Sala Azzurra<\/strong><\/p>\n<p>&nbsp;<\/p>\n<table border=\"0\" frame=\"VOID\" rules=\"NONE\" cellspacing=\"0\">\n<colgroup>\n<col width=\"114\" \/>\n<col width=\"114\" \/>\n<col width=\"114\" \/>\n<col width=\"114\" \/><\/colgroup>\n<tbody>\n<tr>\n<td align=\"LEFT\" width=\"114\" height=\"22\">Marco<\/td>\n<td align=\"LEFT\" width=\"114\">Abate<\/td>\n<td align=\"LEFT\" width=\"114\">Universit\u00e0 di Pisa<\/td>\n<td align=\"LEFT\" width=\"114\">Il linguaggio della matematica: precisione e colore<\/td>\n<td align=\"LEFT\" nowrap=\"nowrap\" width=\"auto\">ore 11.00-11.20, gioved\u00ec 7 settembre<\/td>\n<\/tr>\n<tr>\n<td align=\"LEFT\" height=\"22\">Fabio<\/td>\n<td align=\"LEFT\">Bellissima<\/td>\n<td align=\"LEFT\">Universit\u00e0 di Siena<\/td>\n<td align=\"LEFT\">Eulero, Lambert e i matematici.<\/td>\n<td align=\"LEFT\" nowrap=\"nowrap\" width=\"auto\">ore 12.20-12.40, venerd\u00ec 8 settembre<\/td>\n<\/tr>\n<tr>\n<td align=\"LEFT\" height=\"22\">Renato<\/td>\n<td align=\"LEFT\">Betti<\/td>\n<td align=\"LEFT\">Politecnico di Milano<\/td>\n<td align=\"LEFT\">L&#8217;universo dantesco in Pavel Florenskij<\/td>\n<td align=\"LEFT\" nowrap=\"nowrap\" width=\"auto\">ore 12.00-12.20, gioved\u00ec 7 settembre<\/td>\n<\/tr>\n<tr>\n<td align=\"LEFT\" height=\"22\">Gilberto<\/td>\n<td align=\"LEFT\">Bini<\/td>\n<td align=\"LEFT\">Universit\u00e0 di Palermo<\/td>\n<td align=\"LEFT\">Dimostrazioni smart?<\/td>\n<td align=\"LEFT\" nowrap=\"nowrap\" width=\"auto\">ore 11.20-11.40, gioved\u00ec 7 settembre<\/td>\n<\/tr>\n<tr>\n<td align=\"LEFT\" height=\"22\">Alessandra<\/td>\n<td align=\"LEFT\">Celletti<\/td>\n<td align=\"LEFT\">Universit\u00e0 di Roma Tor Vergata<\/td>\n<td align=\"LEFT\">Suoni, parole e colori delle formule matematiche<\/td>\n<td align=\"LEFT\" nowrap=\"nowrap\" width=\"auto\">ore 11.00-11.20, mercoled\u00ec 6 settembre<\/td>\n<\/tr>\n<tr>\n<td align=\"LEFT\" height=\"22\">Cinzia<\/td>\n<td align=\"LEFT\">Cerroni<\/td>\n<td align=\"LEFT\">Universit\u00e0 di Palermo<\/td>\n<td align=\"LEFT\">Percorso tra matematica e pensiero classico<\/td>\n<td align=\"LEFT\" nowrap=\"nowrap\" width=\"auto\">ore 11.40-12.00, mercoled\u00ec 6 settembre<\/td>\n<\/tr>\n<tr>\n<td align=\"LEFT\" height=\"22\">Ciro<\/td>\n<td align=\"LEFT\">Ciliberto<\/td>\n<td align=\"LEFT\">Universit\u00e0 di Roma Tor Vergata<\/td>\n<td align=\"LEFT\">Sul valore culturale della matematica<\/td>\n<td align=\"LEFT\" nowrap=\"nowrap\" width=\"auto\">ore 11.00-11.20, venerd\u00ec 8 settembre<\/td>\n<\/tr>\n<tr>\n<td align=\"LEFT\" height=\"22\">Claudio<\/td>\n<td align=\"LEFT\">Citrini<\/td>\n<td align=\"LEFT\">Politecnico di Milano<\/td>\n<td align=\"LEFT\">Spunti matematici nel De Rerum Natura di T. Lucrezio Caro<\/td>\n<td align=\"LEFT\" nowrap=\"nowrap\" width=\"auto\">ore 11.40-12.00, venerd\u00ec 8 settembre<\/td>\n<\/tr>\n<tr>\n<td align=\"LEFT\" height=\"22\">Giuseppe<\/td>\n<td align=\"LEFT\">Conti<\/td>\n<td align=\"LEFT\">Universit\u00e0 di Firenze<\/td>\n<td align=\"LEFT\">Geometria e architettura. Un esempio: le cupole geodetiche<\/td>\n<td align=\"LEFT\" nowrap=\"nowrap\" width=\"auto\">ore 21.00-12.20, mercoled\u00ec 6 settembre<\/td>\n<\/tr>\n<tr>\n<td align=\"LEFT\" height=\"22\">Claudio<\/td>\n<td align=\"LEFT\">Fontanari<\/td>\n<td align=\"LEFT\">Universit\u00e0 di Trento<\/td>\n<td align=\"LEFT\">La lettera di Eratostene a Tolomeo e la duplicazione del cubo tra mito e geometria<\/td>\n<td align=\"LEFT\" nowrap=\"nowrap\" width=\"auto\">ore 11.20-11.40, mercoled\u00ec 6 settembre<\/td>\n<\/tr>\n<tr>\n<td align=\"LEFT\" height=\"22\">Livia<\/td>\n<td align=\"LEFT\">Giacardi<\/td>\n<td align=\"LEFT\">Universit\u00e0 di Torino<\/td>\n<td align=\"LEFT\">I muqarnas: arte, pratica artigianale e geometria<\/td>\n<td align=\"LEFT\" nowrap=\"nowrap\" width=\"auto\">ore 11.40-12.00, gioved\u00ec 7 settembre<\/td>\n<\/tr>\n<tr>\n<td align=\"LEFT\" height=\"22\">Angelo<\/td>\n<td align=\"LEFT\">Guerraggio<\/td>\n<td align=\"LEFT\">Centro PRISTEM &#8211; Universit\u00e0 Bocconi<\/td>\n<td align=\"LEFT\">Per un umanesimo scientifico<\/td>\n<td align=\"LEFT\" nowrap=\"nowrap\" width=\"auto\">ore 11.20-11.40, venerd\u00ec 8 settembre<\/td>\n<\/tr>\n<tr>\n<td align=\"LEFT\" height=\"22\">Mirella<\/td>\n<td align=\"LEFT\">Manaresi<\/td>\n<td align=\"LEFT\">Universit\u00e0 di Bologna<\/td>\n<td align=\"LEFT\">Grete Hermann tra matematica, fisica e filosofia<\/td>\n<td align=\"LEFT\" nowrap=\"nowrap\" width=\"auto\">ore 12.00-12.20, venerd\u00ec 8 settembre<\/td>\n<\/tr>\n<tr>\n<td align=\"LEFT\" height=\"22\">Paolo<\/td>\n<td align=\"LEFT\">Maroscia<\/td>\n<td align=\"LEFT\">Universit\u00e0 di Roma La Sapienza<\/td>\n<td align=\"LEFT\">Sulla visione della matematica in Dante<\/td>\n<td align=\"LEFT\" nowrap=\"nowrap\" width=\"auto\">ore 12.40-13.00, venerd\u00ec 8 settembre<\/td>\n<\/tr>\n<tr>\n<td align=\"LEFT\" height=\"22\">Enrico<\/td>\n<td align=\"LEFT\">Rogora<\/td>\n<td align=\"LEFT\">Universit\u00e0 di Roma La Sapienza<\/td>\n<td align=\"LEFT\">Interdisciplinarit\u00e0 come metodo per l&#8217;insegnamento della matematica<\/td>\n<td align=\"LEFT\" nowrap=\"nowrap\" width=\"auto\">ore 12.40-13.00, mercoled\u00ec 6 settembre<\/td>\n<\/tr>\n<tr>\n<td align=\"LEFT\" height=\"22\">Carlo<\/td>\n<td align=\"LEFT\">Toffalori<\/td>\n<td align=\"LEFT\">Universit\u00e0 di Camerino<\/td>\n<td align=\"LEFT\">Citt\u00e0 matematiche<\/td>\n<td align=\"LEFT\" nowrap=\"nowrap\" width=\"auto\">ore 12.40-13.00, gioved\u00ec 7 settembre<\/td>\n<\/tr>\n<tr>\n<td align=\"LEFT\" height=\"22\">Alessandro<\/td>\n<td align=\"LEFT\">Verra<\/td>\n<td align=\"LEFT\">Universit\u00e0 di Roma Tre<\/td>\n<td align=\"LEFT\">Matematici e Grand Tour: Jakob Steiner e la Superficie Romana<\/td>\n<td align=\"LEFT\" nowrap=\"nowrap\" width=\"auto\">ore 12.20-12.40, gioved\u00ec 7 settembre<\/td>\n<\/tr>\n<tr>\n<td align=\"LEFT\" height=\"22\">Rosetta<\/td>\n<td align=\"LEFT\">Zan<\/td>\n<td align=\"LEFT\">Universit\u00e0 di Pisa<\/td>\n<td align=\"LEFT\">Matematica per esseri umani: una sfida per l\u2019insegnamento<\/td>\n<td align=\"LEFT\" nowrap=\"nowrap\" width=\"auto\">ore 12.20-12.40, mercoled\u00ec 6 settembre<\/td>\n<\/tr>\n<\/tbody>\n<\/table>\n","protected":false},"excerpt":{"rendered":"<p>Le comunicazioni si terranno: mercoled\u00ec 6 settembre al Polo Fibonacci, Aula G1, gioved\u00ec 7 settembre al Polo Fibonacci, Aula L1, venerd\u00ec 8 settembre alla Scuola Normale Superiore, Sala Azzurra &nbsp; Marco Abate Universit\u00e0 di Pisa Il linguaggio della matematica: precisione e colore ore 11.00-11.20, gioved\u00ec 7 settembre Fabio Bellissima Universit\u00e0 di Siena Eulero, Lambert e [&hellip;]<\/p>\n","protected":false},"author":3,"featured_media":0,"parent":1109,"menu_order":0,"comment_status":"closed","ping_status":"closed","template":"","meta":{"footnotes":""},"yoast_head":"<!-- This site is optimized with the Yoast SEO plugin v21.0 - https:\/\/yoast.com\/wordpress\/plugins\/seo\/ -->\n<title>SS1 \u2013 La Matematica, tra Scienza e Umanesimo - Congresso UMI 2023<\/title>\n<meta name=\"robots\" content=\"index, follow, max-snippet:-1, max-image-preview:large, max-video-preview:-1\" \/>\n<link rel=\"canonical\" href=\"https:\/\/umi.dm.unibo.it\/congresso2023\/programma\/sezioni-speciali\/ss1-la-matematica-tra-scienza-e-umanesimo\/\" \/>\n<meta property=\"og:locale\" content=\"it_IT\" \/>\n<meta property=\"og:type\" content=\"article\" \/>\n<meta property=\"og:title\" content=\"SS1 \u2013 La Matematica, tra Scienza e Umanesimo - Congresso UMI 2023\" \/>\n<meta property=\"og:description\" content=\"Le comunicazioni si terranno: mercoled\u00ec 6 settembre al Polo Fibonacci, Aula G1, gioved\u00ec 7 settembre al Polo Fibonacci, Aula L1, venerd\u00ec 8 settembre alla Scuola Normale Superiore, Sala Azzurra &nbsp; Marco Abate Universit\u00e0 di Pisa Il linguaggio della matematica: precisione e colore ore 11.00-11.20, gioved\u00ec 7 settembre Fabio Bellissima Universit\u00e0 di Siena Eulero, Lambert e [&hellip;]\" \/>\n<meta property=\"og:url\" content=\"https:\/\/umi.dm.unibo.it\/congresso2023\/programma\/sezioni-speciali\/ss1-la-matematica-tra-scienza-e-umanesimo\/\" \/>\n<meta property=\"og:site_name\" content=\"Congresso UMI 2023\" \/>\n<meta property=\"article:modified_time\" content=\"2023-08-10T15:31:54+00:00\" \/>\n<meta name=\"twitter:label1\" content=\"Tempo di lettura stimato\" \/>\n\t<meta name=\"twitter:data1\" content=\"2 minuti\" \/>\n<script type=\"application\/ld+json\" class=\"yoast-schema-graph\">{\"@context\":\"https:\/\/schema.org\",\"@graph\":[{\"@type\":\"WebPage\",\"@id\":\"https:\/\/umi.dm.unibo.it\/congresso2023\/programma\/sezioni-speciali\/ss1-la-matematica-tra-scienza-e-umanesimo\/\",\"url\":\"https:\/\/umi.dm.unibo.it\/congresso2023\/programma\/sezioni-speciali\/ss1-la-matematica-tra-scienza-e-umanesimo\/\",\"name\":\"SS1 \u2013 La Matematica, tra Scienza e Umanesimo - Congresso UMI 2023\",\"isPartOf\":{\"@id\":\"https:\/\/umi.dm.unibo.it\/congresso2023\/#website\"},\"datePublished\":\"2023-03-02T14:07:08+00:00\",\"dateModified\":\"2023-08-10T15:31:54+00:00\",\"breadcrumb\":{\"@id\":\"https:\/\/umi.dm.unibo.it\/congresso2023\/programma\/sezioni-speciali\/ss1-la-matematica-tra-scienza-e-umanesimo\/#breadcrumb\"},\"inLanguage\":\"it-IT\",\"potentialAction\":[{\"@type\":\"ReadAction\",\"target\":[\"https:\/\/umi.dm.unibo.it\/congresso2023\/programma\/sezioni-speciali\/ss1-la-matematica-tra-scienza-e-umanesimo\/\"]}]},{\"@type\":\"BreadcrumbList\",\"@id\":\"https:\/\/umi.dm.unibo.it\/congresso2023\/programma\/sezioni-speciali\/ss1-la-matematica-tra-scienza-e-umanesimo\/#breadcrumb\",\"itemListElement\":[{\"@type\":\"ListItem\",\"position\":1,\"name\":\"Home\",\"item\":\"https:\/\/umi.dm.unibo.it\/congresso2023\/\"},{\"@type\":\"ListItem\",\"position\":2,\"name\":\"Programma\",\"item\":\"https:\/\/umi.dm.unibo.it\/congresso2023\/programma\/\"},{\"@type\":\"ListItem\",\"position\":3,\"name\":\"Sezioni speciali\",\"item\":\"https:\/\/umi.dm.unibo.it\/congresso2023\/programma\/sezioni-speciali\/\"},{\"@type\":\"ListItem\",\"position\":4,\"name\":\"SS1 \u2013 La Matematica, tra Scienza e Umanesimo\"}]},{\"@type\":\"WebSite\",\"@id\":\"https:\/\/umi.dm.unibo.it\/congresso2023\/#website\",\"url\":\"https:\/\/umi.dm.unibo.it\/congresso2023\/\",\"name\":\"Congresso UMI 2023\",\"description\":\"Un nuovo sito targato WordPress\",\"potentialAction\":[{\"@type\":\"SearchAction\",\"target\":{\"@type\":\"EntryPoint\",\"urlTemplate\":\"https:\/\/umi.dm.unibo.it\/congresso2023\/?s={search_term_string}\"},\"query-input\":\"required name=search_term_string\"}],\"inLanguage\":\"it-IT\"}]}<\/script>\n<!-- \/ Yoast SEO plugin. -->","yoast_head_json":{"title":"SS1 \u2013 La Matematica, tra Scienza e Umanesimo - Congresso UMI 2023","robots":{"index":"index","follow":"follow","max-snippet":"max-snippet:-1","max-image-preview":"max-image-preview:large","max-video-preview":"max-video-preview:-1"},"canonical":"https:\/\/umi.dm.unibo.it\/congresso2023\/programma\/sezioni-speciali\/ss1-la-matematica-tra-scienza-e-umanesimo\/","og_locale":"it_IT","og_type":"article","og_title":"SS1 \u2013 La Matematica, tra Scienza e Umanesimo - Congresso UMI 2023","og_description":"Le comunicazioni si terranno: mercoled\u00ec 6 settembre al Polo Fibonacci, Aula G1, gioved\u00ec 7 settembre al Polo Fibonacci, Aula L1, venerd\u00ec 8 settembre alla Scuola Normale Superiore, Sala Azzurra &nbsp; Marco Abate Universit\u00e0 di Pisa Il linguaggio della matematica: precisione e colore ore 11.00-11.20, gioved\u00ec 7 settembre Fabio Bellissima Universit\u00e0 di Siena Eulero, Lambert e [&hellip;]","og_url":"https:\/\/umi.dm.unibo.it\/congresso2023\/programma\/sezioni-speciali\/ss1-la-matematica-tra-scienza-e-umanesimo\/","og_site_name":"Congresso UMI 2023","article_modified_time":"2023-08-10T15:31:54+00:00","twitter_misc":{"Tempo di lettura stimato":"2 minuti"},"schema":{"@context":"https:\/\/schema.org","@graph":[{"@type":"WebPage","@id":"https:\/\/umi.dm.unibo.it\/congresso2023\/programma\/sezioni-speciali\/ss1-la-matematica-tra-scienza-e-umanesimo\/","url":"https:\/\/umi.dm.unibo.it\/congresso2023\/programma\/sezioni-speciali\/ss1-la-matematica-tra-scienza-e-umanesimo\/","name":"SS1 \u2013 La Matematica, tra Scienza e Umanesimo - Congresso UMI 2023","isPartOf":{"@id":"https:\/\/umi.dm.unibo.it\/congresso2023\/#website"},"datePublished":"2023-03-02T14:07:08+00:00","dateModified":"2023-08-10T15:31:54+00:00","breadcrumb":{"@id":"https:\/\/umi.dm.unibo.it\/congresso2023\/programma\/sezioni-speciali\/ss1-la-matematica-tra-scienza-e-umanesimo\/#breadcrumb"},"inLanguage":"it-IT","potentialAction":[{"@type":"ReadAction","target":["https:\/\/umi.dm.unibo.it\/congresso2023\/programma\/sezioni-speciali\/ss1-la-matematica-tra-scienza-e-umanesimo\/"]}]},{"@type":"BreadcrumbList","@id":"https:\/\/umi.dm.unibo.it\/congresso2023\/programma\/sezioni-speciali\/ss1-la-matematica-tra-scienza-e-umanesimo\/#breadcrumb","itemListElement":[{"@type":"ListItem","position":1,"name":"Home","item":"https:\/\/umi.dm.unibo.it\/congresso2023\/"},{"@type":"ListItem","position":2,"name":"Programma","item":"https:\/\/umi.dm.unibo.it\/congresso2023\/programma\/"},{"@type":"ListItem","position":3,"name":"Sezioni speciali","item":"https:\/\/umi.dm.unibo.it\/congresso2023\/programma\/sezioni-speciali\/"},{"@type":"ListItem","position":4,"name":"SS1 \u2013 La Matematica, tra Scienza e Umanesimo"}]},{"@type":"WebSite","@id":"https:\/\/umi.dm.unibo.it\/congresso2023\/#website","url":"https:\/\/umi.dm.unibo.it\/congresso2023\/","name":"Congresso UMI 2023","description":"Un nuovo sito targato WordPress","potentialAction":[{"@type":"SearchAction","target":{"@type":"EntryPoint","urlTemplate":"https:\/\/umi.dm.unibo.it\/congresso2023\/?s={search_term_string}"},"query-input":"required name=search_term_string"}],"inLanguage":"it-IT"}]}},"_links":{"self":[{"href":"https:\/\/umi.dm.unibo.it\/congresso2023\/wp-json\/wp\/v2\/pages\/5127"}],"collection":[{"href":"https:\/\/umi.dm.unibo.it\/congresso2023\/wp-json\/wp\/v2\/pages"}],"about":[{"href":"https:\/\/umi.dm.unibo.it\/congresso2023\/wp-json\/wp\/v2\/types\/page"}],"author":[{"embeddable":true,"href":"https:\/\/umi.dm.unibo.it\/congresso2023\/wp-json\/wp\/v2\/users\/3"}],"replies":[{"embeddable":true,"href":"https:\/\/umi.dm.unibo.it\/congresso2023\/wp-json\/wp\/v2\/comments?post=5127"}],"version-history":[{"count":10,"href":"https:\/\/umi.dm.unibo.it\/congresso2023\/wp-json\/wp\/v2\/pages\/5127\/revisions"}],"predecessor-version":[{"id":5937,"href":"https:\/\/umi.dm.unibo.it\/congresso2023\/wp-json\/wp\/v2\/pages\/5127\/revisions\/5937"}],"up":[{"embeddable":true,"href":"https:\/\/umi.dm.unibo.it\/congresso2023\/wp-json\/wp\/v2\/pages\/1109"}],"wp:attachment":[{"href":"https:\/\/umi.dm.unibo.it\/congresso2023\/wp-json\/wp\/v2\/media?parent=5127"}],"curies":[{"name":"wp","href":"https:\/\/api.w.org\/{rel}","templated":true}]}}