{"id":261,"date":"2014-07-02T10:56:39","date_gmt":"2014-07-02T08:56:39","guid":{"rendered":"http:\/\/umi.dm.unibo.it\/congresso2019\/?page_id=261"},"modified":"2022-04-11T15:55:52","modified_gmt":"2022-04-11T13:55:52","slug":"comitato-scientifico","status":"publish","type":"page","link":"https:\/\/umi.dm.unibo.it\/congresso2023\/comitati\/comitato-scientifico\/","title":{"rendered":"Comitato scientifico"},"content":{"rendered":"<p><center><br \/>\n<strong>Comitato scientifico<\/strong><\/center><center><br \/>\n<a href=\"mailto:cannarsa@mat.uniroma2.it\">Piermarco Cannarsa<\/a><\/center><center>(Universit\u00e0 di Roma Tor Vergata)<br \/>\n<em>Presidente dell&#8217;Unione Matematica Italiana<\/em><\/center><center>\u00a0<\/center><\/p>\n<p style=\"text-align: center;\"><a href=\"mailto:michele.benzi@sns.it\">Michele Benzi<\/a><br \/>\n(Scuola Normale Superiore)<\/p>\n<p style=\"text-align: center;\"><a href=\"mailto:cianchi@unifi.it\">Andrea Cianchi<\/a><br \/>\n(Universit\u00e0 di Firenze)<\/p>\n<p style=\"text-align: center;\"><a href=\"mailto:faggiona@mat.uniroma1.it\">Alessandra Faggionato<\/a><br \/>\n(Universit\u00e0 di Roma La Sapienza)<\/p>\n<p style=\"text-align: center;\"><a href=\"mailto:graziano.gentili@unifi.it\">Graziano Gentili<\/a><br \/>\n(Universit\u00e0 di Firenze)<\/p>\n<p style=\"text-align: center;\"><a href=\"mailto:lucchini@math.unipd.it\">Andrea Lucchini<\/a><br \/>\n(Universit\u00e0 di Padova)<\/p>\n<p style=\"text-align: center;\"><a href=\"mailto:rita.pardini@uniii.it\">Rita Pardini<\/a><br \/>\n(Universit\u00e0 di Pisa)<\/p>\n<p><center><a href=\"mailto:rosolini@dsi.unige.it\">Giuseppe Rosolini<\/a><br \/>\n(Universit\u00e0 di Genova)<\/center><\/p>\n<p style=\"text-align: center;\"><a href=\"mailto:marcomarialuigi.sammartino@unipa.it\">Marco Sammartino<\/a><br \/>\n(Universit\u00e0 di Palermo<\/p>\n<p style=\"text-align: center;\"><a href=\"mailto:giuseppe.savare@unibocconi.it\">Giuseppe Savar\u00e9<\/a><br \/>\n(Universit\u00e0 Bocconi di Milano)<\/p>\n<p style=\"text-align: center;\"><a href=\"mailto:tarantel@mat.uniroma2.it\">Grabriella Tarantello<\/a><br \/>\n(Universit\u00e0 Roma Tor Vergata)<\/p>\n","protected":false},"excerpt":{"rendered":"<p>Comitato scientifico Piermarco Cannarsa(Universit\u00e0 di Roma Tor Vergata) Presidente dell&#8217;Unione Matematica Italiana\u00a0 Michele Benzi (Scuola Normale Superiore) Andrea Cianchi (Universit\u00e0 di Firenze) Alessandra Faggionato (Universit\u00e0 di Roma La Sapienza) Graziano Gentili (Universit\u00e0 di Firenze) Andrea Lucchini (Universit\u00e0 di Padova) Rita Pardini (Universit\u00e0 di Pisa) Giuseppe Rosolini (Universit\u00e0 di Genova) Marco Sammartino (Universit\u00e0 di Palermo Giuseppe [&hellip;]<\/p>\n","protected":false},"author":3,"featured_media":0,"parent":11,"menu_order":1,"comment_status":"closed","ping_status":"closed","template":"","meta":{"footnotes":""},"yoast_head":"<!-- This site is optimized with the Yoast SEO plugin v21.0 - https:\/\/yoast.com\/wordpress\/plugins\/seo\/ -->\n<title>Comitato scientifico - Congresso UMI 2023<\/title>\n<meta name=\"robots\" content=\"index, follow, max-snippet:-1, max-image-preview:large, max-video-preview:-1\" \/>\n<link rel=\"canonical\" href=\"https:\/\/umi.dm.unibo.it\/congresso2023\/comitati\/comitato-scientifico\/\" \/>\n<meta property=\"og:locale\" content=\"it_IT\" \/>\n<meta property=\"og:type\" content=\"article\" \/>\n<meta property=\"og:title\" content=\"Comitato scientifico - Congresso UMI 2023\" \/>\n<meta property=\"og:description\" content=\"Comitato scientifico Piermarco Cannarsa(Universit\u00e0 di Roma Tor Vergata) Presidente dell&#8217;Unione Matematica Italiana\u00a0 Michele Benzi (Scuola Normale Superiore) Andrea Cianchi (Universit\u00e0 di Firenze) Alessandra Faggionato (Universit\u00e0 di Roma La Sapienza) Graziano Gentili (Universit\u00e0 di Firenze) Andrea Lucchini (Universit\u00e0 di Padova) Rita Pardini (Universit\u00e0 di Pisa) Giuseppe Rosolini (Universit\u00e0 di Genova) Marco Sammartino (Universit\u00e0 di Palermo Giuseppe [&hellip;]\" \/>\n<meta property=\"og:url\" content=\"https:\/\/umi.dm.unibo.it\/congresso2023\/comitati\/comitato-scientifico\/\" \/>\n<meta property=\"og:site_name\" content=\"Congresso UMI 2023\" \/>\n<meta property=\"article:modified_time\" content=\"2022-04-11T13:55:52+00:00\" \/>\n<meta name=\"twitter:label1\" content=\"Tempo di lettura stimato\" \/>\n\t<meta name=\"twitter:data1\" content=\"1 minuto\" \/>\n<script type=\"application\/ld+json\" class=\"yoast-schema-graph\">{\"@context\":\"https:\/\/schema.org\",\"@graph\":[{\"@type\":\"WebPage\",\"@id\":\"https:\/\/umi.dm.unibo.it\/congresso2023\/comitati\/comitato-scientifico\/\",\"url\":\"https:\/\/umi.dm.unibo.it\/congresso2023\/comitati\/comitato-scientifico\/\",\"name\":\"Comitato scientifico - Congresso UMI 2023\",\"isPartOf\":{\"@id\":\"https:\/\/umi.dm.unibo.it\/congresso2023\/#website\"},\"datePublished\":\"2014-07-02T08:56:39+00:00\",\"dateModified\":\"2022-04-11T13:55:52+00:00\",\"breadcrumb\":{\"@id\":\"https:\/\/umi.dm.unibo.it\/congresso2023\/comitati\/comitato-scientifico\/#breadcrumb\"},\"inLanguage\":\"it-IT\",\"potentialAction\":[{\"@type\":\"ReadAction\",\"target\":[\"https:\/\/umi.dm.unibo.it\/congresso2023\/comitati\/comitato-scientifico\/\"]}]},{\"@type\":\"BreadcrumbList\",\"@id\":\"https:\/\/umi.dm.unibo.it\/congresso2023\/comitati\/comitato-scientifico\/#breadcrumb\",\"itemListElement\":[{\"@type\":\"ListItem\",\"position\":1,\"name\":\"Home\",\"item\":\"https:\/\/umi.dm.unibo.it\/congresso2023\/\"},{\"@type\":\"ListItem\",\"position\":2,\"name\":\"Comitati\",\"item\":\"https:\/\/umi.dm.unibo.it\/congresso2023\/comitati\/\"},{\"@type\":\"ListItem\",\"position\":3,\"name\":\"Comitato scientifico\"}]},{\"@type\":\"WebSite\",\"@id\":\"https:\/\/umi.dm.unibo.it\/congresso2023\/#website\",\"url\":\"https:\/\/umi.dm.unibo.it\/congresso2023\/\",\"name\":\"Congresso UMI 2023\",\"description\":\"Un nuovo sito targato WordPress\",\"potentialAction\":[{\"@type\":\"SearchAction\",\"target\":{\"@type\":\"EntryPoint\",\"urlTemplate\":\"https:\/\/umi.dm.unibo.it\/congresso2023\/?s={search_term_string}\"},\"query-input\":\"required name=search_term_string\"}],\"inLanguage\":\"it-IT\"}]}<\/script>\n<!-- \/ Yoast SEO plugin. -->","yoast_head_json":{"title":"Comitato scientifico - Congresso UMI 2023","robots":{"index":"index","follow":"follow","max-snippet":"max-snippet:-1","max-image-preview":"max-image-preview:large","max-video-preview":"max-video-preview:-1"},"canonical":"https:\/\/umi.dm.unibo.it\/congresso2023\/comitati\/comitato-scientifico\/","og_locale":"it_IT","og_type":"article","og_title":"Comitato scientifico - Congresso UMI 2023","og_description":"Comitato scientifico Piermarco Cannarsa(Universit\u00e0 di Roma Tor Vergata) Presidente dell&#8217;Unione Matematica Italiana\u00a0 Michele Benzi (Scuola Normale Superiore) Andrea Cianchi (Universit\u00e0 di Firenze) Alessandra Faggionato (Universit\u00e0 di Roma La Sapienza) Graziano Gentili (Universit\u00e0 di Firenze) Andrea Lucchini (Universit\u00e0 di Padova) Rita Pardini (Universit\u00e0 di Pisa) Giuseppe Rosolini (Universit\u00e0 di Genova) Marco Sammartino (Universit\u00e0 di Palermo Giuseppe [&hellip;]","og_url":"https:\/\/umi.dm.unibo.it\/congresso2023\/comitati\/comitato-scientifico\/","og_site_name":"Congresso UMI 2023","article_modified_time":"2022-04-11T13:55:52+00:00","twitter_misc":{"Tempo di lettura stimato":"1 minuto"},"schema":{"@context":"https:\/\/schema.org","@graph":[{"@type":"WebPage","@id":"https:\/\/umi.dm.unibo.it\/congresso2023\/comitati\/comitato-scientifico\/","url":"https:\/\/umi.dm.unibo.it\/congresso2023\/comitati\/comitato-scientifico\/","name":"Comitato scientifico - Congresso UMI 2023","isPartOf":{"@id":"https:\/\/umi.dm.unibo.it\/congresso2023\/#website"},"datePublished":"2014-07-02T08:56:39+00:00","dateModified":"2022-04-11T13:55:52+00:00","breadcrumb":{"@id":"https:\/\/umi.dm.unibo.it\/congresso2023\/comitati\/comitato-scientifico\/#breadcrumb"},"inLanguage":"it-IT","potentialAction":[{"@type":"ReadAction","target":["https:\/\/umi.dm.unibo.it\/congresso2023\/comitati\/comitato-scientifico\/"]}]},{"@type":"BreadcrumbList","@id":"https:\/\/umi.dm.unibo.it\/congresso2023\/comitati\/comitato-scientifico\/#breadcrumb","itemListElement":[{"@type":"ListItem","position":1,"name":"Home","item":"https:\/\/umi.dm.unibo.it\/congresso2023\/"},{"@type":"ListItem","position":2,"name":"Comitati","item":"https:\/\/umi.dm.unibo.it\/congresso2023\/comitati\/"},{"@type":"ListItem","position":3,"name":"Comitato scientifico"}]},{"@type":"WebSite","@id":"https:\/\/umi.dm.unibo.it\/congresso2023\/#website","url":"https:\/\/umi.dm.unibo.it\/congresso2023\/","name":"Congresso UMI 2023","description":"Un nuovo sito targato WordPress","potentialAction":[{"@type":"SearchAction","target":{"@type":"EntryPoint","urlTemplate":"https:\/\/umi.dm.unibo.it\/congresso2023\/?s={search_term_string}"},"query-input":"required name=search_term_string"}],"inLanguage":"it-IT"}]}},"_links":{"self":[{"href":"https:\/\/umi.dm.unibo.it\/congresso2023\/wp-json\/wp\/v2\/pages\/261"}],"collection":[{"href":"https:\/\/umi.dm.unibo.it\/congresso2023\/wp-json\/wp\/v2\/pages"}],"about":[{"href":"https:\/\/umi.dm.unibo.it\/congresso2023\/wp-json\/wp\/v2\/types\/page"}],"author":[{"embeddable":true,"href":"https:\/\/umi.dm.unibo.it\/congresso2023\/wp-json\/wp\/v2\/users\/3"}],"replies":[{"embeddable":true,"href":"https:\/\/umi.dm.unibo.it\/congresso2023\/wp-json\/wp\/v2\/comments?post=261"}],"version-history":[{"count":32,"href":"https:\/\/umi.dm.unibo.it\/congresso2023\/wp-json\/wp\/v2\/pages\/261\/revisions"}],"predecessor-version":[{"id":4656,"href":"https:\/\/umi.dm.unibo.it\/congresso2023\/wp-json\/wp\/v2\/pages\/261\/revisions\/4656"}],"up":[{"embeddable":true,"href":"https:\/\/umi.dm.unibo.it\/congresso2023\/wp-json\/wp\/v2\/pages\/11"}],"wp:attachment":[{"href":"https:\/\/umi.dm.unibo.it\/congresso2023\/wp-json\/wp\/v2\/media?parent=261"}],"curies":[{"name":"wp","href":"https:\/\/api.w.org\/{rel}","templated":true}]}}