{"id":2224,"date":"2019-07-28T17:17:00","date_gmt":"2019-07-28T15:17:00","guid":{"rendered":"http:\/\/umi.dm.unibo.it\/congresso2019\/?page_id=2224"},"modified":"2023-08-01T16:48:59","modified_gmt":"2023-08-01T14:48:59","slug":"s16-topologia-e-geometria-differenziale","status":"publish","type":"page","link":"https:\/\/umi.dm.unibo.it\/congresso2023\/programma\/sezioni\/s16-topologia-e-geometria-differenziale\/","title":{"rendered":"S17 &#8211;  Topologia e Geometria differenziale"},"content":{"rendered":"<p><strong>Le comunicazioni si terranno nei giorni luned\u00ec 4 e marted\u00ec 5 settembre, Polo Fibonacci &#8211; Aula G1<\/strong><\/p>\n<table border=\"0\" frame=\"VOID\" rules=\"NONE\" cellspacing=\"0\">\n<colgroup>\n<col width=\"114\" \/>\n<col width=\"114\" \/>\n<col width=\"114\" \/>\n<col width=\"114\" \/><\/colgroup>\n<tbody>\n<tr>\n<td align=\"LEFT\" width=\"114\" height=\"22\"><span style=\"color: #000000; font-family: Helvetica;\">Paolo<\/span><\/td>\n<td align=\"LEFT\" width=\"114\"><span style=\"color: #000000; font-family: Helvetica;\">Aceto<\/span><\/td>\n<td align=\"LEFT\" width=\"114\"><span style=\"color: #000000; font-family: Helvetica;\">Universit\u00e9 de Lille<\/span><\/td>\n<td align=\"LEFT\" width=\"114\"><span style=\"color: #000000; font-family: Helvetica; font-size: small;\">Lattices and 4-manifolds<\/span><\/td>\n<td align=\"LEFT\" nowrap=\"nowrap\" width=\"auto\"><span style=\"color: #000000; font-family: Helvetica;\">ore 15.00, luned\u00ec 4 settembre<\/span><\/td>\n<\/tr>\n<tr>\n<td align=\"LEFT\" width=\"114\" height=\"22\"><span style=\"color: #000000; font-family: Helvetica;\">Nicola<\/span><\/td>\n<td align=\"LEFT\" width=\"114\"><span style=\"color: #000000; font-family: Helvetica;\">Cavallucci<\/span><\/td>\n<td align=\"LEFT\" width=\"114\"><span style=\"color: #000000; font-family: Helvetica;\">Karlsruhe<span class=\"Apple-converted-space\">\u00a0<\/span><\/td>\n<td align=\"LEFT\" width=\"114\"><span style=\"color: #000000; font-family: Helvetica; font-size: small;\">Convergence and collapsing of manifolds with non-positive curvature <\/span><\/td>\n<td align=\"LEFT\" nowrap=\"nowrap\" width=\"auto\"><span style=\"color: #000000; font-family: Helvetica;\">ore 11.40, marted\u00ec 5 settembre<\/span><\/td>\n<\/tr>\n<tr>\n<td align=\"LEFT\" width=\"114\" height=\"22\"><span style=\"color: #000000; font-family: Helvetica;\">Federica<\/span><\/td>\n<td align=\"LEFT\" width=\"114\"><span style=\"color: #000000; font-family: Helvetica;\">Fanoni<\/span><\/td>\n<td align=\"LEFT\" width=\"114\"><span style=\"color: #000000; font-family: Helvetica;\">CNRS e Universit\u00e9 Paris-Est Cr\u00e9teil<\/span><\/td>\n<td align=\"LEFT\" width=\"114\"><span style=\"color: #000000; font-family: Helvetica;\">Classificazione di mapping classes di superfici di tipo infinito<\/span><\/td>\n<td align=\"LEFT\" nowrap=\"nowrap\" width=\"auto\"><span style=\"color: #000000; font-family: Helvetica;\">ore 11.00, marted\u00ec 5 settembre<\/span><\/td>\n<\/tr>\n<tr>\n<td align=\"LEFT\" height=\"22\"><span style=\"color: #000000; font-family: Helvetica;\">Marco<\/span><\/td>\n<td align=\"LEFT\"><span style=\"color: #000000; font-family: Helvetica;\">Moraschini<\/span><\/td>\n<td align=\"LEFT\"><span style=\"color: #000000; font-family: Helvetica;\">Universit\u00e0 di Bologna<\/span><\/td>\n<td align=\"LEFT\"><span style=\"color: #000000; font-family: Helvetica;\">Simplicial volume and amenable covers<\/span><\/td>\n<td align=\"LEFT\" nowrap=\"nowrap\" width=\"auto\"><span style=\"color: #000000; font-family: Helvetica;\">ore 15.40, luned\u00ec 4 settembre<\/span><\/td>\n<\/tr>\n<tr>\n<td align=\"LEFT\" height=\"22\"><span style=\"color: #000000; font-family: Helvetica;\">Mario<\/span><\/td>\n<td align=\"LEFT\"><span style=\"color: #000000; font-family: Helvetica;\">Santilli<\/span><\/td>\n<td align=\"LEFT\"><span style=\"color: #000000; font-family: Helvetica;\">Universit\u00e0 dell&#8217;Aquila<\/span><\/td>\n<td align=\"LEFT\"><span style=\"color: #000000; font-family: Helvetica;\">Constant mean curvature and critical points of isoperimetric problems.<\/span><\/td>\n<td align=\"LEFT\" nowrap=\"nowrap\" width=\"auto\"><span style=\"color: #000000; font-family: Helvetica;\">ore 16.45, marted\u00ec 5 settembre<\/span><\/td>\n<\/tr>\n<tr>\n<td align=\"LEFT\" height=\"22\"><span style=\"color: #000000; font-family: Helvetica;\">Leone<\/span><\/td>\n<td align=\"LEFT\"><span style=\"color: #000000; font-family: Helvetica;\">Slavich<\/span><\/td>\n<td align=\"LEFT\"><span style=\"color: #000000; font-family: Helvetica;\">Universit\u00e0 di Pavia<\/span><\/td>\n<td align=\"LEFT\"><span style=\"color: #000000; font-family: Helvetica;\">Variet\u00e0 iperboliche e immersioni geodetiche<\/span><\/td>\n<td align=\"LEFT\" nowrap=\"nowrap\" width=\"auto\"><span style=\"color: #000000; font-family: Helvetica;\">ore 17.25, marted\u00ec 5 settembre<\/span><\/td>\n<\/tr>\n<tr>\n<td align=\"LEFT\" height=\"22\"><span style=\"color: #000000; font-family: Helvetica;\">Andrea<\/span><\/td>\n<td align=\"LEFT\"><span style=\"color: #000000; font-family: Helvetica;\">Tamburelli<\/span><\/td>\n<td align=\"LEFT\"><span style=\"color: #000000; font-family: Helvetica;\">Universit\u00e0 di Pisa<\/span><\/td>\n<td align=\"LEFT\"><span style=\"color: #000000; font-family: Helvetica;\">Bordo di Thurson per spazi di Tecihmuller di rango superiore<\/span><\/td>\n<td align=\"LEFT\" nowrap=\"nowrap\" width=\"auto\"><span style=\"color: #000000; font-family: Helvetica;\">ore 12.20, marted\u00ec 5 settembre<\/span><\/td>\n<\/tr>\n<\/tbody>\n<\/table>\n","protected":false},"excerpt":{"rendered":"<p>Le comunicazioni si terranno nei giorni luned\u00ec 4 e marted\u00ec 5 settembre, Polo Fibonacci &#8211; Aula G1 Paolo Aceto Universit\u00e9 de Lille Lattices and 4-manifolds ore 15.00, luned\u00ec 4 settembre Nicola Cavallucci Karlsruhe\u00a0 Convergence and collapsing of manifolds with non-positive curvature ore 11.40, marted\u00ec 5 settembre Federica Fanoni CNRS e Universit\u00e9 Paris-Est Cr\u00e9teil Classificazione di [&hellip;]<\/p>\n","protected":false},"author":3,"featured_media":0,"parent":205,"menu_order":16,"comment_status":"closed","ping_status":"closed","template":"","meta":{"footnotes":""},"yoast_head":"<!-- This site is optimized with the Yoast SEO plugin v21.0 - https:\/\/yoast.com\/wordpress\/plugins\/seo\/ -->\n<title>S17 - Topologia e Geometria differenziale - Congresso UMI 2023<\/title>\n<meta name=\"robots\" content=\"index, follow, max-snippet:-1, max-image-preview:large, max-video-preview:-1\" \/>\n<link rel=\"canonical\" href=\"https:\/\/umi.dm.unibo.it\/congresso2023\/programma\/sezioni\/s16-topologia-e-geometria-differenziale\/\" \/>\n<meta property=\"og:locale\" content=\"it_IT\" \/>\n<meta property=\"og:type\" content=\"article\" \/>\n<meta property=\"og:title\" content=\"S17 - Topologia e Geometria differenziale - Congresso UMI 2023\" \/>\n<meta property=\"og:description\" content=\"Le comunicazioni si terranno nei giorni luned\u00ec 4 e marted\u00ec 5 settembre, Polo Fibonacci &#8211; Aula G1 Paolo Aceto Universit\u00e9 de Lille Lattices and 4-manifolds ore 15.00, luned\u00ec 4 settembre Nicola Cavallucci Karlsruhe\u00a0 Convergence and collapsing of manifolds with non-positive curvature ore 11.40, marted\u00ec 5 settembre Federica Fanoni CNRS e Universit\u00e9 Paris-Est Cr\u00e9teil Classificazione di [&hellip;]\" \/>\n<meta property=\"og:url\" content=\"https:\/\/umi.dm.unibo.it\/congresso2023\/programma\/sezioni\/s16-topologia-e-geometria-differenziale\/\" \/>\n<meta property=\"og:site_name\" content=\"Congresso UMI 2023\" \/>\n<meta property=\"article:modified_time\" content=\"2023-08-01T14:48:59+00:00\" \/>\n<meta name=\"twitter:label1\" content=\"Tempo di lettura stimato\" \/>\n\t<meta name=\"twitter:data1\" content=\"1 minuto\" \/>\n<script type=\"application\/ld+json\" class=\"yoast-schema-graph\">{\"@context\":\"https:\/\/schema.org\",\"@graph\":[{\"@type\":\"WebPage\",\"@id\":\"https:\/\/umi.dm.unibo.it\/congresso2023\/programma\/sezioni\/s16-topologia-e-geometria-differenziale\/\",\"url\":\"https:\/\/umi.dm.unibo.it\/congresso2023\/programma\/sezioni\/s16-topologia-e-geometria-differenziale\/\",\"name\":\"S17 - Topologia e Geometria differenziale - Congresso UMI 2023\",\"isPartOf\":{\"@id\":\"https:\/\/umi.dm.unibo.it\/congresso2023\/#website\"},\"datePublished\":\"2019-07-28T15:17:00+00:00\",\"dateModified\":\"2023-08-01T14:48:59+00:00\",\"breadcrumb\":{\"@id\":\"https:\/\/umi.dm.unibo.it\/congresso2023\/programma\/sezioni\/s16-topologia-e-geometria-differenziale\/#breadcrumb\"},\"inLanguage\":\"it-IT\",\"potentialAction\":[{\"@type\":\"ReadAction\",\"target\":[\"https:\/\/umi.dm.unibo.it\/congresso2023\/programma\/sezioni\/s16-topologia-e-geometria-differenziale\/\"]}]},{\"@type\":\"BreadcrumbList\",\"@id\":\"https:\/\/umi.dm.unibo.it\/congresso2023\/programma\/sezioni\/s16-topologia-e-geometria-differenziale\/#breadcrumb\",\"itemListElement\":[{\"@type\":\"ListItem\",\"position\":1,\"name\":\"Home\",\"item\":\"https:\/\/umi.dm.unibo.it\/congresso2023\/\"},{\"@type\":\"ListItem\",\"position\":2,\"name\":\"Programma\",\"item\":\"https:\/\/umi.dm.unibo.it\/congresso2023\/programma\/\"},{\"@type\":\"ListItem\",\"position\":3,\"name\":\"Sezioni\",\"item\":\"https:\/\/umi.dm.unibo.it\/congresso2023\/programma\/sezioni\/\"},{\"@type\":\"ListItem\",\"position\":4,\"name\":\"S17 &#8211; Topologia e Geometria differenziale\"}]},{\"@type\":\"WebSite\",\"@id\":\"https:\/\/umi.dm.unibo.it\/congresso2023\/#website\",\"url\":\"https:\/\/umi.dm.unibo.it\/congresso2023\/\",\"name\":\"Congresso UMI 2023\",\"description\":\"Un nuovo sito targato WordPress\",\"potentialAction\":[{\"@type\":\"SearchAction\",\"target\":{\"@type\":\"EntryPoint\",\"urlTemplate\":\"https:\/\/umi.dm.unibo.it\/congresso2023\/?s={search_term_string}\"},\"query-input\":\"required name=search_term_string\"}],\"inLanguage\":\"it-IT\"}]}<\/script>\n<!-- \/ Yoast SEO plugin. -->","yoast_head_json":{"title":"S17 - Topologia e Geometria differenziale - Congresso UMI 2023","robots":{"index":"index","follow":"follow","max-snippet":"max-snippet:-1","max-image-preview":"max-image-preview:large","max-video-preview":"max-video-preview:-1"},"canonical":"https:\/\/umi.dm.unibo.it\/congresso2023\/programma\/sezioni\/s16-topologia-e-geometria-differenziale\/","og_locale":"it_IT","og_type":"article","og_title":"S17 - Topologia e Geometria differenziale - Congresso UMI 2023","og_description":"Le comunicazioni si terranno nei giorni luned\u00ec 4 e marted\u00ec 5 settembre, Polo Fibonacci &#8211; Aula G1 Paolo Aceto Universit\u00e9 de Lille Lattices and 4-manifolds ore 15.00, luned\u00ec 4 settembre Nicola Cavallucci Karlsruhe\u00a0 Convergence and collapsing of manifolds with non-positive curvature ore 11.40, marted\u00ec 5 settembre Federica Fanoni CNRS e Universit\u00e9 Paris-Est Cr\u00e9teil Classificazione di [&hellip;]","og_url":"https:\/\/umi.dm.unibo.it\/congresso2023\/programma\/sezioni\/s16-topologia-e-geometria-differenziale\/","og_site_name":"Congresso UMI 2023","article_modified_time":"2023-08-01T14:48:59+00:00","twitter_misc":{"Tempo di lettura stimato":"1 minuto"},"schema":{"@context":"https:\/\/schema.org","@graph":[{"@type":"WebPage","@id":"https:\/\/umi.dm.unibo.it\/congresso2023\/programma\/sezioni\/s16-topologia-e-geometria-differenziale\/","url":"https:\/\/umi.dm.unibo.it\/congresso2023\/programma\/sezioni\/s16-topologia-e-geometria-differenziale\/","name":"S17 - Topologia e Geometria differenziale - Congresso UMI 2023","isPartOf":{"@id":"https:\/\/umi.dm.unibo.it\/congresso2023\/#website"},"datePublished":"2019-07-28T15:17:00+00:00","dateModified":"2023-08-01T14:48:59+00:00","breadcrumb":{"@id":"https:\/\/umi.dm.unibo.it\/congresso2023\/programma\/sezioni\/s16-topologia-e-geometria-differenziale\/#breadcrumb"},"inLanguage":"it-IT","potentialAction":[{"@type":"ReadAction","target":["https:\/\/umi.dm.unibo.it\/congresso2023\/programma\/sezioni\/s16-topologia-e-geometria-differenziale\/"]}]},{"@type":"BreadcrumbList","@id":"https:\/\/umi.dm.unibo.it\/congresso2023\/programma\/sezioni\/s16-topologia-e-geometria-differenziale\/#breadcrumb","itemListElement":[{"@type":"ListItem","position":1,"name":"Home","item":"https:\/\/umi.dm.unibo.it\/congresso2023\/"},{"@type":"ListItem","position":2,"name":"Programma","item":"https:\/\/umi.dm.unibo.it\/congresso2023\/programma\/"},{"@type":"ListItem","position":3,"name":"Sezioni","item":"https:\/\/umi.dm.unibo.it\/congresso2023\/programma\/sezioni\/"},{"@type":"ListItem","position":4,"name":"S17 &#8211; Topologia e Geometria differenziale"}]},{"@type":"WebSite","@id":"https:\/\/umi.dm.unibo.it\/congresso2023\/#website","url":"https:\/\/umi.dm.unibo.it\/congresso2023\/","name":"Congresso UMI 2023","description":"Un nuovo sito targato WordPress","potentialAction":[{"@type":"SearchAction","target":{"@type":"EntryPoint","urlTemplate":"https:\/\/umi.dm.unibo.it\/congresso2023\/?s={search_term_string}"},"query-input":"required name=search_term_string"}],"inLanguage":"it-IT"}]}},"_links":{"self":[{"href":"https:\/\/umi.dm.unibo.it\/congresso2023\/wp-json\/wp\/v2\/pages\/2224"}],"collection":[{"href":"https:\/\/umi.dm.unibo.it\/congresso2023\/wp-json\/wp\/v2\/pages"}],"about":[{"href":"https:\/\/umi.dm.unibo.it\/congresso2023\/wp-json\/wp\/v2\/types\/page"}],"author":[{"embeddable":true,"href":"https:\/\/umi.dm.unibo.it\/congresso2023\/wp-json\/wp\/v2\/users\/3"}],"replies":[{"embeddable":true,"href":"https:\/\/umi.dm.unibo.it\/congresso2023\/wp-json\/wp\/v2\/comments?post=2224"}],"version-history":[{"count":14,"href":"https:\/\/umi.dm.unibo.it\/congresso2023\/wp-json\/wp\/v2\/pages\/2224\/revisions"}],"predecessor-version":[{"id":5832,"href":"https:\/\/umi.dm.unibo.it\/congresso2023\/wp-json\/wp\/v2\/pages\/2224\/revisions\/5832"}],"up":[{"embeddable":true,"href":"https:\/\/umi.dm.unibo.it\/congresso2023\/wp-json\/wp\/v2\/pages\/205"}],"wp:attachment":[{"href":"https:\/\/umi.dm.unibo.it\/congresso2023\/wp-json\/wp\/v2\/media?parent=2224"}],"curies":[{"name":"wp","href":"https:\/\/api.w.org\/{rel}","templated":true}]}}