{"id":2186,"date":"2019-07-28T16:41:35","date_gmt":"2019-07-28T14:41:35","guid":{"rendered":"http:\/\/umi.dm.unibo.it\/congresso2019\/?page_id=2186"},"modified":"2023-09-03T11:11:39","modified_gmt":"2023-09-03T09:11:39","slug":"s14b-teoria-di-lie","status":"publish","type":"page","link":"https:\/\/umi.dm.unibo.it\/congresso2023\/programma\/sezioni\/s14b-teoria-di-lie\/","title":{"rendered":"S15 &#8211; Teoria di Lie"},"content":{"rendered":"<p><strong>Le comunicazioni si terranno nei giorni luned\u00ec 4 e marted\u00ec 5, Polo Fibonacci, Aula F1<\/strong><\/p>\n<table border=\"0\" frame=\"VOID\" rules=\"NONE\" cellspacing=\"0\">\n<colgroup>\n<col width=\"114\" \/>\n<col width=\"114\" \/>\n<col width=\"114\" \/>\n<col width=\"114\" \/><\/colgroup>\n<tbody>\n<tr>\n<td align=\"LEFT\" width=\"114\" height=\"22\"><span style=\"color: #000000; font-family: Helvetica;\">Lucia<\/span><\/td>\n<td align=\"LEFT\" width=\"114\"><span style=\"color: #000000; font-family: Helvetica;\">Bagnoli<\/span><\/td>\n<td align=\"LEFT\" width=\"114\"><span style=\"color: #000000; font-family: Helvetica;\">Universit\u00e0 di Zagabria<\/span><\/td>\n<td align=\"LEFT\" width=\"114\"><span style=\"color: #000000; font-family: Helvetica;\">On the finite irreducible module over some conformal superlgebras<\/span><\/td>\n<td align=\"LEFT\" nowrap=\"nowrap\" width=\"auto\"><span style=\"color: #000000; font-family: Helvetica;\">ore 15.40-16.20, luned\u00ec 4 settembre<\/span><\/td>\n<\/tr>\n<tr>\n<td align=\"LEFT\" width=\"114\" height=\"22\"><span style=\"color: #000000; font-family: Helvetica;\">Giovanna<\/span><\/td>\n<td align=\"LEFT\" width=\"114\"><span style=\"color: #000000; font-family: Helvetica;\">Carnovale<\/span><\/td>\n<td align=\"LEFT\" width=\"114\"><span style=\"color: #000000; font-family: Helvetica;\">Universit\u00e0 di Padova<\/span><\/td>\n<td align=\"LEFT\" width=\"114\"><span style=\"color: #000000; font-family: Helvetica;\">The Jordan stratification for enhanced and exotic module<\/span><\/td>\n<td align=\"LEFT\" nowrap=\"nowrap\" width=\"auto\"><span style=\"color: #000000; font-family: Helvetica;\">ore 18.05-18.45, marted\u00ec 5 settembre<\/span><\/td>\n<\/tr>\n<tr>\n<td align=\"LEFT\" height=\"22\"><span style=\"color: #000000; font-family: Helvetica;\">Fabrizio<\/span><\/td>\n<td align=\"LEFT\"><span style=\"color: #000000; font-family: Helvetica;\">Caselli<\/span><\/td>\n<td align=\"LEFT\"><span style=\"color: #000000; font-family: Helvetica;\">Universit\u00e0 di Bologna<\/span><\/td>\n<td align=\"LEFT\"><span style=\"color: #000000; font-family: Helvetica;\">A conformal Lie superalgebra and duality of representations for E(4,4)<\/span><\/td>\n<td align=\"LEFT\" nowrap=\"nowrap\" width=\"auto\"><span style=\"color: #000000; font-family: Helvetica;\">ore 15.00-15.40, luned\u00ec 4 settembre<\/span><\/td>\n<\/tr>\n<tr>\n<td align=\"LEFT\" height=\"22\"><span style=\"color: #000000; font-family: Helvetica;\">Giovanni<\/span><\/td>\n<td align=\"LEFT\"><span style=\"color: #000000; font-family: Helvetica;\">Cerulli Irelli<\/span><\/td>\n<td align=\"LEFT\"><span style=\"color: #000000; font-family: Helvetica;\">Sapienza-Universit\u00e0 di Roma<\/span><\/td>\n<td align=\"LEFT\"><span style=\"color: #000000; font-family: Helvetica;\">Linear degeneration of flag varieties<\/span><\/td>\n<td align=\"LEFT\" nowrap=\"nowrap\" width=\"auto\"><span style=\"color: #000000; font-family: Helvetica;\">ore 16.20-17.00, luned\u00ec 4 settembre<\/span><\/td>\n<\/tr>\n<tr>\n<td align=\"LEFT\" height=\"22\"><span style=\"color: #000000; font-family: Helvetica;\">Elisabetta<\/span><\/td>\n<td align=\"LEFT\"><span style=\"color: #000000; font-family: Helvetica;\">Masut<\/span><\/td>\n<td align=\"LEFT\"><span style=\"color: #000000; font-family: Helvetica;\">Universit\u00e0 di Padova<\/span><\/td>\n<td align=\"LEFT\"><span style=\"color: #000000; font-family: Helvetica;\">A generalization of Skryabin equivalence and its invariancy under a category action<\/span><\/td>\n<td align=\"LEFT\" nowrap=\"nowrap\" width=\"auto\"><span style=\"color: #000000; font-family: Helvetica;\">ore 16.45-17.25, marted\u00ec 5 settembre<\/span><\/td>\n<\/tr>\n<tr>\n<td align=\"LEFT\" height=\"22\"><span style=\"color: #000000; font-family: Helvetica;\">Willem<\/span><\/td>\n<td align=\"LEFT\"><span style=\"color: #000000; font-family: Helvetica;\">de Graaf<\/span><\/td>\n<td align=\"LEFT\"><span style=\"color: #000000; font-family: Helvetica;\">Universit\u00e0 di Trento<\/span><\/td>\n<td align=\"LEFT\"><span style=\"color: #000000; font-family: Helvetica;\">Computing Galois cohomology sets of reductive real algebraic groups<\/span><\/td>\n<td align=\"LEFT\" nowrap=\"nowrap\" width=\"auto\"><span style=\"color: #000000; font-family: Helvetica;\">ore 12.20-13.00, marted\u00ec 5 settembre<\/span><\/td>\n<\/tr>\n<tr>\n<td align=\"LEFT\" height=\"22\"><span style=\"color: #000000; font-family: Helvetica;\">Chiara<\/span><\/td>\n<td align=\"LEFT\"><span style=\"color: #000000; font-family: Helvetica;\">Esposito<\/span><\/td>\n<td align=\"LEFT\"><span style=\"color: #000000; font-family: Helvetica;\">Universit\u00e0 di Salerno<\/span><\/td>\n<td align=\"LEFT\"><span style=\"color: #000000; font-family: Helvetica;\">Deformation and Hochschild Cohomology of Coisotropic Algebras<\/span><\/td>\n<td align=\"LEFT\" nowrap=\"nowrap\" width=\"auto\"><span style=\"color: #000000; font-family: Helvetica;\">ore 11.00-11.40, marted\u00ec 5 settembre<\/span><\/td>\n<\/tr>\n<tr>\n<td align=\"LEFT\" height=\"22\"><span style=\"color: #000000; font-family: Helvetica;\">Paolo<\/span><\/td>\n<td align=\"LEFT\"><span style=\"color: #000000; font-family: Helvetica;\">Papi<\/span><\/td>\n<td align=\"LEFT\"><span style=\"color: #000000; font-family: Helvetica;\">Sapienza Universit\u00e0 di Roma<\/span><\/td>\n<td align=\"LEFT\"><span style=\"color: #000000; font-family: Helvetica;\">Rappresentazioni unitarie di W-algebre minimali<\/span><\/td>\n<td align=\"LEFT\" nowrap=\"nowrap\" width=\"auto\"><span style=\"color: #000000; font-family: Helvetica;\">ore 17.25-18.05, marted\u00ec 5 settembre<\/span><\/td>\n<\/tr>\n<tr>\n<td align=\"LEFT\" height=\"22\"><span style=\"color: #000000; font-family: Helvetica;\">Leonardo<\/span><\/td>\n<td align=\"LEFT\"><span style=\"color: #000000; font-family: Helvetica;\">Patimo<\/span><\/td>\n<td align=\"LEFT\"><span style=\"color: #000000; font-family: Helvetica;\">Universit\u00e0 di Friburgo (Germania)<\/span><\/td>\n<td align=\"LEFT\"><span style=\"color: #000000; font-family: Helvetica;\">La carica di una rappresentazione tramite la geometria della grassmanniana affine<\/span><\/td>\n<td align=\"LEFT\" nowrap=\"nowrap\" width=\"auto\"><span style=\"color: #000000; font-family: Helvetica;\">ore 11.40-12.20, marted\u00ec 5 settembre<\/span><\/td>\n<\/tr>\n<\/tbody>\n<\/table>\n","protected":false},"excerpt":{"rendered":"<p>Le comunicazioni si terranno nei giorni luned\u00ec 4 e marted\u00ec 5, Polo Fibonacci, Aula F1 Lucia Bagnoli Universit\u00e0 di Zagabria On the finite irreducible module over some conformal superlgebras ore 15.40-16.20, luned\u00ec 4 settembre Giovanna Carnovale Universit\u00e0 di Padova The Jordan stratification for enhanced and exotic module ore 18.05-18.45, marted\u00ec 5 settembre Fabrizio Caselli Universit\u00e0 [&hellip;]<\/p>\n","protected":false},"author":3,"featured_media":0,"parent":205,"menu_order":14,"comment_status":"closed","ping_status":"closed","template":"","meta":{"footnotes":""},"yoast_head":"<!-- This site is optimized with the Yoast SEO plugin v21.0 - https:\/\/yoast.com\/wordpress\/plugins\/seo\/ -->\n<title>S15 - Teoria di Lie - Congresso UMI 2023<\/title>\n<meta name=\"robots\" content=\"index, follow, max-snippet:-1, max-image-preview:large, max-video-preview:-1\" \/>\n<link rel=\"canonical\" href=\"https:\/\/umi.dm.unibo.it\/congresso2023\/programma\/sezioni\/s14b-teoria-di-lie\/\" \/>\n<meta property=\"og:locale\" content=\"it_IT\" \/>\n<meta property=\"og:type\" content=\"article\" \/>\n<meta property=\"og:title\" content=\"S15 - Teoria di Lie - Congresso UMI 2023\" \/>\n<meta property=\"og:description\" content=\"Le comunicazioni si terranno nei giorni luned\u00ec 4 e marted\u00ec 5, Polo Fibonacci, Aula F1 Lucia Bagnoli Universit\u00e0 di Zagabria On the finite irreducible module over some conformal superlgebras ore 15.40-16.20, luned\u00ec 4 settembre Giovanna Carnovale Universit\u00e0 di Padova The Jordan stratification for enhanced and exotic module ore 18.05-18.45, marted\u00ec 5 settembre Fabrizio Caselli Universit\u00e0 [&hellip;]\" \/>\n<meta property=\"og:url\" content=\"https:\/\/umi.dm.unibo.it\/congresso2023\/programma\/sezioni\/s14b-teoria-di-lie\/\" \/>\n<meta property=\"og:site_name\" content=\"Congresso UMI 2023\" \/>\n<meta property=\"article:modified_time\" content=\"2023-09-03T09:11:39+00:00\" \/>\n<meta name=\"twitter:label1\" content=\"Tempo di lettura stimato\" \/>\n\t<meta name=\"twitter:data1\" content=\"2 minuti\" \/>\n<script type=\"application\/ld+json\" class=\"yoast-schema-graph\">{\"@context\":\"https:\/\/schema.org\",\"@graph\":[{\"@type\":\"WebPage\",\"@id\":\"https:\/\/umi.dm.unibo.it\/congresso2023\/programma\/sezioni\/s14b-teoria-di-lie\/\",\"url\":\"https:\/\/umi.dm.unibo.it\/congresso2023\/programma\/sezioni\/s14b-teoria-di-lie\/\",\"name\":\"S15 - Teoria di Lie - Congresso UMI 2023\",\"isPartOf\":{\"@id\":\"https:\/\/umi.dm.unibo.it\/congresso2023\/#website\"},\"datePublished\":\"2019-07-28T14:41:35+00:00\",\"dateModified\":\"2023-09-03T09:11:39+00:00\",\"breadcrumb\":{\"@id\":\"https:\/\/umi.dm.unibo.it\/congresso2023\/programma\/sezioni\/s14b-teoria-di-lie\/#breadcrumb\"},\"inLanguage\":\"it-IT\",\"potentialAction\":[{\"@type\":\"ReadAction\",\"target\":[\"https:\/\/umi.dm.unibo.it\/congresso2023\/programma\/sezioni\/s14b-teoria-di-lie\/\"]}]},{\"@type\":\"BreadcrumbList\",\"@id\":\"https:\/\/umi.dm.unibo.it\/congresso2023\/programma\/sezioni\/s14b-teoria-di-lie\/#breadcrumb\",\"itemListElement\":[{\"@type\":\"ListItem\",\"position\":1,\"name\":\"Home\",\"item\":\"https:\/\/umi.dm.unibo.it\/congresso2023\/\"},{\"@type\":\"ListItem\",\"position\":2,\"name\":\"Programma\",\"item\":\"https:\/\/umi.dm.unibo.it\/congresso2023\/programma\/\"},{\"@type\":\"ListItem\",\"position\":3,\"name\":\"Sezioni\",\"item\":\"https:\/\/umi.dm.unibo.it\/congresso2023\/programma\/sezioni\/\"},{\"@type\":\"ListItem\",\"position\":4,\"name\":\"S15 &#8211; Teoria di Lie\"}]},{\"@type\":\"WebSite\",\"@id\":\"https:\/\/umi.dm.unibo.it\/congresso2023\/#website\",\"url\":\"https:\/\/umi.dm.unibo.it\/congresso2023\/\",\"name\":\"Congresso UMI 2023\",\"description\":\"Un nuovo sito targato WordPress\",\"potentialAction\":[{\"@type\":\"SearchAction\",\"target\":{\"@type\":\"EntryPoint\",\"urlTemplate\":\"https:\/\/umi.dm.unibo.it\/congresso2023\/?s={search_term_string}\"},\"query-input\":\"required name=search_term_string\"}],\"inLanguage\":\"it-IT\"}]}<\/script>\n<!-- \/ Yoast SEO plugin. -->","yoast_head_json":{"title":"S15 - Teoria di Lie - Congresso UMI 2023","robots":{"index":"index","follow":"follow","max-snippet":"max-snippet:-1","max-image-preview":"max-image-preview:large","max-video-preview":"max-video-preview:-1"},"canonical":"https:\/\/umi.dm.unibo.it\/congresso2023\/programma\/sezioni\/s14b-teoria-di-lie\/","og_locale":"it_IT","og_type":"article","og_title":"S15 - Teoria di Lie - Congresso UMI 2023","og_description":"Le comunicazioni si terranno nei giorni luned\u00ec 4 e marted\u00ec 5, Polo Fibonacci, Aula F1 Lucia Bagnoli Universit\u00e0 di Zagabria On the finite irreducible module over some conformal superlgebras ore 15.40-16.20, luned\u00ec 4 settembre Giovanna Carnovale Universit\u00e0 di Padova The Jordan stratification for enhanced and exotic module ore 18.05-18.45, marted\u00ec 5 settembre Fabrizio Caselli Universit\u00e0 [&hellip;]","og_url":"https:\/\/umi.dm.unibo.it\/congresso2023\/programma\/sezioni\/s14b-teoria-di-lie\/","og_site_name":"Congresso UMI 2023","article_modified_time":"2023-09-03T09:11:39+00:00","twitter_misc":{"Tempo di lettura stimato":"2 minuti"},"schema":{"@context":"https:\/\/schema.org","@graph":[{"@type":"WebPage","@id":"https:\/\/umi.dm.unibo.it\/congresso2023\/programma\/sezioni\/s14b-teoria-di-lie\/","url":"https:\/\/umi.dm.unibo.it\/congresso2023\/programma\/sezioni\/s14b-teoria-di-lie\/","name":"S15 - Teoria di Lie - Congresso UMI 2023","isPartOf":{"@id":"https:\/\/umi.dm.unibo.it\/congresso2023\/#website"},"datePublished":"2019-07-28T14:41:35+00:00","dateModified":"2023-09-03T09:11:39+00:00","breadcrumb":{"@id":"https:\/\/umi.dm.unibo.it\/congresso2023\/programma\/sezioni\/s14b-teoria-di-lie\/#breadcrumb"},"inLanguage":"it-IT","potentialAction":[{"@type":"ReadAction","target":["https:\/\/umi.dm.unibo.it\/congresso2023\/programma\/sezioni\/s14b-teoria-di-lie\/"]}]},{"@type":"BreadcrumbList","@id":"https:\/\/umi.dm.unibo.it\/congresso2023\/programma\/sezioni\/s14b-teoria-di-lie\/#breadcrumb","itemListElement":[{"@type":"ListItem","position":1,"name":"Home","item":"https:\/\/umi.dm.unibo.it\/congresso2023\/"},{"@type":"ListItem","position":2,"name":"Programma","item":"https:\/\/umi.dm.unibo.it\/congresso2023\/programma\/"},{"@type":"ListItem","position":3,"name":"Sezioni","item":"https:\/\/umi.dm.unibo.it\/congresso2023\/programma\/sezioni\/"},{"@type":"ListItem","position":4,"name":"S15 &#8211; Teoria di Lie"}]},{"@type":"WebSite","@id":"https:\/\/umi.dm.unibo.it\/congresso2023\/#website","url":"https:\/\/umi.dm.unibo.it\/congresso2023\/","name":"Congresso UMI 2023","description":"Un nuovo sito targato WordPress","potentialAction":[{"@type":"SearchAction","target":{"@type":"EntryPoint","urlTemplate":"https:\/\/umi.dm.unibo.it\/congresso2023\/?s={search_term_string}"},"query-input":"required name=search_term_string"}],"inLanguage":"it-IT"}]}},"_links":{"self":[{"href":"https:\/\/umi.dm.unibo.it\/congresso2023\/wp-json\/wp\/v2\/pages\/2186"}],"collection":[{"href":"https:\/\/umi.dm.unibo.it\/congresso2023\/wp-json\/wp\/v2\/pages"}],"about":[{"href":"https:\/\/umi.dm.unibo.it\/congresso2023\/wp-json\/wp\/v2\/types\/page"}],"author":[{"embeddable":true,"href":"https:\/\/umi.dm.unibo.it\/congresso2023\/wp-json\/wp\/v2\/users\/3"}],"replies":[{"embeddable":true,"href":"https:\/\/umi.dm.unibo.it\/congresso2023\/wp-json\/wp\/v2\/comments?post=2186"}],"version-history":[{"count":19,"href":"https:\/\/umi.dm.unibo.it\/congresso2023\/wp-json\/wp\/v2\/pages\/2186\/revisions"}],"predecessor-version":[{"id":6037,"href":"https:\/\/umi.dm.unibo.it\/congresso2023\/wp-json\/wp\/v2\/pages\/2186\/revisions\/6037"}],"up":[{"embeddable":true,"href":"https:\/\/umi.dm.unibo.it\/congresso2023\/wp-json\/wp\/v2\/pages\/205"}],"wp:attachment":[{"href":"https:\/\/umi.dm.unibo.it\/congresso2023\/wp-json\/wp\/v2\/media?parent=2186"}],"curies":[{"name":"wp","href":"https:\/\/api.w.org\/{rel}","templated":true}]}}