{"id":2164,"date":"2019-07-28T16:21:34","date_gmt":"2019-07-28T14:21:34","guid":{"rendered":"http:\/\/umi.dm.unibo.it\/congresso2019\/?page_id=2164"},"modified":"2023-08-25T09:28:08","modified_gmt":"2023-08-25T07:28:08","slug":"s14-algebra","status":"publish","type":"page","link":"https:\/\/umi.dm.unibo.it\/congresso2023\/programma\/sezioni\/s14-algebra\/","title":{"rendered":"S14 &#8211; Algebra"},"content":{"rendered":"<p><strong>Le comunicazioni si svolgeranno nei giorni luned\u00ec 4, marted\u00ec 5 e mercoled\u00ec 6 settembre, Polo Fibonacci, Aula A<\/strong><\/p>\n<p>&nbsp;<\/p>\n<p>&nbsp;<\/p>\n<table border=\"0\" frame=\"VOID\" rules=\"NONE\" cellspacing=\"0\">\n<colgroup>\n<col width=\"114\" \/>\n<col width=\"114\" \/>\n<col width=\"114\" \/>\n<col width=\"114\" \/><\/colgroup>\n<tbody>\n<tr>\n<td align=\"LEFT\" width=\"114\" height=\"22\"><span style=\"color: #000000; font-family: Helvetica;\">Federico<\/span><\/td>\n<td align=\"LEFT\" width=\"114\"><span style=\"color: #000000; font-family: Helvetica;\">Bambozzi<\/span><\/td>\n<td align=\"LEFT\" width=\"114\"><span style=\"color: #000000; font-family: Helvetica;\">Universit\u00e0 di Padova<\/span><\/td>\n<td align=\"LEFT\" width=\"114\"><span style=\"color: #000000; font-family: Helvetica Neue; font-size: small;\">Matematica bornologica e condensata.<\/span><\/td>\n<td align=\"LEFT\" nowrap=\"nowrap\" width=\"auto\"><span style=\"color: #000000; font-family: Helvetica;\">ore 11.00-11.20, mercoled\u00ec 6 settembre<\/span><\/td>\n<\/tr>\n<tr>\n<td align=\"LEFT\" width=\"114\" height=\"22\"><span style=\"color: #000000; font-family: Helvetica;\">Anna<\/span><\/td>\n<td align=\"LEFT\" width=\"114\"><span style=\"color: #000000; font-family: Helvetica;\">Barbieri<\/span><\/td>\n<td align=\"LEFT\" width=\"114\"><span style=\"color: #000000; font-family: Helvetica;\">Universit\u00e0 di Padova<\/span><\/td>\n<td align=\"LEFT\" width=\"114\"><span style=\"color: #000000; font-family: Helvetica;\">Quotient Ginzburg categories<\/span><\/td>\n<td align=\"LEFT\" nowrap=\"nowrap\" width=\"auto\"><span style=\"color: #000000; font-family: Helvetica;\">ore 11.20-11.40, mercoled\u00ec 6 settembre<\/span><\/td>\n<\/tr>\n<tr>\n<td align=\"LEFT\" height=\"22\"><span style=\"color: #000000; font-family: Helvetica;\">Alessio<\/span><\/td>\n<td align=\"LEFT\"><span style=\"color: #000000; font-family: Helvetica;\">Caminata<\/span><\/td>\n<td align=\"LEFT\"><span style=\"color: #000000; font-family: Helvetica;\">Universit\u00e0 di Genova<\/span><\/td>\n<td align=\"LEFT\"><span style=\"color: #000000; font-family: Helvetica;\">Solving Multivariate Polynomial Systems in Cryptography with Groebner Bases<\/span><\/td>\n<td align=\"LEFT\" nowrap=\"nowrap\" width=\"auto\"><span style=\"color: #000000; font-family: Helvetica;\">ore 15.20-15.40, luned\u00ec 4 settembre<\/span><\/td>\n<\/tr>\n<tr>\n<td align=\"LEFT\" height=\"22\"><span style=\"color: #000000; font-family: Helvetica;\">Alan<\/span><\/td>\n<td align=\"LEFT\"><span style=\"color: #000000; font-family: Helvetica;\">Cigoli<\/span><\/td>\n<td align=\"LEFT\"><span style=\"color: #000000; font-family: Helvetica;\">Universit\u00e0 di Torino<\/span><\/td>\n<td align=\"LEFT\"><span style=\"color: #000000; font-family: Helvetica;\">Cohomology of groups, a categorical perspective<\/span><\/td>\n<td align=\"LEFT\" nowrap=\"nowrap\" width=\"auto\"><span style=\"color: #000000; font-family: Helvetica;\">ore 17.05-17.25, marted\u00ec 5 settembre<\/span><\/td>\n<\/tr>\n<tr>\n<td align=\"LEFT\" height=\"22\"><span style=\"color: #000000; font-family: Helvetica;\">Alessio<\/span><\/td>\n<td align=\"LEFT\"><span style=\"color: #000000; font-family: Helvetica;\">D&#8217;Al\u00ec<\/span><\/td>\n<td align=\"LEFT\"><span style=\"color: #000000; font-family: Helvetica;\">Politecnico di Milano<\/span><\/td>\n<td align=\"LEFT\"><span style=\"color: #000000; font-family: Helvetica;\">Sulla propriet\u00e0 di Koszul per algebre artiniane Gorenstein<\/span><\/td>\n<td align=\"LEFT\" nowrap=\"nowrap\" width=\"auto\"><span style=\"color: #000000; font-family: Helvetica;\">ore 17.45-18.05, marted\u00ec 5 settembre<\/span><\/td>\n<\/tr>\n<tr>\n<td align=\"LEFT\" height=\"22\"><span style=\"color: #000000; font-family: Helvetica;\">Luca<\/span><\/td>\n<td align=\"LEFT\"><span style=\"color: #000000; font-family: Helvetica;\">Di Gravina<\/span><\/td>\n<td align=\"LEFT\"><span style=\"color: #000000; font-family: Helvetica Neue; font-size: small;\">Heinrich-Heine-Universit\u00e4t D\u00fcsseldorf<\/span><\/td>\n<td align=\"LEFT\"><span style=\"color: #000000; font-family: Helvetica;\">Operatori di chiusura per reticoli di sottogruppi e funzione di M\u00f6bius<\/span><\/td>\n<td align=\"LEFT\" nowrap=\"nowrap\" width=\"auto\"><span style=\"color: #000000; font-family: Helvetica;\">ore 16.40-17.00, luned\u00ec 4 settembre<\/span><\/td>\n<\/tr>\n<tr>\n<td align=\"LEFT\" height=\"22\"><span style=\"color: #000000; font-family: Helvetica;\">Francesca<\/span><\/td>\n<td align=\"LEFT\"><span style=\"color: #000000; font-family: Helvetica;\">Fedele<\/span><\/td>\n<td align=\"LEFT\"><span style=\"color: #000000; font-family: Helvetica Neue; font-size: small;\">University of Leeds<\/span><\/td>\n<td align=\"LEFT\"><span style=\"color: #000000; font-family: Helvetica;\">Representation theory of super cluster algebras<\/span><\/td>\n<td align=\"LEFT\" nowrap=\"nowrap\" width=\"auto\"><span style=\"color: #000000; font-family: Helvetica;\">ore 12.40-13.00, marted\u00ec 5 settembre<\/span><\/td>\n<\/tr>\n<tr>\n<td align=\"LEFT\" height=\"22\"><span style=\"color: #000000; font-family: Helvetica;\">Carmelo Antonio<\/span><\/td>\n<td align=\"LEFT\"><span style=\"color: #000000; font-family: Helvetica;\">Finocchiaro<\/span><\/td>\n<td align=\"LEFT\"><span style=\"color: #000000; font-family: Helvetica;\">Universit\u00e0 di Catania<\/span><\/td>\n<td align=\"LEFT\"><span style=\"color: #000000; font-family: Helvetica;\">Ideali primi di prodotti infiniti di anelli commutativi<\/span><\/td>\n<td align=\"LEFT\" nowrap=\"nowrap\" width=\"auto\"><span style=\"color: #000000; font-family: Helvetica;\">ore 12.00-12.20, mercoled\u00ec 6 settembre<\/span><\/td>\n<\/tr>\n<tr>\n<td align=\"LEFT\" height=\"22\"><span style=\"color: #000000; font-family: Helvetica;\">Sonia<\/span><\/td>\n<td align=\"LEFT\"><span style=\"color: #000000; font-family: Helvetica;\">L&#8217;Innocente<\/span><\/td>\n<td align=\"LEFT\"><span style=\"color: #000000; font-family: Helvetica;\">Universit\u00e0 di Camerino<\/span><\/td>\n<td align=\"LEFT\"><span style=\"color: #000000; font-family: Helvetica;\">The universal *-regular R-ring<\/span><\/td>\n<td align=\"LEFT\" nowrap=\"nowrap\" width=\"auto\"><span style=\"color: #000000; font-family: Helvetica;\">ore 12.00-11.20, marted\u00ec 5 settembre<\/span><\/td>\n<\/tr>\n<tr>\n<td align=\"LEFT\" height=\"22\"><span style=\"color: #000000; font-family: Helvetica;\">Giovanna<\/span><\/td>\n<td align=\"LEFT\"><span style=\"color: #000000; font-family: Helvetica;\">Le Gros<\/span><\/td>\n<td align=\"LEFT\"><span style=\"color: #000000; font-family: Helvetica;\">Universit\u00e0 di Padova<\/span><\/td>\n<td align=\"LEFT\"><span style=\"color: #000000; font-family: Helvetica;\">Generalisations of Bass&#8217; Theorem P over commutative rings<\/span><\/td>\n<td align=\"LEFT\" nowrap=\"nowrap\" width=\"auto\"><span style=\"color: #000000; font-family: Helvetica;\">ore 17.25-17.45, marted\u00ec 5 settembre<\/span><\/td>\n<\/tr>\n<tr>\n<td align=\"LEFT\" height=\"22\"><span style=\"color: #000000; font-family: Helvetica;\">Francesca<\/span><\/td>\n<td align=\"LEFT\"><span style=\"color: #000000; font-family: Helvetica;\">Mantese<\/span><\/td>\n<td align=\"LEFT\"><span style=\"color: #000000; font-family: Helvetica;\">Unversit\u00e0 di Verona<\/span><\/td>\n<td align=\"LEFT\"><span style=\"color: #000000; font-family: Helvetica;\">Irreducible representations of fthe free algebra K &lt; x_1,\\cdots, x_n &gt; through Leavitt Path Algebras<\/span><\/td>\n<td align=\"LEFT\" nowrap=\"nowrap\" width=\"auto\"><span style=\"color: #000000; font-family: Helvetica;\">ore 15.00-15.20, luned\u00ec 4 settembre<\/span><\/td>\n<\/tr>\n<tr>\n<td align=\"LEFT\" height=\"22\"><span style=\"color: #000000; font-family: Helvetica;\">Francesco<\/span><\/td>\n<td align=\"LEFT\"><span style=\"color: #000000; font-family: Helvetica;\">Matucci<\/span><\/td>\n<td align=\"LEFT\"><span style=\"color: #000000; font-family: Helvetica;\">Universit\u00e0 \u00a0di Milano-Bicocca<\/span><\/td>\n<td align=\"LEFT\"><span style=\"color: #000000; font-family: Helvetica;\">Embeddings into finitely presented simple groups<\/span><\/td>\n<td align=\"LEFT\" nowrap=\"nowrap\" width=\"auto\"><span style=\"color: #000000; font-family: Helvetica;\">ore 11.00-11.20, marted\u00ec 5 settembre<\/span><\/td>\n<\/tr>\n<tr>\n<td align=\"LEFT\" height=\"22\"><span style=\"color: #000000; font-family: Helvetica;\">Carmine<\/span><\/td>\n<td align=\"LEFT\"><span style=\"color: #000000; font-family: Helvetica;\">Monetta<\/span><\/td>\n<td align=\"LEFT\"><span style=\"color: #000000; font-family: Helvetica;\">Universit\u00e0 \u00a0di Salerno<\/span><\/td>\n<td align=\"LEFT\"><span style=\"color: #000000; font-family: Helvetica;\">Grafi associati a gruppi finiti<\/span><\/td>\n<td align=\"LEFT\" nowrap=\"nowrap\" width=\"auto\"><span style=\"color: #000000; font-family: Helvetica;\">ore 18.25-18.45, marted\u00ec 5 settembre<\/span><\/td>\n<\/tr>\n<tr>\n<td align=\"LEFT\" height=\"22\"><span style=\"color: #000000; font-family: Helvetica;\">Daniele<\/span><\/td>\n<td align=\"LEFT\"><span style=\"color: #000000; font-family: Helvetica;\">Nemmi<\/span><\/td>\n<td align=\"LEFT\"><span style=\"color: #000000; font-family: Helvetica;\">Universit\u00e0 di Padova<\/span><\/td>\n<td align=\"LEFT\"><span style=\"color: #000000; font-family: Helvetica;\">Minimal generating sets of finite groups<\/span><\/td>\n<td align=\"LEFT\" nowrap=\"nowrap\" width=\"auto\"><span style=\"color: #000000; font-family: Helvetica;\">ore 18.05-18.25, marted\u00ec 5 settembre<\/span><\/td>\n<\/tr>\n<tr>\n<td align=\"LEFT\" height=\"22\"><span style=\"color: #000000; font-family: Helvetica;\">Marialuana<\/span><\/td>\n<td align=\"LEFT\"><span style=\"color: #000000; font-family: Helvetica;\">Noce<\/span><\/td>\n<td align=\"LEFT\"><span style=\"color: #000000; font-family: Helvetica;\">Universit\u00e0 \u00a0di Salerno<\/span><\/td>\n<td align=\"LEFT\"><span style=\"color: #000000; font-family: Helvetica;\">Hausdorff dimension of groups acting on trees<\/span><\/td>\n<td align=\"LEFT\" nowrap=\"nowrap\" width=\"auto\"><span style=\"color: #000000; font-family: Helvetica;\">ore 16.20-16.40, luned\u00ec 4 settembre<\/span><\/td>\n<\/tr>\n<tr>\n<td align=\"LEFT\" height=\"22\"><span style=\"color: #000000; font-family: Helvetica;\">Sergio<\/span><\/td>\n<td align=\"LEFT\"><span style=\"color: #000000; font-family: Helvetica;\">Pavon<\/span><\/td>\n<td align=\"LEFT\"><span style=\"color: #000000; font-family: Helvetica;\">Universit\u00e0 di Padova<\/span><\/td>\n<td align=\"LEFT\"><span style=\"color: #000000; font-family: Helvetica;\">Relative additive functions on abelian categories<\/span><\/td>\n<td align=\"LEFT\" nowrap=\"nowrap\" width=\"auto\"><span style=\"color: #000000; font-family: Helvetica;\">ore 16.45-17.05, marted\u00ec 5 settembre<\/span><\/td>\n<\/tr>\n<tr>\n<td align=\"LEFT\" height=\"22\"><span style=\"color: #000000; font-family: Helvetica;\">Giulio<\/span><\/td>\n<td align=\"LEFT\"><span style=\"color: #000000; font-family: Helvetica;\">Peruginelli<\/span><\/td>\n<td align=\"LEFT\"><span style=\"color: #000000; font-family: Helvetica;\">Universit\u00e0 di Padova<\/span><\/td>\n<td align=\"LEFT\"><span style=\"color: #000000; font-family: Helvetica;\">Domini di Dedekind polinomiali con campi residui finiti<\/span><\/td>\n<td align=\"LEFT\" nowrap=\"nowrap\" width=\"auto\"><span style=\"color: #000000; font-family: Helvetica;\">ore 12.20-12.40, mercoled\u00ec 6 settembre<\/span><\/td>\n<\/tr>\n<tr>\n<td align=\"LEFT\" height=\"22\"><span style=\"color: #000000; font-family: Helvetica;\">Lleonard<\/span><\/td>\n<td align=\"LEFT\"><span style=\"color: #000000; font-family: Helvetica;\">Rubio y Degrassi<\/span><\/td>\n<td align=\"LEFT\"><span style=\"color: #000000; font-family: Helvetica;\">Uppsala University<\/span><\/td>\n<td align=\"LEFT\"><span style=\"color: #000000; font-family: Helvetica;\">First Hochschild cohomology and the fundamental group<\/span><\/td>\n<td align=\"LEFT\" nowrap=\"nowrap\" width=\"auto\"><span style=\"color: #000000; font-family: Helvetica;\">ore 12.20-12.40, marted\u00ec 5 settembre<\/span><\/td>\n<\/tr>\n<tr>\n<td align=\"LEFT\" height=\"22\"><span style=\"color: #000000; font-family: Helvetica;\">Luca<\/span><\/td>\n<td align=\"LEFT\"><span style=\"color: #000000; font-family: Helvetica;\">Sabatini<\/span><\/td>\n<td align=\"LEFT\"><span style=\"color: #000000; font-family: Helvetica;\">Alfr\u00e9d R\u00e9nyi Institute of Mathematics<\/span><\/td>\n<td align=\"LEFT\"><span style=\"color: #000000; font-family: Helvetica;\">Expander graphs from group theory<\/span><\/td>\n<td align=\"LEFT\" nowrap=\"nowrap\" width=\"auto\"><span style=\"color: #000000; font-family: Helvetica;\">ore 11.40-12.00, marted\u00ec 5 settembre<\/span><\/td>\n<\/tr>\n<tr>\n<td align=\"LEFT\" height=\"22\"><span style=\"color: #000000; font-family: Helvetica;\">Alessio<\/span><\/td>\n<td align=\"LEFT\"><span style=\"color: #000000; font-family: Helvetica;\">Sammartano<\/span><\/td>\n<td align=\"LEFT\"><span style=\"color: #000000; font-family: Helvetica;\">Politecnico di Milano<\/span><\/td>\n<td align=\"LEFT\"><span style=\"color: #000000; font-family: Helvetica;\">Aspetti algebrici e combinatorici degli schemi di Hilbert<\/span><\/td>\n<td align=\"LEFT\" nowrap=\"nowrap\" width=\"auto\"><span style=\"color: #000000; font-family: Helvetica;\">ore 11.40-12.00, mercoled\u00ec 6 settembre<\/span><\/td>\n<\/tr>\n<tr>\n<td align=\"LEFT\" height=\"22\"><span style=\"color: #000000; font-family: Helvetica;\">Dario<\/span><\/td>\n<td align=\"LEFT\"><span style=\"color: #000000; font-family: Helvetica;\">Spirito<\/span><\/td>\n<td align=\"LEFT\"><span style=\"color: #000000; font-family: Helvetica;\">Universit\u00e0 di Udine<\/span><\/td>\n<td align=\"LEFT\"><span style=\"color: #000000; font-family: Helvetica;\">Uso di insiemi derivati in algebra commutativa<\/span><\/td>\n<td align=\"LEFT\" nowrap=\"nowrap\" width=\"auto\"><span style=\"color: #000000; font-family: Helvetica;\">ore 12.40-13.00, mercoled\u00ec 6 settembre<\/span><\/td>\n<\/tr>\n<tr>\n<td align=\"LEFT\" height=\"22\"><span style=\"color: #000000; font-family: Helvetica;\">Lorenzo<\/span><\/td>\n<td align=\"LEFT\"><span style=\"color: #000000; font-family: Helvetica;\">Stefanello<\/span><\/td>\n<td align=\"LEFT\"><span style=\"color: #000000; font-family: Helvetica;\">Universit\u00e0 di Pisa<\/span><\/td>\n<td align=\"LEFT\"><span style=\"color: #000000; font-family: Helvetica;\">Skew braces: From the Yang\u2013Baxter equation to Hopf\u2013Galois structures<\/span><\/td>\n<td align=\"LEFT\" nowrap=\"nowrap\" width=\"auto\"><span style=\"color: #000000; font-family: Helvetica;\">ore 15.40-16.00, luned\u00ec 4 settembre<\/span><\/td>\n<\/tr>\n<tr>\n<td align=\"LEFT\" height=\"22\"><span style=\"color: #000000; font-family: Helvetica;\">Matteo<\/span><\/td>\n<td align=\"LEFT\"><span style=\"color: #000000; font-family: Helvetica;\">Tarocchi<\/span><\/td>\n<td align=\"LEFT\"><span style=\"color: #000000; font-family: Helvetica;\">Universit\u00e0 di Milano-Bicocca<\/span><\/td>\n<td align=\"LEFT\"><span style=\"color: #000000; font-family: Helvetica;\">Gruppi di tipo Thompson che agiscono su frattali<\/span><\/td>\n<td align=\"LEFT\" nowrap=\"nowrap\" width=\"auto\"><span style=\"color: #000000; font-family: Helvetica;\">ore 11.20-11.40, marted\u00ec 5 settembre<\/span><\/td>\n<\/tr>\n<tr>\n<td align=\"LEFT\" height=\"22\"><span style=\"color: #000000; font-family: Helvetica;\">Marco<\/span><\/td>\n<td align=\"LEFT\"><span style=\"color: #000000; font-family: Helvetica;\">Trombetti<\/span><\/td>\n<td align=\"LEFT\"><span style=\"color: #000000; font-family: Helvetica;\">Universit\u00e0 di Napoli<\/span><\/td>\n<td align=\"LEFT\"><span style=\"color: #000000; font-family: Helvetica;\">\u03c3-Subnormalit\u00e0 nei gruppi localmente finiti<\/span><\/td>\n<td align=\"LEFT\" nowrap=\"nowrap\" width=\"auto\"><span style=\"color: #000000; font-family: Helvetica;\">ore 16.00-16.20, luned\u00ec 4 settembre<\/span><\/td>\n<\/tr>\n<\/tbody>\n<\/table>\n<p>&nbsp;<\/p>\n","protected":false},"excerpt":{"rendered":"<p>Le comunicazioni si svolgeranno nei giorni luned\u00ec 4, marted\u00ec 5 e mercoled\u00ec 6 settembre, Polo Fibonacci, Aula A &nbsp; &nbsp; Federico Bambozzi Universit\u00e0 di Padova Matematica bornologica e condensata. ore 11.00-11.20, mercoled\u00ec 6 settembre Anna Barbieri Universit\u00e0 di Padova Quotient Ginzburg categories ore 11.20-11.40, mercoled\u00ec 6 settembre Alessio Caminata Universit\u00e0 di Genova Solving Multivariate Polynomial [&hellip;]<\/p>\n","protected":false},"author":3,"featured_media":0,"parent":205,"menu_order":14,"comment_status":"closed","ping_status":"closed","template":"","meta":{"footnotes":""},"yoast_head":"<!-- This site is optimized with the Yoast SEO plugin v21.0 - https:\/\/yoast.com\/wordpress\/plugins\/seo\/ -->\n<title>S14 - Algebra - Congresso UMI 2023<\/title>\n<meta name=\"robots\" content=\"index, follow, max-snippet:-1, max-image-preview:large, max-video-preview:-1\" \/>\n<link rel=\"canonical\" href=\"https:\/\/umi.dm.unibo.it\/congresso2023\/programma\/sezioni\/s14-algebra\/\" \/>\n<meta property=\"og:locale\" content=\"it_IT\" \/>\n<meta property=\"og:type\" content=\"article\" \/>\n<meta property=\"og:title\" content=\"S14 - Algebra - Congresso UMI 2023\" \/>\n<meta property=\"og:description\" content=\"Le comunicazioni si svolgeranno nei giorni luned\u00ec 4, marted\u00ec 5 e mercoled\u00ec 6 settembre, Polo Fibonacci, Aula A &nbsp; &nbsp; Federico Bambozzi Universit\u00e0 di Padova Matematica bornologica e condensata. ore 11.00-11.20, mercoled\u00ec 6 settembre Anna Barbieri Universit\u00e0 di Padova Quotient Ginzburg categories ore 11.20-11.40, mercoled\u00ec 6 settembre Alessio Caminata Universit\u00e0 di Genova Solving Multivariate Polynomial [&hellip;]\" \/>\n<meta property=\"og:url\" content=\"https:\/\/umi.dm.unibo.it\/congresso2023\/programma\/sezioni\/s14-algebra\/\" \/>\n<meta property=\"og:site_name\" content=\"Congresso UMI 2023\" \/>\n<meta property=\"article:modified_time\" content=\"2023-08-25T07:28:08+00:00\" \/>\n<meta name=\"twitter:label1\" content=\"Tempo di lettura stimato\" \/>\n\t<meta name=\"twitter:data1\" content=\"3 minuti\" \/>\n<script type=\"application\/ld+json\" class=\"yoast-schema-graph\">{\"@context\":\"https:\/\/schema.org\",\"@graph\":[{\"@type\":\"WebPage\",\"@id\":\"https:\/\/umi.dm.unibo.it\/congresso2023\/programma\/sezioni\/s14-algebra\/\",\"url\":\"https:\/\/umi.dm.unibo.it\/congresso2023\/programma\/sezioni\/s14-algebra\/\",\"name\":\"S14 - Algebra - Congresso UMI 2023\",\"isPartOf\":{\"@id\":\"https:\/\/umi.dm.unibo.it\/congresso2023\/#website\"},\"datePublished\":\"2019-07-28T14:21:34+00:00\",\"dateModified\":\"2023-08-25T07:28:08+00:00\",\"breadcrumb\":{\"@id\":\"https:\/\/umi.dm.unibo.it\/congresso2023\/programma\/sezioni\/s14-algebra\/#breadcrumb\"},\"inLanguage\":\"it-IT\",\"potentialAction\":[{\"@type\":\"ReadAction\",\"target\":[\"https:\/\/umi.dm.unibo.it\/congresso2023\/programma\/sezioni\/s14-algebra\/\"]}]},{\"@type\":\"BreadcrumbList\",\"@id\":\"https:\/\/umi.dm.unibo.it\/congresso2023\/programma\/sezioni\/s14-algebra\/#breadcrumb\",\"itemListElement\":[{\"@type\":\"ListItem\",\"position\":1,\"name\":\"Home\",\"item\":\"https:\/\/umi.dm.unibo.it\/congresso2023\/\"},{\"@type\":\"ListItem\",\"position\":2,\"name\":\"Programma\",\"item\":\"https:\/\/umi.dm.unibo.it\/congresso2023\/programma\/\"},{\"@type\":\"ListItem\",\"position\":3,\"name\":\"Sezioni\",\"item\":\"https:\/\/umi.dm.unibo.it\/congresso2023\/programma\/sezioni\/\"},{\"@type\":\"ListItem\",\"position\":4,\"name\":\"S14 &#8211; Algebra\"}]},{\"@type\":\"WebSite\",\"@id\":\"https:\/\/umi.dm.unibo.it\/congresso2023\/#website\",\"url\":\"https:\/\/umi.dm.unibo.it\/congresso2023\/\",\"name\":\"Congresso UMI 2023\",\"description\":\"Un nuovo sito targato WordPress\",\"potentialAction\":[{\"@type\":\"SearchAction\",\"target\":{\"@type\":\"EntryPoint\",\"urlTemplate\":\"https:\/\/umi.dm.unibo.it\/congresso2023\/?s={search_term_string}\"},\"query-input\":\"required name=search_term_string\"}],\"inLanguage\":\"it-IT\"}]}<\/script>\n<!-- \/ Yoast SEO plugin. -->","yoast_head_json":{"title":"S14 - Algebra - Congresso UMI 2023","robots":{"index":"index","follow":"follow","max-snippet":"max-snippet:-1","max-image-preview":"max-image-preview:large","max-video-preview":"max-video-preview:-1"},"canonical":"https:\/\/umi.dm.unibo.it\/congresso2023\/programma\/sezioni\/s14-algebra\/","og_locale":"it_IT","og_type":"article","og_title":"S14 - Algebra - Congresso UMI 2023","og_description":"Le comunicazioni si svolgeranno nei giorni luned\u00ec 4, marted\u00ec 5 e mercoled\u00ec 6 settembre, Polo Fibonacci, Aula A &nbsp; &nbsp; Federico Bambozzi Universit\u00e0 di Padova Matematica bornologica e condensata. ore 11.00-11.20, mercoled\u00ec 6 settembre Anna Barbieri Universit\u00e0 di Padova Quotient Ginzburg categories ore 11.20-11.40, mercoled\u00ec 6 settembre Alessio Caminata Universit\u00e0 di Genova Solving Multivariate Polynomial [&hellip;]","og_url":"https:\/\/umi.dm.unibo.it\/congresso2023\/programma\/sezioni\/s14-algebra\/","og_site_name":"Congresso UMI 2023","article_modified_time":"2023-08-25T07:28:08+00:00","twitter_misc":{"Tempo di lettura stimato":"3 minuti"},"schema":{"@context":"https:\/\/schema.org","@graph":[{"@type":"WebPage","@id":"https:\/\/umi.dm.unibo.it\/congresso2023\/programma\/sezioni\/s14-algebra\/","url":"https:\/\/umi.dm.unibo.it\/congresso2023\/programma\/sezioni\/s14-algebra\/","name":"S14 - Algebra - Congresso UMI 2023","isPartOf":{"@id":"https:\/\/umi.dm.unibo.it\/congresso2023\/#website"},"datePublished":"2019-07-28T14:21:34+00:00","dateModified":"2023-08-25T07:28:08+00:00","breadcrumb":{"@id":"https:\/\/umi.dm.unibo.it\/congresso2023\/programma\/sezioni\/s14-algebra\/#breadcrumb"},"inLanguage":"it-IT","potentialAction":[{"@type":"ReadAction","target":["https:\/\/umi.dm.unibo.it\/congresso2023\/programma\/sezioni\/s14-algebra\/"]}]},{"@type":"BreadcrumbList","@id":"https:\/\/umi.dm.unibo.it\/congresso2023\/programma\/sezioni\/s14-algebra\/#breadcrumb","itemListElement":[{"@type":"ListItem","position":1,"name":"Home","item":"https:\/\/umi.dm.unibo.it\/congresso2023\/"},{"@type":"ListItem","position":2,"name":"Programma","item":"https:\/\/umi.dm.unibo.it\/congresso2023\/programma\/"},{"@type":"ListItem","position":3,"name":"Sezioni","item":"https:\/\/umi.dm.unibo.it\/congresso2023\/programma\/sezioni\/"},{"@type":"ListItem","position":4,"name":"S14 &#8211; Algebra"}]},{"@type":"WebSite","@id":"https:\/\/umi.dm.unibo.it\/congresso2023\/#website","url":"https:\/\/umi.dm.unibo.it\/congresso2023\/","name":"Congresso UMI 2023","description":"Un nuovo sito targato WordPress","potentialAction":[{"@type":"SearchAction","target":{"@type":"EntryPoint","urlTemplate":"https:\/\/umi.dm.unibo.it\/congresso2023\/?s={search_term_string}"},"query-input":"required name=search_term_string"}],"inLanguage":"it-IT"}]}},"_links":{"self":[{"href":"https:\/\/umi.dm.unibo.it\/congresso2023\/wp-json\/wp\/v2\/pages\/2164"}],"collection":[{"href":"https:\/\/umi.dm.unibo.it\/congresso2023\/wp-json\/wp\/v2\/pages"}],"about":[{"href":"https:\/\/umi.dm.unibo.it\/congresso2023\/wp-json\/wp\/v2\/types\/page"}],"author":[{"embeddable":true,"href":"https:\/\/umi.dm.unibo.it\/congresso2023\/wp-json\/wp\/v2\/users\/3"}],"replies":[{"embeddable":true,"href":"https:\/\/umi.dm.unibo.it\/congresso2023\/wp-json\/wp\/v2\/comments?post=2164"}],"version-history":[{"count":24,"href":"https:\/\/umi.dm.unibo.it\/congresso2023\/wp-json\/wp\/v2\/pages\/2164\/revisions"}],"predecessor-version":[{"id":5964,"href":"https:\/\/umi.dm.unibo.it\/congresso2023\/wp-json\/wp\/v2\/pages\/2164\/revisions\/5964"}],"up":[{"embeddable":true,"href":"https:\/\/umi.dm.unibo.it\/congresso2023\/wp-json\/wp\/v2\/pages\/205"}],"wp:attachment":[{"href":"https:\/\/umi.dm.unibo.it\/congresso2023\/wp-json\/wp\/v2\/media?parent=2164"}],"curies":[{"name":"wp","href":"https:\/\/api.w.org\/{rel}","templated":true}]}}