{"id":205,"date":"2014-07-01T12:33:42","date_gmt":"2014-07-01T10:33:42","guid":{"rendered":"http:\/\/umi.dm.unibo.it\/congresso2019\/?page_id=205"},"modified":"2023-07-31T16:29:24","modified_gmt":"2023-07-31T14:29:24","slug":"sezioni","status":"publish","type":"page","link":"https:\/\/umi.dm.unibo.it\/congresso2023\/programma\/sezioni\/","title":{"rendered":"Sezioni"},"content":{"rendered":"<p>Il Comitato Scientifico del Congresso ha attivato le seguenti sezioni, con i relativi coordinatori:<\/p>\n<p><span style=\"color: #008000;\"><em><a style=\"color: #008000;\" href=\"https:\/\/umi.dm.unibo.it\/congresso2023\/programma\/sezioni\/s1-analisi-non-lineare-e-sistemi-hamiltoniani\/\">S1: Analisi non lineare e sistemi hamiltoniani<\/a><\/em><\/span><br \/>\n<small><a href=\"mailto:berti@sissa.it\">Massimiliano Berti<\/a>, <a href=\"pierpaolo.esposito@uniroma3.it\">Pierpaolo Esposito <\/a><\/small><\/p>\n<p><span style=\"color: #008000;\"><em><a style=\"color: #008000;\" href=\"https:\/\/umi.dm.unibo.it\/congresso2023\/programma\/sezioni\/s2-equazione-differenziali-alle-derivate-parziali\/\">S2: Equazioni differenziali alle derivate parziali<\/a><\/em><\/span><br \/>\n<small><a href=\"mailto:ancona@math.unipd.it\">Fabio Ancona<\/a>, <a href=\"mailto:giulio.ciraolo@unimi.it\">Giulio Ciraolo<\/a><\/small><\/p>\n<p><span style=\"color: #008000;\"><em><a style=\"color: #008000;\" href=\"https:\/\/umi.dm.unibo.it\/congresso2023\/programma\/sezioni\/s3-equazione-differenziali-ordinarie-e-sistemi-dinamici\/\">S3: Equazioni differenziali ordinarie e sistemi dinamici<\/a><\/em><\/span><br \/>\n<small><a href=\"mailto:gianmaria.verzini@polimi.it\">Gianmaria Verzini<\/a>, <a href=\"mailto:s.marmi@sns.it\">Stefano Marmi<\/a><\/small><\/p>\n<p><em><span style=\"color: #008000;\"><a style=\"color: #008000;\" href=\"https:\/\/umi.dm.unibo.it\/congresso2023\/programma\/sezioni\/s4-calcolo-delle-variazioni-e-controllo\/\">S4: Calcolo delle variazioni e controllo<\/a><\/span><\/em><br \/>\n<small><a href=\"mailto:mariagiovanna.mora@unipv.it\">Maria Giovanna Mora<\/a>, <a href=\"mailto:porretta@mat.uniroma2.it\">Alessio Porretta<\/a><\/small><\/p>\n<p><span style=\"color: #008000;\"><em><a style=\"color: #008000;\" href=\"https:\/\/umi.dm.unibo.it\/congresso2023\/programma\/sezioni\/s5-analisi-reale-e-disuguaglianze-funzionali\/\">S5: Analisi reale e disuguaglianze funzionali<\/a><\/em><\/span><br \/>\n<small><a href=\"mailto:maggi@math.utexas.edu\">Francesco Maggi<\/a>, <a href=\"mailto:c.nitsch@unina.it\">Carlo Nitsch<\/a><\/small><\/p>\n<p><span style=\"color: #008000;\"><em><a style=\"color: #008000;\" href=\"https:\/\/umi.dm.unibo.it\/congresso2023\/programma\/sezioni\/s6-analisi-armonica\/\">S6: Analisi armonica<\/a><\/em><\/span><br \/>\n<small><a href=\"mailto:nicola.arcozzi@unibo.it\">Nicola Arcozzi<\/a>, <a href=\"mailto:maria.vallarino@polito.it\">Maria Vallarino<\/a><\/small><\/p>\n<p><span style=\"color: #008000;\"><em><a style=\"color: #008000;\" href=\"https:\/\/umi.dm.unibo.it\/congresso2023\/programma\/sezioni\/s7-calcolo-delle-probabilita-e-statistica-matematica\/\">S7: Probabilit\u00e0 e statistica matematica<\/a><\/em><\/span><br \/>\n<small><a href=\"mailto:dario.trevisan@unipi.it\">Dario Trevisan<\/a>, <a href=\"mailto:ecandellero@mat.uniroma3.it\">Elisabetta Candellero<\/a><\/small><\/p>\n<p><span style=\"color: #008000;\"><em><a style=\"color: #008000;\" href=\"https:\/\/umi.dm.unibo.it\/congresso2023\/programma\/sezioni\/s8-fisica-matematica\/\">S8: Fisica Matematica<\/a><\/em><\/span><br \/>\n<small><a href=\"mailto:grava@sissa.it\">Tamara Grava<\/a>, <a href=\"mailto:giovanni.federico.gronchi@unipi.it\">Giovanni Gronchi<\/a><\/small><\/p>\n<p><span style=\"color: #008000;\"><em><a style=\"color: #008000;\" href=\"https:\/\/umi.dm.unibo.it\/congresso2023\/programma\/sezioni\/s9-modelli-e-applicazioni\/\">S9: Modelli e applicazioni<\/a><\/em><\/span><br \/>\n<small><a href=\"mailto:marzia.bisi@unipr.it\">Marzia Bisi<\/a>, <a href=\"mailto:gconsolo@unime.it\">Giancarlo Consolo<\/a><\/small><\/p>\n<p><span style=\"color: #008000;\"><em><a style=\"color: #008000;\" href=\"https:\/\/umi.dm.unibo.it\/congresso2023\/programma\/sezioni\/s10-sistemi-dinamici-e-metodi-numerici-per-le-equazioni-differenziali\/\">S10: Sistemi dinamici e metodi numerici per le equazioni differenziali<\/a><\/em><\/span><br \/>\n<small><a href=\"mailto:raffaele.dambrosio@univaq.it\">Raffaele D&#8217;Ambrosio<\/a>, <a href=\"mailto:rossana.vermiglio@uniud.it\">Rossana Vermiglio<\/a><\/small><\/p>\n<p><span style=\"color: #008000;\"><em><a style=\"color: #008000;\" href=\"https:\/\/umi.dm.unibo.it\/congresso2023\/programma\/sezioni\/s11-teoria-dellapprossimazione-ed-applicazioni\/\">S11: Teoria dell&#8217;approssimazione ed applicazioni<\/a><\/em><\/span><br \/>\n<small><a href=\"mailto:carlotta.giannelli@gmail.com\">Carlotta Giannelli<\/a>, <a href=\"mailto:lucia.romani@unibo.it\">Lucia Romani<\/a><\/small><\/p>\n<p><a href=\"https:\/\/umi.dm.unibo.it\/congresso2023\/programma\/sezioni\/s12-algebra-lineare-numerica-ed-applicazioni\/\"><em><span style=\"color: #008000;\">S12: Algebra lineare numerica ed applicazioni<\/span><\/em><\/a><br \/>\n<small><a href=\"mailto:paola.boito@unipi.it\">Paola Boito<\/a>, <a href=\"mailto:bruno.iannazzo@unipg.it \">Bruno Innazzo<\/a><\/small><\/p>\n<p><span style=\"color: #008000;\"><em><a style=\"color: #008000;\" href=\"https:\/\/umi.dm.unibo.it\/congresso2023\/programma\/sezioni\/s13-metodi-numerici-per-le-equazioni-alle-derivate-parziali\/\">S13: Metodi numerici per le equazioni alle derivate parziali<\/a><\/em><\/span><br \/>\n<small><a href=\"mailto:silvia.bertoluzza@imati.cnr.it\">Silvia Bertoluzza<\/a>, <a href=\"mailto:paolo.zunino@polimi.it\">Paolo Zunino<\/a><\/small><\/p>\n<p><em><span style=\"color: #008000;\"><a style=\"color: #008000;\" href=\"https:\/\/umi.dm.unibo.it\/congresso2023\/programma\/sezioni\/s14-algebra\/\">S14: Algebra<\/a><\/span><\/em><br \/>\n<small><a href=\"mailto:lidia.angeleri@univr.it\">Lidia Angeleri<\/a>, <a href=\"mailto:daniela.bubboloni@unifi.it \">Daniela Bubboloni<\/a><\/small><\/p>\n<p><em><span style=\"color: #008000;\"><a style=\"color: #008000;\" href=\"https:\/\/umi.dm.unibo.it\/congresso2023\/programma\/sezioni\/s14b-teoria-di-lie\/\">S15: Teoria di Lie<\/a><\/span><\/em><br \/>\n<small><a href=\"mailto:jacopo.gandini@unibo.it\">Jacopo Gandini<\/a>, <a href=\"mailto:salvatore.stella@univaq.it\">Salvatore Stella<\/a><\/small><\/p>\n<p><span style=\"color: #008000;\"><a style=\"color: #008000;\" href=\"https:\/\/umi.dm.unibo.it\/congresso2023\/programma\/sezioni\/s15-combinatoria\/\"><em>S16: Combinatoria<\/em><\/a><\/span><br \/>\n<small><a href=\"michele.dadderio@unipi.it\">Michele D&#8217;Adderio<\/a>, <a href=\"mailto:lanini@mat.uniroma2.it\">Martina Lanini<\/a><\/small><\/p>\n<p><em><span style=\"color: #008000;\"><a style=\"color: #008000;\" href=\"https:\/\/umi.dm.unibo.it\/congresso2023\/programma\/sezioni\/s16-topologia-e-geometria-differenziale\/\">S17: Topologia e Geometria differenziale<\/a><\/span><\/em><br \/>\n<small><a href=\"mailto:bruno.martelli@unipi.it\">Bruno Martelli<\/a>, <a href=\"mailto:barbara.nelli@univaq.it\">Barbara Nelli<\/a><\/small><\/p>\n<p><a href=\"https:\/\/umi.dm.unibo.it\/congresso2023\/programma\/sezioni\/s17-geometria-complessa\/\"><em><span style=\"color: #008000;\">S18: Geometria Complessa<\/span><\/em><\/a><br \/>\n<small><a href=\"mailto:daniele.angella@unifi.it\">Danile Angella<\/a>, <a href=\"mailto:fabritiis@dipmat.univpm.it\">Chiara de Fabritiis<\/a><\/small><\/p>\n<p><em><span style=\"color: #008000;\"><a style=\"color: #008000;\" href=\"https:\/\/umi.dm.unibo.it\/congresso2023\/programma\/sezioni\/s18-geometria-algebrica\/\">S19: Geometria Algebrica<\/a><\/span><\/em><br \/>\n<small><a href=\"mailto:cinzia.casagrande@unito.it\">Cinzia Casagrande<\/a>, <a href=\"mailto:lopez@mat.uniroma3.it\">Angelo Lopez<\/a><\/small><\/p>\n<p><span style=\"color: #008000;\"><em><a style=\"color: #008000;\" href=\"https:\/\/umi.dm.unibo.it\/congresso2023\/programma\/sezioni\/s19-logica-matematica\/\">S20: Logica Matematica<\/a><\/em><\/span><br \/>\n<small><a href=\"mailto:vincenzo.marra@unimi.it\">Vincenzo Marra<\/a>, <a href=\"mailto:luca.mottoros@unito.it\">Luca Motto Ros<\/a><\/small><\/p>\n<p><span style=\"color: #008000;\"><em><a style=\"color: #008000;\" href=\"https:\/\/umi.dm.unibo.it\/congresso2023\/programma\/sezioni\/s20-teoria-dei-numeri\/\">S21: Teoria dei numeri<\/a><\/em><\/span><br \/>\n<small><a href=\"mailto:vigni@dima.unige.it\">Stefano Vigni<\/a>, <a href=\"mailto:alessandro.gambini@uniroma1.it\">Alessandro Gambini<\/a><\/small><\/p>\n<p><span style=\"color: #008000;\"><em><a style=\"color: #008000;\" href=\"https:\/\/umi.dm.unibo.it\/congresso2023\/programma\/sezioni\/s21-storia-della-matematica\/\">S22: Storia della matematica<\/a><\/em><\/span><br \/>\n<small><a href=\"mailto:alberto.cogliati@unipi.it\">Alberto Cogliati<\/a>, <a href=\"mailto:veronica.gavagna@unifi.it\">Veronica Gavagna<\/a><\/small><\/p>\n<p><span style=\"color: #008000;\"><em><a style=\"color: #008000;\" href=\"https:\/\/umi.dm.unibo.it\/congresso2023\/programma\/sezioni\/s22-didattica-della-matematica\/\">S23: Didattica della matematica<\/a><\/em><\/span><br \/>\n<small><a href=\"mailto:annalisa.cusi@uniroma1.it\">Annalisa Cusi<\/a>, <a href=\"mailto:francesca.martignone@uniupo.it\">Francesa Martignone<\/a><\/small><\/p>\n<p><span style=\"color: #339966;\"><a style=\"color: #339966;\" href=\"https:\/\/umi.dm.unibo.it\/congresso2023\/programma\/sezioni\/laboratorio-pratico-di-comunicazione-della-matematica\/\">Laboratorio pratico di comunicazione della matematica (ex sezione 24)<\/a><\/span><\/p>\n<p><strong>I soci possono<\/strong> proporre delle Sezioni Speciali, aggiuntive rispetto a quelle sopra elencate. Per questioni organizzative, il numero di tali sezioni difficilmente potr\u00e0 superare il numero di cinque. Tra le proposte pervenute, il Comitato Scientifico del Congresso sceglier\u00e0 quelle da attivare, basandosi, tra l&#8217;altro, sulla validit\u00e0 scientifica, l&#8217;interesse e l&#8217;originalit\u00e0 della proposta e la qualit\u00e0 e variet\u00e0 dei partecipanti.<\/p>\n<p>Le proposte, della lunghezza di non pi\u00f9 di due pagine dattiloscritte, dovranno essere inviate mediante la <a href=\"https:\/\/umi.dm.unibo.it\/congresso2023\/programma\/sessioni-speciali\/presentazione-proposta-sezione\/\"><u>apposita pagina<\/u><\/a> sul presente sito, indicando nome, cognome, affiliazione, indirizzo di posta elettronica dei proponenti, titolo della Sezione, struttura, motivazioni, finalit\u00e0 scientifica e elenco dei conferenzieri. La scadenza per la presentazione delle proposte di Sezioni Speciali \u00e8 il 30\/09 p.v. La selezione avverr\u00e0 entro il 31\/12 p.v.<\/p>\n<p>Il compito dei coordinatori delle sezioni consiste innanzitutto nello stimolare fortemente la partecipazione alla sezione di studiosi di livello elevato che possano presentare comunicazioni di grande interesse.<\/p>\n<div>Tipicamente le comunicazioni avranno la durata di 20 o 40 minuti inclusa la discussione. I coordinatori delle sezioni potranno tuttavia prevedere un uso diverso del tempo a loro disposizione effettuando tavole rotonde, sessioni di problemi, discussioni, ecc. Le sezioni dovranno avere una durata di 2, 4 oppure 6 ore e potranno svilupparsi anche in diversi giorni.<\/div>\n<div>I conferenzieri delle sezioni devono essere soci UMI; a ci\u00f2 si pu\u00f2 derogare in caso si invitino studiosi che operano all\u2019estero.<\/div>\n<p>I soci che intendono presentare comunicazioni, <strong>possono<\/strong> sottoporre le loro proposte nella <a href=\"https:\/\/umi.dm.unibo.it\/congresso2023\/programma\/comunicazioni\/\">apposita pagina<\/a> sul presente sito, indicando nome, cognome, affiliazione, indirizzo di posta elettronica, sezione in cui si intende effettuare la comunicazione, titolo della comunicazione, accludendo un sommario di non pi\u00f9 di 20 righe. La scadenza per la presentazione delle proposte \u00e8 il <strong>30 novembre 2022.<\/strong> Ai coordinatori verr\u00e0 dato accesso alle comunicazioni proposte per la loro sessione affinch\u00e9 effettuino la selezione. Il Comitato Scientifico del Congresso intende completare il programma scientifico entro fine aprile 2023.<\/p>\n<p>Purtroppo non \u00e8 disponibile alcun finanziamento per la partecipazione alle sezioni.<\/p>\n<p>E&#8217; previsto il pagamento della quota di iscrizione al Congresso da parte di tutti i partecipanti alle sezioni.<\/p>\n","protected":false},"excerpt":{"rendered":"<p>Il Comitato Scientifico del Congresso ha attivato le seguenti sezioni, con i relativi coordinatori: S1: Analisi non lineare e sistemi hamiltoniani Massimiliano Berti, Pierpaolo Esposito S2: Equazioni differenziali alle derivate parziali Fabio Ancona, Giulio Ciraolo S3: Equazioni differenziali ordinarie e sistemi dinamici Gianmaria Verzini, Stefano Marmi S4: Calcolo delle variazioni e controllo Maria Giovanna Mora, [&hellip;]<\/p>\n","protected":false},"author":3,"featured_media":0,"parent":13,"menu_order":4,"comment_status":"closed","ping_status":"closed","template":"","meta":{"footnotes":""},"yoast_head":"<!-- This site is optimized with the Yoast SEO plugin v21.0 - https:\/\/yoast.com\/wordpress\/plugins\/seo\/ -->\n<title>Sezioni - Congresso UMI 2023<\/title>\n<meta name=\"robots\" content=\"index, follow, max-snippet:-1, max-image-preview:large, max-video-preview:-1\" \/>\n<link rel=\"canonical\" href=\"https:\/\/umi.dm.unibo.it\/congresso2023\/programma\/sezioni\/\" \/>\n<meta property=\"og:locale\" content=\"it_IT\" \/>\n<meta property=\"og:type\" content=\"article\" \/>\n<meta property=\"og:title\" content=\"Sezioni - Congresso UMI 2023\" \/>\n<meta property=\"og:description\" content=\"Il Comitato Scientifico del Congresso ha attivato le seguenti sezioni, con i relativi coordinatori: S1: Analisi non lineare e sistemi hamiltoniani Massimiliano Berti, Pierpaolo Esposito S2: Equazioni differenziali alle derivate parziali Fabio Ancona, Giulio Ciraolo S3: Equazioni differenziali ordinarie e sistemi dinamici Gianmaria Verzini, Stefano Marmi S4: Calcolo delle variazioni e controllo Maria Giovanna Mora, [&hellip;]\" \/>\n<meta property=\"og:url\" content=\"https:\/\/umi.dm.unibo.it\/congresso2023\/programma\/sezioni\/\" \/>\n<meta property=\"og:site_name\" content=\"Congresso UMI 2023\" \/>\n<meta property=\"article:modified_time\" content=\"2023-07-31T14:29:24+00:00\" \/>\n<meta name=\"twitter:label1\" content=\"Tempo di lettura stimato\" \/>\n\t<meta name=\"twitter:data1\" content=\"4 minuti\" \/>\n<script type=\"application\/ld+json\" class=\"yoast-schema-graph\">{\"@context\":\"https:\/\/schema.org\",\"@graph\":[{\"@type\":\"WebPage\",\"@id\":\"https:\/\/umi.dm.unibo.it\/congresso2023\/programma\/sezioni\/\",\"url\":\"https:\/\/umi.dm.unibo.it\/congresso2023\/programma\/sezioni\/\",\"name\":\"Sezioni - Congresso UMI 2023\",\"isPartOf\":{\"@id\":\"https:\/\/umi.dm.unibo.it\/congresso2023\/#website\"},\"datePublished\":\"2014-07-01T10:33:42+00:00\",\"dateModified\":\"2023-07-31T14:29:24+00:00\",\"breadcrumb\":{\"@id\":\"https:\/\/umi.dm.unibo.it\/congresso2023\/programma\/sezioni\/#breadcrumb\"},\"inLanguage\":\"it-IT\",\"potentialAction\":[{\"@type\":\"ReadAction\",\"target\":[\"https:\/\/umi.dm.unibo.it\/congresso2023\/programma\/sezioni\/\"]}]},{\"@type\":\"BreadcrumbList\",\"@id\":\"https:\/\/umi.dm.unibo.it\/congresso2023\/programma\/sezioni\/#breadcrumb\",\"itemListElement\":[{\"@type\":\"ListItem\",\"position\":1,\"name\":\"Home\",\"item\":\"https:\/\/umi.dm.unibo.it\/congresso2023\/\"},{\"@type\":\"ListItem\",\"position\":2,\"name\":\"Programma\",\"item\":\"https:\/\/umi.dm.unibo.it\/congresso2023\/programma\/\"},{\"@type\":\"ListItem\",\"position\":3,\"name\":\"Sezioni\"}]},{\"@type\":\"WebSite\",\"@id\":\"https:\/\/umi.dm.unibo.it\/congresso2023\/#website\",\"url\":\"https:\/\/umi.dm.unibo.it\/congresso2023\/\",\"name\":\"Congresso UMI 2023\",\"description\":\"Un nuovo sito targato WordPress\",\"potentialAction\":[{\"@type\":\"SearchAction\",\"target\":{\"@type\":\"EntryPoint\",\"urlTemplate\":\"https:\/\/umi.dm.unibo.it\/congresso2023\/?s={search_term_string}\"},\"query-input\":\"required name=search_term_string\"}],\"inLanguage\":\"it-IT\"}]}<\/script>\n<!-- \/ Yoast SEO plugin. -->","yoast_head_json":{"title":"Sezioni - Congresso UMI 2023","robots":{"index":"index","follow":"follow","max-snippet":"max-snippet:-1","max-image-preview":"max-image-preview:large","max-video-preview":"max-video-preview:-1"},"canonical":"https:\/\/umi.dm.unibo.it\/congresso2023\/programma\/sezioni\/","og_locale":"it_IT","og_type":"article","og_title":"Sezioni - Congresso UMI 2023","og_description":"Il Comitato Scientifico del Congresso ha attivato le seguenti sezioni, con i relativi coordinatori: S1: Analisi non lineare e sistemi hamiltoniani Massimiliano Berti, Pierpaolo Esposito S2: Equazioni differenziali alle derivate parziali Fabio Ancona, Giulio Ciraolo S3: Equazioni differenziali ordinarie e sistemi dinamici Gianmaria Verzini, Stefano Marmi S4: Calcolo delle variazioni e controllo Maria Giovanna Mora, [&hellip;]","og_url":"https:\/\/umi.dm.unibo.it\/congresso2023\/programma\/sezioni\/","og_site_name":"Congresso UMI 2023","article_modified_time":"2023-07-31T14:29:24+00:00","twitter_misc":{"Tempo di lettura stimato":"4 minuti"},"schema":{"@context":"https:\/\/schema.org","@graph":[{"@type":"WebPage","@id":"https:\/\/umi.dm.unibo.it\/congresso2023\/programma\/sezioni\/","url":"https:\/\/umi.dm.unibo.it\/congresso2023\/programma\/sezioni\/","name":"Sezioni - Congresso UMI 2023","isPartOf":{"@id":"https:\/\/umi.dm.unibo.it\/congresso2023\/#website"},"datePublished":"2014-07-01T10:33:42+00:00","dateModified":"2023-07-31T14:29:24+00:00","breadcrumb":{"@id":"https:\/\/umi.dm.unibo.it\/congresso2023\/programma\/sezioni\/#breadcrumb"},"inLanguage":"it-IT","potentialAction":[{"@type":"ReadAction","target":["https:\/\/umi.dm.unibo.it\/congresso2023\/programma\/sezioni\/"]}]},{"@type":"BreadcrumbList","@id":"https:\/\/umi.dm.unibo.it\/congresso2023\/programma\/sezioni\/#breadcrumb","itemListElement":[{"@type":"ListItem","position":1,"name":"Home","item":"https:\/\/umi.dm.unibo.it\/congresso2023\/"},{"@type":"ListItem","position":2,"name":"Programma","item":"https:\/\/umi.dm.unibo.it\/congresso2023\/programma\/"},{"@type":"ListItem","position":3,"name":"Sezioni"}]},{"@type":"WebSite","@id":"https:\/\/umi.dm.unibo.it\/congresso2023\/#website","url":"https:\/\/umi.dm.unibo.it\/congresso2023\/","name":"Congresso UMI 2023","description":"Un nuovo sito targato WordPress","potentialAction":[{"@type":"SearchAction","target":{"@type":"EntryPoint","urlTemplate":"https:\/\/umi.dm.unibo.it\/congresso2023\/?s={search_term_string}"},"query-input":"required name=search_term_string"}],"inLanguage":"it-IT"}]}},"_links":{"self":[{"href":"https:\/\/umi.dm.unibo.it\/congresso2023\/wp-json\/wp\/v2\/pages\/205"}],"collection":[{"href":"https:\/\/umi.dm.unibo.it\/congresso2023\/wp-json\/wp\/v2\/pages"}],"about":[{"href":"https:\/\/umi.dm.unibo.it\/congresso2023\/wp-json\/wp\/v2\/types\/page"}],"author":[{"embeddable":true,"href":"https:\/\/umi.dm.unibo.it\/congresso2023\/wp-json\/wp\/v2\/users\/3"}],"replies":[{"embeddable":true,"href":"https:\/\/umi.dm.unibo.it\/congresso2023\/wp-json\/wp\/v2\/comments?post=205"}],"version-history":[{"count":126,"href":"https:\/\/umi.dm.unibo.it\/congresso2023\/wp-json\/wp\/v2\/pages\/205\/revisions"}],"predecessor-version":[{"id":5772,"href":"https:\/\/umi.dm.unibo.it\/congresso2023\/wp-json\/wp\/v2\/pages\/205\/revisions\/5772"}],"up":[{"embeddable":true,"href":"https:\/\/umi.dm.unibo.it\/congresso2023\/wp-json\/wp\/v2\/pages\/13"}],"wp:attachment":[{"href":"https:\/\/umi.dm.unibo.it\/congresso2023\/wp-json\/wp\/v2\/media?parent=205"}],"curies":[{"name":"wp","href":"https:\/\/api.w.org\/{rel}","templated":true}]}}