{"id":1782,"date":"2019-07-10T16:27:42","date_gmt":"2019-07-10T14:27:42","guid":{"rendered":"http:\/\/umi.dm.unibo.it\/congresso2019\/?page_id=1782"},"modified":"2023-08-28T17:02:52","modified_gmt":"2023-08-28T15:02:52","slug":"s9-modelli-e-applicazioni","status":"publish","type":"page","link":"https:\/\/umi.dm.unibo.it\/congresso2023\/programma\/sezioni\/s9-modelli-e-applicazioni\/","title":{"rendered":"S9 &#8211; Modelli e applicazioni"},"content":{"rendered":"<p><strong>Le comunicazioni si terranno:<br \/>\n&#8211; marted\u00ec 5 settembre, Polo Carmignani &#8211; Aula 1<br \/>\n&#8211; gioved\u00ec 7 settembre, Scuola Normale Superiore &#8211; Sala Azzurra<br \/>\n&#8211; venerd\u00ec 8 settembre, Scuola Normale Superiore &#8211; Sala Azzurra<\/strong><\/p>\n<table border=\"0\" frame=\"VOID\" rules=\"NONE\" cellspacing=\"0\">\n<colgroup>\n<col width=\"114\" \/>\n<col width=\"114\" \/>\n<col width=\"114\" \/>\n<col width=\"114\" \/><\/colgroup>\n<tbody>\n<tr>\n<td align=\"LEFT\" width=\"114\" height=\"26\"><span style=\"color: #000000; font-family: Helvetiva;\">Bruno<\/span><\/td>\n<td align=\"LEFT\" width=\"114\"><span style=\"color: #000000; font-family: Helvetiva;\">Buonomo<\/span><\/td>\n<td align=\"LEFT\" width=\"114\"><span style=\"color: #000000; font-family: Helvetiva;\">Universit\u00e0 di Napoli Federico II<\/span><\/td>\n<td align=\"LEFT\" width=\"114\"><span style=\"color: #000000; font-family: Helvetiva;\">Recent advances on the use of Behavioural Change (BC) epidemic models<\/span><\/td>\n<td align=\"LEFT\" nowrap=\"nowrap\" width=\"auto\"><span style=\"color: #000000; font-family: Helvetica;\">ore 14.30, venerd\u00ec 8 settembre<\/span><\/td>\n<\/tr>\n<tr>\n<td align=\"LEFT\" height=\"26\"><span style=\"color: #000000; font-family: Helvetiva;\">Florinda<\/span><\/td>\n<td align=\"LEFT\"><span style=\"color: #000000; font-family: Helvetiva;\">Capone<\/span><\/td>\n<td align=\"LEFT\"><span style=\"color: #000000; font-family: Helvetiva;\">Universit\u00e0 d di Napoli Federico II<\/span><\/td>\n<td align=\"LEFT\"><span style=\"color: #000000; font-family: Helvetiva;\">Some recent results on stability problems in porous media<\/span><\/td>\n<td align=\"LEFT\" nowrap=\"nowrap\" width=\"auto\"><span style=\"color: #000000; font-family: Helvetica;\">ore 17.15, marted\u00ec 5 settembre<\/span><\/td>\n<\/tr>\n<tr>\n<td align=\"LEFT\" height=\"26\"><span style=\"color: #000000; font-family: Helvetiva;\">Giacomo<\/span><\/td>\n<td align=\"LEFT\"><span style=\"color: #000000; font-family: Helvetiva;\">Dimarco<\/span><\/td>\n<td align=\"LEFT\"><span style=\"color: #000000; font-family: Helvetiva;\">Universit\u00e0 di Ferrara<\/span><\/td>\n<td align=\"LEFT\"><span style=\"color: #000000; font-family: Helvetiva;\">Modeling social interactions: from contact dynamics to social stratification and beyond<\/span><\/td>\n<td align=\"LEFT\" nowrap=\"nowrap\" width=\"auto\"><span style=\"color: #000000; font-family: Helvetica;\">ore 17.45, marted\u00ec 5 settembre<\/span><\/td>\n<\/tr>\n<tr>\n<td align=\"LEFT\" height=\"26\"><span style=\"color: #000000; font-family: Helvetiva;\">Chiara<\/span><\/td>\n<td align=\"LEFT\"><span style=\"color: #000000; font-family: Helvetiva;\">Giverso<\/span><\/td>\n<td align=\"LEFT\"><span style=\"color: #000000; font-family: Helvetiva;\">Politecnico di Torino<\/span><\/td>\n<td align=\"LEFT\"><span style=\"color: #000000; font-family: Helvetiva;\">A neuroimaging-informed multiphase model to predict the evolution and treatment of brain tumours.<\/span><\/td>\n<td align=\"LEFT\" nowrap=\"nowrap\" width=\"auto\"><span style=\"color: #000000; font-family: Helvetica;\">ore 16.00, venerd\u00ec 8 settembre<\/span><\/td>\n<\/tr>\n<tr>\n<td align=\"LEFT\" height=\"26\"><span style=\"color: #000000; font-family: Helvetiva;\">Maria<\/span><\/td>\n<td align=\"LEFT\"><span style=\"color: #000000; font-family: Helvetiva;\">Groppi<\/span><\/td>\n<td align=\"LEFT\"><span style=\"color: #000000; font-family: Helvetiva;\">Universit\u00e0 di Parma<\/span><\/td>\n<td align=\"LEFT\"><span style=\"color: #000000; font-family: Helvetiva;\">Hydrodynamic equations from a mixed Boltzmann-BGK model for gas mixtures<\/span><\/td>\n<td align=\"LEFT\" nowrap=\"nowrap\" width=\"auto\"><span style=\"color: #000000; font-family: Helvetica;\">ore 16.45, marted\u00ec 5 settembre<\/span><\/td>\n<\/tr>\n<tr>\n<td align=\"LEFT\" height=\"26\"><span style=\"color: #000000; font-family: Helvetiva;\">Annalisa<\/span><\/td>\n<td align=\"LEFT\"><span style=\"color: #000000; font-family: Helvetiva;\">Iuorio<\/span><\/td>\n<td align=\"LEFT\"><span style=\"color: #000000; font-family: Helvetiva;\">Universit\u00e0 di Vienna<\/span><\/td>\n<td align=\"LEFT\"><span style=\"color: #000000; font-family: Helvetiva;\">Canards in a bottleneck<\/span><\/td>\n<td align=\"LEFT\" nowrap=\"nowrap\" width=\"auto\"><span style=\"color: #000000; font-family: Helvetica;\">ore 12.30, gioved\u00ec 7 settembre<\/span><\/td>\n<\/tr>\n<tr>\n<td align=\"LEFT\" height=\"26\"><span style=\"color: #000000; font-family: Helvetiva;\">Deborah<\/span><\/td>\n<td align=\"LEFT\"><span style=\"color: #000000; font-family: Helvetiva;\">Lacitignola<\/span><\/td>\n<td align=\"LEFT\"><span style=\"color: #000000; font-family: Helvetiva;\">Universit\u00e0 di Cassino e del Lazio Meridionale<\/span><\/td>\n<td align=\"LEFT\"><span style=\"color: #000000; font-family: Helvetiva;\">Turing pattern formation for adult sea-urchin development<\/span><\/td>\n<td align=\"LEFT\" nowrap=\"nowrap\" width=\"auto\"><span style=\"color: #000000; font-family: Helvetica;\">ore 11.30, gioved\u00ec 7 settembre<\/span><\/td>\n<\/tr>\n<tr>\n<td align=\"LEFT\" height=\"26\"><span style=\"color: #000000; font-family: Helvetiva;\">Maria Carmela<\/span><\/td>\n<td align=\"LEFT\"><span style=\"color: #000000; font-family: Helvetiva;\">Lombardo<\/span><\/td>\n<td align=\"LEFT\"><span style=\"color: #000000; font-family: Helvetiva;\">Universit\u00e0 di Palermo<\/span><\/td>\n<td align=\"LEFT\"><span style=\"color: #000000; font-family: Helvetiva;\">Bifurcations and coherent structures in a nonlinearly diffusive Intraguild Predation Model<\/span><\/td>\n<td align=\"LEFT\" nowrap=\"nowrap\" width=\"auto\"><span style=\"color: #000000; font-family: Helvetica;\">ore 11.00, gioved\u00ec 7 settembre<\/span><\/td>\n<\/tr>\n<tr>\n<td align=\"LEFT\" height=\"26\"><span style=\"color: #000000; font-family: Helvetiva;\">Nadia<\/span><\/td>\n<td align=\"LEFT\"><span style=\"color: #000000; font-family: Helvetiva;\">Loy<\/span><\/td>\n<td align=\"LEFT\"><span style=\"color: #000000; font-family: Helvetiva;\">Politecnico di Torino<\/span><\/td>\n<td align=\"LEFT\"><span style=\"color: #000000; font-family: Helvetiva;\">Kinetic models for multi-agent systems with multiple populations<\/span><\/td>\n<td align=\"LEFT\" nowrap=\"nowrap\" width=\"auto\"><span style=\"color: #000000; font-family: Helvetica;\">ore 18.15, marted\u00ec 5 settembre<\/span><\/td>\n<\/tr>\n<tr>\n<td align=\"LEFT\" height=\"26\"><span style=\"color: #000000; font-family: Helvetiva;\">Vincenzo<\/span><\/td>\n<td align=\"LEFT\"><span style=\"color: #000000; font-family: Helvetiva;\">Sciacca<\/span><\/td>\n<td align=\"LEFT\"><span style=\"color: #000000; font-family: Helvetiva;\">Universit\u00e0 di Palermo<\/span><\/td>\n<td align=\"LEFT\"><span style=\"color: #000000; font-family: Helvetiva;\">Viscous MHD equations in R2<\/span><\/td>\n<td align=\"LEFT\" nowrap=\"nowrap\" width=\"auto\"><span style=\"color: #000000; font-family: Helvetica;\">ore 15.30, venerd\u00ec 8 settembre<\/span><\/td>\n<\/tr>\n<tr>\n<td align=\"LEFT\" height=\"26\"><span style=\"color: #000000; font-family: Helvetiva;\">Cinzia<\/span><\/td>\n<td align=\"LEFT\"><span style=\"color: #000000; font-family: Helvetiva;\">Soresina<\/span><\/td>\n<td align=\"LEFT\"><span style=\"color: #000000; font-family: Helvetiva;\">University of Graz<\/span><\/td>\n<td align=\"LEFT\"><span style=\"color: #000000; font-family: Helvetiva;\">Cross-diffusion models in population dynamics: derivation, bifurcations and patter formation<\/span><\/td>\n<td align=\"LEFT\" nowrap=\"nowrap\" width=\"auto\"><span style=\"color: #000000; font-family: Helvetica;\">ore 12.00, gioved\u00ec 7 settembre<\/span><\/td>\n<\/tr>\n<tr>\n<td align=\"LEFT\" height=\"26\"><span style=\"color: #000000; font-family: Helvetiva;\">Mattia<\/span><\/td>\n<td align=\"LEFT\"><span style=\"color: #000000; font-family: Helvetiva;\">Zanella<\/span><\/td>\n<td align=\"LEFT\"><span style=\"color: #000000; font-family: Helvetiva;\">\u00a0Universit\u00e0 di Pavia<\/span><\/td>\n<td align=\"LEFT\"><span style=\"color: #000000; font-family: Helvetiva;\">Interacting systems in epidemic dynamics<\/span><\/td>\n<td align=\"LEFT\" nowrap=\"nowrap\" width=\"auto\"><span style=\"color: #000000; font-family: Helvetica;\">ore 15.00, venerd\u00ec 8 settembre<\/span><\/td>\n<\/tr>\n<\/tbody>\n<\/table>\n<p>&nbsp;<\/p>\n","protected":false},"excerpt":{"rendered":"<p>Le comunicazioni si terranno: &#8211; marted\u00ec 5 settembre, Polo Carmignani &#8211; Aula 1 &#8211; gioved\u00ec 7 settembre, Scuola Normale Superiore &#8211; Sala Azzurra &#8211; venerd\u00ec 8 settembre, Scuola Normale Superiore &#8211; Sala Azzurra Bruno Buonomo Universit\u00e0 di Napoli Federico II Recent advances on the use of Behavioural Change (BC) epidemic models ore 14.30, venerd\u00ec 8 [&hellip;]<\/p>\n","protected":false},"author":3,"featured_media":0,"parent":205,"menu_order":0,"comment_status":"closed","ping_status":"closed","template":"","meta":{"footnotes":""},"yoast_head":"<!-- This site is optimized with the Yoast SEO plugin v21.0 - https:\/\/yoast.com\/wordpress\/plugins\/seo\/ -->\n<title>S9 - Modelli e applicazioni - Congresso UMI 2023<\/title>\n<meta name=\"robots\" content=\"index, follow, max-snippet:-1, max-image-preview:large, max-video-preview:-1\" \/>\n<link rel=\"canonical\" href=\"https:\/\/umi.dm.unibo.it\/congresso2023\/programma\/sezioni\/s9-modelli-e-applicazioni\/\" \/>\n<meta property=\"og:locale\" content=\"it_IT\" \/>\n<meta property=\"og:type\" content=\"article\" \/>\n<meta property=\"og:title\" content=\"S9 - Modelli e applicazioni - Congresso UMI 2023\" \/>\n<meta property=\"og:description\" content=\"Le comunicazioni si terranno: &#8211; marted\u00ec 5 settembre, Polo Carmignani &#8211; Aula 1 &#8211; gioved\u00ec 7 settembre, Scuola Normale Superiore &#8211; Sala Azzurra &#8211; venerd\u00ec 8 settembre, Scuola Normale Superiore &#8211; Sala Azzurra Bruno Buonomo Universit\u00e0 di Napoli Federico II Recent advances on the use of Behavioural Change (BC) epidemic models ore 14.30, venerd\u00ec 8 [&hellip;]\" \/>\n<meta property=\"og:url\" content=\"https:\/\/umi.dm.unibo.it\/congresso2023\/programma\/sezioni\/s9-modelli-e-applicazioni\/\" \/>\n<meta property=\"og:site_name\" content=\"Congresso UMI 2023\" \/>\n<meta property=\"article:modified_time\" content=\"2023-08-28T15:02:52+00:00\" \/>\n<meta name=\"twitter:label1\" content=\"Tempo di lettura stimato\" \/>\n\t<meta name=\"twitter:data1\" content=\"2 minuti\" \/>\n<script type=\"application\/ld+json\" class=\"yoast-schema-graph\">{\"@context\":\"https:\/\/schema.org\",\"@graph\":[{\"@type\":\"WebPage\",\"@id\":\"https:\/\/umi.dm.unibo.it\/congresso2023\/programma\/sezioni\/s9-modelli-e-applicazioni\/\",\"url\":\"https:\/\/umi.dm.unibo.it\/congresso2023\/programma\/sezioni\/s9-modelli-e-applicazioni\/\",\"name\":\"S9 - Modelli e applicazioni - Congresso UMI 2023\",\"isPartOf\":{\"@id\":\"https:\/\/umi.dm.unibo.it\/congresso2023\/#website\"},\"datePublished\":\"2019-07-10T14:27:42+00:00\",\"dateModified\":\"2023-08-28T15:02:52+00:00\",\"breadcrumb\":{\"@id\":\"https:\/\/umi.dm.unibo.it\/congresso2023\/programma\/sezioni\/s9-modelli-e-applicazioni\/#breadcrumb\"},\"inLanguage\":\"it-IT\",\"potentialAction\":[{\"@type\":\"ReadAction\",\"target\":[\"https:\/\/umi.dm.unibo.it\/congresso2023\/programma\/sezioni\/s9-modelli-e-applicazioni\/\"]}]},{\"@type\":\"BreadcrumbList\",\"@id\":\"https:\/\/umi.dm.unibo.it\/congresso2023\/programma\/sezioni\/s9-modelli-e-applicazioni\/#breadcrumb\",\"itemListElement\":[{\"@type\":\"ListItem\",\"position\":1,\"name\":\"Home\",\"item\":\"https:\/\/umi.dm.unibo.it\/congresso2023\/\"},{\"@type\":\"ListItem\",\"position\":2,\"name\":\"Programma\",\"item\":\"https:\/\/umi.dm.unibo.it\/congresso2023\/programma\/\"},{\"@type\":\"ListItem\",\"position\":3,\"name\":\"Sezioni\",\"item\":\"https:\/\/umi.dm.unibo.it\/congresso2023\/programma\/sezioni\/\"},{\"@type\":\"ListItem\",\"position\":4,\"name\":\"S9 &#8211; Modelli e applicazioni\"}]},{\"@type\":\"WebSite\",\"@id\":\"https:\/\/umi.dm.unibo.it\/congresso2023\/#website\",\"url\":\"https:\/\/umi.dm.unibo.it\/congresso2023\/\",\"name\":\"Congresso UMI 2023\",\"description\":\"Un nuovo sito targato WordPress\",\"potentialAction\":[{\"@type\":\"SearchAction\",\"target\":{\"@type\":\"EntryPoint\",\"urlTemplate\":\"https:\/\/umi.dm.unibo.it\/congresso2023\/?s={search_term_string}\"},\"query-input\":\"required name=search_term_string\"}],\"inLanguage\":\"it-IT\"}]}<\/script>\n<!-- \/ Yoast SEO plugin. -->","yoast_head_json":{"title":"S9 - Modelli e applicazioni - Congresso UMI 2023","robots":{"index":"index","follow":"follow","max-snippet":"max-snippet:-1","max-image-preview":"max-image-preview:large","max-video-preview":"max-video-preview:-1"},"canonical":"https:\/\/umi.dm.unibo.it\/congresso2023\/programma\/sezioni\/s9-modelli-e-applicazioni\/","og_locale":"it_IT","og_type":"article","og_title":"S9 - Modelli e applicazioni - Congresso UMI 2023","og_description":"Le comunicazioni si terranno: &#8211; marted\u00ec 5 settembre, Polo Carmignani &#8211; Aula 1 &#8211; gioved\u00ec 7 settembre, Scuola Normale Superiore &#8211; Sala Azzurra &#8211; venerd\u00ec 8 settembre, Scuola Normale Superiore &#8211; Sala Azzurra Bruno Buonomo Universit\u00e0 di Napoli Federico II Recent advances on the use of Behavioural Change (BC) epidemic models ore 14.30, venerd\u00ec 8 [&hellip;]","og_url":"https:\/\/umi.dm.unibo.it\/congresso2023\/programma\/sezioni\/s9-modelli-e-applicazioni\/","og_site_name":"Congresso UMI 2023","article_modified_time":"2023-08-28T15:02:52+00:00","twitter_misc":{"Tempo di lettura stimato":"2 minuti"},"schema":{"@context":"https:\/\/schema.org","@graph":[{"@type":"WebPage","@id":"https:\/\/umi.dm.unibo.it\/congresso2023\/programma\/sezioni\/s9-modelli-e-applicazioni\/","url":"https:\/\/umi.dm.unibo.it\/congresso2023\/programma\/sezioni\/s9-modelli-e-applicazioni\/","name":"S9 - Modelli e applicazioni - Congresso UMI 2023","isPartOf":{"@id":"https:\/\/umi.dm.unibo.it\/congresso2023\/#website"},"datePublished":"2019-07-10T14:27:42+00:00","dateModified":"2023-08-28T15:02:52+00:00","breadcrumb":{"@id":"https:\/\/umi.dm.unibo.it\/congresso2023\/programma\/sezioni\/s9-modelli-e-applicazioni\/#breadcrumb"},"inLanguage":"it-IT","potentialAction":[{"@type":"ReadAction","target":["https:\/\/umi.dm.unibo.it\/congresso2023\/programma\/sezioni\/s9-modelli-e-applicazioni\/"]}]},{"@type":"BreadcrumbList","@id":"https:\/\/umi.dm.unibo.it\/congresso2023\/programma\/sezioni\/s9-modelli-e-applicazioni\/#breadcrumb","itemListElement":[{"@type":"ListItem","position":1,"name":"Home","item":"https:\/\/umi.dm.unibo.it\/congresso2023\/"},{"@type":"ListItem","position":2,"name":"Programma","item":"https:\/\/umi.dm.unibo.it\/congresso2023\/programma\/"},{"@type":"ListItem","position":3,"name":"Sezioni","item":"https:\/\/umi.dm.unibo.it\/congresso2023\/programma\/sezioni\/"},{"@type":"ListItem","position":4,"name":"S9 &#8211; Modelli e applicazioni"}]},{"@type":"WebSite","@id":"https:\/\/umi.dm.unibo.it\/congresso2023\/#website","url":"https:\/\/umi.dm.unibo.it\/congresso2023\/","name":"Congresso UMI 2023","description":"Un nuovo sito targato WordPress","potentialAction":[{"@type":"SearchAction","target":{"@type":"EntryPoint","urlTemplate":"https:\/\/umi.dm.unibo.it\/congresso2023\/?s={search_term_string}"},"query-input":"required name=search_term_string"}],"inLanguage":"it-IT"}]}},"_links":{"self":[{"href":"https:\/\/umi.dm.unibo.it\/congresso2023\/wp-json\/wp\/v2\/pages\/1782"}],"collection":[{"href":"https:\/\/umi.dm.unibo.it\/congresso2023\/wp-json\/wp\/v2\/pages"}],"about":[{"href":"https:\/\/umi.dm.unibo.it\/congresso2023\/wp-json\/wp\/v2\/types\/page"}],"author":[{"embeddable":true,"href":"https:\/\/umi.dm.unibo.it\/congresso2023\/wp-json\/wp\/v2\/users\/3"}],"replies":[{"embeddable":true,"href":"https:\/\/umi.dm.unibo.it\/congresso2023\/wp-json\/wp\/v2\/comments?post=1782"}],"version-history":[{"count":16,"href":"https:\/\/umi.dm.unibo.it\/congresso2023\/wp-json\/wp\/v2\/pages\/1782\/revisions"}],"predecessor-version":[{"id":6015,"href":"https:\/\/umi.dm.unibo.it\/congresso2023\/wp-json\/wp\/v2\/pages\/1782\/revisions\/6015"}],"up":[{"embeddable":true,"href":"https:\/\/umi.dm.unibo.it\/congresso2023\/wp-json\/wp\/v2\/pages\/205"}],"wp:attachment":[{"href":"https:\/\/umi.dm.unibo.it\/congresso2023\/wp-json\/wp\/v2\/media?parent=1782"}],"curies":[{"name":"wp","href":"https:\/\/api.w.org\/{rel}","templated":true}]}}