{"id":154,"date":"2014-06-27T14:25:45","date_gmt":"2014-06-27T12:25:45","guid":{"rendered":"http:\/\/umi.dm.unibo.it\/congresso2019\/?page_id=154"},"modified":"2023-09-04T14:39:07","modified_gmt":"2023-09-04T12:39:07","slug":"programma-sociale","status":"publish","type":"page","link":"https:\/\/umi.dm.unibo.it\/congresso2023\/programma\/programma-sociale\/","title":{"rendered":"Programma sociale"},"content":{"rendered":"<h4>Visite guidate &#8211; mercoled\u00ec 6 settembre 2023 &#8211;\u00a0dalle ore 14.30 alle ore 17.30<\/h4>\n<p>Le visite guidate di mercoled\u00ec 6 settembre sono organizzate come segue:<\/p>\n<ul>\n<li>La visita al museo delle navi partir\u00e0 dalla porta d&#8217;ingresso al museo alle ore 15.00 (<a href=\"https:\/\/goo.gl\/maps\/ohSMBEyL37NZtHet9\" target=\"_blank\" rel=\"noopener noreferrer\" data-auth=\"NotApplicable\" data-linkindex=\"0\">https:\/\/goo.gl\/maps\/ohSMBEyL37NZtHet9<\/a>)<\/li>\n<li>Le visita alla Scuola Normale Superiore partiranno alle ore 14.30 e alle ore 16.00 di fronte alla Scuola Normale, oppure in Aula Bianchi in caso di maltempo.<\/li>\n<li>Tutte le altre visite in citt\u00e0 partiranno dalla fontana dei putti in Piazza Duomo (<a href=\"https:\/\/maps.app.goo.gl\/dJPViN6j1k4no8s87?g_st=ic\" target=\"_blank\" rel=\"noopener noreferrer\" data-auth=\"NotApplicable\" data-linkindex=\"1\">https:\/\/maps.app.goo.gl\/dJPViN6j1k4no8s87?g_st=ic<\/a>).<\/li>\n<\/ul>\n<p>Gli orari di ritrovo sono consultabili al banco della registrazione.<\/p>\n<p>&nbsp;<\/p>\n<ul>\n<li><b>Tour alla Scuola Normale [max 50 persone]<\/b><br \/>\ntour di un&#8217;ora con partenze alle 14.30 e alle ore 16.00<\/li>\n<li><b>Museo delle Navi Antiche [max 50 persone]<br \/>\n<\/b>Il museo delle Navi Antiche ospita non soltanto il fortunato ritrovamento di circa 30 navi, databili tra il III secolo a.C. e il VII d.C., avvenuto nel 1998 presso la stazione ferroviaria di San Rossore, ma \u00e8 anche un museo archeologico che ripercorre le origini della citt\u00e0, dagli etruschi ai romani, fino ad arrivare ai Longobardi.<\/li>\n<li><b>La piazza dei Miracoli [max 75 persone]<br \/>\n<\/b>Visita alla piazza del Duomo con ingresso in campo santo, battistero e cattedrale. Tour nel medioevo: visita guidata di piazza dei Miracoli, simbolo dello splendore della Repubblica Marinara di Pisa tra XI e XIV secolo.<br \/>\nOgnuno dei monumenti rappresenta un passaggio della vita<\/p>\n<ul>\n<li style=\"list-style-type: none;\">\n<ul>\n<li>Nascita: il Battistero, all\u2019interno del quale potremo ascoltare un particolare effetto di acustica e ammirare il pulpito di Nicola Pisano;<\/li>\n<li>Vita: la Cattedrale dell\u2019Assunta, espressione del romanico pisano e luogo di ispirazione per Galileo Galilei;<\/li>\n<li>Sofferenza: l\u2019ospedale, oggi sede del Museo delle Sinopie;<\/li>\n<li>Morte: Campo Santo Monumentale, il pantheon pisano dove \u00e8 custodito uno dei pi\u00f9 ricchi cicli di affreschi medievali del mondo, che include il Trionfo della Morte di Buffalmacco recentemente restaurato.<\/li>\n<li>Resurrezione: il Campanile, ovvero la celebre torre pendente.<\/li>\n<\/ul>\n<\/li>\n<\/ul>\n<\/li>\n<li><b>Dal Duomo al murale di Keith Haring [max 50 persone]<br \/>\n<\/b>Il centro storico di Pisa \u00e8 racchiuso da una cinta muraria del XII secolo di quasi 7km. Dalla piazza dei Miracoli cominciamo la nostra passeggiata<br \/>\nattraversando via Santa Maria, sulla quale si affacciano casetorri medievali e dimore rinascimentali, dietro alle quali si nasconde il pi\u00f9 antico orto botanico universitario del mondo. Visiteremo insieme Piazza dei Cavalieri, progetto dell\u2019architetto Giorgio Vasari e oggi sede della Scuola Normale Superiore, una delle universit\u00e0 pi\u00f9 prestigiose al mondo. Vicoletti chiassosi ci condurranno nel centro della vita universitaria e commerciale<br \/>\nantica e moderna, dove nacque e studi\u00f2 il grande Galileo Galilei. Il Lungarno pisano \u00e8 un tripudio di colori e linee, piccole chiese, come Santa Maria della Spina, e musei tra cui il rinomato Palazzo Blu. A sud del fiume in passato esisteva Kinzica, il quartiere arabo, oggi sede di numerosi negozi, botteghe di artigiani, bar e ristoranti. Dal 1989 Pisa \u00e8 inoltre la citt\u00e0 di Keith Haring, che qui lasci\u00f2 il grande murale TUTTOMONDO, un inno alla pace e all\u2019amore.<\/li>\n<li><b>Galileo e gli scienziati pisani [max 25 persone]<br \/>\n<\/b>Una passeggiata attraverso le vie della citt\u00e0 alla scoperta dei luoghi galileiani: dalla sua casa natale, ai luoghi della sua formazione e della sua attivit\u00e0 scientifica, fino ad arrivare alla monumentale Piazza del Duomo, nella quale l\u2019illustre scienziato ha compiuto i suoi pi\u00f9 importanti esperimenti. Ci immergeremo nel cuore della Pisa medievale e tardo rinascimentale, e attraverso gli occhi di Galileo torneremo indietro nel tempo per scoprire una citt\u00e0 dai mille volti, fatta di logge, scali ed eleganti vie commerciali, fino a terminare la nostra visita ai piedi della Torre Campanaria, la famosa torre pendente, ancora una volta al centro di un\u2019importante vicenda storica che ha rivoluzionato il volto della scienza. Conosceremo inoltre gli scienziati che hanno reso celebre l\u2019Universit\u00e0 di Pisa, da Leonardo Fibonacci ad Antonio Pacinotti, l\u2019inventore della dinamo, da Ottaviano Mossotti ad Alessandro della Spina, un tour ricco di curiosit\u00e0.<\/li>\n<\/ul>\n","protected":false},"excerpt":{"rendered":"<p>Visite guidate &#8211; mercoled\u00ec 6 settembre 2023 &#8211;\u00a0dalle ore 14.30 alle ore 17.30 Le visite guidate di mercoled\u00ec 6 settembre sono organizzate come segue: La visita al museo delle navi partir\u00e0 dalla porta d&#8217;ingresso al museo alle ore 15.00 (https:\/\/goo.gl\/maps\/ohSMBEyL37NZtHet9) Le visita alla Scuola Normale Superiore partiranno alle ore 14.30 e alle ore 16.00 di [&hellip;]<\/p>\n","protected":false},"author":3,"featured_media":0,"parent":13,"menu_order":7,"comment_status":"closed","ping_status":"closed","template":"","meta":{"footnotes":""},"yoast_head":"<!-- This site is optimized with the Yoast SEO plugin v21.0 - https:\/\/yoast.com\/wordpress\/plugins\/seo\/ -->\n<title>Programma sociale - Congresso UMI 2023<\/title>\n<meta name=\"robots\" content=\"index, follow, max-snippet:-1, max-image-preview:large, max-video-preview:-1\" \/>\n<link rel=\"canonical\" href=\"https:\/\/umi.dm.unibo.it\/congresso2023\/programma\/programma-sociale\/\" \/>\n<meta property=\"og:locale\" content=\"it_IT\" \/>\n<meta property=\"og:type\" content=\"article\" \/>\n<meta property=\"og:title\" content=\"Programma sociale - Congresso UMI 2023\" \/>\n<meta property=\"og:description\" content=\"Visite guidate &#8211; mercoled\u00ec 6 settembre 2023 &#8211;\u00a0dalle ore 14.30 alle ore 17.30 Le visite guidate di mercoled\u00ec 6 settembre sono organizzate come segue: La visita al museo delle navi partir\u00e0 dalla porta d&#8217;ingresso al museo alle ore 15.00 (https:\/\/goo.gl\/maps\/ohSMBEyL37NZtHet9) Le visita alla Scuola Normale Superiore partiranno alle ore 14.30 e alle ore 16.00 di [&hellip;]\" \/>\n<meta property=\"og:url\" content=\"https:\/\/umi.dm.unibo.it\/congresso2023\/programma\/programma-sociale\/\" \/>\n<meta property=\"og:site_name\" content=\"Congresso UMI 2023\" \/>\n<meta property=\"article:modified_time\" content=\"2023-09-04T12:39:07+00:00\" \/>\n<meta name=\"twitter:label1\" content=\"Tempo di lettura stimato\" \/>\n\t<meta name=\"twitter:data1\" content=\"4 minuti\" \/>\n<script type=\"application\/ld+json\" class=\"yoast-schema-graph\">{\"@context\":\"https:\/\/schema.org\",\"@graph\":[{\"@type\":\"WebPage\",\"@id\":\"https:\/\/umi.dm.unibo.it\/congresso2023\/programma\/programma-sociale\/\",\"url\":\"https:\/\/umi.dm.unibo.it\/congresso2023\/programma\/programma-sociale\/\",\"name\":\"Programma sociale - Congresso UMI 2023\",\"isPartOf\":{\"@id\":\"https:\/\/umi.dm.unibo.it\/congresso2023\/#website\"},\"datePublished\":\"2014-06-27T12:25:45+00:00\",\"dateModified\":\"2023-09-04T12:39:07+00:00\",\"breadcrumb\":{\"@id\":\"https:\/\/umi.dm.unibo.it\/congresso2023\/programma\/programma-sociale\/#breadcrumb\"},\"inLanguage\":\"it-IT\",\"potentialAction\":[{\"@type\":\"ReadAction\",\"target\":[\"https:\/\/umi.dm.unibo.it\/congresso2023\/programma\/programma-sociale\/\"]}]},{\"@type\":\"BreadcrumbList\",\"@id\":\"https:\/\/umi.dm.unibo.it\/congresso2023\/programma\/programma-sociale\/#breadcrumb\",\"itemListElement\":[{\"@type\":\"ListItem\",\"position\":1,\"name\":\"Home\",\"item\":\"https:\/\/umi.dm.unibo.it\/congresso2023\/\"},{\"@type\":\"ListItem\",\"position\":2,\"name\":\"Programma\",\"item\":\"https:\/\/umi.dm.unibo.it\/congresso2023\/programma\/\"},{\"@type\":\"ListItem\",\"position\":3,\"name\":\"Programma sociale\"}]},{\"@type\":\"WebSite\",\"@id\":\"https:\/\/umi.dm.unibo.it\/congresso2023\/#website\",\"url\":\"https:\/\/umi.dm.unibo.it\/congresso2023\/\",\"name\":\"Congresso UMI 2023\",\"description\":\"Un nuovo sito targato WordPress\",\"potentialAction\":[{\"@type\":\"SearchAction\",\"target\":{\"@type\":\"EntryPoint\",\"urlTemplate\":\"https:\/\/umi.dm.unibo.it\/congresso2023\/?s={search_term_string}\"},\"query-input\":\"required name=search_term_string\"}],\"inLanguage\":\"it-IT\"}]}<\/script>\n<!-- \/ Yoast SEO plugin. -->","yoast_head_json":{"title":"Programma sociale - Congresso UMI 2023","robots":{"index":"index","follow":"follow","max-snippet":"max-snippet:-1","max-image-preview":"max-image-preview:large","max-video-preview":"max-video-preview:-1"},"canonical":"https:\/\/umi.dm.unibo.it\/congresso2023\/programma\/programma-sociale\/","og_locale":"it_IT","og_type":"article","og_title":"Programma sociale - Congresso UMI 2023","og_description":"Visite guidate &#8211; mercoled\u00ec 6 settembre 2023 &#8211;\u00a0dalle ore 14.30 alle ore 17.30 Le visite guidate di mercoled\u00ec 6 settembre sono organizzate come segue: La visita al museo delle navi partir\u00e0 dalla porta d&#8217;ingresso al museo alle ore 15.00 (https:\/\/goo.gl\/maps\/ohSMBEyL37NZtHet9) Le visita alla Scuola Normale Superiore partiranno alle ore 14.30 e alle ore 16.00 di [&hellip;]","og_url":"https:\/\/umi.dm.unibo.it\/congresso2023\/programma\/programma-sociale\/","og_site_name":"Congresso UMI 2023","article_modified_time":"2023-09-04T12:39:07+00:00","twitter_misc":{"Tempo di lettura stimato":"4 minuti"},"schema":{"@context":"https:\/\/schema.org","@graph":[{"@type":"WebPage","@id":"https:\/\/umi.dm.unibo.it\/congresso2023\/programma\/programma-sociale\/","url":"https:\/\/umi.dm.unibo.it\/congresso2023\/programma\/programma-sociale\/","name":"Programma sociale - Congresso UMI 2023","isPartOf":{"@id":"https:\/\/umi.dm.unibo.it\/congresso2023\/#website"},"datePublished":"2014-06-27T12:25:45+00:00","dateModified":"2023-09-04T12:39:07+00:00","breadcrumb":{"@id":"https:\/\/umi.dm.unibo.it\/congresso2023\/programma\/programma-sociale\/#breadcrumb"},"inLanguage":"it-IT","potentialAction":[{"@type":"ReadAction","target":["https:\/\/umi.dm.unibo.it\/congresso2023\/programma\/programma-sociale\/"]}]},{"@type":"BreadcrumbList","@id":"https:\/\/umi.dm.unibo.it\/congresso2023\/programma\/programma-sociale\/#breadcrumb","itemListElement":[{"@type":"ListItem","position":1,"name":"Home","item":"https:\/\/umi.dm.unibo.it\/congresso2023\/"},{"@type":"ListItem","position":2,"name":"Programma","item":"https:\/\/umi.dm.unibo.it\/congresso2023\/programma\/"},{"@type":"ListItem","position":3,"name":"Programma sociale"}]},{"@type":"WebSite","@id":"https:\/\/umi.dm.unibo.it\/congresso2023\/#website","url":"https:\/\/umi.dm.unibo.it\/congresso2023\/","name":"Congresso UMI 2023","description":"Un nuovo sito targato WordPress","potentialAction":[{"@type":"SearchAction","target":{"@type":"EntryPoint","urlTemplate":"https:\/\/umi.dm.unibo.it\/congresso2023\/?s={search_term_string}"},"query-input":"required name=search_term_string"}],"inLanguage":"it-IT"}]}},"_links":{"self":[{"href":"https:\/\/umi.dm.unibo.it\/congresso2023\/wp-json\/wp\/v2\/pages\/154"}],"collection":[{"href":"https:\/\/umi.dm.unibo.it\/congresso2023\/wp-json\/wp\/v2\/pages"}],"about":[{"href":"https:\/\/umi.dm.unibo.it\/congresso2023\/wp-json\/wp\/v2\/types\/page"}],"author":[{"embeddable":true,"href":"https:\/\/umi.dm.unibo.it\/congresso2023\/wp-json\/wp\/v2\/users\/3"}],"replies":[{"embeddable":true,"href":"https:\/\/umi.dm.unibo.it\/congresso2023\/wp-json\/wp\/v2\/comments?post=154"}],"version-history":[{"count":41,"href":"https:\/\/umi.dm.unibo.it\/congresso2023\/wp-json\/wp\/v2\/pages\/154\/revisions"}],"predecessor-version":[{"id":6062,"href":"https:\/\/umi.dm.unibo.it\/congresso2023\/wp-json\/wp\/v2\/pages\/154\/revisions\/6062"}],"up":[{"embeddable":true,"href":"https:\/\/umi.dm.unibo.it\/congresso2023\/wp-json\/wp\/v2\/pages\/13"}],"wp:attachment":[{"href":"https:\/\/umi.dm.unibo.it\/congresso2023\/wp-json\/wp\/v2\/media?parent=154"}],"curies":[{"name":"wp","href":"https:\/\/api.w.org\/{rel}","templated":true}]}}