{"id":152,"date":"2014-06-27T14:24:59","date_gmt":"2014-06-27T12:24:59","guid":{"rendered":"http:\/\/umi.dm.unibo.it\/congresso2019\/?page_id=152"},"modified":"2023-08-25T10:52:50","modified_gmt":"2023-08-25T08:52:50","slug":"manifestazioni-collaterali","status":"publish","type":"page","link":"https:\/\/umi.dm.unibo.it\/congresso2023\/programma\/manifestazioni-collaterali\/","title":{"rendered":"Manifestazioni collaterali"},"content":{"rendered":"<p><u>Conferenza aperta al pubblico<\/u><br \/>\ngioved\u00ec 7 settembre, ore 18.30, Aula Magna del Polo Carmignani<br \/>\n<strong>Alfio Quarteroni, <i>&#8220;La matematica che salva la vita&#8221;<\/i><\/strong><\/p>\n<p><u>Conferenza speciale<\/u><br \/>\nvenerd\u00ec 8 settembre, ore 18.00 Aula Magna del Polo Carmignani<br \/>\n<strong>Eduardo S\u00e1enz de Cabez\u00f3n, <i>&#8220;How to speak about mathematics to a broad audience<\/i>&#8220;<\/strong><\/p>\n<p><u>Spettacolo teatrale a cura di URA Teatro<\/u><br \/>\nluned\u00ec 4 settembre, ore 21.00, Teatro Verdi<br \/>\n<strong>\u201cVerba manent. Canto per Ennio De Giorgi\u201d<\/strong><br \/>\nper i congressisti, ma aperto alla cittadinanza<\/p>\n<p>a seguire una conversazione tra Lorenza Foschini (autrice tra l&#8217;altro di <em>&#8216;Attrito della vita. Indagine su Renato Caccioppoli matematico napoletano<\/em>, 2022) e Andrea Parlangeli (autore della biografia <em>Uno spirito puro. Ennio De Giorgi, genio della matematica<\/em>, 2015) sulla &#8220;difficolt\u00e0 di scrivere la biografia di un matematico&#8221; .<\/p>\n<p><a href=\"http:\/\/umi.dm.unibo.it\/congresso2023\/wp-content\/uploads\/2023\/08\/VerbaManent_Instagram-copia-scaled.jpg\"><img decoding=\"async\" loading=\"lazy\" class=\"aligncenter size-full wp-image-5970\" src=\"http:\/\/umi.dm.unibo.it\/congresso2023\/wp-content\/uploads\/2023\/08\/VerbaManent_Instagram-copia-scaled.jpg\" alt=\"\" width=\"2048\" height=\"2560\" srcset=\"https:\/\/umi.dm.unibo.it\/congresso2023\/wp-content\/uploads\/2023\/08\/VerbaManent_Instagram-copia-scaled.jpg 2048w, https:\/\/umi.dm.unibo.it\/congresso2023\/wp-content\/uploads\/2023\/08\/VerbaManent_Instagram-copia-240x300.jpg 240w, https:\/\/umi.dm.unibo.it\/congresso2023\/wp-content\/uploads\/2023\/08\/VerbaManent_Instagram-copia-824x1030.jpg 824w, https:\/\/umi.dm.unibo.it\/congresso2023\/wp-content\/uploads\/2023\/08\/VerbaManent_Instagram-copia-768x960.jpg 768w, https:\/\/umi.dm.unibo.it\/congresso2023\/wp-content\/uploads\/2023\/08\/VerbaManent_Instagram-copia-1229x1536.jpg 1229w, https:\/\/umi.dm.unibo.it\/congresso2023\/wp-content\/uploads\/2023\/08\/VerbaManent_Instagram-copia-1638x2048.jpg 1638w, https:\/\/umi.dm.unibo.it\/congresso2023\/wp-content\/uploads\/2023\/08\/VerbaManent_Instagram-copia-1200x1500.jpg 1200w, https:\/\/umi.dm.unibo.it\/congresso2023\/wp-content\/uploads\/2023\/08\/VerbaManent_Instagram-copia-564x705.jpg 564w\" sizes=\"(max-width: 2048px) 100vw, 2048px\" \/><\/a><\/p>\n","protected":false},"excerpt":{"rendered":"<p>Conferenza aperta al pubblico gioved\u00ec 7 settembre, ore 18.30, Aula Magna del Polo Carmignani Alfio Quarteroni, &#8220;La matematica che salva la vita&#8221; Conferenza speciale venerd\u00ec 8 settembre, ore 18.00 Aula Magna del Polo Carmignani Eduardo S\u00e1enz de Cabez\u00f3n, &#8220;How to speak about mathematics to a broad audience&#8220; Spettacolo teatrale a cura di URA Teatro luned\u00ec [&hellip;]<\/p>\n","protected":false},"author":3,"featured_media":0,"parent":13,"menu_order":6,"comment_status":"closed","ping_status":"closed","template":"","meta":{"footnotes":""},"yoast_head":"<!-- This site is optimized with the Yoast SEO plugin v21.0 - https:\/\/yoast.com\/wordpress\/plugins\/seo\/ -->\n<title>Manifestazioni collaterali - Congresso UMI 2023<\/title>\n<meta name=\"robots\" content=\"index, follow, max-snippet:-1, max-image-preview:large, max-video-preview:-1\" \/>\n<link rel=\"canonical\" href=\"https:\/\/umi.dm.unibo.it\/congresso2023\/programma\/manifestazioni-collaterali\/\" \/>\n<meta property=\"og:locale\" content=\"it_IT\" \/>\n<meta property=\"og:type\" content=\"article\" \/>\n<meta property=\"og:title\" content=\"Manifestazioni collaterali - Congresso UMI 2023\" \/>\n<meta property=\"og:description\" content=\"Conferenza aperta al pubblico gioved\u00ec 7 settembre, ore 18.30, Aula Magna del Polo Carmignani Alfio Quarteroni, &#8220;La matematica che salva la vita&#8221; Conferenza speciale venerd\u00ec 8 settembre, ore 18.00 Aula Magna del Polo Carmignani Eduardo S\u00e1enz de Cabez\u00f3n, &#8220;How to speak about mathematics to a broad audience&#8220; Spettacolo teatrale a cura di URA Teatro luned\u00ec [&hellip;]\" \/>\n<meta property=\"og:url\" content=\"https:\/\/umi.dm.unibo.it\/congresso2023\/programma\/manifestazioni-collaterali\/\" \/>\n<meta property=\"og:site_name\" content=\"Congresso UMI 2023\" \/>\n<meta property=\"article:modified_time\" content=\"2023-08-25T08:52:50+00:00\" \/>\n<meta property=\"og:image\" content=\"http:\/\/umi.dm.unibo.it\/congresso2023\/wp-content\/uploads\/2023\/08\/VerbaManent_Instagram-copia-scaled.jpg\" \/>\n<meta name=\"twitter:label1\" content=\"Tempo di lettura stimato\" \/>\n\t<meta name=\"twitter:data1\" content=\"1 minuto\" \/>\n<script type=\"application\/ld+json\" class=\"yoast-schema-graph\">{\"@context\":\"https:\/\/schema.org\",\"@graph\":[{\"@type\":\"WebPage\",\"@id\":\"https:\/\/umi.dm.unibo.it\/congresso2023\/programma\/manifestazioni-collaterali\/\",\"url\":\"https:\/\/umi.dm.unibo.it\/congresso2023\/programma\/manifestazioni-collaterali\/\",\"name\":\"Manifestazioni collaterali - Congresso UMI 2023\",\"isPartOf\":{\"@id\":\"https:\/\/umi.dm.unibo.it\/congresso2023\/#website\"},\"datePublished\":\"2014-06-27T12:24:59+00:00\",\"dateModified\":\"2023-08-25T08:52:50+00:00\",\"breadcrumb\":{\"@id\":\"https:\/\/umi.dm.unibo.it\/congresso2023\/programma\/manifestazioni-collaterali\/#breadcrumb\"},\"inLanguage\":\"it-IT\",\"potentialAction\":[{\"@type\":\"ReadAction\",\"target\":[\"https:\/\/umi.dm.unibo.it\/congresso2023\/programma\/manifestazioni-collaterali\/\"]}]},{\"@type\":\"BreadcrumbList\",\"@id\":\"https:\/\/umi.dm.unibo.it\/congresso2023\/programma\/manifestazioni-collaterali\/#breadcrumb\",\"itemListElement\":[{\"@type\":\"ListItem\",\"position\":1,\"name\":\"Home\",\"item\":\"https:\/\/umi.dm.unibo.it\/congresso2023\/\"},{\"@type\":\"ListItem\",\"position\":2,\"name\":\"Programma\",\"item\":\"https:\/\/umi.dm.unibo.it\/congresso2023\/programma\/\"},{\"@type\":\"ListItem\",\"position\":3,\"name\":\"Manifestazioni collaterali\"}]},{\"@type\":\"WebSite\",\"@id\":\"https:\/\/umi.dm.unibo.it\/congresso2023\/#website\",\"url\":\"https:\/\/umi.dm.unibo.it\/congresso2023\/\",\"name\":\"Congresso UMI 2023\",\"description\":\"Un nuovo sito targato WordPress\",\"potentialAction\":[{\"@type\":\"SearchAction\",\"target\":{\"@type\":\"EntryPoint\",\"urlTemplate\":\"https:\/\/umi.dm.unibo.it\/congresso2023\/?s={search_term_string}\"},\"query-input\":\"required name=search_term_string\"}],\"inLanguage\":\"it-IT\"}]}<\/script>\n<!-- \/ Yoast SEO plugin. -->","yoast_head_json":{"title":"Manifestazioni collaterali - Congresso UMI 2023","robots":{"index":"index","follow":"follow","max-snippet":"max-snippet:-1","max-image-preview":"max-image-preview:large","max-video-preview":"max-video-preview:-1"},"canonical":"https:\/\/umi.dm.unibo.it\/congresso2023\/programma\/manifestazioni-collaterali\/","og_locale":"it_IT","og_type":"article","og_title":"Manifestazioni collaterali - Congresso UMI 2023","og_description":"Conferenza aperta al pubblico gioved\u00ec 7 settembre, ore 18.30, Aula Magna del Polo Carmignani Alfio Quarteroni, &#8220;La matematica che salva la vita&#8221; Conferenza speciale venerd\u00ec 8 settembre, ore 18.00 Aula Magna del Polo Carmignani Eduardo S\u00e1enz de Cabez\u00f3n, &#8220;How to speak about mathematics to a broad audience&#8220; Spettacolo teatrale a cura di URA Teatro luned\u00ec [&hellip;]","og_url":"https:\/\/umi.dm.unibo.it\/congresso2023\/programma\/manifestazioni-collaterali\/","og_site_name":"Congresso UMI 2023","article_modified_time":"2023-08-25T08:52:50+00:00","og_image":[{"url":"http:\/\/umi.dm.unibo.it\/congresso2023\/wp-content\/uploads\/2023\/08\/VerbaManent_Instagram-copia-scaled.jpg"}],"twitter_misc":{"Tempo di lettura stimato":"1 minuto"},"schema":{"@context":"https:\/\/schema.org","@graph":[{"@type":"WebPage","@id":"https:\/\/umi.dm.unibo.it\/congresso2023\/programma\/manifestazioni-collaterali\/","url":"https:\/\/umi.dm.unibo.it\/congresso2023\/programma\/manifestazioni-collaterali\/","name":"Manifestazioni collaterali - Congresso UMI 2023","isPartOf":{"@id":"https:\/\/umi.dm.unibo.it\/congresso2023\/#website"},"datePublished":"2014-06-27T12:24:59+00:00","dateModified":"2023-08-25T08:52:50+00:00","breadcrumb":{"@id":"https:\/\/umi.dm.unibo.it\/congresso2023\/programma\/manifestazioni-collaterali\/#breadcrumb"},"inLanguage":"it-IT","potentialAction":[{"@type":"ReadAction","target":["https:\/\/umi.dm.unibo.it\/congresso2023\/programma\/manifestazioni-collaterali\/"]}]},{"@type":"BreadcrumbList","@id":"https:\/\/umi.dm.unibo.it\/congresso2023\/programma\/manifestazioni-collaterali\/#breadcrumb","itemListElement":[{"@type":"ListItem","position":1,"name":"Home","item":"https:\/\/umi.dm.unibo.it\/congresso2023\/"},{"@type":"ListItem","position":2,"name":"Programma","item":"https:\/\/umi.dm.unibo.it\/congresso2023\/programma\/"},{"@type":"ListItem","position":3,"name":"Manifestazioni collaterali"}]},{"@type":"WebSite","@id":"https:\/\/umi.dm.unibo.it\/congresso2023\/#website","url":"https:\/\/umi.dm.unibo.it\/congresso2023\/","name":"Congresso UMI 2023","description":"Un nuovo sito targato WordPress","potentialAction":[{"@type":"SearchAction","target":{"@type":"EntryPoint","urlTemplate":"https:\/\/umi.dm.unibo.it\/congresso2023\/?s={search_term_string}"},"query-input":"required name=search_term_string"}],"inLanguage":"it-IT"}]}},"_links":{"self":[{"href":"https:\/\/umi.dm.unibo.it\/congresso2023\/wp-json\/wp\/v2\/pages\/152"}],"collection":[{"href":"https:\/\/umi.dm.unibo.it\/congresso2023\/wp-json\/wp\/v2\/pages"}],"about":[{"href":"https:\/\/umi.dm.unibo.it\/congresso2023\/wp-json\/wp\/v2\/types\/page"}],"author":[{"embeddable":true,"href":"https:\/\/umi.dm.unibo.it\/congresso2023\/wp-json\/wp\/v2\/users\/3"}],"replies":[{"embeddable":true,"href":"https:\/\/umi.dm.unibo.it\/congresso2023\/wp-json\/wp\/v2\/comments?post=152"}],"version-history":[{"count":42,"href":"https:\/\/umi.dm.unibo.it\/congresso2023\/wp-json\/wp\/v2\/pages\/152\/revisions"}],"predecessor-version":[{"id":6026,"href":"https:\/\/umi.dm.unibo.it\/congresso2023\/wp-json\/wp\/v2\/pages\/152\/revisions\/6026"}],"up":[{"embeddable":true,"href":"https:\/\/umi.dm.unibo.it\/congresso2023\/wp-json\/wp\/v2\/pages\/13"}],"wp:attachment":[{"href":"https:\/\/umi.dm.unibo.it\/congresso2023\/wp-json\/wp\/v2\/media?parent=152"}],"curies":[{"name":"wp","href":"https:\/\/api.w.org\/{rel}","templated":true}]}}