{"id":1514,"date":"2019-04-22T18:01:46","date_gmt":"2019-04-22T16:01:46","guid":{"rendered":"http:\/\/umi.dm.unibo.it\/congresso2019\/?page_id=1514"},"modified":"2023-08-01T13:25:25","modified_gmt":"2023-08-01T11:25:25","slug":"s3-equazione-differenziali-ordinarie-e-sistemi-dinamici","status":"publish","type":"page","link":"https:\/\/umi.dm.unibo.it\/congresso2023\/programma\/sezioni\/s3-equazione-differenziali-ordinarie-e-sistemi-dinamici\/","title":{"rendered":"S3 &#8211; Equazione differenziali ordinarie e sistemi dinamici"},"content":{"rendered":"<p><strong>Le comunicazioni si terranno luned\u00ec 4 e marted\u00ec 5 settembre, Polo Carmignani &#8211; Aula 1<\/strong><\/p>\n<table border=\"0\" frame=\"VOID\" rules=\"NONE\" cellspacing=\"0\">\n<colgroup>\n<col width=\"114\" \/>\n<col width=\"114\" \/>\n<col width=\"114\" \/>\n<col width=\"114\" \/><\/colgroup>\n<tbody>\n<tr>\n<td align=\"LEFT\" width=\"114\" height=\"22\"><span style=\"color: #000000; font-family: Helvetica;\">Vivina<\/span><\/td>\n<td align=\"LEFT\" width=\"114\"><span style=\"color: #000000; font-family: Helvetica;\">Barutello<\/span><\/td>\n<td align=\"LEFT\" width=\"114\"><span style=\"color: #000000; font-family: Helvetica;\">Universit\u00e0 di Torino<\/span><\/td>\n<td align=\"LEFT\" width=\"114\"><span style=\"color: #000000; font-family: Helvetica;\">Chaotic dynamics in refraction galactic billiards<\/span><\/td>\n<td align=\"LEFT\" nowrap=\"nowrap\" width=\"auto\"><span style=\"color: #000000; font-family: Helvetica;\">ore 15.00, luned\u00ec 4 settembre<\/span><\/td>\n<\/tr>\n<tr>\n<td align=\"LEFT\" height=\"22\"><span style=\"color: #000000; font-family: Helvetica;\">Anna Miriam<\/span><\/td>\n<td align=\"LEFT\"><span style=\"color: #000000; font-family: Helvetica;\">Benini<\/span><\/td>\n<td align=\"LEFT\"><span style=\"color: #000000; font-family: Helvetica;\">Universit\u00e0 di Parma<\/span><\/td>\n<td align=\"LEFT\"><span style=\"color: #000000; font-family: Helvetica;\">Bifurcations in Natural Families of Meromorphic Maps<\/span><\/td>\n<td align=\"LEFT\" nowrap=\"nowrap\" width=\"auto\"><span style=\"color: #000000; font-family: Helvetica;\">ore 15.25, luned\u00ec 4 settembre<\/span><\/td>\n<\/tr>\n<tr>\n<td align=\"LEFT\" height=\"22\"><span style=\"color: #000000; font-family: Helvetica;\">Guglielmo<\/span><\/td>\n<td align=\"LEFT\"><span style=\"color: #000000; font-family: Helvetica;\">Feltrin<\/span><\/td>\n<td align=\"LEFT\"><span style=\"color: #000000; font-family: Helvetica;\">Universit\u00e0 di Udine<\/span><\/td>\n<td align=\"LEFT\"><span style=\"color: #000000; font-family: Helvetica;\">Moti periodici e quasi periodici in relativit\u00e0 speciale e generale<\/span><\/td>\n<td align=\"LEFT\" nowrap=\"nowrap\" width=\"auto\"><span style=\"color: #000000; font-family: Helvetica;\">ore 15.50, luned\u00ec 4 settembre<\/span><\/td>\n<\/tr>\n<tr>\n<td align=\"LEFT\" height=\"22\"><span style=\"color: #000000; font-family: Helvetica;\">Anna<\/span><\/td>\n<td align=\"LEFT\"><span style=\"color: #000000; font-family: Helvetica;\">Florio<\/span><\/td>\n<td align=\"LEFT\"><span style=\"color: #000000; font-family: Helvetica;\">Universit\u00e9 Paris Dauphine-PSL<\/span><\/td>\n<td align=\"LEFT\"><span style=\"color: #000000; font-family: Helvetica;\">Is every pseudo-orbit of some homeomorphism near an exact orbit of a nearby homeomorphism?<\/span><\/td>\n<td align=\"LEFT\" nowrap=\"nowrap\" width=\"auto\"><span style=\"color: #000000; font-family: Helvetica;\">ore 16.15, luned\u00ec 4 settembre<\/span><\/td>\n<\/tr>\n<tr>\n<td align=\"LEFT\" height=\"22\"><span style=\"color: #000000; font-family: Helvetica;\">Maurizio<\/span><\/td>\n<td align=\"LEFT\"><span style=\"color: #000000; font-family: Helvetica;\">Garrione<\/span><\/td>\n<td align=\"LEFT\"><span style=\"color: #000000; font-family: Helvetica;\">Politecnico di Milano<\/span><\/td>\n<td align=\"LEFT\"><span style=\"color: #000000; font-family: Helvetica;\">Modelli non lineari di reazione-diffusione: fronti d&#8217;onda e loro propriet\u00e0<\/span><\/td>\n<td align=\"LEFT\" nowrap=\"nowrap\" width=\"auto\"><span style=\"color: #000000; font-family: Helvetica;\">ore 16.40, luned\u00ec 4 settembre<\/span><\/td>\n<\/tr>\n<tr>\n<td align=\"LEFT\" height=\"22\"><span style=\"color: #000000; font-family: Helvetica;\">Liviana<\/span><\/td>\n<td align=\"LEFT\"><span style=\"color: #000000; font-family: Helvetica;\">Palmisano<\/span><\/td>\n<td align=\"LEFT\"><span style=\"color: #000000; font-family: Helvetica;\">KTH, Royal Institute of Technology<\/span><\/td>\n<td align=\"LEFT\"><span style=\"color: #000000; font-family: Helvetica;\">On stability of non trivial attractors<\/span><\/td>\n<td align=\"LEFT\" nowrap=\"nowrap\" width=\"auto\"><span style=\"color: #000000; font-family: Helvetica;\">ore 11.00, marted\u00ec 5 settembre<\/span><\/td>\n<\/tr>\n<tr>\n<td align=\"LEFT\" height=\"22\"><span style=\"color: #000000; font-family: Helvetica;\">Duccio<\/span><\/td>\n<td align=\"LEFT\"><span style=\"color: #000000; font-family: Helvetica;\">Papini<\/span><\/td>\n<td align=\"LEFT\"><span style=\"color: #000000; font-family: Helvetica;\">Universit\u00e0 \u00a0di Udine<\/span><\/td>\n<td align=\"LEFT\"><span style=\"color: #000000; font-family: Helvetica;\">Soluzioni periodiche di equazioni differenziali con potenziali singolari in relativit\u00e0 ristretta<\/span><\/td>\n<td align=\"LEFT\" nowrap=\"nowrap\" width=\"auto\"><span style=\"color: #000000; font-family: Helvetica;\">ore 11.30, marted\u00ec 5 settembre<\/span><\/td>\n<\/tr>\n<tr>\n<td align=\"LEFT\" height=\"22\"><span style=\"color: #000000; font-family: Helvetica;\">Davide<\/span><\/td>\n<td align=\"LEFT\"><span style=\"color: #000000; font-family: Helvetica;\">Ravotti<\/span><\/td>\n<td align=\"LEFT\"><span style=\"color: #000000; font-family: Helvetica;\">University of Vienna<\/span><\/td>\n<td align=\"LEFT\"><span style=\"color: #000000; font-family: Helvetica;\">Horocycle flows on Abelian covers of hyperbolic surfaces<\/span><\/td>\n<td align=\"LEFT\" nowrap=\"nowrap\" width=\"auto\"><span style=\"color: #000000; font-family: Helvetica;\">ore 12.00, marted\u00ec 5 settembre<\/span><\/td>\n<\/tr>\n<tr>\n<td align=\"LEFT\" height=\"22\"><span style=\"color: #000000; font-family: Helvetica;\">Matteo<\/span><\/td>\n<td align=\"LEFT\"><span style=\"color: #000000; font-family: Helvetica;\">Tanzi<\/span><\/td>\n<td align=\"LEFT\"><span style=\"color: #000000; font-family: Helvetica;\">Laboratoire Probabilit\u00e9 Statistique Mod\u00e9lisations<\/span><\/td>\n<td align=\"LEFT\"><span style=\"color: #000000; font-family: Helvetica;\">Coupled Chaotic Maps: Self-Consistent Transfer Operators and Propagation of Chaos<\/span><\/td>\n<td align=\"LEFT\" nowrap=\"nowrap\" width=\"auto\"><span style=\"color: #000000; font-family: Helvetica;\">ore 12.30, marted\u00ec 5 settembre<\/span><\/td>\n<\/tr>\n<\/tbody>\n<\/table>\n<p>&nbsp;<\/p>\n","protected":false},"excerpt":{"rendered":"<p>Le comunicazioni si terranno luned\u00ec 4 e marted\u00ec 5 settembre, Polo Carmignani &#8211; Aula 1 Vivina Barutello Universit\u00e0 di Torino Chaotic dynamics in refraction galactic billiards ore 15.00, luned\u00ec 4 settembre Anna Miriam Benini Universit\u00e0 di Parma Bifurcations in Natural Families of Meromorphic Maps ore 15.25, luned\u00ec 4 settembre Guglielmo Feltrin Universit\u00e0 di Udine Moti [&hellip;]<\/p>\n","protected":false},"author":3,"featured_media":0,"parent":205,"menu_order":0,"comment_status":"closed","ping_status":"closed","template":"","meta":{"footnotes":""},"yoast_head":"<!-- This site is optimized with the Yoast SEO plugin v21.0 - https:\/\/yoast.com\/wordpress\/plugins\/seo\/ -->\n<title>S3 - Equazione differenziali ordinarie e sistemi dinamici - Congresso UMI 2023<\/title>\n<meta name=\"robots\" content=\"index, follow, max-snippet:-1, max-image-preview:large, max-video-preview:-1\" \/>\n<link rel=\"canonical\" href=\"https:\/\/umi.dm.unibo.it\/congresso2023\/programma\/sezioni\/s3-equazione-differenziali-ordinarie-e-sistemi-dinamici\/\" \/>\n<meta property=\"og:locale\" content=\"it_IT\" \/>\n<meta property=\"og:type\" content=\"article\" \/>\n<meta property=\"og:title\" content=\"S3 - Equazione differenziali ordinarie e sistemi dinamici - Congresso UMI 2023\" \/>\n<meta property=\"og:description\" content=\"Le comunicazioni si terranno luned\u00ec 4 e marted\u00ec 5 settembre, Polo Carmignani &#8211; Aula 1 Vivina Barutello Universit\u00e0 di Torino Chaotic dynamics in refraction galactic billiards ore 15.00, luned\u00ec 4 settembre Anna Miriam Benini Universit\u00e0 di Parma Bifurcations in Natural Families of Meromorphic Maps ore 15.25, luned\u00ec 4 settembre Guglielmo Feltrin Universit\u00e0 di Udine Moti [&hellip;]\" \/>\n<meta property=\"og:url\" content=\"https:\/\/umi.dm.unibo.it\/congresso2023\/programma\/sezioni\/s3-equazione-differenziali-ordinarie-e-sistemi-dinamici\/\" \/>\n<meta property=\"og:site_name\" content=\"Congresso UMI 2023\" \/>\n<meta property=\"article:modified_time\" content=\"2023-08-01T11:25:25+00:00\" \/>\n<meta name=\"twitter:label1\" content=\"Tempo di lettura stimato\" \/>\n\t<meta name=\"twitter:data1\" content=\"1 minuto\" \/>\n<script type=\"application\/ld+json\" class=\"yoast-schema-graph\">{\"@context\":\"https:\/\/schema.org\",\"@graph\":[{\"@type\":\"WebPage\",\"@id\":\"https:\/\/umi.dm.unibo.it\/congresso2023\/programma\/sezioni\/s3-equazione-differenziali-ordinarie-e-sistemi-dinamici\/\",\"url\":\"https:\/\/umi.dm.unibo.it\/congresso2023\/programma\/sezioni\/s3-equazione-differenziali-ordinarie-e-sistemi-dinamici\/\",\"name\":\"S3 - Equazione differenziali ordinarie e sistemi dinamici - Congresso UMI 2023\",\"isPartOf\":{\"@id\":\"https:\/\/umi.dm.unibo.it\/congresso2023\/#website\"},\"datePublished\":\"2019-04-22T16:01:46+00:00\",\"dateModified\":\"2023-08-01T11:25:25+00:00\",\"breadcrumb\":{\"@id\":\"https:\/\/umi.dm.unibo.it\/congresso2023\/programma\/sezioni\/s3-equazione-differenziali-ordinarie-e-sistemi-dinamici\/#breadcrumb\"},\"inLanguage\":\"it-IT\",\"potentialAction\":[{\"@type\":\"ReadAction\",\"target\":[\"https:\/\/umi.dm.unibo.it\/congresso2023\/programma\/sezioni\/s3-equazione-differenziali-ordinarie-e-sistemi-dinamici\/\"]}]},{\"@type\":\"BreadcrumbList\",\"@id\":\"https:\/\/umi.dm.unibo.it\/congresso2023\/programma\/sezioni\/s3-equazione-differenziali-ordinarie-e-sistemi-dinamici\/#breadcrumb\",\"itemListElement\":[{\"@type\":\"ListItem\",\"position\":1,\"name\":\"Home\",\"item\":\"https:\/\/umi.dm.unibo.it\/congresso2023\/\"},{\"@type\":\"ListItem\",\"position\":2,\"name\":\"Programma\",\"item\":\"https:\/\/umi.dm.unibo.it\/congresso2023\/programma\/\"},{\"@type\":\"ListItem\",\"position\":3,\"name\":\"Sezioni\",\"item\":\"https:\/\/umi.dm.unibo.it\/congresso2023\/programma\/sezioni\/\"},{\"@type\":\"ListItem\",\"position\":4,\"name\":\"S3 &#8211; Equazione differenziali ordinarie e sistemi dinamici\"}]},{\"@type\":\"WebSite\",\"@id\":\"https:\/\/umi.dm.unibo.it\/congresso2023\/#website\",\"url\":\"https:\/\/umi.dm.unibo.it\/congresso2023\/\",\"name\":\"Congresso UMI 2023\",\"description\":\"Un nuovo sito targato WordPress\",\"potentialAction\":[{\"@type\":\"SearchAction\",\"target\":{\"@type\":\"EntryPoint\",\"urlTemplate\":\"https:\/\/umi.dm.unibo.it\/congresso2023\/?s={search_term_string}\"},\"query-input\":\"required name=search_term_string\"}],\"inLanguage\":\"it-IT\"}]}<\/script>\n<!-- \/ Yoast SEO plugin. -->","yoast_head_json":{"title":"S3 - Equazione differenziali ordinarie e sistemi dinamici - Congresso UMI 2023","robots":{"index":"index","follow":"follow","max-snippet":"max-snippet:-1","max-image-preview":"max-image-preview:large","max-video-preview":"max-video-preview:-1"},"canonical":"https:\/\/umi.dm.unibo.it\/congresso2023\/programma\/sezioni\/s3-equazione-differenziali-ordinarie-e-sistemi-dinamici\/","og_locale":"it_IT","og_type":"article","og_title":"S3 - Equazione differenziali ordinarie e sistemi dinamici - Congresso UMI 2023","og_description":"Le comunicazioni si terranno luned\u00ec 4 e marted\u00ec 5 settembre, Polo Carmignani &#8211; Aula 1 Vivina Barutello Universit\u00e0 di Torino Chaotic dynamics in refraction galactic billiards ore 15.00, luned\u00ec 4 settembre Anna Miriam Benini Universit\u00e0 di Parma Bifurcations in Natural Families of Meromorphic Maps ore 15.25, luned\u00ec 4 settembre Guglielmo Feltrin Universit\u00e0 di Udine Moti [&hellip;]","og_url":"https:\/\/umi.dm.unibo.it\/congresso2023\/programma\/sezioni\/s3-equazione-differenziali-ordinarie-e-sistemi-dinamici\/","og_site_name":"Congresso UMI 2023","article_modified_time":"2023-08-01T11:25:25+00:00","twitter_misc":{"Tempo di lettura stimato":"1 minuto"},"schema":{"@context":"https:\/\/schema.org","@graph":[{"@type":"WebPage","@id":"https:\/\/umi.dm.unibo.it\/congresso2023\/programma\/sezioni\/s3-equazione-differenziali-ordinarie-e-sistemi-dinamici\/","url":"https:\/\/umi.dm.unibo.it\/congresso2023\/programma\/sezioni\/s3-equazione-differenziali-ordinarie-e-sistemi-dinamici\/","name":"S3 - Equazione differenziali ordinarie e sistemi dinamici - Congresso UMI 2023","isPartOf":{"@id":"https:\/\/umi.dm.unibo.it\/congresso2023\/#website"},"datePublished":"2019-04-22T16:01:46+00:00","dateModified":"2023-08-01T11:25:25+00:00","breadcrumb":{"@id":"https:\/\/umi.dm.unibo.it\/congresso2023\/programma\/sezioni\/s3-equazione-differenziali-ordinarie-e-sistemi-dinamici\/#breadcrumb"},"inLanguage":"it-IT","potentialAction":[{"@type":"ReadAction","target":["https:\/\/umi.dm.unibo.it\/congresso2023\/programma\/sezioni\/s3-equazione-differenziali-ordinarie-e-sistemi-dinamici\/"]}]},{"@type":"BreadcrumbList","@id":"https:\/\/umi.dm.unibo.it\/congresso2023\/programma\/sezioni\/s3-equazione-differenziali-ordinarie-e-sistemi-dinamici\/#breadcrumb","itemListElement":[{"@type":"ListItem","position":1,"name":"Home","item":"https:\/\/umi.dm.unibo.it\/congresso2023\/"},{"@type":"ListItem","position":2,"name":"Programma","item":"https:\/\/umi.dm.unibo.it\/congresso2023\/programma\/"},{"@type":"ListItem","position":3,"name":"Sezioni","item":"https:\/\/umi.dm.unibo.it\/congresso2023\/programma\/sezioni\/"},{"@type":"ListItem","position":4,"name":"S3 &#8211; Equazione differenziali ordinarie e sistemi dinamici"}]},{"@type":"WebSite","@id":"https:\/\/umi.dm.unibo.it\/congresso2023\/#website","url":"https:\/\/umi.dm.unibo.it\/congresso2023\/","name":"Congresso UMI 2023","description":"Un nuovo sito targato WordPress","potentialAction":[{"@type":"SearchAction","target":{"@type":"EntryPoint","urlTemplate":"https:\/\/umi.dm.unibo.it\/congresso2023\/?s={search_term_string}"},"query-input":"required name=search_term_string"}],"inLanguage":"it-IT"}]}},"_links":{"self":[{"href":"https:\/\/umi.dm.unibo.it\/congresso2023\/wp-json\/wp\/v2\/pages\/1514"}],"collection":[{"href":"https:\/\/umi.dm.unibo.it\/congresso2023\/wp-json\/wp\/v2\/pages"}],"about":[{"href":"https:\/\/umi.dm.unibo.it\/congresso2023\/wp-json\/wp\/v2\/types\/page"}],"author":[{"embeddable":true,"href":"https:\/\/umi.dm.unibo.it\/congresso2023\/wp-json\/wp\/v2\/users\/3"}],"replies":[{"embeddable":true,"href":"https:\/\/umi.dm.unibo.it\/congresso2023\/wp-json\/wp\/v2\/comments?post=1514"}],"version-history":[{"count":13,"href":"https:\/\/umi.dm.unibo.it\/congresso2023\/wp-json\/wp\/v2\/pages\/1514\/revisions"}],"predecessor-version":[{"id":5807,"href":"https:\/\/umi.dm.unibo.it\/congresso2023\/wp-json\/wp\/v2\/pages\/1514\/revisions\/5807"}],"up":[{"embeddable":true,"href":"https:\/\/umi.dm.unibo.it\/congresso2023\/wp-json\/wp\/v2\/pages\/205"}],"wp:attachment":[{"href":"https:\/\/umi.dm.unibo.it\/congresso2023\/wp-json\/wp\/v2\/media?parent=1514"}],"curies":[{"name":"wp","href":"https:\/\/api.w.org\/{rel}","templated":true}]}}