{"id":1494,"date":"2019-04-22T17:43:08","date_gmt":"2019-04-22T15:43:08","guid":{"rendered":"http:\/\/umi.dm.unibo.it\/congresso2019\/?page_id=1494"},"modified":"2023-08-10T15:25:19","modified_gmt":"2023-08-10T13:25:19","slug":"s1-analisi-non-lineare-e-sistemi-hamiltoniani","status":"publish","type":"page","link":"https:\/\/umi.dm.unibo.it\/congresso2023\/programma\/sezioni\/s1-analisi-non-lineare-e-sistemi-hamiltoniani\/","title":{"rendered":"S1 &#8211;  Analisi non lineare e sistemi hamiltoniani"},"content":{"rendered":"<p><strong>Le comunicazioni si terranno nei giorni luned\u00ec 4 e marted\u00ec 5 settembre nell&#8217;Aula Magna del Polo Carmignani<\/strong><\/p>\n<p>&nbsp;<\/p>\n<table border=\"0\" frame=\"VOID\" rules=\"NONE\" cellspacing=\"0\">\n<colgroup>\n<col width=\"114\" \/>\n<col width=\"114\" \/>\n<col width=\"267\" \/>\n<col width=\"635\" \/><\/colgroup>\n<tbody>\n<tr>\n<td align=\"LEFT\" width=\"114\" height=\"23\"><span style=\"color: #000000; font-family: HelveticaNeue;\">Gabriele<\/span><\/td>\n<td align=\"LEFT\" width=\"114\"><span style=\"color: #000000; font-family: HelveticaNeue;\">Benedetti<\/span><\/td>\n<td align=\"LEFT\" width=\"267\"><span style=\"color: #000000; font-family: HelveticaNeue;\">Vrije Universiteit Amsterdam<\/span><\/td>\n<td align=\"LEFT\" width=\"635\"><span style=\"color: #000000; font-family: HelveticaNeue;\">Variational Methods for Periodic Magnetic Geodesics<\/span><\/td>\n<td align=\"LEFT\" nowrap=\"nowrap\" width=\"auto\"><span style=\"color: #000000; font-family: Helvetica;\">ore 11.00-13.00, marted\u00ec 5 settembre<\/span><\/td>\n<\/tr>\n<tr>\n<td align=\"LEFT\" height=\"23\"><span style=\"color: #000000; font-family: HelveticaNeue;\">Azahara<\/span><\/td>\n<td align=\"LEFT\"><span style=\"color: #000000; font-family: HelveticaNeue;\">DelaTorre<\/span><\/td>\n<td align=\"LEFT\"><span style=\"color: #000000; font-family: HelveticaNeue;\">Sapienza Universit\u00e0 di Roma<\/span><\/td>\n<td align=\"LEFT\"><span style=\"color: #000000; font-family: HelveticaNeue;\">Is it possible to study non-local semi-lineal PDEs using Conformal Geometry?<\/span><\/td>\n<td align=\"LEFT\" nowrap=\"nowrap\" width=\"auto\"><span style=\"color: #000000; font-family: Helvetica;\">ore 11.00-13.00, marted\u00ec 5 settembre<\/span><\/td>\n<\/tr>\n<tr>\n<td align=\"LEFT\" height=\"23\"><span style=\"color: #000000; font-family: HelveticaNeue;\">Filippo<\/span><\/td>\n<td align=\"LEFT\"><span style=\"color: #000000; font-family: HelveticaNeue;\">Giuliani<\/span><\/td>\n<td align=\"LEFT\"><span style=\"color: #000000; font-family: HelveticaNeue;\">Politecnico di Milano<\/span><\/td>\n<td align=\"LEFT\"><span style=\"color: #000000; font-family: HelveticaNeue;\">Transfers of energy in an infinite pendulum lattice<\/span><\/td>\n<td align=\"LEFT\" nowrap=\"nowrap\" width=\"auto\"><span style=\"color: #000000; font-family: Helvetica;\">ore 15.00-17.00, luned\u00ec 4 settembre<\/span><\/td>\n<\/tr>\n<tr>\n<td align=\"LEFT\" height=\"23\"><span style=\"color: #000000; font-family: HelveticaNeue;\">Jessica Elisa<\/span><\/td>\n<td align=\"LEFT\"><span style=\"color: #000000; font-family: HelveticaNeue;\">Massetti<\/span><\/td>\n<td align=\"LEFT\"><span style=\"color: #000000; font-family: HelveticaNeue;\">Universit\u00e0 Roma Tre<\/span><\/td>\n<td align=\"LEFT\"><span style=\"color: #000000; font-family: HelveticaNeue;\">Lifespan of solutions: Normal Form and Energy methods<\/span><\/td>\n<td align=\"LEFT\" nowrap=\"nowrap\" width=\"auto\"><span style=\"color: #000000; font-family: Helvetica;\">ore 15.00-17.00, luned\u00ec 4 settembre<\/span><\/td>\n<\/tr>\n<tr>\n<td align=\"LEFT\" height=\"23\"><span style=\"color: #000000; font-family: HelveticaNeue;\">Martin<\/span><\/td>\n<td align=\"LEFT\"><span style=\"color: #000000; font-family: HelveticaNeue;\">Mayer<\/span><\/td>\n<td align=\"LEFT\"><span style=\"color: #000000; font-family: HelveticaNeue;\">Scuola Superiore Meridionale<\/span><\/td>\n<td align=\"LEFT\"><span style=\"color: #000000; font-family: HelveticaNeue;\">Recent Progress on The Prescribed Scalar Curvature Problem<\/span><\/td>\n<td align=\"LEFT\" nowrap=\"nowrap\" width=\"auto\"><span style=\"color: #000000; font-family: Helvetica;\">ore 11.00-13.00, marted\u00ec 5 settembre<\/span><\/td>\n<\/tr>\n<tr>\n<td align=\"LEFT\" height=\"23\"><span style=\"color: #000000; font-family: HelveticaNeue;\">Nicola<\/span><\/td>\n<td align=\"LEFT\"><span style=\"color: #000000; font-family: HelveticaNeue;\">Soave<\/span><\/td>\n<td align=\"LEFT\"><span style=\"color: #000000; font-family: HelveticaNeue;\">Politecnico di Milano<\/span><\/td>\n<td align=\"LEFT\"><span style=\"color: #000000; font-family: HelveticaNeue;\">Normalized solutions of L^2-supercritical NLS equations on metric graphs<\/span><\/td>\n<td align=\"LEFT\" nowrap=\"nowrap\" width=\"auto\"><span style=\"color: #000000; font-family: Helvetica;\">ore 15.00-17.00, luned\u00ec 4 settembre<\/span><\/td>\n<\/tr>\n<\/tbody>\n<\/table>\n","protected":false},"excerpt":{"rendered":"<p>Le comunicazioni si terranno nei giorni luned\u00ec 4 e marted\u00ec 5 settembre nell&#8217;Aula Magna del Polo Carmignani &nbsp; Gabriele Benedetti Vrije Universiteit Amsterdam Variational Methods for Periodic Magnetic Geodesics ore 11.00-13.00, marted\u00ec 5 settembre Azahara DelaTorre Sapienza Universit\u00e0 di Roma Is it possible to study non-local semi-lineal PDEs using Conformal Geometry? ore 11.00-13.00, marted\u00ec 5 [&hellip;]<\/p>\n","protected":false},"author":3,"featured_media":0,"parent":205,"menu_order":0,"comment_status":"closed","ping_status":"closed","template":"","meta":{"footnotes":""},"yoast_head":"<!-- This site is optimized with the Yoast SEO plugin v21.0 - https:\/\/yoast.com\/wordpress\/plugins\/seo\/ -->\n<title>S1 - Analisi non lineare e sistemi hamiltoniani - Congresso UMI 2023<\/title>\n<meta name=\"robots\" content=\"index, follow, max-snippet:-1, max-image-preview:large, max-video-preview:-1\" \/>\n<link rel=\"canonical\" href=\"https:\/\/umi.dm.unibo.it\/congresso2023\/programma\/sezioni\/s1-analisi-non-lineare-e-sistemi-hamiltoniani\/\" \/>\n<meta property=\"og:locale\" content=\"it_IT\" \/>\n<meta property=\"og:type\" content=\"article\" \/>\n<meta property=\"og:title\" content=\"S1 - Analisi non lineare e sistemi hamiltoniani - Congresso UMI 2023\" \/>\n<meta property=\"og:description\" content=\"Le comunicazioni si terranno nei giorni luned\u00ec 4 e marted\u00ec 5 settembre nell&#8217;Aula Magna del Polo Carmignani &nbsp; Gabriele Benedetti Vrije Universiteit Amsterdam Variational Methods for Periodic Magnetic Geodesics ore 11.00-13.00, marted\u00ec 5 settembre Azahara DelaTorre Sapienza Universit\u00e0 di Roma Is it possible to study non-local semi-lineal PDEs using Conformal Geometry? ore 11.00-13.00, marted\u00ec 5 [&hellip;]\" \/>\n<meta property=\"og:url\" content=\"https:\/\/umi.dm.unibo.it\/congresso2023\/programma\/sezioni\/s1-analisi-non-lineare-e-sistemi-hamiltoniani\/\" \/>\n<meta property=\"og:site_name\" content=\"Congresso UMI 2023\" \/>\n<meta property=\"article:modified_time\" content=\"2023-08-10T13:25:19+00:00\" \/>\n<meta name=\"twitter:label1\" content=\"Tempo di lettura stimato\" \/>\n\t<meta name=\"twitter:data1\" content=\"1 minuto\" \/>\n<script type=\"application\/ld+json\" class=\"yoast-schema-graph\">{\"@context\":\"https:\/\/schema.org\",\"@graph\":[{\"@type\":\"WebPage\",\"@id\":\"https:\/\/umi.dm.unibo.it\/congresso2023\/programma\/sezioni\/s1-analisi-non-lineare-e-sistemi-hamiltoniani\/\",\"url\":\"https:\/\/umi.dm.unibo.it\/congresso2023\/programma\/sezioni\/s1-analisi-non-lineare-e-sistemi-hamiltoniani\/\",\"name\":\"S1 - Analisi non lineare e sistemi hamiltoniani - Congresso UMI 2023\",\"isPartOf\":{\"@id\":\"https:\/\/umi.dm.unibo.it\/congresso2023\/#website\"},\"datePublished\":\"2019-04-22T15:43:08+00:00\",\"dateModified\":\"2023-08-10T13:25:19+00:00\",\"breadcrumb\":{\"@id\":\"https:\/\/umi.dm.unibo.it\/congresso2023\/programma\/sezioni\/s1-analisi-non-lineare-e-sistemi-hamiltoniani\/#breadcrumb\"},\"inLanguage\":\"it-IT\",\"potentialAction\":[{\"@type\":\"ReadAction\",\"target\":[\"https:\/\/umi.dm.unibo.it\/congresso2023\/programma\/sezioni\/s1-analisi-non-lineare-e-sistemi-hamiltoniani\/\"]}]},{\"@type\":\"BreadcrumbList\",\"@id\":\"https:\/\/umi.dm.unibo.it\/congresso2023\/programma\/sezioni\/s1-analisi-non-lineare-e-sistemi-hamiltoniani\/#breadcrumb\",\"itemListElement\":[{\"@type\":\"ListItem\",\"position\":1,\"name\":\"Home\",\"item\":\"https:\/\/umi.dm.unibo.it\/congresso2023\/\"},{\"@type\":\"ListItem\",\"position\":2,\"name\":\"Programma\",\"item\":\"https:\/\/umi.dm.unibo.it\/congresso2023\/programma\/\"},{\"@type\":\"ListItem\",\"position\":3,\"name\":\"Sezioni\",\"item\":\"https:\/\/umi.dm.unibo.it\/congresso2023\/programma\/sezioni\/\"},{\"@type\":\"ListItem\",\"position\":4,\"name\":\"S1 &#8211; Analisi non lineare e sistemi hamiltoniani\"}]},{\"@type\":\"WebSite\",\"@id\":\"https:\/\/umi.dm.unibo.it\/congresso2023\/#website\",\"url\":\"https:\/\/umi.dm.unibo.it\/congresso2023\/\",\"name\":\"Congresso UMI 2023\",\"description\":\"Un nuovo sito targato WordPress\",\"potentialAction\":[{\"@type\":\"SearchAction\",\"target\":{\"@type\":\"EntryPoint\",\"urlTemplate\":\"https:\/\/umi.dm.unibo.it\/congresso2023\/?s={search_term_string}\"},\"query-input\":\"required name=search_term_string\"}],\"inLanguage\":\"it-IT\"}]}<\/script>\n<!-- \/ Yoast SEO plugin. -->","yoast_head_json":{"title":"S1 - Analisi non lineare e sistemi hamiltoniani - Congresso UMI 2023","robots":{"index":"index","follow":"follow","max-snippet":"max-snippet:-1","max-image-preview":"max-image-preview:large","max-video-preview":"max-video-preview:-1"},"canonical":"https:\/\/umi.dm.unibo.it\/congresso2023\/programma\/sezioni\/s1-analisi-non-lineare-e-sistemi-hamiltoniani\/","og_locale":"it_IT","og_type":"article","og_title":"S1 - Analisi non lineare e sistemi hamiltoniani - Congresso UMI 2023","og_description":"Le comunicazioni si terranno nei giorni luned\u00ec 4 e marted\u00ec 5 settembre nell&#8217;Aula Magna del Polo Carmignani &nbsp; Gabriele Benedetti Vrije Universiteit Amsterdam Variational Methods for Periodic Magnetic Geodesics ore 11.00-13.00, marted\u00ec 5 settembre Azahara DelaTorre Sapienza Universit\u00e0 di Roma Is it possible to study non-local semi-lineal PDEs using Conformal Geometry? ore 11.00-13.00, marted\u00ec 5 [&hellip;]","og_url":"https:\/\/umi.dm.unibo.it\/congresso2023\/programma\/sezioni\/s1-analisi-non-lineare-e-sistemi-hamiltoniani\/","og_site_name":"Congresso UMI 2023","article_modified_time":"2023-08-10T13:25:19+00:00","twitter_misc":{"Tempo di lettura stimato":"1 minuto"},"schema":{"@context":"https:\/\/schema.org","@graph":[{"@type":"WebPage","@id":"https:\/\/umi.dm.unibo.it\/congresso2023\/programma\/sezioni\/s1-analisi-non-lineare-e-sistemi-hamiltoniani\/","url":"https:\/\/umi.dm.unibo.it\/congresso2023\/programma\/sezioni\/s1-analisi-non-lineare-e-sistemi-hamiltoniani\/","name":"S1 - Analisi non lineare e sistemi hamiltoniani - Congresso UMI 2023","isPartOf":{"@id":"https:\/\/umi.dm.unibo.it\/congresso2023\/#website"},"datePublished":"2019-04-22T15:43:08+00:00","dateModified":"2023-08-10T13:25:19+00:00","breadcrumb":{"@id":"https:\/\/umi.dm.unibo.it\/congresso2023\/programma\/sezioni\/s1-analisi-non-lineare-e-sistemi-hamiltoniani\/#breadcrumb"},"inLanguage":"it-IT","potentialAction":[{"@type":"ReadAction","target":["https:\/\/umi.dm.unibo.it\/congresso2023\/programma\/sezioni\/s1-analisi-non-lineare-e-sistemi-hamiltoniani\/"]}]},{"@type":"BreadcrumbList","@id":"https:\/\/umi.dm.unibo.it\/congresso2023\/programma\/sezioni\/s1-analisi-non-lineare-e-sistemi-hamiltoniani\/#breadcrumb","itemListElement":[{"@type":"ListItem","position":1,"name":"Home","item":"https:\/\/umi.dm.unibo.it\/congresso2023\/"},{"@type":"ListItem","position":2,"name":"Programma","item":"https:\/\/umi.dm.unibo.it\/congresso2023\/programma\/"},{"@type":"ListItem","position":3,"name":"Sezioni","item":"https:\/\/umi.dm.unibo.it\/congresso2023\/programma\/sezioni\/"},{"@type":"ListItem","position":4,"name":"S1 &#8211; Analisi non lineare e sistemi hamiltoniani"}]},{"@type":"WebSite","@id":"https:\/\/umi.dm.unibo.it\/congresso2023\/#website","url":"https:\/\/umi.dm.unibo.it\/congresso2023\/","name":"Congresso UMI 2023","description":"Un nuovo sito targato WordPress","potentialAction":[{"@type":"SearchAction","target":{"@type":"EntryPoint","urlTemplate":"https:\/\/umi.dm.unibo.it\/congresso2023\/?s={search_term_string}"},"query-input":"required name=search_term_string"}],"inLanguage":"it-IT"}]}},"_links":{"self":[{"href":"https:\/\/umi.dm.unibo.it\/congresso2023\/wp-json\/wp\/v2\/pages\/1494"}],"collection":[{"href":"https:\/\/umi.dm.unibo.it\/congresso2023\/wp-json\/wp\/v2\/pages"}],"about":[{"href":"https:\/\/umi.dm.unibo.it\/congresso2023\/wp-json\/wp\/v2\/types\/page"}],"author":[{"embeddable":true,"href":"https:\/\/umi.dm.unibo.it\/congresso2023\/wp-json\/wp\/v2\/users\/3"}],"replies":[{"embeddable":true,"href":"https:\/\/umi.dm.unibo.it\/congresso2023\/wp-json\/wp\/v2\/comments?post=1494"}],"version-history":[{"count":30,"href":"https:\/\/umi.dm.unibo.it\/congresso2023\/wp-json\/wp\/v2\/pages\/1494\/revisions"}],"predecessor-version":[{"id":5906,"href":"https:\/\/umi.dm.unibo.it\/congresso2023\/wp-json\/wp\/v2\/pages\/1494\/revisions\/5906"}],"up":[{"embeddable":true,"href":"https:\/\/umi.dm.unibo.it\/congresso2023\/wp-json\/wp\/v2\/pages\/205"}],"wp:attachment":[{"href":"https:\/\/umi.dm.unibo.it\/congresso2023\/wp-json\/wp\/v2\/media?parent=1494"}],"curies":[{"name":"wp","href":"https:\/\/api.w.org\/{rel}","templated":true}]}}