{"id":13,"date":"2014-06-19T11:23:48","date_gmt":"2014-06-19T09:23:48","guid":{"rendered":"http:\/\/umi.dm.unibo.it\/congresso2019\/?page_id=13"},"modified":"2023-09-06T13:13:23","modified_gmt":"2023-09-06T11:13:23","slug":"programma","status":"publish","type":"page","link":"https:\/\/umi.dm.unibo.it\/congresso2023\/programma\/","title":{"rendered":"Programma"},"content":{"rendered":"<p><a href=\"http:\/\/umi.dm.unibo.it\/congresso2023\/wp-content\/uploads\/2023\/09\/programma_agg30agosto.pdf\" target=\"_blank\" rel=\"noopener\">Programma sintetico<\/a> (agg. 30 agosto 2023)<\/p>\n<p>Programma completo fare riferimento alle sezioni<\/p>\n<p><a href=\"http:\/\/umi.dm.unibo.it\/congresso2023\/wp-content\/uploads\/2023\/08\/4_settembre.pdf\" target=\"_blank\" rel=\"noopener\">Luned\u00ec 4 settembre 2023<\/a><br \/>\n<a href=\"http:\/\/umi.dm.unibo.it\/congresso2023\/wp-content\/uploads\/2023\/08\/5_settembre.pdf\" target=\"_blank\" rel=\"noopener\">Marted\u00ec 5 settembre 2023<\/a><br \/>\n<a href=\"http:\/\/umi.dm.unibo.it\/congresso2023\/wp-content\/uploads\/2023\/09\/6_settembre.pdf\" target=\"_blank\" rel=\"noopener\">Mercoled\u00ec 6 settembre 2023<\/a><br \/>\n<a href=\"http:\/\/umi.dm.unibo.it\/congresso2023\/wp-content\/uploads\/2023\/09\/7_settembre.pdf\" target=\"_blank\" rel=\"noopener\">Gioved\u00ec 7 settembre 2023<\/a><br \/>\n<a href=\"http:\/\/umi.dm.unibo.it\/congresso2023\/wp-content\/uploads\/2023\/08\/8_settembre.pdf\" target=\"_blank\" rel=\"noopener\">Venerd\u00ec 8 settembre 2023<\/a><br \/>\n<a href=\"http:\/\/umi.dm.unibo.it\/congresso2023\/wp-content\/uploads\/2023\/08\/9_settembre.pdf\" target=\"_blank\" rel=\"noopener\">Sabato 9 settembre 2023<\/a><\/p>\n<p>&nbsp;<\/p>\n<h5><strong><span style=\"color: #339966;\">Mappa di Pisa<\/span><\/strong><\/h5>\n<p>&#8211; sedi del Congresso<\/p>\n<p><b>Polo Fibonacci &#8211; Universit\u00e0 di Pisa<\/b><\/p>\n<p><iframe loading=\"lazy\" style=\"border: 0;\" src=\"https:\/\/www.google.com\/maps\/embed?pb=!1m18!1m12!1m3!1d2883.459633049403!2d10.405934850584691!3d43.721777679016455!2m3!1f0!2f0!3f0!3m2!1i1024!2i768!4f13.1!3m3!1m2!1s0x12d5912014458fb7%3A0xc50fa1c76ba1bf5a!2sPolo%20Fibonacci%20-%20Aula%20Magna!5e0!3m2!1sit!2sit!4v1647514290018!5m2!1sit!2sit\" width=\"600\" height=\"450\" allowfullscreen=\"allowfullscreen\"><\/iframe><\/p>\n<p><b>Polo Carmignani &#8211; Universit\u00e0 di Pisa<\/b><\/p>\n<p><iframe loading=\"lazy\" style=\"border: 0;\" src=\"https:\/\/www.google.com\/maps\/embed?pb=!1m18!1m12!1m3!1d1441.7673975584273!2d10.399970891792924!3d43.72021597901652!2m3!1f0!2f0!3f0!3m2!1i1024!2i768!4f13.1!3m3!1m2!1s0x12d591a3dd10ac29%3A0x5c8f8349ea5815b3!2sPolo%20Carmignani!5e0!3m2!1sit!2sit!4v1647516354055!5m2!1sit!2sit\" width=\"600\" height=\"450\" allowfullscreen=\"allowfullscreen\"><\/iframe><\/p>\n<p><b>Palazzo della Carovana &#8211; Scuola Normale Superiore<\/b><\/p>\n<p><iframe loading=\"lazy\" style=\"border: 0;\" src=\"https:\/\/www.google.com\/maps\/embed?pb=!1m18!1m12!1m3!1d720.8889938164788!2d10.399866346474504!3d43.71977589475418!2m3!1f0!2f0!3f0!3m2!1i1024!2i768!4f13.1!3m3!1m2!1s0x12d591a3d7dde6e5%3A0x3450f1a24ae5f0e0!2sPalazzo%20della%20Carovana!5e0!3m2!1sit!2sit!4v1647516448585!5m2!1sit!2sit\" width=\"600\" height=\"450\" allowfullscreen=\"allowfullscreen\"><\/iframe><\/p>\n<p><b>Palazzo del Castelletto &#8211; Scuola Normale Superiore<\/b><\/p>\n<p><iframe loading=\"lazy\" style=\"border: 0;\" src=\"https:\/\/www.google.com\/maps\/embed?pb=!1m18!1m12!1m3!1d720.9062486175388!2d10.40032466239699!3d43.7183417790166!2m3!1f0!2f0!3f0!3m2!1i1024!2i768!4f13.1!3m3!1m2!1s0x12d591a22503d857%3A0x32bbacc3d0159a35!2sPalazzo%20del%20Castelletto!5e0!3m2!1sit!2sit!4v1647516565827!5m2!1sit!2sit\" width=\"600\" height=\"450\" allowfullscreen=\"allowfullscreen\"><\/iframe><\/p>\n","protected":false},"excerpt":{"rendered":"<p>Programma sintetico (agg. 30 agosto 2023) Programma completo fare riferimento alle sezioni Luned\u00ec 4 settembre 2023 Marted\u00ec 5 settembre 2023 Mercoled\u00ec 6 settembre 2023 Gioved\u00ec 7 settembre 2023 Venerd\u00ec 8 settembre 2023 Sabato 9 settembre 2023 &nbsp; Mappa di Pisa &#8211; sedi del Congresso Polo Fibonacci &#8211; Universit\u00e0 di Pisa Polo Carmignani &#8211; Universit\u00e0 di [&hellip;]<\/p>\n","protected":false},"author":3,"featured_media":0,"parent":0,"menu_order":2,"comment_status":"closed","ping_status":"closed","template":"","meta":{"footnotes":""},"yoast_head":"<!-- This site is optimized with the Yoast SEO plugin v21.0 - https:\/\/yoast.com\/wordpress\/plugins\/seo\/ -->\n<title>Programma - Congresso UMI 2023<\/title>\n<meta name=\"robots\" content=\"index, follow, max-snippet:-1, max-image-preview:large, max-video-preview:-1\" \/>\n<link rel=\"canonical\" href=\"https:\/\/umi.dm.unibo.it\/congresso2023\/programma\/\" \/>\n<meta property=\"og:locale\" content=\"it_IT\" \/>\n<meta property=\"og:type\" content=\"article\" \/>\n<meta property=\"og:title\" content=\"Programma - Congresso UMI 2023\" \/>\n<meta property=\"og:description\" content=\"Programma sintetico (agg. 30 agosto 2023) Programma completo fare riferimento alle sezioni Luned\u00ec 4 settembre 2023 Marted\u00ec 5 settembre 2023 Mercoled\u00ec 6 settembre 2023 Gioved\u00ec 7 settembre 2023 Venerd\u00ec 8 settembre 2023 Sabato 9 settembre 2023 &nbsp; Mappa di Pisa &#8211; sedi del Congresso Polo Fibonacci &#8211; Universit\u00e0 di Pisa Polo Carmignani &#8211; Universit\u00e0 di [&hellip;]\" \/>\n<meta property=\"og:url\" content=\"https:\/\/umi.dm.unibo.it\/congresso2023\/programma\/\" \/>\n<meta property=\"og:site_name\" content=\"Congresso UMI 2023\" \/>\n<meta property=\"article:modified_time\" content=\"2023-09-06T11:13:23+00:00\" \/>\n<meta name=\"twitter:label1\" content=\"Tempo di lettura stimato\" \/>\n\t<meta name=\"twitter:data1\" content=\"1 minuto\" \/>\n<script type=\"application\/ld+json\" class=\"yoast-schema-graph\">{\"@context\":\"https:\/\/schema.org\",\"@graph\":[{\"@type\":\"WebPage\",\"@id\":\"https:\/\/umi.dm.unibo.it\/congresso2023\/programma\/\",\"url\":\"https:\/\/umi.dm.unibo.it\/congresso2023\/programma\/\",\"name\":\"Programma - Congresso UMI 2023\",\"isPartOf\":{\"@id\":\"https:\/\/umi.dm.unibo.it\/congresso2023\/#website\"},\"datePublished\":\"2014-06-19T09:23:48+00:00\",\"dateModified\":\"2023-09-06T11:13:23+00:00\",\"breadcrumb\":{\"@id\":\"https:\/\/umi.dm.unibo.it\/congresso2023\/programma\/#breadcrumb\"},\"inLanguage\":\"it-IT\",\"potentialAction\":[{\"@type\":\"ReadAction\",\"target\":[\"https:\/\/umi.dm.unibo.it\/congresso2023\/programma\/\"]}]},{\"@type\":\"BreadcrumbList\",\"@id\":\"https:\/\/umi.dm.unibo.it\/congresso2023\/programma\/#breadcrumb\",\"itemListElement\":[{\"@type\":\"ListItem\",\"position\":1,\"name\":\"Home\",\"item\":\"https:\/\/umi.dm.unibo.it\/congresso2023\/\"},{\"@type\":\"ListItem\",\"position\":2,\"name\":\"Programma\"}]},{\"@type\":\"WebSite\",\"@id\":\"https:\/\/umi.dm.unibo.it\/congresso2023\/#website\",\"url\":\"https:\/\/umi.dm.unibo.it\/congresso2023\/\",\"name\":\"Congresso UMI 2023\",\"description\":\"Un nuovo sito targato WordPress\",\"potentialAction\":[{\"@type\":\"SearchAction\",\"target\":{\"@type\":\"EntryPoint\",\"urlTemplate\":\"https:\/\/umi.dm.unibo.it\/congresso2023\/?s={search_term_string}\"},\"query-input\":\"required name=search_term_string\"}],\"inLanguage\":\"it-IT\"}]}<\/script>\n<!-- \/ Yoast SEO plugin. -->","yoast_head_json":{"title":"Programma - Congresso UMI 2023","robots":{"index":"index","follow":"follow","max-snippet":"max-snippet:-1","max-image-preview":"max-image-preview:large","max-video-preview":"max-video-preview:-1"},"canonical":"https:\/\/umi.dm.unibo.it\/congresso2023\/programma\/","og_locale":"it_IT","og_type":"article","og_title":"Programma - Congresso UMI 2023","og_description":"Programma sintetico (agg. 30 agosto 2023) Programma completo fare riferimento alle sezioni Luned\u00ec 4 settembre 2023 Marted\u00ec 5 settembre 2023 Mercoled\u00ec 6 settembre 2023 Gioved\u00ec 7 settembre 2023 Venerd\u00ec 8 settembre 2023 Sabato 9 settembre 2023 &nbsp; Mappa di Pisa &#8211; sedi del Congresso Polo Fibonacci &#8211; Universit\u00e0 di Pisa Polo Carmignani &#8211; Universit\u00e0 di [&hellip;]","og_url":"https:\/\/umi.dm.unibo.it\/congresso2023\/programma\/","og_site_name":"Congresso UMI 2023","article_modified_time":"2023-09-06T11:13:23+00:00","twitter_misc":{"Tempo di lettura stimato":"1 minuto"},"schema":{"@context":"https:\/\/schema.org","@graph":[{"@type":"WebPage","@id":"https:\/\/umi.dm.unibo.it\/congresso2023\/programma\/","url":"https:\/\/umi.dm.unibo.it\/congresso2023\/programma\/","name":"Programma - Congresso UMI 2023","isPartOf":{"@id":"https:\/\/umi.dm.unibo.it\/congresso2023\/#website"},"datePublished":"2014-06-19T09:23:48+00:00","dateModified":"2023-09-06T11:13:23+00:00","breadcrumb":{"@id":"https:\/\/umi.dm.unibo.it\/congresso2023\/programma\/#breadcrumb"},"inLanguage":"it-IT","potentialAction":[{"@type":"ReadAction","target":["https:\/\/umi.dm.unibo.it\/congresso2023\/programma\/"]}]},{"@type":"BreadcrumbList","@id":"https:\/\/umi.dm.unibo.it\/congresso2023\/programma\/#breadcrumb","itemListElement":[{"@type":"ListItem","position":1,"name":"Home","item":"https:\/\/umi.dm.unibo.it\/congresso2023\/"},{"@type":"ListItem","position":2,"name":"Programma"}]},{"@type":"WebSite","@id":"https:\/\/umi.dm.unibo.it\/congresso2023\/#website","url":"https:\/\/umi.dm.unibo.it\/congresso2023\/","name":"Congresso UMI 2023","description":"Un nuovo sito targato WordPress","potentialAction":[{"@type":"SearchAction","target":{"@type":"EntryPoint","urlTemplate":"https:\/\/umi.dm.unibo.it\/congresso2023\/?s={search_term_string}"},"query-input":"required name=search_term_string"}],"inLanguage":"it-IT"}]}},"_links":{"self":[{"href":"https:\/\/umi.dm.unibo.it\/congresso2023\/wp-json\/wp\/v2\/pages\/13"}],"collection":[{"href":"https:\/\/umi.dm.unibo.it\/congresso2023\/wp-json\/wp\/v2\/pages"}],"about":[{"href":"https:\/\/umi.dm.unibo.it\/congresso2023\/wp-json\/wp\/v2\/types\/page"}],"author":[{"embeddable":true,"href":"https:\/\/umi.dm.unibo.it\/congresso2023\/wp-json\/wp\/v2\/users\/3"}],"replies":[{"embeddable":true,"href":"https:\/\/umi.dm.unibo.it\/congresso2023\/wp-json\/wp\/v2\/comments?post=13"}],"version-history":[{"count":129,"href":"https:\/\/umi.dm.unibo.it\/congresso2023\/wp-json\/wp\/v2\/pages\/13\/revisions"}],"predecessor-version":[{"id":6090,"href":"https:\/\/umi.dm.unibo.it\/congresso2023\/wp-json\/wp\/v2\/pages\/13\/revisions\/6090"}],"wp:attachment":[{"href":"https:\/\/umi.dm.unibo.it\/congresso2023\/wp-json\/wp\/v2\/media?parent=13"}],"curies":[{"name":"wp","href":"https:\/\/api.w.org\/{rel}","templated":true}]}}