{"id":419,"date":"2015-02-18T10:00:56","date_gmt":"2015-02-18T09:00:56","guid":{"rendered":"http:\/\/umi.dm.unibo.it\/congresso2019\/?page_id=419"},"modified":"2019-08-29T11:03:44","modified_gmt":"2019-08-29T09:03:44","slug":"tavole-rotonde","status":"publish","type":"page","link":"https:\/\/umi.dm.unibo.it\/congresso2019\/programma\/tavole-rotonde\/","title":{"rendered":"Tavole rotonde"},"content":{"rendered":"<h4><em>Open Access<\/em><\/h4>\n<p>Marted\u00ec 3 ore 18.30 &#8211; \u00a0aula Magna<\/p>\n<p>Ospiti:<br \/>\n<strong>Marco Abate<\/strong>, Universit\u00e0 degli studi di Pisa, Consigliere CUN<br \/>\n<strong>Stefano Bianco<\/strong>, INFN, membro del gruppo di lavoro Open Access dell&#8217;INFN.<br \/>\n<strong>Vittorio Coti Zelati,<\/strong> Universit\u00e0 degli studi di Napoli, Federico II,\u00a0membro del Committee on Publications and Electronic Dissemination dell\u2019EMS<br \/>\n<strong>Roberto delle Donne<\/strong>, Universit\u00e0 degli studi di Napoli, Federico II, Coordinatore Gruppo Open Access della CRUI<br \/>\n<strong>Nicola Fusco<\/strong>, Universit\u00e0 degli studi di Napoli, Federico II, membro dell&#8217;Executive Committee dell&#8217;EMS.<br \/>\n<strong>Graziano Gentili<\/strong>, Universit\u00e0 di Firenze, Editor in Chief degli Annali di Matematica Pura e Applicata.<br \/>\n<strong>Pierangelo Marcati<\/strong>, Gran Sasso Science Institute, L&#8217;Aquila,\u00a0membro del Committee on Publications and Electronic Dissemination del\u2019EMS.<br \/>\n<strong>Michela Spagnuolo<\/strong>, Direttrice Istituto di matematica e tecnologie informatiche IMATI-CNR, Roma.<\/p>\n<p>Moderatrice:<br \/>\n<strong>Barbara\u00a0<\/strong><b>NELLI<\/b>, Universit\u00e0 dell&#8217; Aquila, Vice Presidente dell&#8217; UMI.<\/p>\n<p>*****<\/p>\n<h4><em>Intelligenza artificiale<\/em><\/h4>\n<p>Gioved\u00ec 5 ore 21.15 \u00a0&#8211; Collegio Santa Caterina<\/p>\n<p>Ospiti<br \/>\n<strong>Paolo Branchini<\/strong>, INFN e MIUR<br \/>\n<strong>Giorgio Patrizio<\/strong>, PRES. INDAM<br \/>\n<strong>Ernesto De Vito<\/strong>, UNIGE<br \/>\n<strong>Valeria Ruggiero<\/strong>, UNIFE<\/p>\n<p>Moderatore:<br \/>\n<strong>Pierluigi CONTUCCI<\/strong> (Universit\u00e0 di Bologna)<\/p>\n<p>Abstract:<br \/>\nL&#8217;intelligenza artificiale (AI), e in particolare il machine learning che ne rappresenta la punta di diamante, stanno introducendo nella scienza e nella societ\u00e0 delle trasformazioni dirompenti simili a quelle della rivoluzione industriale. Ma cos&#8217;\u00e8 veramente l&#8217;AI? E cosa non \u00e8? Il tema centrale che verr\u00e0 affrontato nella tavola rotonda \u00e8 quello della straordinaria opportunit\u00e0 che questa rivoluzione rappresenta per il sistema paese e per il mondo accademico. In particolare la matematica e le scienze dure hanno di fronte l&#8217;affascinante sfida di trasformare l\u2019attuale insieme di tecniche e metodi in un vera e propria disciplina scientifica costruendo teorie e modelli che spieghino in modo coerente il concetto di apprendimento.<br \/>\nDiscernere tra miti e fatti, distinguere le paure irrazionali dalle legittime preoccupazioni saranno tra i possibili temi di interazione col pubblico.<\/p>\n<p>Per un breve approfondimento: <a href=\"https:\/\/www.rivistailmulino.it\/item\/4551\">https:\/\/www.rivistailmulino.it\/item\/4551<\/a><\/p>\n<p>*****<\/p>\n<h4><em>Comunicazione<\/em><\/h4>\n<p>Venerd\u00ec 6 ore 18.45 \u00a0&#8211; aula Magna<\/p>\n<p>Ospiti<br \/>\n<strong>Luigi Amedeo Bianchi<\/strong> (Universit\u00e0 degli Studi di Trento)<br \/>\n<strong>Alessandra Caraceni<\/strong> (University of Oxford)<br \/>\n<strong>Roberto Natalini<\/strong> (direttore IAC-CNR)<br \/>\n<strong>Vincenzo Mul\u00e9<\/strong> (direttore della rivista Prisma).<br \/>\n<strong>Veronica Grieco<\/strong> aprir\u00e0 la discussione con la performance con cui ha vinto Famelab Italia.<\/p>\n<p>Moderatrice: <strong>Silvia BENVENUTI<\/strong> (Universit\u00e0 di Bologna)<\/p>\n","protected":false},"excerpt":{"rendered":"<p>Open Access Marted\u00ec 3 ore 18.30 &#8211; \u00a0aula Magna Ospiti: Marco Abate, Universit\u00e0 degli studi di Pisa, Consigliere CUN Stefano Bianco, INFN, membro del gruppo di lavoro Open Access dell&#8217;INFN. Vittorio Coti Zelati, Universit\u00e0 degli studi di Napoli, Federico II,\u00a0membro del Committee on Publications and Electronic Dissemination dell\u2019EMS Roberto delle Donne, Universit\u00e0 degli studi di [&hellip;]<\/p>\n","protected":false},"author":3,"featured_media":0,"parent":13,"menu_order":3,"comment_status":"closed","ping_status":"closed","template":"","meta":{"footnotes":""},"class_list":["post-419","page","type-page","status-publish","hentry"],"_links":{"self":[{"href":"https:\/\/umi.dm.unibo.it\/congresso2019\/wp-json\/wp\/v2\/pages\/419","targetHints":{"allow":["GET"]}}],"collection":[{"href":"https:\/\/umi.dm.unibo.it\/congresso2019\/wp-json\/wp\/v2\/pages"}],"about":[{"href":"https:\/\/umi.dm.unibo.it\/congresso2019\/wp-json\/wp\/v2\/types\/page"}],"author":[{"embeddable":true,"href":"https:\/\/umi.dm.unibo.it\/congresso2019\/wp-json\/wp\/v2\/users\/3"}],"replies":[{"embeddable":true,"href":"https:\/\/umi.dm.unibo.it\/congresso2019\/wp-json\/wp\/v2\/comments?post=419"}],"version-history":[{"count":17,"href":"https:\/\/umi.dm.unibo.it\/congresso2019\/wp-json\/wp\/v2\/pages\/419\/revisions"}],"predecessor-version":[{"id":4170,"href":"https:\/\/umi.dm.unibo.it\/congresso2019\/wp-json\/wp\/v2\/pages\/419\/revisions\/4170"}],"up":[{"embeddable":true,"href":"https:\/\/umi.dm.unibo.it\/congresso2019\/wp-json\/wp\/v2\/pages\/13"}],"wp:attachment":[{"href":"https:\/\/umi.dm.unibo.it\/congresso2019\/wp-json\/wp\/v2\/media?parent=419"}],"curies":[{"name":"wp","href":"https:\/\/api.w.org\/{rel}","templated":true}]}}