{"id":2340,"date":"2019-07-28T18:48:02","date_gmt":"2019-07-28T16:48:02","guid":{"rendered":"http:\/\/umi.dm.unibo.it\/congresso2019\/?page_id=2340"},"modified":"2019-08-22T16:09:10","modified_gmt":"2019-08-22T14:09:10","slug":"s22-didattica-della-matematica","status":"publish","type":"page","link":"https:\/\/umi.dm.unibo.it\/congresso2019\/programma\/sezioni-speciali\/s22-didattica-della-matematica\/","title":{"rendered":"S22 &#8211; Didattica della matematica"},"content":{"rendered":"<p style=\"text-align: center;\"><a href=\"http:\/\/umi.dm.unibo.it\/congresso2019\/programma\/sezioni-speciali\/s22-didattica-della-matematica\/s22-lunedi-2-settembre\/\">programma sezione luned\u00ec 2 settembre<\/a><\/p>\n<p style=\"text-align: center;\">*****<\/p>\n<p style=\"text-align: center;\"><a href=\"http:\/\/umi.dm.unibo.it\/congresso2019\/programma\/sezioni-speciali\/s22-didattica-della-matematica\/s22-martedi-3-settembre-mattina\/\">programma sezione marted\u00ec 3 settembre (mattina)<\/a><\/p>\n<p style=\"text-align: center;\">*****<\/p>\n<p style=\"text-align: center;\"><a href=\"http:\/\/umi.dm.unibo.it\/congresso2019\/programma\/sezioni-speciali\/s22-didattica-della-matematica\/s22-martedi-3-settembre-pomeriggio\/\">programma sezione marted\u00ec 3 settembre (pomeriggio)<\/a><\/p>\n<p style=\"text-align: center;\">*****<\/p>\n<p>&nbsp;<\/p>\n","protected":false},"excerpt":{"rendered":"<p>programma sezione luned\u00ec 2 settembre ***** programma sezione marted\u00ec 3 settembre (mattina) ***** programma sezione marted\u00ec 3 settembre (pomeriggio) ***** &nbsp;<\/p>\n","protected":false},"author":3,"featured_media":0,"parent":205,"menu_order":22,"comment_status":"closed","ping_status":"closed","template":"","meta":{"footnotes":""},"class_list":["post-2340","page","type-page","status-publish","hentry"],"_links":{"self":[{"href":"https:\/\/umi.dm.unibo.it\/congresso2019\/wp-json\/wp\/v2\/pages\/2340","targetHints":{"allow":["GET"]}}],"collection":[{"href":"https:\/\/umi.dm.unibo.it\/congresso2019\/wp-json\/wp\/v2\/pages"}],"about":[{"href":"https:\/\/umi.dm.unibo.it\/congresso2019\/wp-json\/wp\/v2\/types\/page"}],"author":[{"embeddable":true,"href":"https:\/\/umi.dm.unibo.it\/congresso2019\/wp-json\/wp\/v2\/users\/3"}],"replies":[{"embeddable":true,"href":"https:\/\/umi.dm.unibo.it\/congresso2019\/wp-json\/wp\/v2\/comments?post=2340"}],"version-history":[{"count":7,"href":"https:\/\/umi.dm.unibo.it\/congresso2019\/wp-json\/wp\/v2\/pages\/2340\/revisions"}],"predecessor-version":[{"id":4087,"href":"https:\/\/umi.dm.unibo.it\/congresso2019\/wp-json\/wp\/v2\/pages\/2340\/revisions\/4087"}],"up":[{"embeddable":true,"href":"https:\/\/umi.dm.unibo.it\/congresso2019\/wp-json\/wp\/v2\/pages\/205"}],"wp:attachment":[{"href":"https:\/\/umi.dm.unibo.it\/congresso2019\/wp-json\/wp\/v2\/media?parent=2340"}],"curies":[{"name":"wp","href":"https:\/\/api.w.org\/{rel}","templated":true}]}}