{"id":2319,"date":"2019-07-28T18:36:04","date_gmt":"2019-07-28T16:36:04","guid":{"rendered":"http:\/\/umi.dm.unibo.it\/congresso2019\/?page_id=2319"},"modified":"2019-08-22T16:08:41","modified_gmt":"2019-08-22T14:08:41","slug":"s21-storia-della-matematica","status":"publish","type":"page","link":"https:\/\/umi.dm.unibo.it\/congresso2019\/programma\/sezioni-speciali\/s21-storia-della-matematica\/","title":{"rendered":"S21 &#8211; Storia della matematica"},"content":{"rendered":"<p style=\"text-align: center;\"><a href=\"http:\/\/umi.dm.unibo.it\/congresso2019\/programma\/sezioni-speciali\/s21-storia-della-matematica\/s21-giovedi-5-settembre-mattina\/\">programma sezione gioved\u00ec 5 settembre (mattina)<\/a><\/p>\n<p style=\"text-align: center;\">*****<\/p>\n<p style=\"text-align: center;\"><a href=\"http:\/\/umi.dm.unibo.it\/congresso2019\/programma\/sezioni-speciali\/s21-storia-della-matematica\/s21-giovedi-5-settembre-pomeriggio\/\">programma sezione gioved\u00ec 5 settembre (pomeriggio)<\/a><\/p>\n<p style=\"text-align: center;\">*****<\/p>\n<p style=\"text-align: center;\"><a href=\"http:\/\/umi.dm.unibo.it\/congresso2019\/programma\/sezioni-speciali\/s21-storia-della-matematica\/s21-venerdi-6-settembre\/\">programma sezione venerd\u00ec 6 settembre<\/a><\/p>\n<p style=\"text-align: center;\">*****<\/p>\n<p>&nbsp;<\/p>\n","protected":false},"excerpt":{"rendered":"<p>programma sezione gioved\u00ec 5 settembre (mattina) ***** programma sezione gioved\u00ec 5 settembre (pomeriggio) ***** programma sezione venerd\u00ec 6 settembre ***** &nbsp;<\/p>\n","protected":false},"author":3,"featured_media":0,"parent":205,"menu_order":21,"comment_status":"closed","ping_status":"closed","template":"","meta":{"footnotes":""},"class_list":["post-2319","page","type-page","status-publish","hentry"],"_links":{"self":[{"href":"https:\/\/umi.dm.unibo.it\/congresso2019\/wp-json\/wp\/v2\/pages\/2319","targetHints":{"allow":["GET"]}}],"collection":[{"href":"https:\/\/umi.dm.unibo.it\/congresso2019\/wp-json\/wp\/v2\/pages"}],"about":[{"href":"https:\/\/umi.dm.unibo.it\/congresso2019\/wp-json\/wp\/v2\/types\/page"}],"author":[{"embeddable":true,"href":"https:\/\/umi.dm.unibo.it\/congresso2019\/wp-json\/wp\/v2\/users\/3"}],"replies":[{"embeddable":true,"href":"https:\/\/umi.dm.unibo.it\/congresso2019\/wp-json\/wp\/v2\/comments?post=2319"}],"version-history":[{"count":8,"href":"https:\/\/umi.dm.unibo.it\/congresso2019\/wp-json\/wp\/v2\/pages\/2319\/revisions"}],"predecessor-version":[{"id":4085,"href":"https:\/\/umi.dm.unibo.it\/congresso2019\/wp-json\/wp\/v2\/pages\/2319\/revisions\/4085"}],"up":[{"embeddable":true,"href":"https:\/\/umi.dm.unibo.it\/congresso2019\/wp-json\/wp\/v2\/pages\/205"}],"wp:attachment":[{"href":"https:\/\/umi.dm.unibo.it\/congresso2019\/wp-json\/wp\/v2\/media?parent=2319"}],"curies":[{"name":"wp","href":"https:\/\/api.w.org\/{rel}","templated":true}]}}