{"id":2164,"date":"2019-07-28T16:21:34","date_gmt":"2019-07-28T14:21:34","guid":{"rendered":"http:\/\/umi.dm.unibo.it\/congresso2019\/?page_id=2164"},"modified":"2019-08-22T16:05:01","modified_gmt":"2019-08-22T14:05:01","slug":"s14a-algebra","status":"publish","type":"page","link":"https:\/\/umi.dm.unibo.it\/congresso2019\/programma\/sezioni-speciali\/s14a-algebra\/","title":{"rendered":"S14a &#8211; Algebra"},"content":{"rendered":"<p style=\"text-align: center;\"><a href=\"http:\/\/umi.dm.unibo.it\/congresso2019\/programma\/sezioni-speciali\/s14a-algebra\/s14a-lunedi-2-settembre\/\">programma sezione luned\u00ec 2 settembre<\/a><\/p>\n<p style=\"text-align: center;\">*****<\/p>\n<p style=\"text-align: center;\"><a href=\"http:\/\/umi.dm.unibo.it\/congresso2019\/programma\/sezioni-speciali\/s14a-algebra\/s14a-martedi-3-settembre\/\">programma sezione marted\u00ec 3 settembre<\/a><\/p>\n<p style=\"text-align: center;\">*****<\/p>\n<p style=\"text-align: center;\"><a href=\"http:\/\/umi.dm.unibo.it\/congresso2019\/programma\/sezioni-speciali\/s14a-algebra\/s14a-mercoledi-4-settembre\/\">programma sezione mercoled\u00ec 4 settembre<\/a><\/p>\n<p style=\"text-align: center;\">*****<\/p>\n<p>&nbsp;<\/p>\n","protected":false},"excerpt":{"rendered":"<p>programma sezione luned\u00ec 2 settembre ***** programma sezione marted\u00ec 3 settembre ***** programma sezione mercoled\u00ec 4 settembre ***** &nbsp;<\/p>\n","protected":false},"author":3,"featured_media":0,"parent":205,"menu_order":14,"comment_status":"closed","ping_status":"closed","template":"","meta":{"footnotes":""},"class_list":["post-2164","page","type-page","status-publish","hentry"],"_links":{"self":[{"href":"https:\/\/umi.dm.unibo.it\/congresso2019\/wp-json\/wp\/v2\/pages\/2164","targetHints":{"allow":["GET"]}}],"collection":[{"href":"https:\/\/umi.dm.unibo.it\/congresso2019\/wp-json\/wp\/v2\/pages"}],"about":[{"href":"https:\/\/umi.dm.unibo.it\/congresso2019\/wp-json\/wp\/v2\/types\/page"}],"author":[{"embeddable":true,"href":"https:\/\/umi.dm.unibo.it\/congresso2019\/wp-json\/wp\/v2\/users\/3"}],"replies":[{"embeddable":true,"href":"https:\/\/umi.dm.unibo.it\/congresso2019\/wp-json\/wp\/v2\/comments?post=2164"}],"version-history":[{"count":7,"href":"https:\/\/umi.dm.unibo.it\/congresso2019\/wp-json\/wp\/v2\/pages\/2164\/revisions"}],"predecessor-version":[{"id":4069,"href":"https:\/\/umi.dm.unibo.it\/congresso2019\/wp-json\/wp\/v2\/pages\/2164\/revisions\/4069"}],"up":[{"embeddable":true,"href":"https:\/\/umi.dm.unibo.it\/congresso2019\/wp-json\/wp\/v2\/pages\/205"}],"wp:attachment":[{"href":"https:\/\/umi.dm.unibo.it\/congresso2019\/wp-json\/wp\/v2\/media?parent=2164"}],"curies":[{"name":"wp","href":"https:\/\/api.w.org\/{rel}","templated":true}]}}