{"id":1796,"date":"2019-07-10T16:41:08","date_gmt":"2019-07-10T14:41:08","guid":{"rendered":"http:\/\/umi.dm.unibo.it\/congresso2019\/?page_id=1796"},"modified":"2019-08-22T16:03:23","modified_gmt":"2019-08-22T14:03:23","slug":"s11-teoria-dellapprossimazione-ed-applicazioni","status":"publish","type":"page","link":"https:\/\/umi.dm.unibo.it\/congresso2019\/programma\/sezioni-speciali\/s11-teoria-dellapprossimazione-ed-applicazioni\/","title":{"rendered":"S11 &#8211; Teoria dell\u2019approssimazione ed applicazioni"},"content":{"rendered":"<p style=\"text-align: center;\"><a href=\"http:\/\/umi.dm.unibo.it\/congresso2019\/programma\/sezioni-speciali\/s11-teoria-dellapprossimazione-ed-applicazioni\/s11-mercoledi-4-settembre\/\">programma sezione mercoled\u00ec 4 settembre<\/a><\/p>\n<p style=\"text-align: center;\">*****<\/p>\n<p style=\"text-align: center;\"><a href=\"http:\/\/umi.dm.unibo.it\/congresso2019\/programma\/sezioni-speciali\/s11-teoria-dellapprossimazione-ed-applicazioni\/s11-giovedi-5-settembre\/\">programma sezione gioved\u00ec 5 settembre<\/a><\/p>\n<p style=\"text-align: center;\">*****<\/p>\n<p style=\"text-align: center;\"><a href=\"http:\/\/umi.dm.unibo.it\/congresso2019\/programma\/sezioni-speciali\/s11-teoria-dellapprossimazione-ed-applicazioni\/s11-venerdi-6-settembre\/\">programma sezione venerd\u00ec 6 settembre<\/a><\/p>\n<p style=\"text-align: center;\">*****<\/p>\n<p>&nbsp;<\/p>\n","protected":false},"excerpt":{"rendered":"<p>programma sezione mercoled\u00ec 4 settembre ***** programma sezione gioved\u00ec 5 settembre ***** programma sezione venerd\u00ec 6 settembre ***** &nbsp;<\/p>\n","protected":false},"author":3,"featured_media":0,"parent":205,"menu_order":11,"comment_status":"closed","ping_status":"closed","template":"","meta":{"footnotes":""},"class_list":["post-1796","page","type-page","status-publish","hentry"],"_links":{"self":[{"href":"https:\/\/umi.dm.unibo.it\/congresso2019\/wp-json\/wp\/v2\/pages\/1796","targetHints":{"allow":["GET"]}}],"collection":[{"href":"https:\/\/umi.dm.unibo.it\/congresso2019\/wp-json\/wp\/v2\/pages"}],"about":[{"href":"https:\/\/umi.dm.unibo.it\/congresso2019\/wp-json\/wp\/v2\/types\/page"}],"author":[{"embeddable":true,"href":"https:\/\/umi.dm.unibo.it\/congresso2019\/wp-json\/wp\/v2\/users\/3"}],"replies":[{"embeddable":true,"href":"https:\/\/umi.dm.unibo.it\/congresso2019\/wp-json\/wp\/v2\/comments?post=1796"}],"version-history":[{"count":7,"href":"https:\/\/umi.dm.unibo.it\/congresso2019\/wp-json\/wp\/v2\/pages\/1796\/revisions"}],"predecessor-version":[{"id":4063,"href":"https:\/\/umi.dm.unibo.it\/congresso2019\/wp-json\/wp\/v2\/pages\/1796\/revisions\/4063"}],"up":[{"embeddable":true,"href":"https:\/\/umi.dm.unibo.it\/congresso2019\/wp-json\/wp\/v2\/pages\/205"}],"wp:attachment":[{"href":"https:\/\/umi.dm.unibo.it\/congresso2019\/wp-json\/wp\/v2\/media?parent=1796"}],"curies":[{"name":"wp","href":"https:\/\/api.w.org\/{rel}","templated":true}]}}