{"id":156,"date":"2014-06-27T14:27:10","date_gmt":"2014-06-27T12:27:10","guid":{"rendered":"http:\/\/umi.dm.unibo.it\/congresso2019\/?page_id=156"},"modified":"2018-12-12T15:45:47","modified_gmt":"2018-12-12T14:45:47","slug":"istruzioni-per-scrittura-dei-sunti","status":"publish","type":"page","link":"https:\/\/umi.dm.unibo.it\/congresso2019\/programma\/comunicazioni\/istruzioni-per-scrittura-dei-sunti\/","title":{"rendered":"Istruzioni per la scrittura dei sunti"},"content":{"rendered":"<p>Gli iscritti al Congresso che presentano una comunicazione [in italiano o anche in francese, inglese, spagnolo, tedesco] devono inviarne \u00a0un sunto che verr\u00e0 inserito negli Atti preliminari del Congresso, qualora la comunicazione venga accettata. Ogni partecipante pu\u00f2 presentare una sola comunicazione.<\/p>\n<p>Al fine di garantire l&#8217;uniformit\u00e0 tipografica del volume dei sunti delle comunicazioni, gli autori devono attenersi alle seguenti indicazioni.<\/p>\n<p>I sunti devono:<\/p>\n<ul>\n<li>avere lunghezza massima di una pagina;<\/li>\n<li>essere redatti utilizzando LaTeX con la classe appositamente predisposta;<\/li>\n<li>essere inviati tramite il form predisposto.<\/li>\n<\/ul>\n<p><u><strong>Files per i sunti<\/strong><\/u><\/p>\n<p><a href=\"http:\/\/umi.dm.unibo.it\/congresso2019\/wp-content\/uploads\/2014\/06\/congrumi11_istr.pdf\">congrumi11_istr.pdf<\/a><br \/>\nfile di istruzioni;<\/p>\n<p><a href=\"http:\/\/umi.dm.unibo.it\/congresso2019\/wp-content\/uploads\/2014\/06\/congrumi11.cls_.zip\">congrumi11.cls<\/a><br \/>\nclasse LaTeX da utilizzare per la composizione del sunto;<\/p>\n<p><a href=\"http:\/\/umi.dm.unibo.it\/congresso2019\/wp-content\/uploads\/2014\/06\/congrumi11_modello.tex_.zip\">congrumi11_modello.tex<\/a><br \/>\nschema del file tex contenente il sunto.<\/p>\n<p><u><strong>Files per i sunti sezioni speciali<\/strong><\/u><\/p>\n<p><a href=\"http:\/\/umi.dm.unibo.it\/congresso2019\/wp-content\/uploads\/2018\/12\/congrumi11s_istr.pdf\">congrumi11s_istr.pdf<\/a><br \/>\nfile di istruzioni;<\/p>\n<p><a href=\"http:\/\/umi.dm.unibo.it\/congresso2019\/wp-content\/uploads\/2018\/12\/congrumi11s.cls_.zip\">congrumi11s.cls<\/a><br \/>\nclasse LaTeX da utilizzare per la composizione del sunto;<\/p>\n<p><a href=\"http:\/\/umi.dm.unibo.it\/congresso2019\/wp-content\/uploads\/2018\/12\/congrumi11s_modello.tex.zip\">congrumi11s_modello.tex<\/a><br \/>\nschema del file tex contenente il sunto.<\/p>\n","protected":false},"excerpt":{"rendered":"<p>Gli iscritti al Congresso che presentano una comunicazione [in italiano o anche in francese, inglese, spagnolo, tedesco] devono inviarne \u00a0un sunto che verr\u00e0 inserito negli Atti preliminari del Congresso, qualora la comunicazione venga accettata. Ogni partecipante pu\u00f2 presentare una sola comunicazione. Al fine di garantire l&#8217;uniformit\u00e0 tipografica del volume dei sunti delle comunicazioni, gli autori [&hellip;]<\/p>\n","protected":false},"author":3,"featured_media":0,"parent":149,"menu_order":0,"comment_status":"open","ping_status":"open","template":"","meta":{"footnotes":""},"class_list":["post-156","page","type-page","status-publish","hentry"],"_links":{"self":[{"href":"https:\/\/umi.dm.unibo.it\/congresso2019\/wp-json\/wp\/v2\/pages\/156","targetHints":{"allow":["GET"]}}],"collection":[{"href":"https:\/\/umi.dm.unibo.it\/congresso2019\/wp-json\/wp\/v2\/pages"}],"about":[{"href":"https:\/\/umi.dm.unibo.it\/congresso2019\/wp-json\/wp\/v2\/types\/page"}],"author":[{"embeddable":true,"href":"https:\/\/umi.dm.unibo.it\/congresso2019\/wp-json\/wp\/v2\/users\/3"}],"replies":[{"embeddable":true,"href":"https:\/\/umi.dm.unibo.it\/congresso2019\/wp-json\/wp\/v2\/comments?post=156"}],"version-history":[{"count":12,"href":"https:\/\/umi.dm.unibo.it\/congresso2019\/wp-json\/wp\/v2\/pages\/156\/revisions"}],"predecessor-version":[{"id":1199,"href":"https:\/\/umi.dm.unibo.it\/congresso2019\/wp-json\/wp\/v2\/pages\/156\/revisions\/1199"}],"up":[{"embeddable":true,"href":"https:\/\/umi.dm.unibo.it\/congresso2019\/wp-json\/wp\/v2\/pages\/149"}],"wp:attachment":[{"href":"https:\/\/umi.dm.unibo.it\/congresso2019\/wp-json\/wp\/v2\/media?parent=156"}],"curies":[{"name":"wp","href":"https:\/\/api.w.org\/{rel}","templated":true}]}}