{"id":154,"date":"2014-06-27T14:25:45","date_gmt":"2014-06-27T12:25:45","guid":{"rendered":"http:\/\/umi.dm.unibo.it\/congresso2019\/?page_id=154"},"modified":"2019-07-30T15:48:29","modified_gmt":"2019-07-30T13:48:29","slug":"programma-sociale","status":"publish","type":"page","link":"https:\/\/umi.dm.unibo.it\/congresso2019\/programma\/programma-sociale\/","title":{"rendered":"Programma sociale"},"content":{"rendered":"<p><em><strong><span style=\"color: #ff0000;\">Cocktail di benvenuto<\/span><\/strong>\u00a0<\/em>per i congressisti (consulta il <a href=\"http:\/\/umi.dm.unibo.it\/congresso2019\/wp-content\/uploads\/2019\/07\/Cocktail-di-benvenuto.jpg\">menu<\/a>), luned\u00ec 2 settembre 2019 presso il Cortile delle Magnolie.<\/p>\n<p><em><strong><span style=\"color: #339966;\">Gita sociale<\/span><\/strong>,<\/em> mercoled\u00ec 4 settembre 2019:<\/p>\n<p>I congressisti avranno la possibilit\u00e0 di scegliere tra le seguenti opzioni:<\/p>\n<p>\u2013<strong> tour di Pavia con guida<\/strong> (massimo 100 partecipanti). Il punto di ritrovo per i partecipanti al tour guidato di Pavia \u00e8 l&#8217;aiuola in Piazza Castello, davanti al Castello Visconteo (si veda <a href=\"https:\/\/www.google.com\/maps\/d\/u\/0\/viewer?mid=1rH2gHIr6ziinOYGD1MdeaBYL_w8lrsIh&amp;ll=45.18843552475721%2C9.156496449999963&amp;z=17\">qui<\/a>) alle ore 15.00.\u00a0 <b>Si raccomanda la massima puntualit\u00e0. <\/b>Durata prevista della visita: 2 ore e mezza circa.<\/p>\n<p>\u2013 <strong>visita guidata alla Certosa di Pavia<\/strong> (massimo 100 partecipanti). Il punto di ritrovo per i partecipanti della gita a Certosa \u00e8 Viale Matteotti 39 (davanti alla Pizzeria da Giulio, si veda <a href=\"https:\/\/www.google.com\/maps\/d\/u\/0\/viewer?mid=1rH2gHIr6ziinOYGD1MdeaBYL_w8lrsIh&amp;ll=45.18843552475721%2C9.156496449999963&amp;z=17\">qui<\/a>) alle ore 14.30. Per il ritorno, il pulmann partir\u00e0 da Certosa alle ore 17.30.<b> Si raccomanda la massima puntualit\u00e0. <\/b><\/p>\n<p>Per motivi organizzativi le prenotazioni alla gita, che sar\u00e0 possibile fare tramite il modulo di iscrizione al congresso, sar\u00e0 possibile fino al 31 luglio 2019.<\/p>\n<p>&nbsp;<\/p>\n<p><em><strong><span style=\"color: #3366ff;\">Cena sociale<\/span><\/strong>,<\/em> (consulta il <a href=\"http:\/\/umi.dm.unibo.it\/congresso2019\/wp-content\/uploads\/2019\/07\/cena_sociale.jpg\">menu<\/a>), mercoled\u00ec 4 settembre 2019 presso il Castello Visconteo.<\/p>\n<p><a href=\"http:\/\/umi.dm.unibo.it\/congresso2019\/wp-content\/uploads\/2019\/07\/castello-visconteo-di-pavia-b.jpg\"><img loading=\"lazy\" decoding=\"async\" class=\"size-medium wp-image-1899\" src=\"http:\/\/umi.dm.unibo.it\/congresso2019\/wp-content\/uploads\/2019\/07\/castello-visconteo-di-pavia-b-300x200.jpg\" alt=\"\" width=\"300\" height=\"200\" srcset=\"https:\/\/umi.dm.unibo.it\/congresso2019\/wp-content\/uploads\/2019\/07\/castello-visconteo-di-pavia-b-300x200.jpg 300w, https:\/\/umi.dm.unibo.it\/congresso2019\/wp-content\/uploads\/2019\/07\/castello-visconteo-di-pavia-b-768x512.jpg 768w, https:\/\/umi.dm.unibo.it\/congresso2019\/wp-content\/uploads\/2019\/07\/castello-visconteo-di-pavia-b-1030x687.jpg 1030w, https:\/\/umi.dm.unibo.it\/congresso2019\/wp-content\/uploads\/2019\/07\/castello-visconteo-di-pavia-b-1500x1000.jpg 1500w, https:\/\/umi.dm.unibo.it\/congresso2019\/wp-content\/uploads\/2019\/07\/castello-visconteo-di-pavia-b-705x470.jpg 705w, https:\/\/umi.dm.unibo.it\/congresso2019\/wp-content\/uploads\/2019\/07\/castello-visconteo-di-pavia-b-450x300.jpg 450w, https:\/\/umi.dm.unibo.it\/congresso2019\/wp-content\/uploads\/2019\/07\/castello-visconteo-di-pavia-b.jpg 1620w\" sizes=\"auto, (max-width: 300px) 100vw, 300px\" \/> \u00a0<\/a><a href=\"http:\/\/umi.dm.unibo.it\/congresso2019\/wp-content\/uploads\/2019\/07\/castello-visconteo.jpg\"><img loading=\"lazy\" decoding=\"async\" class=\"alignnone size-medium wp-image-1900\" src=\"http:\/\/umi.dm.unibo.it\/congresso2019\/wp-content\/uploads\/2019\/07\/castello-visconteo-300x150.jpg\" alt=\"\" width=\"300\" height=\"150\" srcset=\"https:\/\/umi.dm.unibo.it\/congresso2019\/wp-content\/uploads\/2019\/07\/castello-visconteo-300x150.jpg 300w, https:\/\/umi.dm.unibo.it\/congresso2019\/wp-content\/uploads\/2019\/07\/castello-visconteo-768x384.jpg 768w, https:\/\/umi.dm.unibo.it\/congresso2019\/wp-content\/uploads\/2019\/07\/castello-visconteo-1030x515.jpg 1030w, https:\/\/umi.dm.unibo.it\/congresso2019\/wp-content\/uploads\/2019\/07\/castello-visconteo-705x353.jpg 705w, https:\/\/umi.dm.unibo.it\/congresso2019\/wp-content\/uploads\/2019\/07\/castello-visconteo-450x225.jpg 450w, https:\/\/umi.dm.unibo.it\/congresso2019\/wp-content\/uploads\/2019\/07\/castello-visconteo.jpg 1200w\" sizes=\"auto, (max-width: 300px) 100vw, 300px\" \/><\/a><\/p>\n<p><a href=\"http:\/\/umi.dm.unibo.it\/congresso2019\/wp-content\/uploads\/2019\/07\/IMG-20190704-WA0009.jpg\"><img loading=\"lazy\" decoding=\"async\" class=\"alignnone size-medium wp-image-1902\" src=\"http:\/\/umi.dm.unibo.it\/congresso2019\/wp-content\/uploads\/2019\/07\/IMG-20190704-WA0009-300x225.jpg\" alt=\"\" width=\"300\" height=\"225\" srcset=\"https:\/\/umi.dm.unibo.it\/congresso2019\/wp-content\/uploads\/2019\/07\/IMG-20190704-WA0009-300x225.jpg 300w, https:\/\/umi.dm.unibo.it\/congresso2019\/wp-content\/uploads\/2019\/07\/IMG-20190704-WA0009-768x576.jpg 768w, https:\/\/umi.dm.unibo.it\/congresso2019\/wp-content\/uploads\/2019\/07\/IMG-20190704-WA0009-1030x773.jpg 1030w, https:\/\/umi.dm.unibo.it\/congresso2019\/wp-content\/uploads\/2019\/07\/IMG-20190704-WA0009-1500x1125.jpg 1500w, https:\/\/umi.dm.unibo.it\/congresso2019\/wp-content\/uploads\/2019\/07\/IMG-20190704-WA0009-705x529.jpg 705w, https:\/\/umi.dm.unibo.it\/congresso2019\/wp-content\/uploads\/2019\/07\/IMG-20190704-WA0009-450x338.jpg 450w, https:\/\/umi.dm.unibo.it\/congresso2019\/wp-content\/uploads\/2019\/07\/IMG-20190704-WA0009.jpg 1600w\" sizes=\"auto, (max-width: 300px) 100vw, 300px\" \/> \u00a0 <\/a><\/p>\n","protected":false},"excerpt":{"rendered":"<p>Cocktail di benvenuto\u00a0per i congressisti (consulta il menu), luned\u00ec 2 settembre 2019 presso il Cortile delle Magnolie. Gita sociale, mercoled\u00ec 4 settembre 2019: I congressisti avranno la possibilit\u00e0 di scegliere tra le seguenti opzioni: \u2013 tour di Pavia con guida (massimo 100 partecipanti). Il punto di ritrovo per i partecipanti al tour guidato di Pavia [&hellip;]<\/p>\n","protected":false},"author":3,"featured_media":0,"parent":13,"menu_order":7,"comment_status":"open","ping_status":"closed","template":"","meta":{"footnotes":""},"class_list":["post-154","page","type-page","status-publish","hentry"],"_links":{"self":[{"href":"https:\/\/umi.dm.unibo.it\/congresso2019\/wp-json\/wp\/v2\/pages\/154","targetHints":{"allow":["GET"]}}],"collection":[{"href":"https:\/\/umi.dm.unibo.it\/congresso2019\/wp-json\/wp\/v2\/pages"}],"about":[{"href":"https:\/\/umi.dm.unibo.it\/congresso2019\/wp-json\/wp\/v2\/types\/page"}],"author":[{"embeddable":true,"href":"https:\/\/umi.dm.unibo.it\/congresso2019\/wp-json\/wp\/v2\/users\/3"}],"replies":[{"embeddable":true,"href":"https:\/\/umi.dm.unibo.it\/congresso2019\/wp-json\/wp\/v2\/comments?post=154"}],"version-history":[{"count":28,"href":"https:\/\/umi.dm.unibo.it\/congresso2019\/wp-json\/wp\/v2\/pages\/154\/revisions"}],"predecessor-version":[{"id":2685,"href":"https:\/\/umi.dm.unibo.it\/congresso2019\/wp-json\/wp\/v2\/pages\/154\/revisions\/2685"}],"up":[{"embeddable":true,"href":"https:\/\/umi.dm.unibo.it\/congresso2019\/wp-json\/wp\/v2\/pages\/13"}],"wp:attachment":[{"href":"https:\/\/umi.dm.unibo.it\/congresso2019\/wp-json\/wp\/v2\/media?parent=154"}],"curies":[{"name":"wp","href":"https:\/\/api.w.org\/{rel}","templated":true}]}}