{"id":1514,"date":"2019-04-22T18:01:46","date_gmt":"2019-04-22T16:01:46","guid":{"rendered":"http:\/\/umi.dm.unibo.it\/congresso2019\/?page_id=1514"},"modified":"2019-08-22T15:57:26","modified_gmt":"2019-08-22T13:57:26","slug":"s3-equazione-differenziali-ordinarie-e-sistemi-dinamici","status":"publish","type":"page","link":"https:\/\/umi.dm.unibo.it\/congresso2019\/programma\/sezioni-speciali\/s3-equazione-differenziali-ordinarie-e-sistemi-dinamici\/","title":{"rendered":"S3 &#8211; Equazione differenziali ordinarie e sistemi dinamici"},"content":{"rendered":"<p style=\"text-align: center;\"><a href=\"http:\/\/umi.dm.unibo.it\/congresso2019\/programma\/sezioni-speciali\/s3-equazione-differenziali-ordinarie-e-sistemi-dinamici\/s3-lunedi-2-settembre\/\">programma sezione luned\u00ec 2 settembre<\/a><\/p>\n<p style=\"text-align: center;\">*****<\/p>\n<p style=\"text-align: center;\"><a href=\"http:\/\/umi.dm.unibo.it\/congresso2019\/programma\/sezioni-speciali\/s3-equazione-differenziali-ordinarie-e-sistemi-dinamici\/s3-martedi-3-settembre\/\">programma sezione marted\u00ec 3 settembre<\/a><\/p>\n<p style=\"text-align: center;\">*****<\/p>\n<p style=\"text-align: center;\"><a href=\"http:\/\/umi.dm.unibo.it\/congresso2019\/programma\/sezioni-speciali\/s3-equazione-differenziali-ordinarie-e-sistemi-dinamici\/s3-mercoledi-4-settembre\/\">programma sezione mercoled\u00ec 4 settembre<\/a><\/p>\n<p style=\"text-align: center;\">*****<\/p>\n<p>&nbsp;<\/p>\n","protected":false},"excerpt":{"rendered":"<p>programma sezione luned\u00ec 2 settembre ***** programma sezione marted\u00ec 3 settembre ***** programma sezione mercoled\u00ec 4 settembre ***** &nbsp;<\/p>\n","protected":false},"author":3,"featured_media":0,"parent":205,"menu_order":0,"comment_status":"closed","ping_status":"closed","template":"","meta":{"footnotes":""},"class_list":["post-1514","page","type-page","status-publish","hentry"],"_links":{"self":[{"href":"https:\/\/umi.dm.unibo.it\/congresso2019\/wp-json\/wp\/v2\/pages\/1514","targetHints":{"allow":["GET"]}}],"collection":[{"href":"https:\/\/umi.dm.unibo.it\/congresso2019\/wp-json\/wp\/v2\/pages"}],"about":[{"href":"https:\/\/umi.dm.unibo.it\/congresso2019\/wp-json\/wp\/v2\/types\/page"}],"author":[{"embeddable":true,"href":"https:\/\/umi.dm.unibo.it\/congresso2019\/wp-json\/wp\/v2\/users\/3"}],"replies":[{"embeddable":true,"href":"https:\/\/umi.dm.unibo.it\/congresso2019\/wp-json\/wp\/v2\/comments?post=1514"}],"version-history":[{"count":8,"href":"https:\/\/umi.dm.unibo.it\/congresso2019\/wp-json\/wp\/v2\/pages\/1514\/revisions"}],"predecessor-version":[{"id":4045,"href":"https:\/\/umi.dm.unibo.it\/congresso2019\/wp-json\/wp\/v2\/pages\/1514\/revisions\/4045"}],"up":[{"embeddable":true,"href":"https:\/\/umi.dm.unibo.it\/congresso2019\/wp-json\/wp\/v2\/pages\/205"}],"wp:attachment":[{"href":"https:\/\/umi.dm.unibo.it\/congresso2019\/wp-json\/wp\/v2\/media?parent=1514"}],"curies":[{"name":"wp","href":"https:\/\/api.w.org\/{rel}","templated":true}]}}