{"id":1505,"date":"2019-04-22T17:55:12","date_gmt":"2019-04-22T15:55:12","guid":{"rendered":"http:\/\/umi.dm.unibo.it\/congresso2019\/?page_id=1505"},"modified":"2019-08-22T15:56:41","modified_gmt":"2019-08-22T13:56:41","slug":"s2-equazione-differenziali-alle-derivate-parziali","status":"publish","type":"page","link":"https:\/\/umi.dm.unibo.it\/congresso2019\/programma\/sezioni-speciali\/s2-equazione-differenziali-alle-derivate-parziali\/","title":{"rendered":"S2 &#8211; Equazione differenziali alle derivate parziali"},"content":{"rendered":"<p style=\"text-align: center;\"><a href=\"http:\/\/umi.dm.unibo.it\/congresso2019\/programma\/sezioni-speciali\/s2-equazione-differenziali-alle-derivate-parziali\/s2-martedi-3-settembre\/\">programma sezione marted\u00ec 3 settembre<\/a><\/p>\n<p style=\"text-align: center;\">*****<\/p>\n<p style=\"text-align: center;\"><a href=\"http:\/\/umi.dm.unibo.it\/congresso2019\/programma\/sezioni-speciali\/s2-equazione-differenziali-alle-derivate-parziali\/s2-mercoledi\/\">programma sezione mercoled\u00ec 4 settembre<\/a><\/p>\n<p style=\"text-align: center;\">*****<\/p>\n<p style=\"text-align: center;\"><a href=\"http:\/\/umi.dm.unibo.it\/congresso2019\/programma\/sezioni-speciali\/s2-equazione-differenziali-alle-derivate-parziali\/s2-giovedi-5-settembre\/\">programma sezione gioved\u00ec 5 settembre<\/a><\/p>\n<p style=\"text-align: center;\">*****<\/p>\n<p>&nbsp;<\/p>\n","protected":false},"excerpt":{"rendered":"<p>programma sezione marted\u00ec 3 settembre ***** programma sezione mercoled\u00ec 4 settembre ***** programma sezione gioved\u00ec 5 settembre ***** &nbsp;<\/p>\n","protected":false},"author":3,"featured_media":0,"parent":205,"menu_order":0,"comment_status":"closed","ping_status":"closed","template":"","meta":{"footnotes":""},"class_list":["post-1505","page","type-page","status-publish","hentry"],"_links":{"self":[{"href":"https:\/\/umi.dm.unibo.it\/congresso2019\/wp-json\/wp\/v2\/pages\/1505","targetHints":{"allow":["GET"]}}],"collection":[{"href":"https:\/\/umi.dm.unibo.it\/congresso2019\/wp-json\/wp\/v2\/pages"}],"about":[{"href":"https:\/\/umi.dm.unibo.it\/congresso2019\/wp-json\/wp\/v2\/types\/page"}],"author":[{"embeddable":true,"href":"https:\/\/umi.dm.unibo.it\/congresso2019\/wp-json\/wp\/v2\/users\/3"}],"replies":[{"embeddable":true,"href":"https:\/\/umi.dm.unibo.it\/congresso2019\/wp-json\/wp\/v2\/comments?post=1505"}],"version-history":[{"count":5,"href":"https:\/\/umi.dm.unibo.it\/congresso2019\/wp-json\/wp\/v2\/pages\/1505\/revisions"}],"predecessor-version":[{"id":4043,"href":"https:\/\/umi.dm.unibo.it\/congresso2019\/wp-json\/wp\/v2\/pages\/1505\/revisions\/4043"}],"up":[{"embeddable":true,"href":"https:\/\/umi.dm.unibo.it\/congresso2019\/wp-json\/wp\/v2\/pages\/205"}],"wp:attachment":[{"href":"https:\/\/umi.dm.unibo.it\/congresso2019\/wp-json\/wp\/v2\/media?parent=1505"}],"curies":[{"name":"wp","href":"https:\/\/api.w.org\/{rel}","templated":true}]}}