{"id":13,"date":"2014-06-19T11:23:48","date_gmt":"2014-06-19T09:23:48","guid":{"rendered":"http:\/\/umi.dm.unibo.it\/congresso2019\/?page_id=13"},"modified":"2019-09-01T19:35:30","modified_gmt":"2019-09-01T17:35:30","slug":"programma","status":"publish","type":"page","link":"https:\/\/umi.dm.unibo.it\/congresso2019\/programma\/","title":{"rendered":"Programma"},"content":{"rendered":"<p><a href=\"http:\/\/umi.dm.unibo.it\/congresso2019\/wp-content\/uploads\/2019\/08\/Programma_UMI_est5.pdf\">Programma sintetico<\/a> (file .pdf)<\/p>\n<p><a href=\"http:\/\/umi.dm.unibo.it\/congresso2019\/wp-content\/uploads\/2019\/09\/44.pdf\">Programma completo<\/a> (file .pdf)<\/p>\n<ul>\n<li><a href=\"http:\/\/umi.dm.unibo.it\/congresso2019\/programma\/lunedi-2-settembre\/\">Luned\u00ec 2 settembre 2019<\/a><\/li>\n<li><a href=\"http:\/\/umi.dm.unibo.it\/congresso2019\/programma\/martedi-3\/\">Marted\u00ec 3 settembre 2019<\/a><\/li>\n<li><a href=\"http:\/\/umi.dm.unibo.it\/congresso2019\/programma\/mercoledi-4-settembre\/\">Mercoled\u00ec 4 settembre 2019<\/a><\/li>\n<li><a href=\"http:\/\/umi.dm.unibo.it\/congresso2019\/programma\/giovedi-5-settembre\/\">Gioved\u00ec 5 settembre 2019<\/a><\/li>\n<li><a href=\"http:\/\/umi.dm.unibo.it\/congresso2019\/programma\/venerdi-6-settembre\/\">Venerd\u00ec 6 settembre 2019<\/a><\/li>\n<li><a href=\"http:\/\/umi.dm.unibo.it\/congresso2019\/programma\/sabato-7-settembre\/\">Sabato 7 settembre 2019<\/a><\/li>\n<\/ul>\n<p>&nbsp;<\/p>\n<p><a href=\"https:\/\/www.google.com\/maps\/d\/u\/0\/viewer?mid=1rH2gHIr6ziinOYGD1MdeaBYL_w8lrsIh&amp;ll=45.18843552475721%2C9.156496449999963&amp;z=17\" target=\"_blank\" rel=\"noopener noreferrer\">Mappa di Pavia<\/a><\/p>\n<p><a href=\"http:\/\/umi.dm.unibo.it\/congresso2019\/wp-content\/uploads\/2019\/07\/PalazzoCentrale.jpg\">Palazzo Centrale &#8211; sede del Convegno<\/a><\/p>\n","protected":false},"excerpt":{"rendered":"<p>Programma sintetico (file .pdf) Programma completo (file .pdf) Luned\u00ec 2 settembre 2019 Marted\u00ec 3 settembre 2019 Mercoled\u00ec 4 settembre 2019 Gioved\u00ec 5 settembre 2019 Venerd\u00ec 6 settembre 2019 Sabato 7 settembre 2019 &nbsp; Mappa di Pavia Palazzo Centrale &#8211; sede del Convegno<\/p>\n","protected":false},"author":3,"featured_media":0,"parent":0,"menu_order":2,"comment_status":"open","ping_status":"closed","template":"","meta":{"footnotes":""},"class_list":["post-13","page","type-page","status-publish","hentry"],"_links":{"self":[{"href":"https:\/\/umi.dm.unibo.it\/congresso2019\/wp-json\/wp\/v2\/pages\/13","targetHints":{"allow":["GET"]}}],"collection":[{"href":"https:\/\/umi.dm.unibo.it\/congresso2019\/wp-json\/wp\/v2\/pages"}],"about":[{"href":"https:\/\/umi.dm.unibo.it\/congresso2019\/wp-json\/wp\/v2\/types\/page"}],"author":[{"embeddable":true,"href":"https:\/\/umi.dm.unibo.it\/congresso2019\/wp-json\/wp\/v2\/users\/3"}],"replies":[{"embeddable":true,"href":"https:\/\/umi.dm.unibo.it\/congresso2019\/wp-json\/wp\/v2\/comments?post=13"}],"version-history":[{"count":81,"href":"https:\/\/umi.dm.unibo.it\/congresso2019\/wp-json\/wp\/v2\/pages\/13\/revisions"}],"predecessor-version":[{"id":4271,"href":"https:\/\/umi.dm.unibo.it\/congresso2019\/wp-json\/wp\/v2\/pages\/13\/revisions\/4271"}],"wp:attachment":[{"href":"https:\/\/umi.dm.unibo.it\/congresso2019\/wp-json\/wp\/v2\/media?parent=13"}],"curies":[{"name":"wp","href":"https:\/\/api.w.org\/{rel}","templated":true}]}}