{"id":71,"date":"2014-06-19T13:36:25","date_gmt":"2014-06-19T11:36:25","guid":{"rendered":"http:\/\/umi.dm.unibo.it\/congresso2015\/?page_id=71"},"modified":"2014-07-01T16:23:51","modified_gmt":"2014-07-01T14:23:51","slug":"sedi","status":"publish","type":"page","link":"https:\/\/umi.dm.unibo.it\/congresso2015\/notizie-pratiche\/sedi\/","title":{"rendered":"Sede"},"content":{"rendered":"<section  class='av_textblock_section av-av_textblock-7959d064e15b9df21c33d6e2cdca2a2e '   itemscope=\"itemscope\" itemtype=\"https:\/\/schema.org\/CreativeWork\" ><div class='avia_textblock'  itemprop=\"text\" ><p><b>Sede di svolgimento del Congresso<\/b><\/p>\n<p>Il Congresso si svolger\u00e0 nel complesso didattico del <a href=\"http:\/\/www.diism.unisi.it\">S.Niccol\u00f2 <\/a>sede del Dipartimento di Ingegneria dell&#8217;Informazione e Scienze Matematiche, Via Roma 54, vicino a Porta Romana (<a href=\"http:\/\/www3.diism.unisi.it\/about\/dove.php\">indicazioni<\/a>).<\/p>\n<p>&#8220;Ebbene s\u00ec: il San Niccol\u00f2, luogo in cui si svolger\u00e0 il Congresso, \u00e8 il vecchio Ospedale Psichiatrico di Siena, come del resto recita l&#8217;iscrizione sull&#8217;arco di ingresso (che non si pu\u00f2\u00a0 cancellare, perch\u00e8 la Sovrintendenza non vuole).<br \/>\nL&#8217;edificio attuale fu costruito all&#8217;inizio dell&#8217;800 ed arriv\u00f2 ad\u00a0 ospitare fino a duemila malati, per essere poi chiuso negli anni &#8217;80 e riadattato a sede universitaria negli anni &#8217;90,\u00a0 con i pesanti vincoli imposti dalla sua storia.<br \/>\nL&#8217;Ospedale Psichiatrico, uno dei pi\u00f9 grandi del centro Italia, a cavallo\u00a0 tra l&#8217;800 e il &#8216;900 fu struttura all&#8217;avanguardia per le teorie che prevedevano il recupero dei malati, piuttosto che la loro segregazione. Anche Sigmund Freud lo visit\u00f2, ricordandolo in\u00a0 un passo della sua <em>Interpretazione dei sogni<\/em>.&#8221;<\/p>\n<\/div><\/section>\n\n<style type=\"text\/css\" data-created_by=\"avia_inline_auto\" id=\"style-css-av-av_gallery-f1bd092e6979757c2f646fb9bebc5b17\">\n#top .avia-gallery.av-av_gallery-f1bd092e6979757c2f646fb9bebc5b17 .avia-gallery-thumb a{\nwidth:20%;\n}\n<\/style>\n<div  class='avia-gallery av-av_gallery-f1bd092e6979757c2f646fb9bebc5b17 avia_animate_when_visible  avia-builder-el-1  el_after_av_textblock  avia-builder-el-last  avia_lazyload avia-gallery-animate avia-gallery-1'  itemprop=\"image\" itemscope=\"itemscope\" itemtype=\"https:\/\/schema.org\/ImageObject\" ><meta itemprop=\"contentURL\" content=\"https:\/\/umi.dm.unibo.it\/congresso2015\/notizie-pratiche\/sedi\/\"><div class='avia-gallery-thumb'><a href=\"https:\/\/umi.dm.unibo.it\/congresso2015\/wp-content\/uploads\/2014\/06\/SNiccolo.ingresso.jpg\" data-rel='gallery-1' data-prev-img='https:\/\/umi.dm.unibo.it\/congresso2015\/wp-content\/uploads\/2014\/06\/SNiccolo.ingresso-495x400.jpg' class='first_thumb lightbox ' data-onclick='1' title='SNiccolo.ingresso'  itemprop=\"thumbnailUrl\"  ><img fetchpriority=\"high\" class=\"wp-image-163 avia-img-lazy-loading-not-163\"   src='https:\/\/umi.dm.unibo.it\/congresso2015\/wp-content\/uploads\/2014\/06\/SNiccolo.ingresso-495x400.jpg' width='495' height='400'  title='SNiccolo.ingresso' alt='' \/><div class='big-prev-fake'><img loading=\"lazy\" class=\"wp-image-163 avia-img-lazy-loading-163\"  width='495' height='400' src='https:\/\/umi.dm.unibo.it\/congresso2015\/wp-content\/uploads\/2014\/06\/SNiccolo.ingresso-495x400.jpg' title='SNiccolo.ingresso' alt='' \/><\/div><\/a><a href=\"https:\/\/umi.dm.unibo.it\/congresso2015\/wp-content\/uploads\/2014\/06\/SNiccolo.totale-856x1030.jpg\" data-rel='gallery-1' data-prev-img='https:\/\/umi.dm.unibo.it\/congresso2015\/wp-content\/uploads\/2014\/06\/SNiccolo.totale-495x400.jpg' class='lightbox ' data-onclick='2' title='SNiccolo.totale'  itemprop=\"thumbnailUrl\"  ><img fetchpriority=\"high\" class=\"wp-image-164 avia-img-lazy-loading-not-164\"   src='https:\/\/umi.dm.unibo.it\/congresso2015\/wp-content\/uploads\/2014\/06\/SNiccolo.totale-495x400.jpg' width='495' height='400'  title='SNiccolo.totale' alt='' \/><div class='big-prev-fake'><img loading=\"lazy\" class=\"wp-image-164 avia-img-lazy-loading-164\"  width='495' height='400' src='https:\/\/umi.dm.unibo.it\/congresso2015\/wp-content\/uploads\/2014\/06\/SNiccolo.totale-495x400.jpg' title='SNiccolo.totale' alt='' \/><\/div><\/a><\/div><\/div>\n","protected":false},"excerpt":{"rendered":"","protected":false},"author":3,"featured_media":0,"parent":17,"menu_order":0,"comment_status":"open","ping_status":"open","template":"","meta":{"footnotes":""},"class_list":["post-71","page","type-page","status-publish","hentry"],"yoast_head":"<!-- This site is optimized with the Yoast SEO plugin v25.8 - https:\/\/yoast.com\/wordpress\/plugins\/seo\/ -->\n<title>Sede - Congresso UMI 2015<\/title>\n<meta name=\"robots\" content=\"index, follow, max-snippet:-1, max-image-preview:large, max-video-preview:-1\" \/>\n<link rel=\"canonical\" href=\"https:\/\/umi.dm.unibo.it\/congresso2015\/notizie-pratiche\/sedi\/\" \/>\n<meta property=\"og:locale\" content=\"it_IT\" \/>\n<meta property=\"og:type\" content=\"article\" \/>\n<meta property=\"og:title\" content=\"Sede - Congresso UMI 2015\" \/>\n<meta property=\"og:url\" content=\"https:\/\/umi.dm.unibo.it\/congresso2015\/notizie-pratiche\/sedi\/\" \/>\n<meta property=\"og:site_name\" content=\"Congresso UMI 2015\" \/>\n<meta property=\"article:modified_time\" content=\"2014-07-01T14:23:51+00:00\" \/>\n<meta name=\"twitter:label1\" content=\"Tempo di lettura stimato\" \/>\n\t<meta name=\"twitter:data1\" content=\"1 minuto\" \/>\n<script type=\"application\/ld+json\" class=\"yoast-schema-graph\">{\"@context\":\"https:\/\/schema.org\",\"@graph\":[{\"@type\":\"WebPage\",\"@id\":\"https:\/\/umi.dm.unibo.it\/congresso2015\/notizie-pratiche\/sedi\/\",\"url\":\"https:\/\/umi.dm.unibo.it\/congresso2015\/notizie-pratiche\/sedi\/\",\"name\":\"Sede - Congresso UMI 2015\",\"isPartOf\":{\"@id\":\"https:\/\/umi.dm.unibo.it\/congresso2015\/#website\"},\"datePublished\":\"2014-06-19T11:36:25+00:00\",\"dateModified\":\"2014-07-01T14:23:51+00:00\",\"breadcrumb\":{\"@id\":\"https:\/\/umi.dm.unibo.it\/congresso2015\/notizie-pratiche\/sedi\/#breadcrumb\"},\"inLanguage\":\"it-IT\",\"potentialAction\":[{\"@type\":\"ReadAction\",\"target\":[\"https:\/\/umi.dm.unibo.it\/congresso2015\/notizie-pratiche\/sedi\/\"]}]},{\"@type\":\"BreadcrumbList\",\"@id\":\"https:\/\/umi.dm.unibo.it\/congresso2015\/notizie-pratiche\/sedi\/#breadcrumb\",\"itemListElement\":[{\"@type\":\"ListItem\",\"position\":1,\"name\":\"Home\",\"item\":\"https:\/\/umi.dm.unibo.it\/congresso2015\/\"},{\"@type\":\"ListItem\",\"position\":2,\"name\":\"Informazioni\",\"item\":\"https:\/\/umi.dm.unibo.it\/congresso2015\/notizie-pratiche\/\"},{\"@type\":\"ListItem\",\"position\":3,\"name\":\"Sede\"}]},{\"@type\":\"WebSite\",\"@id\":\"https:\/\/umi.dm.unibo.it\/congresso2015\/#website\",\"url\":\"https:\/\/umi.dm.unibo.it\/congresso2015\/\",\"name\":\"Congresso UMI 2015\",\"description\":\"Un nuovo sito targato WordPress\",\"potentialAction\":[{\"@type\":\"SearchAction\",\"target\":{\"@type\":\"EntryPoint\",\"urlTemplate\":\"https:\/\/umi.dm.unibo.it\/congresso2015\/?s={search_term_string}\"},\"query-input\":{\"@type\":\"PropertyValueSpecification\",\"valueRequired\":true,\"valueName\":\"search_term_string\"}}],\"inLanguage\":\"it-IT\"}]}<\/script>\n<!-- \/ Yoast SEO plugin. -->","yoast_head_json":{"title":"Sede - Congresso UMI 2015","robots":{"index":"index","follow":"follow","max-snippet":"max-snippet:-1","max-image-preview":"max-image-preview:large","max-video-preview":"max-video-preview:-1"},"canonical":"https:\/\/umi.dm.unibo.it\/congresso2015\/notizie-pratiche\/sedi\/","og_locale":"it_IT","og_type":"article","og_title":"Sede - Congresso UMI 2015","og_url":"https:\/\/umi.dm.unibo.it\/congresso2015\/notizie-pratiche\/sedi\/","og_site_name":"Congresso UMI 2015","article_modified_time":"2014-07-01T14:23:51+00:00","twitter_misc":{"Tempo di lettura stimato":"1 minuto"},"schema":{"@context":"https:\/\/schema.org","@graph":[{"@type":"WebPage","@id":"https:\/\/umi.dm.unibo.it\/congresso2015\/notizie-pratiche\/sedi\/","url":"https:\/\/umi.dm.unibo.it\/congresso2015\/notizie-pratiche\/sedi\/","name":"Sede - Congresso UMI 2015","isPartOf":{"@id":"https:\/\/umi.dm.unibo.it\/congresso2015\/#website"},"datePublished":"2014-06-19T11:36:25+00:00","dateModified":"2014-07-01T14:23:51+00:00","breadcrumb":{"@id":"https:\/\/umi.dm.unibo.it\/congresso2015\/notizie-pratiche\/sedi\/#breadcrumb"},"inLanguage":"it-IT","potentialAction":[{"@type":"ReadAction","target":["https:\/\/umi.dm.unibo.it\/congresso2015\/notizie-pratiche\/sedi\/"]}]},{"@type":"BreadcrumbList","@id":"https:\/\/umi.dm.unibo.it\/congresso2015\/notizie-pratiche\/sedi\/#breadcrumb","itemListElement":[{"@type":"ListItem","position":1,"name":"Home","item":"https:\/\/umi.dm.unibo.it\/congresso2015\/"},{"@type":"ListItem","position":2,"name":"Informazioni","item":"https:\/\/umi.dm.unibo.it\/congresso2015\/notizie-pratiche\/"},{"@type":"ListItem","position":3,"name":"Sede"}]},{"@type":"WebSite","@id":"https:\/\/umi.dm.unibo.it\/congresso2015\/#website","url":"https:\/\/umi.dm.unibo.it\/congresso2015\/","name":"Congresso UMI 2015","description":"Un nuovo sito targato WordPress","potentialAction":[{"@type":"SearchAction","target":{"@type":"EntryPoint","urlTemplate":"https:\/\/umi.dm.unibo.it\/congresso2015\/?s={search_term_string}"},"query-input":{"@type":"PropertyValueSpecification","valueRequired":true,"valueName":"search_term_string"}}],"inLanguage":"it-IT"}]}},"_links":{"self":[{"href":"https:\/\/umi.dm.unibo.it\/congresso2015\/wp-json\/wp\/v2\/pages\/71","targetHints":{"allow":["GET"]}}],"collection":[{"href":"https:\/\/umi.dm.unibo.it\/congresso2015\/wp-json\/wp\/v2\/pages"}],"about":[{"href":"https:\/\/umi.dm.unibo.it\/congresso2015\/wp-json\/wp\/v2\/types\/page"}],"author":[{"embeddable":true,"href":"https:\/\/umi.dm.unibo.it\/congresso2015\/wp-json\/wp\/v2\/users\/3"}],"replies":[{"embeddable":true,"href":"https:\/\/umi.dm.unibo.it\/congresso2015\/wp-json\/wp\/v2\/comments?post=71"}],"version-history":[{"count":10,"href":"https:\/\/umi.dm.unibo.it\/congresso2015\/wp-json\/wp\/v2\/pages\/71\/revisions"}],"predecessor-version":[{"id":256,"href":"https:\/\/umi.dm.unibo.it\/congresso2015\/wp-json\/wp\/v2\/pages\/71\/revisions\/256"}],"up":[{"embeddable":true,"href":"https:\/\/umi.dm.unibo.it\/congresso2015\/wp-json\/wp\/v2\/pages\/17"}],"wp:attachment":[{"href":"https:\/\/umi.dm.unibo.it\/congresso2015\/wp-json\/wp\/v2\/media?parent=71"}],"curies":[{"name":"wp","href":"https:\/\/api.w.org\/{rel}","templated":true}]}}