{"id":261,"date":"2014-07-02T10:56:39","date_gmt":"2014-07-02T08:56:39","guid":{"rendered":"http:\/\/umi.dm.unibo.it\/congresso2015\/?page_id=261"},"modified":"2014-11-06T15:46:16","modified_gmt":"2014-11-06T14:46:16","slug":"comitato-scientifico","status":"publish","type":"page","link":"https:\/\/umi.dm.unibo.it\/congresso2015\/comitati\/comitato-scientifico\/","title":{"rendered":"Comitato scientifico"},"content":{"rendered":"<p><center><br \/>\n<strong>Comitato scientifico<\/strong><\/center><center><br \/>\n<a href=\"mailto:cilibert@axp.mat.uniroma2.it\">Ciro Ciliberto<\/a><br \/>\n(Universit\u00e0 di Roma Tor Vergata)<br \/>\n<em>Presidente dell&#8217;Unione Matematica Italiana<\/em><\/center><center><a href=\"mailto:abate@dm.unipi.it\">Marco Abate<\/a><br \/>\n(Universit\u00e0 di Pisa)<\/center><center><a href=\"mailto:brezzi@imati.cnr.it\">Franco Brezzi<\/a><br \/>\n(IMATI, Pavia)<\/center><center><a href=\"mailto:capuzzo@mat.uniroma1.it\">Italo Capuzzo Dolcetta<\/a><br \/>\n(Universit\u00e0 di Roma La Sapienza)<\/center><center><a href=\"mailto:susanna.terracini@unito.it\">Susanna Terracini<\/a><br \/>\n(Universit\u00e0 di Torino)<\/center><center><a href=\"mailto:giuseppe.toscani@unipv.it\">Giuseppe Toscani<\/a><br \/>\n(Universit\u00e0 di Pavia)<\/center>&nbsp;<\/p>\n","protected":false},"excerpt":{"rendered":"<p>Comitato scientifico Ciro Ciliberto (Universit\u00e0 di Roma Tor Vergata) Presidente dell&#8217;Unione Matematica ItalianaMarco Abate (Universit\u00e0 di Pisa)Franco Brezzi (IMATI, Pavia)Italo Capuzzo Dolcetta (Universit\u00e0 di Roma La Sapienza)Susanna Terracini (Universit\u00e0 di Torino)Giuseppe Toscani (Universit\u00e0 di Pavia)&nbsp;<\/p>\n","protected":false},"author":3,"featured_media":0,"parent":11,"menu_order":1,"comment_status":"closed","ping_status":"open","template":"","meta":{"footnotes":""},"class_list":["post-261","page","type-page","status-publish","hentry"],"yoast_head":"<!-- This site is optimized with the Yoast SEO plugin v25.8 - https:\/\/yoast.com\/wordpress\/plugins\/seo\/ -->\n<title>Comitato scientifico - Congresso UMI 2015<\/title>\n<meta name=\"robots\" content=\"index, follow, max-snippet:-1, max-image-preview:large, max-video-preview:-1\" \/>\n<link rel=\"canonical\" href=\"https:\/\/umi.dm.unibo.it\/congresso2015\/comitati\/comitato-scientifico\/\" \/>\n<meta property=\"og:locale\" content=\"it_IT\" \/>\n<meta property=\"og:type\" content=\"article\" \/>\n<meta property=\"og:title\" content=\"Comitato scientifico - Congresso UMI 2015\" \/>\n<meta property=\"og:description\" content=\"Comitato scientifico Ciro Ciliberto (Universit\u00e0 di Roma Tor Vergata) Presidente dell&#8217;Unione Matematica ItalianaMarco Abate (Universit\u00e0 di Pisa)Franco Brezzi (IMATI, Pavia)Italo Capuzzo Dolcetta (Universit\u00e0 di Roma La Sapienza)Susanna Terracini (Universit\u00e0 di Torino)Giuseppe Toscani (Universit\u00e0 di Pavia)&nbsp;\" \/>\n<meta property=\"og:url\" content=\"https:\/\/umi.dm.unibo.it\/congresso2015\/comitati\/comitato-scientifico\/\" \/>\n<meta property=\"og:site_name\" content=\"Congresso UMI 2015\" \/>\n<meta property=\"article:modified_time\" content=\"2014-11-06T14:46:16+00:00\" \/>\n<script type=\"application\/ld+json\" class=\"yoast-schema-graph\">{\"@context\":\"https:\/\/schema.org\",\"@graph\":[{\"@type\":\"WebPage\",\"@id\":\"https:\/\/umi.dm.unibo.it\/congresso2015\/comitati\/comitato-scientifico\/\",\"url\":\"https:\/\/umi.dm.unibo.it\/congresso2015\/comitati\/comitato-scientifico\/\",\"name\":\"Comitato scientifico - Congresso UMI 2015\",\"isPartOf\":{\"@id\":\"https:\/\/umi.dm.unibo.it\/congresso2015\/#website\"},\"datePublished\":\"2014-07-02T08:56:39+00:00\",\"dateModified\":\"2014-11-06T14:46:16+00:00\",\"breadcrumb\":{\"@id\":\"https:\/\/umi.dm.unibo.it\/congresso2015\/comitati\/comitato-scientifico\/#breadcrumb\"},\"inLanguage\":\"it-IT\",\"potentialAction\":[{\"@type\":\"ReadAction\",\"target\":[\"https:\/\/umi.dm.unibo.it\/congresso2015\/comitati\/comitato-scientifico\/\"]}]},{\"@type\":\"BreadcrumbList\",\"@id\":\"https:\/\/umi.dm.unibo.it\/congresso2015\/comitati\/comitato-scientifico\/#breadcrumb\",\"itemListElement\":[{\"@type\":\"ListItem\",\"position\":1,\"name\":\"Home\",\"item\":\"https:\/\/umi.dm.unibo.it\/congresso2015\/\"},{\"@type\":\"ListItem\",\"position\":2,\"name\":\"Comitati\",\"item\":\"https:\/\/umi.dm.unibo.it\/congresso2015\/comitati\/\"},{\"@type\":\"ListItem\",\"position\":3,\"name\":\"Comitato scientifico\"}]},{\"@type\":\"WebSite\",\"@id\":\"https:\/\/umi.dm.unibo.it\/congresso2015\/#website\",\"url\":\"https:\/\/umi.dm.unibo.it\/congresso2015\/\",\"name\":\"Congresso UMI 2015\",\"description\":\"Un nuovo sito targato WordPress\",\"potentialAction\":[{\"@type\":\"SearchAction\",\"target\":{\"@type\":\"EntryPoint\",\"urlTemplate\":\"https:\/\/umi.dm.unibo.it\/congresso2015\/?s={search_term_string}\"},\"query-input\":{\"@type\":\"PropertyValueSpecification\",\"valueRequired\":true,\"valueName\":\"search_term_string\"}}],\"inLanguage\":\"it-IT\"}]}<\/script>\n<!-- \/ Yoast SEO plugin. -->","yoast_head_json":{"title":"Comitato scientifico - Congresso UMI 2015","robots":{"index":"index","follow":"follow","max-snippet":"max-snippet:-1","max-image-preview":"max-image-preview:large","max-video-preview":"max-video-preview:-1"},"canonical":"https:\/\/umi.dm.unibo.it\/congresso2015\/comitati\/comitato-scientifico\/","og_locale":"it_IT","og_type":"article","og_title":"Comitato scientifico - Congresso UMI 2015","og_description":"Comitato scientifico Ciro Ciliberto (Universit\u00e0 di Roma Tor Vergata) Presidente dell&#8217;Unione Matematica ItalianaMarco Abate (Universit\u00e0 di Pisa)Franco Brezzi (IMATI, Pavia)Italo Capuzzo Dolcetta (Universit\u00e0 di Roma La Sapienza)Susanna Terracini (Universit\u00e0 di Torino)Giuseppe Toscani (Universit\u00e0 di Pavia)&nbsp;","og_url":"https:\/\/umi.dm.unibo.it\/congresso2015\/comitati\/comitato-scientifico\/","og_site_name":"Congresso UMI 2015","article_modified_time":"2014-11-06T14:46:16+00:00","schema":{"@context":"https:\/\/schema.org","@graph":[{"@type":"WebPage","@id":"https:\/\/umi.dm.unibo.it\/congresso2015\/comitati\/comitato-scientifico\/","url":"https:\/\/umi.dm.unibo.it\/congresso2015\/comitati\/comitato-scientifico\/","name":"Comitato scientifico - Congresso UMI 2015","isPartOf":{"@id":"https:\/\/umi.dm.unibo.it\/congresso2015\/#website"},"datePublished":"2014-07-02T08:56:39+00:00","dateModified":"2014-11-06T14:46:16+00:00","breadcrumb":{"@id":"https:\/\/umi.dm.unibo.it\/congresso2015\/comitati\/comitato-scientifico\/#breadcrumb"},"inLanguage":"it-IT","potentialAction":[{"@type":"ReadAction","target":["https:\/\/umi.dm.unibo.it\/congresso2015\/comitati\/comitato-scientifico\/"]}]},{"@type":"BreadcrumbList","@id":"https:\/\/umi.dm.unibo.it\/congresso2015\/comitati\/comitato-scientifico\/#breadcrumb","itemListElement":[{"@type":"ListItem","position":1,"name":"Home","item":"https:\/\/umi.dm.unibo.it\/congresso2015\/"},{"@type":"ListItem","position":2,"name":"Comitati","item":"https:\/\/umi.dm.unibo.it\/congresso2015\/comitati\/"},{"@type":"ListItem","position":3,"name":"Comitato scientifico"}]},{"@type":"WebSite","@id":"https:\/\/umi.dm.unibo.it\/congresso2015\/#website","url":"https:\/\/umi.dm.unibo.it\/congresso2015\/","name":"Congresso UMI 2015","description":"Un nuovo sito targato WordPress","potentialAction":[{"@type":"SearchAction","target":{"@type":"EntryPoint","urlTemplate":"https:\/\/umi.dm.unibo.it\/congresso2015\/?s={search_term_string}"},"query-input":{"@type":"PropertyValueSpecification","valueRequired":true,"valueName":"search_term_string"}}],"inLanguage":"it-IT"}]}},"_links":{"self":[{"href":"https:\/\/umi.dm.unibo.it\/congresso2015\/wp-json\/wp\/v2\/pages\/261","targetHints":{"allow":["GET"]}}],"collection":[{"href":"https:\/\/umi.dm.unibo.it\/congresso2015\/wp-json\/wp\/v2\/pages"}],"about":[{"href":"https:\/\/umi.dm.unibo.it\/congresso2015\/wp-json\/wp\/v2\/types\/page"}],"author":[{"embeddable":true,"href":"https:\/\/umi.dm.unibo.it\/congresso2015\/wp-json\/wp\/v2\/users\/3"}],"replies":[{"embeddable":true,"href":"https:\/\/umi.dm.unibo.it\/congresso2015\/wp-json\/wp\/v2\/comments?post=261"}],"version-history":[{"count":5,"href":"https:\/\/umi.dm.unibo.it\/congresso2015\/wp-json\/wp\/v2\/pages\/261\/revisions"}],"predecessor-version":[{"id":304,"href":"https:\/\/umi.dm.unibo.it\/congresso2015\/wp-json\/wp\/v2\/pages\/261\/revisions\/304"}],"up":[{"embeddable":true,"href":"https:\/\/umi.dm.unibo.it\/congresso2015\/wp-json\/wp\/v2\/pages\/11"}],"wp:attachment":[{"href":"https:\/\/umi.dm.unibo.it\/congresso2015\/wp-json\/wp\/v2\/media?parent=261"}],"curies":[{"name":"wp","href":"https:\/\/api.w.org\/{rel}","templated":true}]}}