{"id":241,"date":"2014-07-01T16:01:37","date_gmt":"2014-07-01T14:01:37","guid":{"rendered":"http:\/\/umi.dm.unibo.it\/congresso2015\/?page_id=241"},"modified":"2015-07-16T10:07:23","modified_gmt":"2015-07-16T08:07:23","slug":"conferenzieri-brevi","status":"publish","type":"page","link":"https:\/\/umi.dm.unibo.it\/congresso2015\/programma\/conferenzieri-brevi\/","title":{"rendered":"Conferenze brevi"},"content":{"rendered":"<p>Hanno assicurato la loro presenza come conferenzieri brevi (conferenze da 25 minuti) i seguenti matematici:<\/p>\n<p style=\"padding-left: 30px;\">Luca Motto Ros (Universit\u00e0 di Torino)<br \/>\n<a href=\"http:\/\/umi.dm.unibo.it\/congresso2015\/wp-content\/uploads\/2014\/07\/motto_ros.pdf\"><em>Sulla classificazione degli spazi separabili metrici completi a meno di isometria<\/em><\/a><\/p>\n<p style=\"padding-left: 30px;\">Francesco Caravenna (Universit\u00e0 di Milano Bicocca)<br \/>\n<a href=\"http:\/\/umi.dm.unibo.it\/congresso2015\/wp-content\/uploads\/2014\/07\/Caravenna_abstract-UMI.pdf\"><em>Un&#8217;estensione multilineare del teorema limite centrale e il fenomeno dell&#8217;universalit\u00e0 per sistemi disordinati<\/em><\/a><\/p>\n<p style=\"padding-left: 30px;\">Veronica Gavagna (Universit\u00e0 di Salerno)<br \/>\n<a href=\"http:\/\/umi.dm.unibo.it\/congresso2015\/wp-content\/uploads\/2014\/07\/Gavagna.pdf\"><em>Arithmeticae contemplatio subtilissima est: l&#8217;enciclopedia matematica di Girolamo Cardano<\/em><\/a><\/p>\n<p style=\"padding-left: 30px;\">Giovanna Carnovale (Universit\u00e0 di Padova)<br \/>\n<em><a href=\"http:\/\/umi.dm.unibo.it\/congresso2015\/wp-content\/uploads\/2014\/07\/carnovale.pdf\">L&#8217;ubiquit\u00e0 delle partizioni per il gruppo generale lineare<\/a><\/em><\/p>\n<p style=\"padding-left: 30px;\">Margarida Melo (University of Coimbra, Universit\u00e0 di Roma Tre)<br \/>\n<em><a href=\"http:\/\/umi.dm.unibo.it\/congresso2015\/wp-content\/uploads\/2014\/07\/melo.pdf\">Tropicalizzazioni di spazi di moduli e applicazioni<\/a><\/em><\/p>\n<p style=\"padding-left: 30px;\">Jasmin Raissy (University of Toulouse)<br \/>\n<a href=\"http:\/\/umi.dm.unibo.it\/congresso2015\/wp-content\/uploads\/2014\/07\/raissy.pdf\"><em>Metodi Locali in Dinamica Olomorfa<\/em><\/a><\/p>\n<p style=\"padding-left: 30px;\">Marzia Bisi (Universit\u00e0 di Parma)<br \/>\n<a href=\"http:\/\/umi.dm.unibo.it\/congresso2015\/wp-content\/uploads\/2014\/07\/BisiM.pdf\"><em>Analisi di semplici economie di mercato mediante equazioni cinetiche<\/em><\/a><\/p>\n<p style=\"padding-left: 30px;\">Marco Di Francesco (Universit\u00e0 dell&#8217;Aquila)<br \/>\n<em><a href=\"http:\/\/umi.dm.unibo.it\/congresso2015\/wp-content\/uploads\/2014\/07\/Di_Francesco.pdf\">Approssimazione Lagrangiana discreta per leggi di conservazione<\/a><\/em><\/p>\n<p style=\"padding-left: 30px;\">Giancarlo Sangalli (Universit\u00e0 di Pavia)<br \/>\n<em><a href=\"http:\/\/umi.dm.unibo.it\/congresso2015\/wp-content\/uploads\/2014\/07\/sangalli.pdf\">Il metodo isogeometrico <\/a><\/em><\/p>\n<p style=\"padding-left: 30px;\">Angela Pistoia (Universit\u00e0 di Roma La Sapienza)<br \/>\n<em><a href=\"http:\/\/umi.dm.unibo.it\/congresso2015\/wp-content\/uploads\/2014\/07\/pistoia.pdf\">Blowing-up solutions for Yamabe-type problems <\/a><\/em><\/p>\n<p style=\"padding-left: 30px;\">Ulisse Stefanelli (IMATI Pavia)<br \/>\n<em><a href=\"http:\/\/umi.dm.unibo.it\/congresso2015\/wp-content\/uploads\/2014\/07\/stefanelli.pdf\">Cristalli come configurazioni ottime<\/a><\/em><\/p>\n<p style=\"padding-left: 30px;\">Mirko Maracci (Universit\u00e0 di Pavia)<br \/>\n<a href=\"http:\/\/umi.dm.unibo.it\/congresso2015\/wp-content\/uploads\/2014\/07\/maracci.pdf\"><em>L&#8217;insegnamento\/apprendimento della matematica e le tecnologie: il punto di vista della ricerca didattica<\/em><\/a><\/p>\n<p style=\"padding-left: 30px;\">Edoardo Amaldi (Politecnico di Milano)<br \/>\n<em><a href=\"http:\/\/umi.dm.unibo.it\/congresso2015\/wp-content\/uploads\/2014\/07\/sunto-E-Amaldi-UMI-2015.pdf\">Ottimizzazione bilivello di fussi su reti con vincoli di equit\u00e0<\/a><\/em><\/p>\n<p style=\"padding-left: 30px;\">Giuseppe Molteni (Universit\u00e0 di Milano)<br \/>\n<em><a href=\"http:\/\/umi.dm.unibo.it\/congresso2015\/wp-content\/uploads\/2014\/07\/molteni.pdf\">Recenti progressi sul teorema degli ideali primi<\/a><\/em><\/p>\n<p style=\"padding-left: 30px;\">Alessio Porretta (Universit\u00e0 di Roma Tor Vergata)<br \/>\n<em><a href=\"http:\/\/umi.dm.unibo.it\/congresso2015\/wp-content\/uploads\/2014\/07\/porretta.pdf\">Metodi analitici nella teoria dei mean field games: tra controllo e trasporto ottimo<\/a><\/em><\/p>\n<p style=\"padding-left: 30px;\">Adriana Garroni (Universit\u00e0 di Roma La Sapienza)<br \/>\n<em><a href=\"http:\/\/umi.dm.unibo.it\/congresso2015\/wp-content\/uploads\/2014\/07\/garroni.pdf\">Energy concentrated on lines and their application to the modeling of crystal defects<\/a><\/em><br \/>\n<em><a href=\"http:\/\/umi.dm.unibo.it\/congresso2015\/wp-content\/uploads\/2014\/07\/garroni2.pdf\">Energie concentrate su linee e applicazioni alla modellizzazione dei difetti nei cristalli<\/a><\/em><\/p>\n<p style=\"padding-left: 30px;\">\n","protected":false},"excerpt":{"rendered":"<p>Hanno assicurato la loro presenza come conferenzieri brevi (conferenze da 25 minuti) i seguenti matematici: Luca Motto Ros (Universit\u00e0 di Torino) Sulla classificazione degli spazi separabili metrici completi a meno di isometria Francesco Caravenna (Universit\u00e0 di Milano Bicocca) Un&#8217;estensione multilineare del teorema limite centrale e il fenomeno dell&#8217;universalit\u00e0 per sistemi disordinati Veronica Gavagna (Universit\u00e0 di [&hellip;]<\/p>\n","protected":false},"author":3,"featured_media":0,"parent":13,"menu_order":1,"comment_status":"closed","ping_status":"open","template":"","meta":{"footnotes":""},"class_list":["post-241","page","type-page","status-publish","hentry"],"yoast_head":"<!-- This site is optimized with the Yoast SEO plugin v25.8 - https:\/\/yoast.com\/wordpress\/plugins\/seo\/ -->\n<title>Conferenze brevi - Congresso UMI 2015<\/title>\n<meta name=\"robots\" content=\"index, follow, max-snippet:-1, max-image-preview:large, max-video-preview:-1\" \/>\n<link rel=\"canonical\" href=\"https:\/\/umi.dm.unibo.it\/congresso2015\/programma\/conferenzieri-brevi\/\" \/>\n<meta property=\"og:locale\" content=\"it_IT\" \/>\n<meta property=\"og:type\" content=\"article\" \/>\n<meta property=\"og:title\" content=\"Conferenze brevi - Congresso UMI 2015\" \/>\n<meta property=\"og:description\" content=\"Hanno assicurato la loro presenza come conferenzieri brevi (conferenze da 25 minuti) i seguenti matematici: Luca Motto Ros (Universit\u00e0 di Torino) Sulla classificazione degli spazi separabili metrici completi a meno di isometria Francesco Caravenna (Universit\u00e0 di Milano Bicocca) Un&#8217;estensione multilineare del teorema limite centrale e il fenomeno dell&#8217;universalit\u00e0 per sistemi disordinati Veronica Gavagna (Universit\u00e0 di [&hellip;]\" \/>\n<meta property=\"og:url\" content=\"https:\/\/umi.dm.unibo.it\/congresso2015\/programma\/conferenzieri-brevi\/\" \/>\n<meta property=\"og:site_name\" content=\"Congresso UMI 2015\" \/>\n<meta property=\"article:modified_time\" content=\"2015-07-16T08:07:23+00:00\" \/>\n<meta name=\"twitter:label1\" content=\"Tempo di lettura stimato\" \/>\n\t<meta name=\"twitter:data1\" content=\"1 minuto\" \/>\n<script type=\"application\/ld+json\" class=\"yoast-schema-graph\">{\"@context\":\"https:\/\/schema.org\",\"@graph\":[{\"@type\":\"WebPage\",\"@id\":\"https:\/\/umi.dm.unibo.it\/congresso2015\/programma\/conferenzieri-brevi\/\",\"url\":\"https:\/\/umi.dm.unibo.it\/congresso2015\/programma\/conferenzieri-brevi\/\",\"name\":\"Conferenze brevi - Congresso UMI 2015\",\"isPartOf\":{\"@id\":\"https:\/\/umi.dm.unibo.it\/congresso2015\/#website\"},\"datePublished\":\"2014-07-01T14:01:37+00:00\",\"dateModified\":\"2015-07-16T08:07:23+00:00\",\"breadcrumb\":{\"@id\":\"https:\/\/umi.dm.unibo.it\/congresso2015\/programma\/conferenzieri-brevi\/#breadcrumb\"},\"inLanguage\":\"it-IT\",\"potentialAction\":[{\"@type\":\"ReadAction\",\"target\":[\"https:\/\/umi.dm.unibo.it\/congresso2015\/programma\/conferenzieri-brevi\/\"]}]},{\"@type\":\"BreadcrumbList\",\"@id\":\"https:\/\/umi.dm.unibo.it\/congresso2015\/programma\/conferenzieri-brevi\/#breadcrumb\",\"itemListElement\":[{\"@type\":\"ListItem\",\"position\":1,\"name\":\"Home\",\"item\":\"https:\/\/umi.dm.unibo.it\/congresso2015\/\"},{\"@type\":\"ListItem\",\"position\":2,\"name\":\"Programma\",\"item\":\"https:\/\/umi.dm.unibo.it\/congresso2015\/programma\/\"},{\"@type\":\"ListItem\",\"position\":3,\"name\":\"Conferenze brevi\"}]},{\"@type\":\"WebSite\",\"@id\":\"https:\/\/umi.dm.unibo.it\/congresso2015\/#website\",\"url\":\"https:\/\/umi.dm.unibo.it\/congresso2015\/\",\"name\":\"Congresso UMI 2015\",\"description\":\"Un nuovo sito targato WordPress\",\"potentialAction\":[{\"@type\":\"SearchAction\",\"target\":{\"@type\":\"EntryPoint\",\"urlTemplate\":\"https:\/\/umi.dm.unibo.it\/congresso2015\/?s={search_term_string}\"},\"query-input\":{\"@type\":\"PropertyValueSpecification\",\"valueRequired\":true,\"valueName\":\"search_term_string\"}}],\"inLanguage\":\"it-IT\"}]}<\/script>\n<!-- \/ Yoast SEO plugin. -->","yoast_head_json":{"title":"Conferenze brevi - Congresso UMI 2015","robots":{"index":"index","follow":"follow","max-snippet":"max-snippet:-1","max-image-preview":"max-image-preview:large","max-video-preview":"max-video-preview:-1"},"canonical":"https:\/\/umi.dm.unibo.it\/congresso2015\/programma\/conferenzieri-brevi\/","og_locale":"it_IT","og_type":"article","og_title":"Conferenze brevi - Congresso UMI 2015","og_description":"Hanno assicurato la loro presenza come conferenzieri brevi (conferenze da 25 minuti) i seguenti matematici: Luca Motto Ros (Universit\u00e0 di Torino) Sulla classificazione degli spazi separabili metrici completi a meno di isometria Francesco Caravenna (Universit\u00e0 di Milano Bicocca) Un&#8217;estensione multilineare del teorema limite centrale e il fenomeno dell&#8217;universalit\u00e0 per sistemi disordinati Veronica Gavagna (Universit\u00e0 di [&hellip;]","og_url":"https:\/\/umi.dm.unibo.it\/congresso2015\/programma\/conferenzieri-brevi\/","og_site_name":"Congresso UMI 2015","article_modified_time":"2015-07-16T08:07:23+00:00","twitter_misc":{"Tempo di lettura stimato":"1 minuto"},"schema":{"@context":"https:\/\/schema.org","@graph":[{"@type":"WebPage","@id":"https:\/\/umi.dm.unibo.it\/congresso2015\/programma\/conferenzieri-brevi\/","url":"https:\/\/umi.dm.unibo.it\/congresso2015\/programma\/conferenzieri-brevi\/","name":"Conferenze brevi - Congresso UMI 2015","isPartOf":{"@id":"https:\/\/umi.dm.unibo.it\/congresso2015\/#website"},"datePublished":"2014-07-01T14:01:37+00:00","dateModified":"2015-07-16T08:07:23+00:00","breadcrumb":{"@id":"https:\/\/umi.dm.unibo.it\/congresso2015\/programma\/conferenzieri-brevi\/#breadcrumb"},"inLanguage":"it-IT","potentialAction":[{"@type":"ReadAction","target":["https:\/\/umi.dm.unibo.it\/congresso2015\/programma\/conferenzieri-brevi\/"]}]},{"@type":"BreadcrumbList","@id":"https:\/\/umi.dm.unibo.it\/congresso2015\/programma\/conferenzieri-brevi\/#breadcrumb","itemListElement":[{"@type":"ListItem","position":1,"name":"Home","item":"https:\/\/umi.dm.unibo.it\/congresso2015\/"},{"@type":"ListItem","position":2,"name":"Programma","item":"https:\/\/umi.dm.unibo.it\/congresso2015\/programma\/"},{"@type":"ListItem","position":3,"name":"Conferenze brevi"}]},{"@type":"WebSite","@id":"https:\/\/umi.dm.unibo.it\/congresso2015\/#website","url":"https:\/\/umi.dm.unibo.it\/congresso2015\/","name":"Congresso UMI 2015","description":"Un nuovo sito targato WordPress","potentialAction":[{"@type":"SearchAction","target":{"@type":"EntryPoint","urlTemplate":"https:\/\/umi.dm.unibo.it\/congresso2015\/?s={search_term_string}"},"query-input":{"@type":"PropertyValueSpecification","valueRequired":true,"valueName":"search_term_string"}}],"inLanguage":"it-IT"}]}},"_links":{"self":[{"href":"https:\/\/umi.dm.unibo.it\/congresso2015\/wp-json\/wp\/v2\/pages\/241","targetHints":{"allow":["GET"]}}],"collection":[{"href":"https:\/\/umi.dm.unibo.it\/congresso2015\/wp-json\/wp\/v2\/pages"}],"about":[{"href":"https:\/\/umi.dm.unibo.it\/congresso2015\/wp-json\/wp\/v2\/types\/page"}],"author":[{"embeddable":true,"href":"https:\/\/umi.dm.unibo.it\/congresso2015\/wp-json\/wp\/v2\/users\/3"}],"replies":[{"embeddable":true,"href":"https:\/\/umi.dm.unibo.it\/congresso2015\/wp-json\/wp\/v2\/comments?post=241"}],"version-history":[{"count":33,"href":"https:\/\/umi.dm.unibo.it\/congresso2015\/wp-json\/wp\/v2\/pages\/241\/revisions"}],"predecessor-version":[{"id":652,"href":"https:\/\/umi.dm.unibo.it\/congresso2015\/wp-json\/wp\/v2\/pages\/241\/revisions\/652"}],"up":[{"embeddable":true,"href":"https:\/\/umi.dm.unibo.it\/congresso2015\/wp-json\/wp\/v2\/pages\/13"}],"wp:attachment":[{"href":"https:\/\/umi.dm.unibo.it\/congresso2015\/wp-json\/wp\/v2\/media?parent=241"}],"curies":[{"name":"wp","href":"https:\/\/api.w.org\/{rel}","templated":true}]}}