{"id":202,"date":"2014-07-01T12:30:49","date_gmt":"2014-07-01T10:30:49","guid":{"rendered":"http:\/\/umi.dm.unibo.it\/congresso2015\/?page_id=202"},"modified":"2015-06-25T08:25:46","modified_gmt":"2015-06-25T06:25:46","slug":"conferenzieri-generali","status":"publish","type":"page","link":"https:\/\/umi.dm.unibo.it\/congresso2015\/programma\/conferenzieri-generali\/","title":{"rendered":"Conferenze generali"},"content":{"rendered":"<p>Hanno assicurato la loro presenza come conferenzieri plenari (conferenze da 50 minuti) i seguenti matematici:<\/p>\n<p style=\"padding-left: 30px;\">Matteo Viale (Universit\u00e0 di Torino)<br \/>\n<em><a href=\"http:\/\/umi.dm.unibo.it\/congresso2015\/wp-content\/uploads\/2014\/07\/viale.pdf\">Problemi indecidibili in matematica &#8212; Cosa pu\u00f2 dire al riguardo la teoria degli insiemi?<\/a><\/em><\/p>\n<p style=\"padding-left: 30px;\">Fabio Martinelli (Universit\u00e0 di Roma Tre)<br \/>\n<em><a href=\"http:\/\/umi.dm.unibo.it\/congresso2015\/wp-content\/uploads\/2014\/07\/martinelli.pdf\">Grandi deviazioni, repulsione entropica e forma limite per alcuni modelli di superifici aleatorie sul reticolo<\/a><\/em><\/p>\n<p style=\"padding-left: 30px;\">Alberto Perelli (Universit\u00e0 di Genova)<br \/>\n<em><a href=\"http:\/\/umi.dm.unibo.it\/congresso2015\/wp-content\/uploads\/2014\/07\/perelli.pdf\">Teoremi di struttura per funzioni L<\/a><\/em><\/p>\n<p style=\"padding-left: 30px;\">Angelo Vistoli (Scuola Normale Superiore di Pisa)<br \/>\n<em><a href=\"http:\/\/umi.dm.unibo.it\/congresso2015\/wp-content\/uploads\/2014\/07\/vistoli.pdf\"> Dimensione essenziale<\/a><\/em><\/p>\n<p style=\"padding-left: 30px;\">Valeria Simoncini (Universit\u00e0 di Bologna)<br \/>\n<em><a href=\"http:\/\/umi.dm.unibo.it\/congresso2015\/wp-content\/uploads\/2014\/07\/simoncini.pdf\">Equazioni lineari matriciali: propriet\u00e0, metodi numerici ed applicazioni<\/a><\/em><\/p>\n<p style=\"padding-left: 30px;\">Lucia Caporaso (Universit\u00e0 di Roma Tre)<br \/>\n<em><a href=\"http:\/\/umi.dm.unibo.it\/congresso2015\/wp-content\/uploads\/2014\/07\/caporaso.pdf\">Tropical methods in the theory of algebraic curve<\/a><\/em><\/p>\n<p style=\"padding-left: 30px;\">Luca Migliorini (Universit\u00e0 di Bologna)<br \/>\n<em><a href=\"http:\/\/umi.dm.unibo.it\/congresso2015\/wp-content\/uploads\/2014\/07\/migliorini.pdf\">La fibrazione di Hitchin come sistema completamente integrabile algebrico: recenti progressi e problemi aperti<\/a><\/em><\/p>\n<p style=\"padding-left: 30px;\">Carlangelo Liverani (Universit\u00e0 di Roma Tor Vergata)<br \/>\n<em><a href=\"http:\/\/umi.dm.unibo.it\/congresso2015\/wp-content\/uploads\/2014\/07\/liverani.pdf\">Flussi geodetici e orociclici dal punto di vista dei sistemi dinamici<\/a><\/em><br \/>\n<em><a href=\"http:\/\/umi.dm.unibo.it\/congresso2015\/wp-content\/uploads\/2014\/07\/liverani2.pdf\">Geodesic and horocycle flows from a dynamical systems point of view<\/a><\/em><\/p>\n<p style=\"padding-left: 30px;\">Marco Sammartino (Universit\u00e0 di Palermo)<br \/>\n<em><a href=\"http:\/\/umi.dm.unibo.it\/congresso2015\/wp-content\/uploads\/2014\/07\/Sammartino.pdf\">Navier-Stokes equations in the zero viscosity limit: boundary layers, separation and blow ups<\/a><\/em>\n<\/p>\n<p style=\"padding-left: 30px;\">Andrea Malchiodi (SNS, Pisa)<br \/>\n<em><a href=\"http:\/\/umi.dm.unibo.it\/congresso2015\/wp-content\/uploads\/2014\/07\/malchiodi.pdf\">Variational aspects of Liouville equations<\/a><\/em><\/p>\n<p style=\"padding-left: 30px;\">Stefano Bianchini (SISSA di Trieste)<br \/>\n<em><a href=\"http:\/\/umi.dm.unibo.it\/congresso2015\/wp-content\/uploads\/2014\/07\/bianchini.pdf\">Structure of solutions for general systems of conservation laws<\/a><\/em><\/p>\n<p style=\"padding-left: 30px;\">Alessio Figalli (University of Texas)<br \/>\n<em><a href=\"http:\/\/umi.dm.unibo.it\/congresso2015\/wp-content\/uploads\/2014\/07\/figalli.pdf\">Transport theory: from functional inequalities to random matrices<\/a><\/em><\/p>\n<p style=\"padding-left: 30px;\">Henri Berestycki (EHESS, CAMS)<br \/>\n<em><a href=\"http:\/\/umi.dm.unibo.it\/congresso2015\/wp-content\/uploads\/2014\/07\/berestycki.pdf\">Pu\u00f2 aiutare la matematica a capire fenomeni sociali?<\/a><\/em><br \/>\n(conferenza aperta al grande pubblico)<\/p>\n","protected":false},"excerpt":{"rendered":"<p>Hanno assicurato la loro presenza come conferenzieri plenari (conferenze da 50 minuti) i seguenti matematici: Matteo Viale (Universit\u00e0 di Torino) Problemi indecidibili in matematica &#8212; Cosa pu\u00f2 dire al riguardo la teoria degli insiemi? Fabio Martinelli (Universit\u00e0 di Roma Tre) Grandi deviazioni, repulsione entropica e forma limite per alcuni modelli di superifici aleatorie sul reticolo [&hellip;]<\/p>\n","protected":false},"author":3,"featured_media":0,"parent":13,"menu_order":0,"comment_status":"closed","ping_status":"closed","template":"","meta":{"footnotes":""},"class_list":["post-202","page","type-page","status-publish","hentry"],"yoast_head":"<!-- This site is optimized with the Yoast SEO plugin v25.8 - https:\/\/yoast.com\/wordpress\/plugins\/seo\/ -->\n<title>Conferenze generali - Congresso UMI 2015<\/title>\n<meta name=\"robots\" content=\"index, follow, max-snippet:-1, max-image-preview:large, max-video-preview:-1\" \/>\n<link rel=\"canonical\" href=\"https:\/\/umi.dm.unibo.it\/congresso2015\/programma\/conferenzieri-generali\/\" \/>\n<meta property=\"og:locale\" content=\"it_IT\" \/>\n<meta property=\"og:type\" content=\"article\" \/>\n<meta property=\"og:title\" content=\"Conferenze generali - Congresso UMI 2015\" \/>\n<meta property=\"og:description\" content=\"Hanno assicurato la loro presenza come conferenzieri plenari (conferenze da 50 minuti) i seguenti matematici: Matteo Viale (Universit\u00e0 di Torino) Problemi indecidibili in matematica &#8212; Cosa pu\u00f2 dire al riguardo la teoria degli insiemi? Fabio Martinelli (Universit\u00e0 di Roma Tre) Grandi deviazioni, repulsione entropica e forma limite per alcuni modelli di superifici aleatorie sul reticolo [&hellip;]\" \/>\n<meta property=\"og:url\" content=\"https:\/\/umi.dm.unibo.it\/congresso2015\/programma\/conferenzieri-generali\/\" \/>\n<meta property=\"og:site_name\" content=\"Congresso UMI 2015\" \/>\n<meta property=\"article:modified_time\" content=\"2015-06-25T06:25:46+00:00\" \/>\n<meta name=\"twitter:label1\" content=\"Tempo di lettura stimato\" \/>\n\t<meta name=\"twitter:data1\" content=\"1 minuto\" \/>\n<script type=\"application\/ld+json\" class=\"yoast-schema-graph\">{\"@context\":\"https:\/\/schema.org\",\"@graph\":[{\"@type\":\"WebPage\",\"@id\":\"https:\/\/umi.dm.unibo.it\/congresso2015\/programma\/conferenzieri-generali\/\",\"url\":\"https:\/\/umi.dm.unibo.it\/congresso2015\/programma\/conferenzieri-generali\/\",\"name\":\"Conferenze generali - Congresso UMI 2015\",\"isPartOf\":{\"@id\":\"https:\/\/umi.dm.unibo.it\/congresso2015\/#website\"},\"datePublished\":\"2014-07-01T10:30:49+00:00\",\"dateModified\":\"2015-06-25T06:25:46+00:00\",\"breadcrumb\":{\"@id\":\"https:\/\/umi.dm.unibo.it\/congresso2015\/programma\/conferenzieri-generali\/#breadcrumb\"},\"inLanguage\":\"it-IT\",\"potentialAction\":[{\"@type\":\"ReadAction\",\"target\":[\"https:\/\/umi.dm.unibo.it\/congresso2015\/programma\/conferenzieri-generali\/\"]}]},{\"@type\":\"BreadcrumbList\",\"@id\":\"https:\/\/umi.dm.unibo.it\/congresso2015\/programma\/conferenzieri-generali\/#breadcrumb\",\"itemListElement\":[{\"@type\":\"ListItem\",\"position\":1,\"name\":\"Home\",\"item\":\"https:\/\/umi.dm.unibo.it\/congresso2015\/\"},{\"@type\":\"ListItem\",\"position\":2,\"name\":\"Programma\",\"item\":\"https:\/\/umi.dm.unibo.it\/congresso2015\/programma\/\"},{\"@type\":\"ListItem\",\"position\":3,\"name\":\"Conferenze generali\"}]},{\"@type\":\"WebSite\",\"@id\":\"https:\/\/umi.dm.unibo.it\/congresso2015\/#website\",\"url\":\"https:\/\/umi.dm.unibo.it\/congresso2015\/\",\"name\":\"Congresso UMI 2015\",\"description\":\"Un nuovo sito targato WordPress\",\"potentialAction\":[{\"@type\":\"SearchAction\",\"target\":{\"@type\":\"EntryPoint\",\"urlTemplate\":\"https:\/\/umi.dm.unibo.it\/congresso2015\/?s={search_term_string}\"},\"query-input\":{\"@type\":\"PropertyValueSpecification\",\"valueRequired\":true,\"valueName\":\"search_term_string\"}}],\"inLanguage\":\"it-IT\"}]}<\/script>\n<!-- \/ Yoast SEO plugin. -->","yoast_head_json":{"title":"Conferenze generali - Congresso UMI 2015","robots":{"index":"index","follow":"follow","max-snippet":"max-snippet:-1","max-image-preview":"max-image-preview:large","max-video-preview":"max-video-preview:-1"},"canonical":"https:\/\/umi.dm.unibo.it\/congresso2015\/programma\/conferenzieri-generali\/","og_locale":"it_IT","og_type":"article","og_title":"Conferenze generali - Congresso UMI 2015","og_description":"Hanno assicurato la loro presenza come conferenzieri plenari (conferenze da 50 minuti) i seguenti matematici: Matteo Viale (Universit\u00e0 di Torino) Problemi indecidibili in matematica &#8212; Cosa pu\u00f2 dire al riguardo la teoria degli insiemi? Fabio Martinelli (Universit\u00e0 di Roma Tre) Grandi deviazioni, repulsione entropica e forma limite per alcuni modelli di superifici aleatorie sul reticolo [&hellip;]","og_url":"https:\/\/umi.dm.unibo.it\/congresso2015\/programma\/conferenzieri-generali\/","og_site_name":"Congresso UMI 2015","article_modified_time":"2015-06-25T06:25:46+00:00","twitter_misc":{"Tempo di lettura stimato":"1 minuto"},"schema":{"@context":"https:\/\/schema.org","@graph":[{"@type":"WebPage","@id":"https:\/\/umi.dm.unibo.it\/congresso2015\/programma\/conferenzieri-generali\/","url":"https:\/\/umi.dm.unibo.it\/congresso2015\/programma\/conferenzieri-generali\/","name":"Conferenze generali - Congresso UMI 2015","isPartOf":{"@id":"https:\/\/umi.dm.unibo.it\/congresso2015\/#website"},"datePublished":"2014-07-01T10:30:49+00:00","dateModified":"2015-06-25T06:25:46+00:00","breadcrumb":{"@id":"https:\/\/umi.dm.unibo.it\/congresso2015\/programma\/conferenzieri-generali\/#breadcrumb"},"inLanguage":"it-IT","potentialAction":[{"@type":"ReadAction","target":["https:\/\/umi.dm.unibo.it\/congresso2015\/programma\/conferenzieri-generali\/"]}]},{"@type":"BreadcrumbList","@id":"https:\/\/umi.dm.unibo.it\/congresso2015\/programma\/conferenzieri-generali\/#breadcrumb","itemListElement":[{"@type":"ListItem","position":1,"name":"Home","item":"https:\/\/umi.dm.unibo.it\/congresso2015\/"},{"@type":"ListItem","position":2,"name":"Programma","item":"https:\/\/umi.dm.unibo.it\/congresso2015\/programma\/"},{"@type":"ListItem","position":3,"name":"Conferenze generali"}]},{"@type":"WebSite","@id":"https:\/\/umi.dm.unibo.it\/congresso2015\/#website","url":"https:\/\/umi.dm.unibo.it\/congresso2015\/","name":"Congresso UMI 2015","description":"Un nuovo sito targato WordPress","potentialAction":[{"@type":"SearchAction","target":{"@type":"EntryPoint","urlTemplate":"https:\/\/umi.dm.unibo.it\/congresso2015\/?s={search_term_string}"},"query-input":{"@type":"PropertyValueSpecification","valueRequired":true,"valueName":"search_term_string"}}],"inLanguage":"it-IT"}]}},"_links":{"self":[{"href":"https:\/\/umi.dm.unibo.it\/congresso2015\/wp-json\/wp\/v2\/pages\/202","targetHints":{"allow":["GET"]}}],"collection":[{"href":"https:\/\/umi.dm.unibo.it\/congresso2015\/wp-json\/wp\/v2\/pages"}],"about":[{"href":"https:\/\/umi.dm.unibo.it\/congresso2015\/wp-json\/wp\/v2\/types\/page"}],"author":[{"embeddable":true,"href":"https:\/\/umi.dm.unibo.it\/congresso2015\/wp-json\/wp\/v2\/users\/3"}],"replies":[{"embeddable":true,"href":"https:\/\/umi.dm.unibo.it\/congresso2015\/wp-json\/wp\/v2\/comments?post=202"}],"version-history":[{"count":41,"href":"https:\/\/umi.dm.unibo.it\/congresso2015\/wp-json\/wp\/v2\/pages\/202\/revisions"}],"predecessor-version":[{"id":642,"href":"https:\/\/umi.dm.unibo.it\/congresso2015\/wp-json\/wp\/v2\/pages\/202\/revisions\/642"}],"up":[{"embeddable":true,"href":"https:\/\/umi.dm.unibo.it\/congresso2015\/wp-json\/wp\/v2\/pages\/13"}],"wp:attachment":[{"href":"https:\/\/umi.dm.unibo.it\/congresso2015\/wp-json\/wp\/v2\/media?parent=202"}],"curies":[{"name":"wp","href":"https:\/\/api.w.org\/{rel}","templated":true}]}}