{"id":154,"date":"2014-06-27T14:25:45","date_gmt":"2014-06-27T12:25:45","guid":{"rendered":"http:\/\/umi.dm.unibo.it\/congresso2015\/?page_id=154"},"modified":"2015-03-23T09:31:25","modified_gmt":"2015-03-23T08:31:25","slug":"programma-sociale","status":"publish","type":"page","link":"https:\/\/umi.dm.unibo.it\/congresso2015\/programma\/programma-sociale\/","title":{"rendered":"Programma sociale"},"content":{"rendered":"<p>\u00c8 prevista la cena sociale mercoled\u00ec 9 settembre ore 20.00<\/p>\n<p>Le manifestazioni saranno aperte anche ad eventuali accompagnatori.<\/p>\n<p>Il programma mercoled\u00ec 9 settembre pomeriggio:<\/p>\n<p>&#8211; &#8220;gita sociale&#8221;: presumibilmente trekking urbano.<br \/>\n&#8211; conferenza del prof. H.Beresticki &#8211; EHESS, CAMS <em>&#8220;Pu\u00f2 aiutare la matematica a capire fenomeni sociali?&#8221;<\/em><br \/>\n(aperta al grande pubblico)<br \/>\n&#8211; cena sociale<\/p>\n","protected":false},"excerpt":{"rendered":"<p>\u00c8 prevista la cena sociale mercoled\u00ec 9 settembre ore 20.00 Le manifestazioni saranno aperte anche ad eventuali accompagnatori. Il programma mercoled\u00ec 9 settembre pomeriggio: &#8211; &#8220;gita sociale&#8221;: presumibilmente trekking urbano. &#8211; conferenza del prof. H.Beresticki &#8211; EHESS, CAMS &#8220;Pu\u00f2 aiutare la matematica a capire fenomeni sociali?&#8221; (aperta al grande pubblico) &#8211; cena sociale<\/p>\n","protected":false},"author":3,"featured_media":0,"parent":13,"menu_order":5,"comment_status":"open","ping_status":"closed","template":"","meta":{"footnotes":""},"class_list":["post-154","page","type-page","status-publish","hentry"],"yoast_head":"<!-- This site is optimized with the Yoast SEO plugin v25.8 - https:\/\/yoast.com\/wordpress\/plugins\/seo\/ -->\n<title>Programma sociale - Congresso UMI 2015<\/title>\n<meta name=\"robots\" content=\"index, follow, max-snippet:-1, max-image-preview:large, max-video-preview:-1\" \/>\n<link rel=\"canonical\" href=\"https:\/\/umi.dm.unibo.it\/congresso2015\/programma\/programma-sociale\/\" \/>\n<meta property=\"og:locale\" content=\"it_IT\" \/>\n<meta property=\"og:type\" content=\"article\" \/>\n<meta property=\"og:title\" content=\"Programma sociale - Congresso UMI 2015\" \/>\n<meta property=\"og:description\" content=\"\u00c8 prevista la cena sociale mercoled\u00ec 9 settembre ore 20.00 Le manifestazioni saranno aperte anche ad eventuali accompagnatori. Il programma mercoled\u00ec 9 settembre pomeriggio: &#8211; &#8220;gita sociale&#8221;: presumibilmente trekking urbano. &#8211; conferenza del prof. H.Beresticki &#8211; EHESS, CAMS &#8220;Pu\u00f2 aiutare la matematica a capire fenomeni sociali?&#8221; (aperta al grande pubblico) &#8211; cena sociale\" \/>\n<meta property=\"og:url\" content=\"https:\/\/umi.dm.unibo.it\/congresso2015\/programma\/programma-sociale\/\" \/>\n<meta property=\"og:site_name\" content=\"Congresso UMI 2015\" \/>\n<meta property=\"article:modified_time\" content=\"2015-03-23T08:31:25+00:00\" \/>\n<script type=\"application\/ld+json\" class=\"yoast-schema-graph\">{\"@context\":\"https:\/\/schema.org\",\"@graph\":[{\"@type\":\"WebPage\",\"@id\":\"https:\/\/umi.dm.unibo.it\/congresso2015\/programma\/programma-sociale\/\",\"url\":\"https:\/\/umi.dm.unibo.it\/congresso2015\/programma\/programma-sociale\/\",\"name\":\"Programma sociale - Congresso UMI 2015\",\"isPartOf\":{\"@id\":\"https:\/\/umi.dm.unibo.it\/congresso2015\/#website\"},\"datePublished\":\"2014-06-27T12:25:45+00:00\",\"dateModified\":\"2015-03-23T08:31:25+00:00\",\"breadcrumb\":{\"@id\":\"https:\/\/umi.dm.unibo.it\/congresso2015\/programma\/programma-sociale\/#breadcrumb\"},\"inLanguage\":\"it-IT\",\"potentialAction\":[{\"@type\":\"ReadAction\",\"target\":[\"https:\/\/umi.dm.unibo.it\/congresso2015\/programma\/programma-sociale\/\"]}]},{\"@type\":\"BreadcrumbList\",\"@id\":\"https:\/\/umi.dm.unibo.it\/congresso2015\/programma\/programma-sociale\/#breadcrumb\",\"itemListElement\":[{\"@type\":\"ListItem\",\"position\":1,\"name\":\"Home\",\"item\":\"https:\/\/umi.dm.unibo.it\/congresso2015\/\"},{\"@type\":\"ListItem\",\"position\":2,\"name\":\"Programma\",\"item\":\"https:\/\/umi.dm.unibo.it\/congresso2015\/programma\/\"},{\"@type\":\"ListItem\",\"position\":3,\"name\":\"Programma sociale\"}]},{\"@type\":\"WebSite\",\"@id\":\"https:\/\/umi.dm.unibo.it\/congresso2015\/#website\",\"url\":\"https:\/\/umi.dm.unibo.it\/congresso2015\/\",\"name\":\"Congresso UMI 2015\",\"description\":\"Un nuovo sito targato WordPress\",\"potentialAction\":[{\"@type\":\"SearchAction\",\"target\":{\"@type\":\"EntryPoint\",\"urlTemplate\":\"https:\/\/umi.dm.unibo.it\/congresso2015\/?s={search_term_string}\"},\"query-input\":{\"@type\":\"PropertyValueSpecification\",\"valueRequired\":true,\"valueName\":\"search_term_string\"}}],\"inLanguage\":\"it-IT\"}]}<\/script>\n<!-- \/ Yoast SEO plugin. -->","yoast_head_json":{"title":"Programma sociale - Congresso UMI 2015","robots":{"index":"index","follow":"follow","max-snippet":"max-snippet:-1","max-image-preview":"max-image-preview:large","max-video-preview":"max-video-preview:-1"},"canonical":"https:\/\/umi.dm.unibo.it\/congresso2015\/programma\/programma-sociale\/","og_locale":"it_IT","og_type":"article","og_title":"Programma sociale - Congresso UMI 2015","og_description":"\u00c8 prevista la cena sociale mercoled\u00ec 9 settembre ore 20.00 Le manifestazioni saranno aperte anche ad eventuali accompagnatori. Il programma mercoled\u00ec 9 settembre pomeriggio: &#8211; &#8220;gita sociale&#8221;: presumibilmente trekking urbano. &#8211; conferenza del prof. H.Beresticki &#8211; EHESS, CAMS &#8220;Pu\u00f2 aiutare la matematica a capire fenomeni sociali?&#8221; (aperta al grande pubblico) &#8211; cena sociale","og_url":"https:\/\/umi.dm.unibo.it\/congresso2015\/programma\/programma-sociale\/","og_site_name":"Congresso UMI 2015","article_modified_time":"2015-03-23T08:31:25+00:00","schema":{"@context":"https:\/\/schema.org","@graph":[{"@type":"WebPage","@id":"https:\/\/umi.dm.unibo.it\/congresso2015\/programma\/programma-sociale\/","url":"https:\/\/umi.dm.unibo.it\/congresso2015\/programma\/programma-sociale\/","name":"Programma sociale - Congresso UMI 2015","isPartOf":{"@id":"https:\/\/umi.dm.unibo.it\/congresso2015\/#website"},"datePublished":"2014-06-27T12:25:45+00:00","dateModified":"2015-03-23T08:31:25+00:00","breadcrumb":{"@id":"https:\/\/umi.dm.unibo.it\/congresso2015\/programma\/programma-sociale\/#breadcrumb"},"inLanguage":"it-IT","potentialAction":[{"@type":"ReadAction","target":["https:\/\/umi.dm.unibo.it\/congresso2015\/programma\/programma-sociale\/"]}]},{"@type":"BreadcrumbList","@id":"https:\/\/umi.dm.unibo.it\/congresso2015\/programma\/programma-sociale\/#breadcrumb","itemListElement":[{"@type":"ListItem","position":1,"name":"Home","item":"https:\/\/umi.dm.unibo.it\/congresso2015\/"},{"@type":"ListItem","position":2,"name":"Programma","item":"https:\/\/umi.dm.unibo.it\/congresso2015\/programma\/"},{"@type":"ListItem","position":3,"name":"Programma sociale"}]},{"@type":"WebSite","@id":"https:\/\/umi.dm.unibo.it\/congresso2015\/#website","url":"https:\/\/umi.dm.unibo.it\/congresso2015\/","name":"Congresso UMI 2015","description":"Un nuovo sito targato WordPress","potentialAction":[{"@type":"SearchAction","target":{"@type":"EntryPoint","urlTemplate":"https:\/\/umi.dm.unibo.it\/congresso2015\/?s={search_term_string}"},"query-input":{"@type":"PropertyValueSpecification","valueRequired":true,"valueName":"search_term_string"}}],"inLanguage":"it-IT"}]}},"_links":{"self":[{"href":"https:\/\/umi.dm.unibo.it\/congresso2015\/wp-json\/wp\/v2\/pages\/154","targetHints":{"allow":["GET"]}}],"collection":[{"href":"https:\/\/umi.dm.unibo.it\/congresso2015\/wp-json\/wp\/v2\/pages"}],"about":[{"href":"https:\/\/umi.dm.unibo.it\/congresso2015\/wp-json\/wp\/v2\/types\/page"}],"author":[{"embeddable":true,"href":"https:\/\/umi.dm.unibo.it\/congresso2015\/wp-json\/wp\/v2\/users\/3"}],"replies":[{"embeddable":true,"href":"https:\/\/umi.dm.unibo.it\/congresso2015\/wp-json\/wp\/v2\/comments?post=154"}],"version-history":[{"count":8,"href":"https:\/\/umi.dm.unibo.it\/congresso2015\/wp-json\/wp\/v2\/pages\/154\/revisions"}],"predecessor-version":[{"id":480,"href":"https:\/\/umi.dm.unibo.it\/congresso2015\/wp-json\/wp\/v2\/pages\/154\/revisions\/480"}],"up":[{"embeddable":true,"href":"https:\/\/umi.dm.unibo.it\/congresso2015\/wp-json\/wp\/v2\/pages\/13"}],"wp:attachment":[{"href":"https:\/\/umi.dm.unibo.it\/congresso2015\/wp-json\/wp\/v2\/media?parent=154"}],"curies":[{"name":"wp","href":"https:\/\/api.w.org\/{rel}","templated":true}]}}